{"id":27400,"date":"2024-03-27T23:24:55","date_gmt":"2024-03-27T22:24:55","guid":{"rendered":"http:\/\/secondastrada.com\/maglia-yes-zee-verde-militare\/"},"modified":"2025-08-12T09:03:42","modified_gmt":"2025-08-12T07:03:42","slug":"maglia-yes-zee-verde-militare","status":"publish","type":"product","link":"https:\/\/www.secondastrada.com\/it\/maglia-yes-zee-verde-militare\/","title":{"rendered":"Maglia Yes Zee verde militare"},"content":{"rendered":"<p><b>COMPOSIZIONE E VESTIBILIT\u00c0:<\/b><br \/>100% cotone<br \/>Il modello \u00e8 alto 178 cm e indossa la taglia L. La vestibilit\u00e0 del capo \u00e8 regolare..<br \/><b>CONSIGLI DI STILE:<\/b><br \/>Maglia in total verde militare con trama quadrettata stretta. Presente girocollo classico. La vestibilit\u00e0 \u00e8 morbida e regolare. La maglia \u00e8 adatta per occasioni casual e facilmente combinabile per outfit diurni e serali. Praticit\u00e0 e stile in un solo capo. <br \/>Cod. art. M536 MB00 os<br \/>Vi ricordiamo che tutti i nostri articoli sono originali.<br \/><b>MISURE:<\/b><br \/> Misure taglia L: <br \/>&#8211; Spalle (da cucitura a cucitura): 45 cm <br \/>&#8211; Lunghezza (da sotto ascella fino al fondo): 48 cm <br \/>&#8211; Manica (da cucitura spalla fino al fondo): 75 cm<\/p>\n","protected":false},"excerpt":{"rendered":"<p>COMPOSIZIONE E VESTIBILIT\u00c0:100% cotoneIl modello \u00e8 alto 178 cm e indossa la taglia L. La vestibilit\u00e0 del capo \u00e8 regolare..CONSIGLI DI STILE:Maglia in total verde militare con trama quadrettata stretta. Presente girocollo classico. La vestibilit\u00e0 \u00e8 morbida e regolare. La maglia \u00e8 adatta per occasioni casual e facilmente combinabile per outfit diurni e serali. Praticit\u00e0&#8230;<\/p>\n","protected":false},"featured_media":0,"template":"","meta":{"inline_featured_image":false},"ss_brand":[1280],"ss_promo":[],"ss_season":[1708],"product_cat":[1332,1629,1482,1714],"product_tag":[1729,2433],"class_list":{"0":"post-27400","1":"product","2":"type-product","3":"status-publish","5":"ss_brand-yes-zee-uomo","6":"ss_season-pe23","7":"product_cat-abbigliamento-uomo","8":"product_cat-maglioni-girocollo-da-uomo","9":"product_cat-maglioni-da-uomo","10":"product_cat-collezione-uomo","11":"product_tag-maglioni-e-maglie-yes-zee-uomo","12":"product_tag-yes-zee-uomo","14":"first","15":"outofstock","16":"shipping-taxable","17":"product-type-variable","18":"has-default-attributes"},"acf":{"ss_brand":[{"term_id":1280,"name":"YES ZEE","slug":"yes-zee-uomo","term_group":0,"term_taxonomy_id":1280,"taxonomy":"ss_brand","description":"Non un semplice marchio di <strong>abbigliamento da uomo<\/strong>: <strong>Yes Zee<\/strong> \u00e8 il brand perfetto per rivoluzionare con stile tutti i tuoi look metropolitani! Scopri subito le offerte esclusive del nostro store online e acquista <strong>Yes zee da uomo a prezzi scontatissimi<\/strong>.","parent":1268,"count":451,"filter":"raw"}],"ss_promo":false,"ss_season":[{"term_id":1708,"name":"PE23","slug":"pe23","term_group":0,"term_taxonomy_id":1708,"taxonomy":"ss_season","description":"","parent":0,"count":504,"filter":"raw"}],"ss_old_price":"0,00","ss_omnibus_price":"0,00","ss_style_advice":"<p><b>COMPOSIZIONE E VESTIBILIT\u00c0:<\/b><br \/>100% cotone<br \/>Il modello \u00e8 alto 178 cm e indossa la taglia L. La vestibilit\u00e0 del capo \u00e8 regolare..<br \/><b>CONSIGLI DI STILE:<\/b><br \/>Maglia in total verde militare con trama quadrettata stretta. Presente girocollo classico. La vestibilit\u00e0 \u00e8 morbida e regolare. La maglia \u00e8 adatta per occasioni casual e facilmente combinabile per outfit diurni e serali. Praticit\u00e0 e stile in un solo capo. <br \/>Cod. art. M536 MB00 os<br \/>Vi ricordiamo che tutti i nostri articoli sono originali.<br \/><b>MISURE:<\/b><br \/> Misure taglia L: <br \/>&#8211; Spalle (da cucitura a cucitura): 45 cm <br \/>&#8211; Lunghezza (da sotto ascella fino al fondo): 48 cm <br \/>&#8211; Manica (da cucitura spalla fino al fondo): 75 cm<\/p>\n","ss_composition":"<p>100% cotone<\/p>\n","ss_fit":"<p>Maglia YES ZEE<\/p>\n"},"yoast_head":"<!-- This site is optimized with the Yoast SEO plugin v22.3 - https:\/\/yoast.com\/wordpress\/plugins\/seo\/ -->\n<title>Maglia Yes Zee verde militare - Acquista online! - Seconda Strada<\/title>\n<meta name=\"description\" content=\"Maglia Yes Zee verde militare \u27a4 Acquista online su Secondastrada.com Maglia Yes Zee verde militare \u2714\ufe0f Spedizione veloce entro 24h in tutta Italia \u2714\ufe0f Sconto sul tuo primo acquisto\" \/>\n<meta name=\"robots\" content=\"index, follow, max-snippet:-1, max-image-preview:large, max-video-preview:-1\" \/>\n<link rel=\"canonical\" href=\"https:\/\/www.secondastrada.com\/it\/maglia-yes-zee-verde-militare\/\" \/>\n<meta property=\"og:locale\" content=\"it_IT\" \/>\n<meta property=\"og:type\" content=\"article\" \/>\n<meta property=\"og:title\" content=\"Maglia Yes Zee verde militare - Acquista online! - Seconda Strada\" \/>\n<meta property=\"og:description\" content=\"Maglia Yes Zee verde militare \u27a4 Acquista online su Secondastrada.com Maglia Yes Zee verde militare \u2714\ufe0f Spedizione veloce entro 24h in tutta Italia \u2714\ufe0f Sconto sul tuo primo acquisto\" \/>\n<meta property=\"og:url\" content=\"https:\/\/www.secondastrada.com\/it\/maglia-yes-zee-verde-militare\/\" \/>\n<meta property=\"og:site_name\" content=\"Seconda Strada\" \/>\n<meta property=\"article:modified_time\" content=\"2025-08-12T07:03:42+00:00\" \/>\n<meta name=\"twitter:card\" content=\"summary_large_image\" \/>\n<meta name=\"twitter:label1\" content=\"Tempo di lettura stimato\" \/>\n\t<meta name=\"twitter:data1\" content=\"1 minuto\" \/>\n<!-- \/ Yoast SEO plugin. -->","yoast_head_json":{"title":"Maglia Yes Zee verde militare - Acquista online! - Seconda Strada","description":"Maglia Yes Zee verde militare \u27a4 Acquista online su Secondastrada.com Maglia Yes Zee verde militare \u2714\ufe0f Spedizione veloce entro 24h in tutta Italia \u2714\ufe0f Sconto sul tuo primo acquisto","robots":{"index":"index","follow":"follow","max-snippet":"max-snippet:-1","max-image-preview":"max-image-preview:large","max-video-preview":"max-video-preview:-1"},"canonical":"https:\/\/www.secondastrada.com\/it\/maglia-yes-zee-verde-militare\/","og_locale":"it_IT","og_type":"article","og_title":"Maglia Yes Zee verde militare - Acquista online! - Seconda Strada","og_description":"Maglia Yes Zee verde militare \u27a4 Acquista online su Secondastrada.com Maglia Yes Zee verde militare \u2714\ufe0f Spedizione veloce entro 24h in tutta Italia \u2714\ufe0f Sconto sul tuo primo acquisto","og_url":"https:\/\/www.secondastrada.com\/it\/maglia-yes-zee-verde-militare\/","og_site_name":"Seconda Strada","article_modified_time":"2025-08-12T07:03:42+00:00","twitter_card":"summary_large_image","twitter_misc":{"Tempo di lettura stimato":"1 minuto"},"schema":{"@context":"https:\/\/schema.org","@graph":[{"@type":"WebPage","@id":"https:\/\/www.secondastrada.com\/it\/maglia-yes-zee-verde-militare\/","url":"https:\/\/www.secondastrada.com\/it\/maglia-yes-zee-verde-militare\/","name":"Maglia Yes Zee verde militare - Acquista online! - Seconda Strada","isPartOf":{"@id":"https:\/\/www.secondastrada.com\/it\/#website"},"datePublished":"2024-03-27T22:24:55+00:00","dateModified":"2025-08-12T07:03:42+00:00","description":"Maglia Yes Zee verde militare \u27a4 Acquista online su Secondastrada.com Maglia Yes Zee verde militare \u2714\ufe0f Spedizione veloce entro 24h in tutta Italia \u2714\ufe0f Sconto sul tuo primo acquisto","breadcrumb":{"@id":"https:\/\/www.secondastrada.com\/it\/maglia-yes-zee-verde-militare\/#breadcrumb"},"inLanguage":"it-IT","potentialAction":[{"@type":"ReadAction","target":["https:\/\/www.secondastrada.com\/it\/maglia-yes-zee-verde-militare\/"]}]},{"@type":"BreadcrumbList","@id":"https:\/\/www.secondastrada.com\/it\/maglia-yes-zee-verde-militare\/#breadcrumb","itemListElement":[{"@type":"ListItem","position":1,"name":"Home","item":"https:\/\/www.secondastrada.com\/it\/"},{"@type":"ListItem","position":2,"name":"Shop","item":"https:\/\/www.secondastrada.com\/it\/shop\/"},{"@type":"ListItem","position":3,"name":"Uomo","item":"https:\/\/www.secondastrada.com\/it\/collezione-uomo\/"},{"@type":"ListItem","position":4,"name":"Abbigliamento","item":"https:\/\/www.secondastrada.com\/it\/collezione-uomo\/abbigliamento-uomo\/"},{"@type":"ListItem","position":5,"name":"Maglioni e Maglie","item":"https:\/\/www.secondastrada.com\/it\/collezione-uomo\/abbigliamento-uomo\/maglioni-da-uomo\/"},{"@type":"ListItem","position":6,"name":"Maglie girocollo","item":"https:\/\/www.secondastrada.com\/it\/collezione-uomo\/abbigliamento-uomo\/maglioni-da-uomo\/maglioni-girocollo-da-uomo\/"},{"@type":"ListItem","position":7,"name":"Maglia Yes Zee verde militare"}]},{"@type":"WebSite","@id":"https:\/\/www.secondastrada.com\/it\/#website","url":"https:\/\/www.secondastrada.com\/it\/","name":"Seconda Strada","description":"","publisher":{"@id":"https:\/\/www.secondastrada.com\/it\/#organization"},"potentialAction":[{"@type":"SearchAction","target":{"@type":"EntryPoint","urlTemplate":"https:\/\/www.secondastrada.com\/it\/?s={search_term_string}"},"query-input":"required name=search_term_string"}],"inLanguage":"it-IT"},{"@type":"Organization","@id":"https:\/\/www.secondastrada.com\/it\/#organization","name":"Seconda Strada","url":"https:\/\/www.secondastrada.com\/it\/","logo":{"@type":"ImageObject","inLanguage":"it-IT","@id":"https:\/\/www.secondastrada.com\/it\/#\/schema\/logo\/image\/","url":"https:\/\/www.secondastrada.com\/wp-content\/uploads\/2023\/11\/secondastrada-logo.svg","contentUrl":"https:\/\/www.secondastrada.com\/wp-content\/uploads\/2023\/11\/secondastrada-logo.svg","width":353,"height":47,"caption":"Seconda Strada"},"image":{"@id":"https:\/\/www.secondastrada.com\/it\/#\/schema\/logo\/image\/"}}]}},"df_price":"","df_sale_price":"","df_regular_price":"","df_image_link":"https:\/\/www.secondastrada.com\/wp-content\/uploads\/2024\/03\/placeholder-ss.webp","_links":{"self":[{"href":"https:\/\/www.secondastrada.com\/it\/wp-json\/wp\/v2\/product\/27400"}],"collection":[{"href":"https:\/\/www.secondastrada.com\/it\/wp-json\/wp\/v2\/product"}],"about":[{"href":"https:\/\/www.secondastrada.com\/it\/wp-json\/wp\/v2\/types\/product"}],"wp:attachment":[{"href":"https:\/\/www.secondastrada.com\/it\/wp-json\/wp\/v2\/media?parent=27400"}],"wp:term":[{"taxonomy":"ss_brand","embeddable":true,"href":"https:\/\/www.secondastrada.com\/it\/wp-json\/wp\/v2\/ss_brand?post=27400"},{"taxonomy":"ss_promo","embeddable":true,"href":"https:\/\/www.secondastrada.com\/it\/wp-json\/wp\/v2\/ss_promo?post=27400"},{"taxonomy":"ss_season","embeddable":true,"href":"https:\/\/www.secondastrada.com\/it\/wp-json\/wp\/v2\/ss_season?post=27400"},{"taxonomy":"product_cat","embeddable":true,"href":"https:\/\/www.secondastrada.com\/it\/wp-json\/wp\/v2\/product_cat?post=27400"},{"taxonomy":"product_tag","embeddable":true,"href":"https:\/\/www.secondastrada.com\/it\/wp-json\/wp\/v2\/product_tag?post=27400"}],"curies":[{"name":"wp","href":"https:\/\/api.w.org\/{rel}","templated":true}]}}