{"id":274459,"date":"2025-05-15T08:24:39","date_gmt":"2025-05-15T06:24:39","guid":{"rendered":"https:\/\/www.secondastrada.com\/it\/shorts-yes-zee-jeans-2\/"},"modified":"2026-02-26T15:01:02","modified_gmt":"2026-02-26T14:01:02","slug":"shorts-yes-zee-jeans-2","status":"publish","type":"product","link":"https:\/\/www.secondastrada.com\/it\/shorts-yes-zee-jeans-2\/","title":{"rendered":"Shorts Yes Zee Jeans"},"content":{"rendered":"<p>Short in jeans blu denim, con dettagli dorati e orlo sfrangiato. Presenti tasche sagomate sul fronte e tasche a toppa sul retro. La vestibilit\u00e0 \u00e8 morbida e pratica grazie a bottone pi\u00f9 zip ma anche regolabile grazie a cintura in tessuto. Gli shorts sono adatti per occasioni casual e facilmente combinabili. Aggiungili al tuo guardaroba e saprai sempre cosa mettere.<br \/>\nCod. art. P225 W306 OZ<br \/>\nVi ricordiamo che tutti i nostri articoli sono originali.<\/p>\n","protected":false},"excerpt":{"rendered":"<p>Short in jeans blu denim, con dettagli dorati e orlo sfrangiato. Presenti tasche sagomate sul fronte e tasche a toppa sul retro. La vestibilit\u00e0 \u00e8 morbida e pratica grazie a bottone pi\u00f9 zip ma anche regolabile grazie a cintura in tessuto. Gli shorts sono adatti per occasioni casual e facilmente combinabili. Aggiungili al tuo guardaroba&#8230;<\/p>\n","protected":false},"featured_media":274342,"template":"","meta":{"inline_featured_image":false},"ss_brand":[1208],"ss_promo":[2181],"ss_season":[2375],"product_cat":[1329,1658,1475],"product_tag":[2420,2402,2536,1803,2139,2432],"class_list":{"0":"post-274459","1":"product","2":"type-product","3":"status-publish","4":"has-post-thumbnail","6":"ss_brand-yes-zee-donna","7":"ss_promo-ultime-occasioni-donna","8":"ss_season-pe25","9":"product_cat-abbigliamento-donna","10":"product_cat-collezione-donna","11":"product_cat-shorts-da-donna","12":"product_tag-denim-lovers-capsule-donna","13":"product_tag-look-da-mare-donna","14":"product_tag-promo-codice-w","15":"product_tag-shorts-yes-zee-donna","16":"product_tag-ultime-occasioni-donna","17":"product_tag-yes-zee-donna","19":"first","20":"instock","21":"sale","22":"shipping-taxable","23":"purchasable","24":"product-type-variable","25":"has-default-attributes"},"acf":{"ss_brand":[{"term_id":1208,"name":"YES ZEE","slug":"yes-zee-donna","term_group":0,"term_taxonomy_id":1208,"taxonomy":"ss_brand","description":"Libera il tuo istinto fashion e lasciati ispirare dalle collezioni da donna <strong>Yes Zee<\/strong> sempre all\u2019avanguardia e non perdere le nostre <strong>offerte imbattibili<\/strong>!\u00a0Acquista online su SecondaStrada.com <strong>abbigliamento da donna Yes Zee scontatissimo<\/strong>!","parent":1201,"count":718,"filter":"raw"}],"ss_promo":[2181],"ss_season":[{"term_id":2375,"name":"PE25","slug":"pe25","term_group":0,"term_taxonomy_id":2375,"taxonomy":"ss_season","description":"","parent":0,"count":2507,"filter":"raw"}],"ss_old_price":"0,00","ss_omnibus_price":"0,00","ss_style_advice":"<p>Short in jeans blu denim, con dettagli dorati e orlo sfrangiato. Presenti tasche sagomate sul fronte e tasche a toppa sul retro. La vestibilit\u00e0 \u00e8 morbida e pratica grazie a bottone pi\u00f9 zip ma anche regolabile grazie a cintura in tessuto. Gli shorts sono adatti per occasioni casual e facilmente combinabili. Aggiungili al tuo guardaroba e saprai sempre cosa mettere.<br \/>Cod. art. P225 W306 OZ<br \/>Vi ricordiamo che tutti i nostri articoli sono originali.<\/p>\n","ss_composition":"<p>60% cotone 40% lino<\/p>\n","ss_fit":"<p>La modella \u00e8 alta 172 cm e indossa la taglia 27 US corrispondente alla 40\/42 italiana. La vestibilit\u00e0 del capo \u00e8 regolare.<\/p>\n","ss_etichetta":""},"yoast_head":"<!-- This site is optimized with the Yoast SEO plugin v22.3 - https:\/\/yoast.com\/wordpress\/plugins\/seo\/ -->\n<title>Shorts Yes Zee Jeans - Acquista online! - Seconda Strada<\/title>\n<meta name=\"description\" content=\"Shorts Yes Zee Jeans \u27a4 Acquista online su Secondastrada.com Shorts Yes Zee Jeans \u2714\ufe0f Spedizione veloce entro 24h in tutta Italia \u2714\ufe0f Sconto sul tuo primo acquisto\" \/>\n<meta name=\"robots\" content=\"index, follow, max-snippet:-1, max-image-preview:large, max-video-preview:-1\" \/>\n<link rel=\"canonical\" href=\"https:\/\/www.secondastrada.com\/it\/shorts-yes-zee-jeans-2\/\" \/>\n<meta property=\"og:locale\" content=\"it_IT\" \/>\n<meta property=\"og:type\" content=\"article\" \/>\n<meta property=\"og:title\" content=\"Shorts Yes Zee Jeans - Acquista online! - Seconda Strada\" \/>\n<meta property=\"og:description\" content=\"Shorts Yes Zee Jeans \u27a4 Acquista online su Secondastrada.com Shorts Yes Zee Jeans \u2714\ufe0f Spedizione veloce entro 24h in tutta Italia \u2714\ufe0f Sconto sul tuo primo acquisto\" \/>\n<meta property=\"og:url\" content=\"https:\/\/www.secondastrada.com\/it\/shorts-yes-zee-jeans-2\/\" \/>\n<meta property=\"og:site_name\" content=\"Seconda Strada\" \/>\n<meta property=\"article:modified_time\" content=\"2026-02-26T14:01:02+00:00\" \/>\n<meta property=\"og:image\" content=\"https:\/\/www.secondastrada.com\/wp-content\/uploads\/2025\/05\/P225-W306-OZ_STONE_PE25_1.jpg\" \/>\n\t<meta property=\"og:image:width\" content=\"1000\" \/>\n\t<meta property=\"og:image:height\" content=\"1300\" \/>\n\t<meta property=\"og:image:type\" content=\"image\/jpeg\" \/>\n<meta name=\"twitter:card\" content=\"summary_large_image\" \/>\n<meta name=\"twitter:label1\" content=\"Tempo di lettura stimato\" \/>\n\t<meta name=\"twitter:data1\" content=\"1 minuto\" \/>\n<!-- \/ Yoast SEO plugin. -->","yoast_head_json":{"title":"Shorts Yes Zee Jeans - Acquista online! - Seconda Strada","description":"Shorts Yes Zee Jeans \u27a4 Acquista online su Secondastrada.com Shorts Yes Zee Jeans \u2714\ufe0f Spedizione veloce entro 24h in tutta Italia \u2714\ufe0f Sconto sul tuo primo acquisto","robots":{"index":"index","follow":"follow","max-snippet":"max-snippet:-1","max-image-preview":"max-image-preview:large","max-video-preview":"max-video-preview:-1"},"canonical":"https:\/\/www.secondastrada.com\/it\/shorts-yes-zee-jeans-2\/","og_locale":"it_IT","og_type":"article","og_title":"Shorts Yes Zee Jeans - Acquista online! - Seconda Strada","og_description":"Shorts Yes Zee Jeans \u27a4 Acquista online su Secondastrada.com Shorts Yes Zee Jeans \u2714\ufe0f Spedizione veloce entro 24h in tutta Italia \u2714\ufe0f Sconto sul tuo primo acquisto","og_url":"https:\/\/www.secondastrada.com\/it\/shorts-yes-zee-jeans-2\/","og_site_name":"Seconda Strada","article_modified_time":"2026-02-26T14:01:02+00:00","og_image":[{"width":1000,"height":1300,"url":"https:\/\/www.secondastrada.com\/wp-content\/uploads\/2025\/05\/P225-W306-OZ_STONE_PE25_1.jpg","type":"image\/jpeg"}],"twitter_card":"summary_large_image","twitter_misc":{"Tempo di lettura stimato":"1 minuto"},"schema":{"@context":"https:\/\/schema.org","@graph":[{"@type":"WebPage","@id":"https:\/\/www.secondastrada.com\/it\/shorts-yes-zee-jeans-2\/","url":"https:\/\/www.secondastrada.com\/it\/shorts-yes-zee-jeans-2\/","name":"Shorts Yes Zee Jeans - Acquista online! - Seconda Strada","isPartOf":{"@id":"https:\/\/www.secondastrada.com\/it\/#website"},"primaryImageOfPage":{"@id":"https:\/\/www.secondastrada.com\/it\/shorts-yes-zee-jeans-2\/#primaryimage"},"image":{"@id":"https:\/\/www.secondastrada.com\/it\/shorts-yes-zee-jeans-2\/#primaryimage"},"thumbnailUrl":"https:\/\/www.secondastrada.com\/wp-content\/uploads\/2025\/05\/P225-W306-OZ_STONE_PE25_1.jpg","datePublished":"2025-05-15T06:24:39+00:00","dateModified":"2026-02-26T14:01:02+00:00","description":"Shorts Yes Zee Jeans \u27a4 Acquista online su Secondastrada.com Shorts Yes Zee Jeans \u2714\ufe0f Spedizione veloce entro 24h in tutta Italia \u2714\ufe0f Sconto sul tuo primo acquisto","breadcrumb":{"@id":"https:\/\/www.secondastrada.com\/it\/shorts-yes-zee-jeans-2\/#breadcrumb"},"inLanguage":"it-IT","potentialAction":[{"@type":"ReadAction","target":["https:\/\/www.secondastrada.com\/it\/shorts-yes-zee-jeans-2\/"]}]},{"@type":"ImageObject","inLanguage":"it-IT","@id":"https:\/\/www.secondastrada.com\/it\/shorts-yes-zee-jeans-2\/#primaryimage","url":"https:\/\/www.secondastrada.com\/wp-content\/uploads\/2025\/05\/P225-W306-OZ_STONE_PE25_1.jpg","contentUrl":"https:\/\/www.secondastrada.com\/wp-content\/uploads\/2025\/05\/P225-W306-OZ_STONE_PE25_1.jpg","width":1000,"height":1300,"caption":"P225-W306-OZ_STONE_PE25"},{"@type":"BreadcrumbList","@id":"https:\/\/www.secondastrada.com\/it\/shorts-yes-zee-jeans-2\/#breadcrumb","itemListElement":[{"@type":"ListItem","position":1,"name":"Home","item":"https:\/\/www.secondastrada.com\/it\/"},{"@type":"ListItem","position":2,"name":"Shop","item":"https:\/\/www.secondastrada.com\/it\/shop\/"},{"@type":"ListItem","position":3,"name":"Donna","item":"https:\/\/www.secondastrada.com\/it\/collezione-donna\/"},{"@type":"ListItem","position":4,"name":"Abbigliamento","item":"https:\/\/www.secondastrada.com\/it\/collezione-donna\/abbigliamento-donna\/"},{"@type":"ListItem","position":5,"name":"Shorts","item":"https:\/\/www.secondastrada.com\/it\/collezione-donna\/abbigliamento-donna\/shorts-da-donna\/"},{"@type":"ListItem","position":6,"name":"Shorts Yes Zee Jeans"}]},{"@type":"WebSite","@id":"https:\/\/www.secondastrada.com\/it\/#website","url":"https:\/\/www.secondastrada.com\/it\/","name":"Seconda Strada","description":"","publisher":{"@id":"https:\/\/www.secondastrada.com\/it\/#organization"},"potentialAction":[{"@type":"SearchAction","target":{"@type":"EntryPoint","urlTemplate":"https:\/\/www.secondastrada.com\/it\/?s={search_term_string}"},"query-input":"required name=search_term_string"}],"inLanguage":"it-IT"},{"@type":"Organization","@id":"https:\/\/www.secondastrada.com\/it\/#organization","name":"Seconda Strada","url":"https:\/\/www.secondastrada.com\/it\/","logo":{"@type":"ImageObject","inLanguage":"it-IT","@id":"https:\/\/www.secondastrada.com\/it\/#\/schema\/logo\/image\/","url":"https:\/\/www.secondastrada.com\/wp-content\/uploads\/2023\/11\/secondastrada-logo.svg","contentUrl":"https:\/\/www.secondastrada.com\/wp-content\/uploads\/2023\/11\/secondastrada-logo.svg","width":353,"height":47,"caption":"Seconda Strada"},"image":{"@id":"https:\/\/www.secondastrada.com\/it\/#\/schema\/logo\/image\/"}}]}},"df_price":19.96,"df_sale_price":"","df_regular_price":19.96,"df_image_link":"https:\/\/www.secondastrada.com\/wp-content\/uploads\/2025\/05\/P225-W306-OZ_STONE_PE25_1-300x300.jpg","_links":{"self":[{"href":"https:\/\/www.secondastrada.com\/it\/wp-json\/wp\/v2\/product\/274459"}],"collection":[{"href":"https:\/\/www.secondastrada.com\/it\/wp-json\/wp\/v2\/product"}],"about":[{"href":"https:\/\/www.secondastrada.com\/it\/wp-json\/wp\/v2\/types\/product"}],"wp:featuredmedia":[{"embeddable":true,"href":"https:\/\/www.secondastrada.com\/it\/wp-json\/wp\/v2\/media\/274342"}],"wp:attachment":[{"href":"https:\/\/www.secondastrada.com\/it\/wp-json\/wp\/v2\/media?parent=274459"}],"wp:term":[{"taxonomy":"ss_brand","embeddable":true,"href":"https:\/\/www.secondastrada.com\/it\/wp-json\/wp\/v2\/ss_brand?post=274459"},{"taxonomy":"ss_promo","embeddable":true,"href":"https:\/\/www.secondastrada.com\/it\/wp-json\/wp\/v2\/ss_promo?post=274459"},{"taxonomy":"ss_season","embeddable":true,"href":"https:\/\/www.secondastrada.com\/it\/wp-json\/wp\/v2\/ss_season?post=274459"},{"taxonomy":"product_cat","embeddable":true,"href":"https:\/\/www.secondastrada.com\/it\/wp-json\/wp\/v2\/product_cat?post=274459"},{"taxonomy":"product_tag","embeddable":true,"href":"https:\/\/www.secondastrada.com\/it\/wp-json\/wp\/v2\/product_tag?post=274459"}],"curies":[{"name":"wp","href":"https:\/\/api.w.org\/{rel}","templated":true}]}}