{"id":276760,"date":"2025-05-20T11:05:42","date_gmt":"2025-05-20T09:05:42","guid":{"rendered":"https:\/\/www.secondastrada.com\/it\/camicia-maniche-corte-pepe-jeans-bianco\/"},"modified":"2026-02-26T14:35:05","modified_gmt":"2026-02-26T13:35:05","slug":"camicia-maniche-corte-pepe-jeans-bianco","status":"publish","type":"product","link":"https:\/\/www.secondastrada.com\/it\/camicia-maniche-corte-pepe-jeans-bianco\/","title":{"rendered":"Camicia maniche corte Pepe Jeans Bianco"},"content":{"rendered":"<p>Camicia a maniche corte in total bianco con frill e pieghette. La vestibilit\u00e0 \u00e8 morbida e pratica grazie a bottoni ad asola in tinta. La camicia \u00e8 adatta per occasioni casual e facilmente combinabile. Praticit\u00e0 e stile in un solo capo.<br \/>Cod. art. PL305028 OZ<br \/>Vi ricordiamo che tutti i nostri articoli sono originali.<\/p>\n","protected":false},"excerpt":{"rendered":"<p>Camicia a maniche corte in total bianco con frill e pieghette. La vestibilit\u00e0 \u00e8 morbida e pratica grazie a bottoni ad asola in tinta. La camicia \u00e8 adatta per occasioni casual e facilmente combinabile. Praticit\u00e0 e stile in un solo capo.Cod. art. PL305028 OZVi ricordiamo che tutti i nostri articoli sono originali.<\/p>\n","protected":false},"featured_media":276739,"template":"","meta":{"inline_featured_image":false},"ss_brand":[1212],"ss_promo":[2181],"ss_season":[2375],"product_cat":[1329,1339,1658],"product_tag":[2405,2139],"class_list":{"0":"post-276760","1":"product","2":"type-product","3":"status-publish","4":"has-post-thumbnail","6":"ss_brand-pepe-jeans-donna","7":"ss_promo-ultime-occasioni-donna","8":"ss_season-pe25","9":"product_cat-abbigliamento-donna","10":"product_cat-camicie-e-bluse-da-donna","11":"product_cat-collezione-donna","12":"product_tag-look-da-aperitivo-donna","13":"product_tag-ultime-occasioni-donna","15":"first","16":"instock","17":"sale","18":"shipping-taxable","19":"purchasable","20":"product-type-variable","21":"has-default-attributes"},"acf":{"ss_brand":[{"term_id":1212,"name":"PEPE JEANS","slug":"pepe-jeans-donna","term_group":0,"term_taxonomy_id":1212,"taxonomy":"ss_brand","description":"Stile urban-cool con accento british: dai una scossa al tuo guardaroba e scopri la collezione abbigliamento da donna Pepe Jeans a prezzi bassissimi!\u00a0Acquista online su SecondaStrada.com <strong>abbigliamento da donna Pepe Jeans scontatissimo<\/strong>!","parent":1201,"count":214,"filter":"raw"}],"ss_promo":[2181],"ss_season":[{"term_id":2375,"name":"PE25","slug":"pe25","term_group":0,"term_taxonomy_id":2375,"taxonomy":"ss_season","description":"","parent":0,"count":2507,"filter":"raw"}],"ss_old_price":"69,90","ss_omnibus_price":"0,00","ss_style_advice":"<p>Camicia a maniche corte in total bianco con frill e pieghette. La vestibilit\u00e0 \u00e8 morbida e pratica grazie a bottoni ad asola in tinta. La camicia \u00e8 adatta per occasioni casual e facilmente combinabile. Praticit\u00e0 e stile in un solo capo.<br \/>Cod. art. PL305028 OZ<br \/>Vi ricordiamo che tutti i nostri articoli sono originali.<\/p>\n","ss_composition":"<p>75% cotone 25% viscosa<\/p>\n","ss_fit":"<p>La modella \u00e8 alta 165 cm e indossa la taglia S. La vestibilit\u00e0 del capo \u00e8 regolare.<\/p>\n"},"yoast_head":"<!-- This site is optimized with the Yoast SEO plugin v22.3 - https:\/\/yoast.com\/wordpress\/plugins\/seo\/ -->\n<title>Camicia maniche corte Pepe Jeans Bianco - Acquista online! - Seconda Strada<\/title>\n<meta name=\"description\" content=\"Camicia maniche corte Pepe Jeans Bianco \u27a4 Acquista online su Secondastrada.com Camicia maniche corte Pepe Jeans Bianco \u2714\ufe0f Spedizione veloce entro 24h in tutta Italia \u2714\ufe0f Sconto sul tuo primo acquisto\" \/>\n<meta name=\"robots\" content=\"index, follow, max-snippet:-1, max-image-preview:large, max-video-preview:-1\" \/>\n<link rel=\"canonical\" href=\"https:\/\/www.secondastrada.com\/it\/camicia-maniche-corte-pepe-jeans-bianco\/\" \/>\n<meta property=\"og:locale\" content=\"it_IT\" \/>\n<meta property=\"og:type\" content=\"article\" \/>\n<meta property=\"og:title\" content=\"Camicia maniche corte Pepe Jeans Bianco - Acquista online! - Seconda Strada\" \/>\n<meta property=\"og:description\" content=\"Camicia maniche corte Pepe Jeans Bianco \u27a4 Acquista online su Secondastrada.com Camicia maniche corte Pepe Jeans Bianco \u2714\ufe0f Spedizione veloce entro 24h in tutta Italia \u2714\ufe0f Sconto sul tuo primo acquisto\" \/>\n<meta property=\"og:url\" content=\"https:\/\/www.secondastrada.com\/it\/camicia-maniche-corte-pepe-jeans-bianco\/\" \/>\n<meta property=\"og:site_name\" content=\"Seconda Strada\" \/>\n<meta property=\"article:modified_time\" content=\"2026-02-26T13:35:05+00:00\" \/>\n<meta property=\"og:image\" content=\"https:\/\/www.secondastrada.com\/wp-content\/uploads\/2025\/05\/PL305028-OZ_MOUSSE-WHITE-808_PE25_1.jpg\" \/>\n\t<meta property=\"og:image:width\" content=\"1000\" \/>\n\t<meta property=\"og:image:height\" content=\"1300\" \/>\n\t<meta property=\"og:image:type\" content=\"image\/jpeg\" \/>\n<meta name=\"twitter:card\" content=\"summary_large_image\" \/>\n<!-- \/ Yoast SEO plugin. -->","yoast_head_json":{"title":"Camicia maniche corte Pepe Jeans Bianco - Acquista online! - Seconda Strada","description":"Camicia maniche corte Pepe Jeans Bianco \u27a4 Acquista online su Secondastrada.com Camicia maniche corte Pepe Jeans Bianco \u2714\ufe0f Spedizione veloce entro 24h in tutta Italia \u2714\ufe0f Sconto sul tuo primo acquisto","robots":{"index":"index","follow":"follow","max-snippet":"max-snippet:-1","max-image-preview":"max-image-preview:large","max-video-preview":"max-video-preview:-1"},"canonical":"https:\/\/www.secondastrada.com\/it\/camicia-maniche-corte-pepe-jeans-bianco\/","og_locale":"it_IT","og_type":"article","og_title":"Camicia maniche corte Pepe Jeans Bianco - Acquista online! - Seconda Strada","og_description":"Camicia maniche corte Pepe Jeans Bianco \u27a4 Acquista online su Secondastrada.com Camicia maniche corte Pepe Jeans Bianco \u2714\ufe0f Spedizione veloce entro 24h in tutta Italia \u2714\ufe0f Sconto sul tuo primo acquisto","og_url":"https:\/\/www.secondastrada.com\/it\/camicia-maniche-corte-pepe-jeans-bianco\/","og_site_name":"Seconda Strada","article_modified_time":"2026-02-26T13:35:05+00:00","og_image":[{"width":1000,"height":1300,"url":"https:\/\/www.secondastrada.com\/wp-content\/uploads\/2025\/05\/PL305028-OZ_MOUSSE-WHITE-808_PE25_1.jpg","type":"image\/jpeg"}],"twitter_card":"summary_large_image","schema":{"@context":"https:\/\/schema.org","@graph":[{"@type":"WebPage","@id":"https:\/\/www.secondastrada.com\/it\/camicia-maniche-corte-pepe-jeans-bianco\/","url":"https:\/\/www.secondastrada.com\/it\/camicia-maniche-corte-pepe-jeans-bianco\/","name":"Camicia maniche corte Pepe Jeans Bianco - Acquista online! - Seconda Strada","isPartOf":{"@id":"https:\/\/www.secondastrada.com\/it\/#website"},"primaryImageOfPage":{"@id":"https:\/\/www.secondastrada.com\/it\/camicia-maniche-corte-pepe-jeans-bianco\/#primaryimage"},"image":{"@id":"https:\/\/www.secondastrada.com\/it\/camicia-maniche-corte-pepe-jeans-bianco\/#primaryimage"},"thumbnailUrl":"https:\/\/www.secondastrada.com\/wp-content\/uploads\/2025\/05\/PL305028-OZ_MOUSSE-WHITE-808_PE25_1.jpg","datePublished":"2025-05-20T09:05:42+00:00","dateModified":"2026-02-26T13:35:05+00:00","description":"Camicia maniche corte Pepe Jeans Bianco \u27a4 Acquista online su Secondastrada.com Camicia maniche corte Pepe Jeans Bianco \u2714\ufe0f Spedizione veloce entro 24h in tutta Italia \u2714\ufe0f Sconto sul tuo primo acquisto","breadcrumb":{"@id":"https:\/\/www.secondastrada.com\/it\/camicia-maniche-corte-pepe-jeans-bianco\/#breadcrumb"},"inLanguage":"it-IT","potentialAction":[{"@type":"ReadAction","target":["https:\/\/www.secondastrada.com\/it\/camicia-maniche-corte-pepe-jeans-bianco\/"]}]},{"@type":"ImageObject","inLanguage":"it-IT","@id":"https:\/\/www.secondastrada.com\/it\/camicia-maniche-corte-pepe-jeans-bianco\/#primaryimage","url":"https:\/\/www.secondastrada.com\/wp-content\/uploads\/2025\/05\/PL305028-OZ_MOUSSE-WHITE-808_PE25_1.jpg","contentUrl":"https:\/\/www.secondastrada.com\/wp-content\/uploads\/2025\/05\/PL305028-OZ_MOUSSE-WHITE-808_PE25_1.jpg","width":1000,"height":1300,"caption":"PL305028-OZ_MOUSSE-WHITE-808_PE25"},{"@type":"BreadcrumbList","@id":"https:\/\/www.secondastrada.com\/it\/camicia-maniche-corte-pepe-jeans-bianco\/#breadcrumb","itemListElement":[{"@type":"ListItem","position":1,"name":"Home","item":"https:\/\/www.secondastrada.com\/it\/"},{"@type":"ListItem","position":2,"name":"Shop","item":"https:\/\/www.secondastrada.com\/it\/shop\/"},{"@type":"ListItem","position":3,"name":"Donna","item":"https:\/\/www.secondastrada.com\/it\/collezione-donna\/"},{"@type":"ListItem","position":4,"name":"Abbigliamento","item":"https:\/\/www.secondastrada.com\/it\/collezione-donna\/abbigliamento-donna\/"},{"@type":"ListItem","position":5,"name":"Camicie e Bluse","item":"https:\/\/www.secondastrada.com\/it\/collezione-donna\/abbigliamento-donna\/camicie-e-bluse-da-donna\/"},{"@type":"ListItem","position":6,"name":"Camicia maniche corte Pepe Jeans Bianco"}]},{"@type":"WebSite","@id":"https:\/\/www.secondastrada.com\/it\/#website","url":"https:\/\/www.secondastrada.com\/it\/","name":"Seconda Strada","description":"","publisher":{"@id":"https:\/\/www.secondastrada.com\/it\/#organization"},"potentialAction":[{"@type":"SearchAction","target":{"@type":"EntryPoint","urlTemplate":"https:\/\/www.secondastrada.com\/it\/?s={search_term_string}"},"query-input":"required name=search_term_string"}],"inLanguage":"it-IT"},{"@type":"Organization","@id":"https:\/\/www.secondastrada.com\/it\/#organization","name":"Seconda Strada","url":"https:\/\/www.secondastrada.com\/it\/","logo":{"@type":"ImageObject","inLanguage":"it-IT","@id":"https:\/\/www.secondastrada.com\/it\/#\/schema\/logo\/image\/","url":"https:\/\/www.secondastrada.com\/wp-content\/uploads\/2023\/11\/secondastrada-logo.svg","contentUrl":"https:\/\/www.secondastrada.com\/wp-content\/uploads\/2023\/11\/secondastrada-logo.svg","width":353,"height":47,"caption":"Seconda Strada"},"image":{"@id":"https:\/\/www.secondastrada.com\/it\/#\/schema\/logo\/image\/"}}]}},"df_price":25.996,"df_sale_price":"","df_regular_price":25.996,"df_image_link":"https:\/\/www.secondastrada.com\/wp-content\/uploads\/2025\/05\/PL305028-OZ_MOUSSE-WHITE-808_PE25_1-300x300.jpg","_links":{"self":[{"href":"https:\/\/www.secondastrada.com\/it\/wp-json\/wp\/v2\/product\/276760"}],"collection":[{"href":"https:\/\/www.secondastrada.com\/it\/wp-json\/wp\/v2\/product"}],"about":[{"href":"https:\/\/www.secondastrada.com\/it\/wp-json\/wp\/v2\/types\/product"}],"wp:featuredmedia":[{"embeddable":true,"href":"https:\/\/www.secondastrada.com\/it\/wp-json\/wp\/v2\/media\/276739"}],"wp:attachment":[{"href":"https:\/\/www.secondastrada.com\/it\/wp-json\/wp\/v2\/media?parent=276760"}],"wp:term":[{"taxonomy":"ss_brand","embeddable":true,"href":"https:\/\/www.secondastrada.com\/it\/wp-json\/wp\/v2\/ss_brand?post=276760"},{"taxonomy":"ss_promo","embeddable":true,"href":"https:\/\/www.secondastrada.com\/it\/wp-json\/wp\/v2\/ss_promo?post=276760"},{"taxonomy":"ss_season","embeddable":true,"href":"https:\/\/www.secondastrada.com\/it\/wp-json\/wp\/v2\/ss_season?post=276760"},{"taxonomy":"product_cat","embeddable":true,"href":"https:\/\/www.secondastrada.com\/it\/wp-json\/wp\/v2\/product_cat?post=276760"},{"taxonomy":"product_tag","embeddable":true,"href":"https:\/\/www.secondastrada.com\/it\/wp-json\/wp\/v2\/product_tag?post=276760"}],"curies":[{"name":"wp","href":"https:\/\/api.w.org\/{rel}","templated":true}]}}