{"id":280840,"date":"2025-05-30T12:37:26","date_gmt":"2025-05-30T10:37:26","guid":{"rendered":"https:\/\/www.secondastrada.com\/it\/bikini-fk-verde-4\/"},"modified":"2026-04-11T08:45:20","modified_gmt":"2026-04-11T06:45:20","slug":"bikini-fk-verde-4","status":"publish","type":"product","link":"https:\/\/www.secondastrada.com\/it\/bikini-fk-verde-4\/","title":{"rendered":"Bikini F**K Verde"},"content":{"rendered":"<p>Bikini due pezzi con top a triangolo con laccetti regolabili, pi\u00f9 slip modello brasiliana con elastico in girovita. La colorazione tende al verde. Il bikini \u00e8 ideale per la spiaggia. Dona un tocco di brio ai tuoi outfit mare.<br \/>Cod. art. FK24 0540X04 SZ<br \/>Vi ricordiamo che tutti i nostri articoli sono originali.<\/p>\n","protected":false},"excerpt":{"rendered":"<p>Bikini due pezzi con top a triangolo con laccetti regolabili, pi\u00f9 slip modello brasiliana con elastico in girovita. La colorazione tende al verde. Il bikini \u00e8 ideale per la spiaggia. Dona un tocco di brio ai tuoi outfit mare.Cod. art. FK24 0540X04 SZVi ricordiamo che tutti i nostri articoli sono originali.<\/p>\n","protected":false},"featured_media":280653,"template":"","meta":{"inline_featured_image":false},"ss_brand":[1236],"ss_promo":[],"ss_season":[2375],"product_cat":[1407,1408,1658],"product_tag":[2402],"class_list":{"0":"post-280840","1":"product","2":"type-product","3":"status-publish","4":"has-post-thumbnail","6":"ss_brand-fk-donna","7":"ss_season-pe25","8":"product_cat-beachwear-da-donna","9":"product_cat-costumi-da-bagno-da-donna","10":"product_cat-collezione-donna","11":"product_tag-look-da-mare-donna","13":"first","14":"outofstock","15":"shipping-taxable","16":"product-type-variable","17":"has-default-attributes"},"acf":{"ss_brand":[{"term_id":1236,"name":"F**K","slug":"fk-donna","term_group":0,"term_taxonomy_id":1236,"taxonomy":"ss_brand","description":"<strong>FxxK<\/strong> ti conquista con i suoi <strong>costumi da donna<\/strong> in vari modelli, dai bikini a fascia ai bikini a triangolo dall'animo glam a <strong>prezzi scontati<\/strong>. Guarda subito la nostra selezione di <strong>costumi da donna FxxK scontati<\/strong> e acquistali tutti online.\u00a0Acquista online su SecondaStrada.com<strong> costumi da donna Effek scontatissimi<\/strong>!","parent":1201,"count":128,"filter":"raw"}],"ss_promo":false,"ss_season":[{"term_id":2375,"name":"PE25","slug":"pe25","term_group":0,"term_taxonomy_id":2375,"taxonomy":"ss_season","description":"","parent":0,"count":2507,"filter":"raw"}],"ss_old_price":"69,00","ss_omnibus_price":"0,00","ss_style_advice":"<p>Bikini due pezzi con top a triangolo con laccetti regolabili, pi\u00f9 slip modello brasiliana con elastico in girovita. La colorazione tende al verde. Il bikini \u00e8 ideale per la spiaggia. Dona un tocco di brio ai tuoi outfit mare.<br \/>Cod. art. FK24 0540X04 SZ<br \/>Vi ricordiamo che tutti i nostri articoli sono originali.<\/p>\n","ss_composition":"<p>93% poliestere 7% elastane<\/p>\n","ss_fit":"<p>La modella \u00e8 alta 172 cm e indossa la taglia M. La vestibilit\u00e0 del capo \u00e8 regolare.<\/p>\n"},"yoast_head":"<!-- This site is optimized with the Yoast SEO plugin v22.3 - https:\/\/yoast.com\/wordpress\/plugins\/seo\/ -->\n<title>Bikini F**K Verde - Acquista online! - Seconda Strada<\/title>\n<meta name=\"description\" content=\"Bikini F**K Verde \u27a4 Acquista online su Secondastrada.com Bikini F**K Verde \u2714\ufe0f Spedizione veloce entro 24h in tutta Italia \u2714\ufe0f Sconto sul tuo primo acquisto\" \/>\n<meta name=\"robots\" content=\"index, follow, max-snippet:-1, max-image-preview:large, max-video-preview:-1\" \/>\n<link rel=\"canonical\" href=\"https:\/\/www.secondastrada.com\/it\/bikini-fk-verde-4\/\" \/>\n<meta property=\"og:locale\" content=\"it_IT\" \/>\n<meta property=\"og:type\" content=\"article\" \/>\n<meta property=\"og:title\" content=\"Bikini F**K Verde - Acquista online! - Seconda Strada\" \/>\n<meta property=\"og:description\" content=\"Bikini F**K Verde \u27a4 Acquista online su Secondastrada.com Bikini F**K Verde \u2714\ufe0f Spedizione veloce entro 24h in tutta Italia \u2714\ufe0f Sconto sul tuo primo acquisto\" \/>\n<meta property=\"og:url\" content=\"https:\/\/www.secondastrada.com\/it\/bikini-fk-verde-4\/\" \/>\n<meta property=\"og:site_name\" content=\"Seconda Strada\" \/>\n<meta property=\"article:modified_time\" content=\"2026-04-11T06:45:20+00:00\" \/>\n<meta property=\"og:image\" content=\"https:\/\/www.secondastrada.com\/wp-content\/uploads\/2025\/05\/FK24-0540X04-SZ_FANTASIA_PE25_1.jpg\" \/>\n\t<meta property=\"og:image:width\" content=\"1000\" \/>\n\t<meta property=\"og:image:height\" content=\"1300\" \/>\n\t<meta property=\"og:image:type\" content=\"image\/jpeg\" \/>\n<meta name=\"twitter:card\" content=\"summary_large_image\" \/>\n<!-- \/ Yoast SEO plugin. -->","yoast_head_json":{"title":"Bikini F**K Verde - Acquista online! - Seconda Strada","description":"Bikini F**K Verde \u27a4 Acquista online su Secondastrada.com Bikini F**K Verde \u2714\ufe0f Spedizione veloce entro 24h in tutta Italia \u2714\ufe0f Sconto sul tuo primo acquisto","robots":{"index":"index","follow":"follow","max-snippet":"max-snippet:-1","max-image-preview":"max-image-preview:large","max-video-preview":"max-video-preview:-1"},"canonical":"https:\/\/www.secondastrada.com\/it\/bikini-fk-verde-4\/","og_locale":"it_IT","og_type":"article","og_title":"Bikini F**K Verde - Acquista online! - Seconda Strada","og_description":"Bikini F**K Verde \u27a4 Acquista online su Secondastrada.com Bikini F**K Verde \u2714\ufe0f Spedizione veloce entro 24h in tutta Italia \u2714\ufe0f Sconto sul tuo primo acquisto","og_url":"https:\/\/www.secondastrada.com\/it\/bikini-fk-verde-4\/","og_site_name":"Seconda Strada","article_modified_time":"2026-04-11T06:45:20+00:00","og_image":[{"width":1000,"height":1300,"url":"https:\/\/www.secondastrada.com\/wp-content\/uploads\/2025\/05\/FK24-0540X04-SZ_FANTASIA_PE25_1.jpg","type":"image\/jpeg"}],"twitter_card":"summary_large_image","schema":{"@context":"https:\/\/schema.org","@graph":[{"@type":"WebPage","@id":"https:\/\/www.secondastrada.com\/it\/bikini-fk-verde-4\/","url":"https:\/\/www.secondastrada.com\/it\/bikini-fk-verde-4\/","name":"Bikini F**K Verde - Acquista online! - Seconda Strada","isPartOf":{"@id":"https:\/\/www.secondastrada.com\/it\/#website"},"primaryImageOfPage":{"@id":"https:\/\/www.secondastrada.com\/it\/bikini-fk-verde-4\/#primaryimage"},"image":{"@id":"https:\/\/www.secondastrada.com\/it\/bikini-fk-verde-4\/#primaryimage"},"thumbnailUrl":"https:\/\/www.secondastrada.com\/wp-content\/uploads\/2025\/05\/FK24-0540X04-SZ_FANTASIA_PE25_1.jpg","datePublished":"2025-05-30T10:37:26+00:00","dateModified":"2026-04-11T06:45:20+00:00","description":"Bikini F**K Verde \u27a4 Acquista online su Secondastrada.com Bikini F**K Verde \u2714\ufe0f Spedizione veloce entro 24h in tutta Italia \u2714\ufe0f Sconto sul tuo primo acquisto","breadcrumb":{"@id":"https:\/\/www.secondastrada.com\/it\/bikini-fk-verde-4\/#breadcrumb"},"inLanguage":"it-IT","potentialAction":[{"@type":"ReadAction","target":["https:\/\/www.secondastrada.com\/it\/bikini-fk-verde-4\/"]}]},{"@type":"ImageObject","inLanguage":"it-IT","@id":"https:\/\/www.secondastrada.com\/it\/bikini-fk-verde-4\/#primaryimage","url":"https:\/\/www.secondastrada.com\/wp-content\/uploads\/2025\/05\/FK24-0540X04-SZ_FANTASIA_PE25_1.jpg","contentUrl":"https:\/\/www.secondastrada.com\/wp-content\/uploads\/2025\/05\/FK24-0540X04-SZ_FANTASIA_PE25_1.jpg","width":1000,"height":1300,"caption":"FK24-0540X04-SZ_FANTASIA_PE25"},{"@type":"BreadcrumbList","@id":"https:\/\/www.secondastrada.com\/it\/bikini-fk-verde-4\/#breadcrumb","itemListElement":[{"@type":"ListItem","position":1,"name":"Home","item":"https:\/\/www.secondastrada.com\/it\/"},{"@type":"ListItem","position":2,"name":"Shop","item":"https:\/\/www.secondastrada.com\/it\/shop\/"},{"@type":"ListItem","position":3,"name":"Donna","item":"https:\/\/www.secondastrada.com\/it\/collezione-donna\/"},{"@type":"ListItem","position":4,"name":"Beachwear","item":"https:\/\/www.secondastrada.com\/it\/collezione-donna\/beachwear-da-donna\/"},{"@type":"ListItem","position":5,"name":"Costumi da bagno","item":"https:\/\/www.secondastrada.com\/it\/collezione-donna\/beachwear-da-donna\/costumi-da-bagno-da-donna\/"},{"@type":"ListItem","position":6,"name":"Bikini F**K Verde"}]},{"@type":"WebSite","@id":"https:\/\/www.secondastrada.com\/it\/#website","url":"https:\/\/www.secondastrada.com\/it\/","name":"Seconda Strada","description":"","publisher":{"@id":"https:\/\/www.secondastrada.com\/it\/#organization"},"potentialAction":[{"@type":"SearchAction","target":{"@type":"EntryPoint","urlTemplate":"https:\/\/www.secondastrada.com\/it\/?s={search_term_string}"},"query-input":"required name=search_term_string"}],"inLanguage":"it-IT"},{"@type":"Organization","@id":"https:\/\/www.secondastrada.com\/it\/#organization","name":"Seconda Strada","url":"https:\/\/www.secondastrada.com\/it\/","logo":{"@type":"ImageObject","inLanguage":"it-IT","@id":"https:\/\/www.secondastrada.com\/it\/#\/schema\/logo\/image\/","url":"https:\/\/www.secondastrada.com\/wp-content\/uploads\/2023\/11\/secondastrada-logo.svg","contentUrl":"https:\/\/www.secondastrada.com\/wp-content\/uploads\/2023\/11\/secondastrada-logo.svg","width":353,"height":47,"caption":"Seconda Strada"},"image":{"@id":"https:\/\/www.secondastrada.com\/it\/#\/schema\/logo\/image\/"}}]}},"df_price":"","df_sale_price":"","df_regular_price":"","df_image_link":"https:\/\/www.secondastrada.com\/wp-content\/uploads\/2025\/05\/FK24-0540X04-SZ_FANTASIA_PE25_1-300x300.jpg","_links":{"self":[{"href":"https:\/\/www.secondastrada.com\/it\/wp-json\/wp\/v2\/product\/280840"}],"collection":[{"href":"https:\/\/www.secondastrada.com\/it\/wp-json\/wp\/v2\/product"}],"about":[{"href":"https:\/\/www.secondastrada.com\/it\/wp-json\/wp\/v2\/types\/product"}],"wp:featuredmedia":[{"embeddable":true,"href":"https:\/\/www.secondastrada.com\/it\/wp-json\/wp\/v2\/media\/280653"}],"wp:attachment":[{"href":"https:\/\/www.secondastrada.com\/it\/wp-json\/wp\/v2\/media?parent=280840"}],"wp:term":[{"taxonomy":"ss_brand","embeddable":true,"href":"https:\/\/www.secondastrada.com\/it\/wp-json\/wp\/v2\/ss_brand?post=280840"},{"taxonomy":"ss_promo","embeddable":true,"href":"https:\/\/www.secondastrada.com\/it\/wp-json\/wp\/v2\/ss_promo?post=280840"},{"taxonomy":"ss_season","embeddable":true,"href":"https:\/\/www.secondastrada.com\/it\/wp-json\/wp\/v2\/ss_season?post=280840"},{"taxonomy":"product_cat","embeddable":true,"href":"https:\/\/www.secondastrada.com\/it\/wp-json\/wp\/v2\/product_cat?post=280840"},{"taxonomy":"product_tag","embeddable":true,"href":"https:\/\/www.secondastrada.com\/it\/wp-json\/wp\/v2\/product_tag?post=280840"}],"curies":[{"name":"wp","href":"https:\/\/api.w.org\/{rel}","templated":true}]}}