{"id":280894,"date":"2025-05-30T12:45:02","date_gmt":"2025-05-30T10:45:02","guid":{"rendered":"https:\/\/www.secondastrada.com\/it\/costume-intero-fk-fantasia\/"},"modified":"2026-02-26T14:53:15","modified_gmt":"2026-02-26T13:53:15","slug":"costume-intero-fk-fantasia","status":"publish","type":"product","link":"https:\/\/www.secondastrada.com\/it\/costume-intero-fk-fantasia\/","title":{"rendered":"Costume intero F**K Fantasia"},"content":{"rendered":"<p>Costume intero in fantasia lilla e varie, con top sagomato e scollatura totale. La vestibilit\u00e0 \u00e8 morbida e garantisce zero fastidi, presente anche cordino in tinta. Il costume intero \u00e8 ideale per la spiaggia. Dona un tocco di stile ai tuoi outfit estivi.<br \/>Cod. art. FK24 1323X03 SZ<br \/>Vi ricordiamo che tutti i nostri articoli sono originali.<\/p>\n","protected":false},"excerpt":{"rendered":"<p>Costume intero in fantasia lilla e varie, con top sagomato e scollatura totale. La vestibilit\u00e0 \u00e8 morbida e garantisce zero fastidi, presente anche cordino in tinta. Il costume intero \u00e8 ideale per la spiaggia. Dona un tocco di stile ai tuoi outfit estivi.Cod. art. FK24 1323X03 SZVi ricordiamo che tutti i nostri articoli sono originali.<\/p>\n","protected":false},"featured_media":280658,"template":"","meta":{"inline_featured_image":false},"ss_brand":[1236],"ss_promo":[],"ss_season":[2375],"product_cat":[1407,1408,1658],"product_tag":[2402],"class_list":{"0":"post-280894","1":"product","2":"type-product","3":"status-publish","4":"has-post-thumbnail","6":"ss_brand-fk-donna","7":"ss_season-pe25","8":"product_cat-beachwear-da-donna","9":"product_cat-costumi-da-bagno-da-donna","10":"product_cat-collezione-donna","11":"product_tag-look-da-mare-donna","13":"first","14":"instock","15":"sale","16":"shipping-taxable","17":"purchasable","18":"product-type-variable","19":"has-default-attributes"},"acf":{"ss_brand":[{"term_id":1236,"name":"F**K","slug":"fk-donna","term_group":0,"term_taxonomy_id":1236,"taxonomy":"ss_brand","description":"<strong>FxxK<\/strong> ti conquista con i suoi <strong>costumi da donna<\/strong> in vari modelli, dai bikini a fascia ai bikini a triangolo dall'animo glam a <strong>prezzi scontati<\/strong>. Guarda subito la nostra selezione di <strong>costumi da donna FxxK scontati<\/strong> e acquistali tutti online.\u00a0Acquista online su SecondaStrada.com<strong> costumi da donna Effek scontatissimi<\/strong>!","parent":1201,"count":128,"filter":"raw"}],"ss_promo":false,"ss_season":[{"term_id":2375,"name":"PE25","slug":"pe25","term_group":0,"term_taxonomy_id":2375,"taxonomy":"ss_season","description":"","parent":0,"count":2507,"filter":"raw"}],"ss_old_price":"75,00","ss_omnibus_price":"0,00","ss_style_advice":"<p>Costume intero in fantasia lilla e varie, con top sagomato e scollatura totale. La vestibilit\u00e0 \u00e8 morbida e garantisce zero fastidi, presente anche cordino in tinta. Il costume intero \u00e8 ideale per la spiaggia. Dona un tocco di stile ai tuoi outfit estivi.<br \/>Cod. art. FK24 1323X03 SZ<br \/>Vi ricordiamo che tutti i nostri articoli sono originali.<\/p>\n","ss_composition":"<p>86% poliestere 14% elastane<\/p>\n","ss_fit":"<p>La modella \u00e8 alta 172 cm e indossa la taglia S. La vestibilit\u00e0 del capo \u00e8 regolare.<\/p>\n"},"yoast_head":"<!-- This site is optimized with the Yoast SEO plugin v22.3 - https:\/\/yoast.com\/wordpress\/plugins\/seo\/ -->\n<title>Costume intero F**K Fantasia - Acquista online! - Seconda Strada<\/title>\n<meta name=\"description\" content=\"Costume intero F**K Fantasia \u27a4 Acquista online su Secondastrada.com Costume intero F**K Fantasia \u2714\ufe0f Spedizione veloce entro 24h in tutta Italia \u2714\ufe0f Sconto sul tuo primo acquisto\" \/>\n<meta name=\"robots\" content=\"index, follow, max-snippet:-1, max-image-preview:large, max-video-preview:-1\" \/>\n<link rel=\"canonical\" href=\"https:\/\/www.secondastrada.com\/it\/costume-intero-fk-fantasia\/\" \/>\n<meta property=\"og:locale\" content=\"it_IT\" \/>\n<meta property=\"og:type\" content=\"article\" \/>\n<meta property=\"og:title\" content=\"Costume intero F**K Fantasia - Acquista online! - Seconda Strada\" \/>\n<meta property=\"og:description\" content=\"Costume intero F**K Fantasia \u27a4 Acquista online su Secondastrada.com Costume intero F**K Fantasia \u2714\ufe0f Spedizione veloce entro 24h in tutta Italia \u2714\ufe0f Sconto sul tuo primo acquisto\" \/>\n<meta property=\"og:url\" content=\"https:\/\/www.secondastrada.com\/it\/costume-intero-fk-fantasia\/\" \/>\n<meta property=\"og:site_name\" content=\"Seconda Strada\" \/>\n<meta property=\"article:modified_time\" content=\"2026-02-26T13:53:15+00:00\" \/>\n<meta property=\"og:image\" content=\"https:\/\/www.secondastrada.com\/wp-content\/uploads\/2025\/05\/FK24-1323X03-SZ_FANTASIA_PE25_1.jpg\" \/>\n\t<meta property=\"og:image:width\" content=\"1000\" \/>\n\t<meta property=\"og:image:height\" content=\"1300\" \/>\n\t<meta property=\"og:image:type\" content=\"image\/jpeg\" \/>\n<meta name=\"twitter:card\" content=\"summary_large_image\" \/>\n<!-- \/ Yoast SEO plugin. -->","yoast_head_json":{"title":"Costume intero F**K Fantasia - Acquista online! - Seconda Strada","description":"Costume intero F**K Fantasia \u27a4 Acquista online su Secondastrada.com Costume intero F**K Fantasia \u2714\ufe0f Spedizione veloce entro 24h in tutta Italia \u2714\ufe0f Sconto sul tuo primo acquisto","robots":{"index":"index","follow":"follow","max-snippet":"max-snippet:-1","max-image-preview":"max-image-preview:large","max-video-preview":"max-video-preview:-1"},"canonical":"https:\/\/www.secondastrada.com\/it\/costume-intero-fk-fantasia\/","og_locale":"it_IT","og_type":"article","og_title":"Costume intero F**K Fantasia - Acquista online! - Seconda Strada","og_description":"Costume intero F**K Fantasia \u27a4 Acquista online su Secondastrada.com Costume intero F**K Fantasia \u2714\ufe0f Spedizione veloce entro 24h in tutta Italia \u2714\ufe0f Sconto sul tuo primo acquisto","og_url":"https:\/\/www.secondastrada.com\/it\/costume-intero-fk-fantasia\/","og_site_name":"Seconda Strada","article_modified_time":"2026-02-26T13:53:15+00:00","og_image":[{"width":1000,"height":1300,"url":"https:\/\/www.secondastrada.com\/wp-content\/uploads\/2025\/05\/FK24-1323X03-SZ_FANTASIA_PE25_1.jpg","type":"image\/jpeg"}],"twitter_card":"summary_large_image","schema":{"@context":"https:\/\/schema.org","@graph":[{"@type":"WebPage","@id":"https:\/\/www.secondastrada.com\/it\/costume-intero-fk-fantasia\/","url":"https:\/\/www.secondastrada.com\/it\/costume-intero-fk-fantasia\/","name":"Costume intero F**K Fantasia - Acquista online! - Seconda Strada","isPartOf":{"@id":"https:\/\/www.secondastrada.com\/it\/#website"},"primaryImageOfPage":{"@id":"https:\/\/www.secondastrada.com\/it\/costume-intero-fk-fantasia\/#primaryimage"},"image":{"@id":"https:\/\/www.secondastrada.com\/it\/costume-intero-fk-fantasia\/#primaryimage"},"thumbnailUrl":"https:\/\/www.secondastrada.com\/wp-content\/uploads\/2025\/05\/FK24-1323X03-SZ_FANTASIA_PE25_1.jpg","datePublished":"2025-05-30T10:45:02+00:00","dateModified":"2026-02-26T13:53:15+00:00","description":"Costume intero F**K Fantasia \u27a4 Acquista online su Secondastrada.com Costume intero F**K Fantasia \u2714\ufe0f Spedizione veloce entro 24h in tutta Italia \u2714\ufe0f Sconto sul tuo primo acquisto","breadcrumb":{"@id":"https:\/\/www.secondastrada.com\/it\/costume-intero-fk-fantasia\/#breadcrumb"},"inLanguage":"it-IT","potentialAction":[{"@type":"ReadAction","target":["https:\/\/www.secondastrada.com\/it\/costume-intero-fk-fantasia\/"]}]},{"@type":"ImageObject","inLanguage":"it-IT","@id":"https:\/\/www.secondastrada.com\/it\/costume-intero-fk-fantasia\/#primaryimage","url":"https:\/\/www.secondastrada.com\/wp-content\/uploads\/2025\/05\/FK24-1323X03-SZ_FANTASIA_PE25_1.jpg","contentUrl":"https:\/\/www.secondastrada.com\/wp-content\/uploads\/2025\/05\/FK24-1323X03-SZ_FANTASIA_PE25_1.jpg","width":1000,"height":1300,"caption":"FK24-1323X03-SZ_FANTASIA_PE25"},{"@type":"BreadcrumbList","@id":"https:\/\/www.secondastrada.com\/it\/costume-intero-fk-fantasia\/#breadcrumb","itemListElement":[{"@type":"ListItem","position":1,"name":"Home","item":"https:\/\/www.secondastrada.com\/it\/"},{"@type":"ListItem","position":2,"name":"Shop","item":"https:\/\/www.secondastrada.com\/it\/shop\/"},{"@type":"ListItem","position":3,"name":"Donna","item":"https:\/\/www.secondastrada.com\/it\/collezione-donna\/"},{"@type":"ListItem","position":4,"name":"Beachwear","item":"https:\/\/www.secondastrada.com\/it\/collezione-donna\/beachwear-da-donna\/"},{"@type":"ListItem","position":5,"name":"Costumi da bagno","item":"https:\/\/www.secondastrada.com\/it\/collezione-donna\/beachwear-da-donna\/costumi-da-bagno-da-donna\/"},{"@type":"ListItem","position":6,"name":"Costume intero F**K Fantasia"}]},{"@type":"WebSite","@id":"https:\/\/www.secondastrada.com\/it\/#website","url":"https:\/\/www.secondastrada.com\/it\/","name":"Seconda Strada","description":"","publisher":{"@id":"https:\/\/www.secondastrada.com\/it\/#organization"},"potentialAction":[{"@type":"SearchAction","target":{"@type":"EntryPoint","urlTemplate":"https:\/\/www.secondastrada.com\/it\/?s={search_term_string}"},"query-input":"required name=search_term_string"}],"inLanguage":"it-IT"},{"@type":"Organization","@id":"https:\/\/www.secondastrada.com\/it\/#organization","name":"Seconda Strada","url":"https:\/\/www.secondastrada.com\/it\/","logo":{"@type":"ImageObject","inLanguage":"it-IT","@id":"https:\/\/www.secondastrada.com\/it\/#\/schema\/logo\/image\/","url":"https:\/\/www.secondastrada.com\/wp-content\/uploads\/2023\/11\/secondastrada-logo.svg","contentUrl":"https:\/\/www.secondastrada.com\/wp-content\/uploads\/2023\/11\/secondastrada-logo.svg","width":353,"height":47,"caption":"Seconda Strada"},"image":{"@id":"https:\/\/www.secondastrada.com\/it\/#\/schema\/logo\/image\/"}}]}},"df_price":22.495,"df_sale_price":"","df_regular_price":22.495,"df_image_link":"https:\/\/www.secondastrada.com\/wp-content\/uploads\/2025\/05\/FK24-1323X03-SZ_FANTASIA_PE25_1-300x300.jpg","_links":{"self":[{"href":"https:\/\/www.secondastrada.com\/it\/wp-json\/wp\/v2\/product\/280894"}],"collection":[{"href":"https:\/\/www.secondastrada.com\/it\/wp-json\/wp\/v2\/product"}],"about":[{"href":"https:\/\/www.secondastrada.com\/it\/wp-json\/wp\/v2\/types\/product"}],"wp:featuredmedia":[{"embeddable":true,"href":"https:\/\/www.secondastrada.com\/it\/wp-json\/wp\/v2\/media\/280658"}],"wp:attachment":[{"href":"https:\/\/www.secondastrada.com\/it\/wp-json\/wp\/v2\/media?parent=280894"}],"wp:term":[{"taxonomy":"ss_brand","embeddable":true,"href":"https:\/\/www.secondastrada.com\/it\/wp-json\/wp\/v2\/ss_brand?post=280894"},{"taxonomy":"ss_promo","embeddable":true,"href":"https:\/\/www.secondastrada.com\/it\/wp-json\/wp\/v2\/ss_promo?post=280894"},{"taxonomy":"ss_season","embeddable":true,"href":"https:\/\/www.secondastrada.com\/it\/wp-json\/wp\/v2\/ss_season?post=280894"},{"taxonomy":"product_cat","embeddable":true,"href":"https:\/\/www.secondastrada.com\/it\/wp-json\/wp\/v2\/product_cat?post=280894"},{"taxonomy":"product_tag","embeddable":true,"href":"https:\/\/www.secondastrada.com\/it\/wp-json\/wp\/v2\/product_tag?post=280894"}],"curies":[{"name":"wp","href":"https:\/\/api.w.org\/{rel}","templated":true}]}}