{"id":284800,"date":"2025-06-20T09:38:20","date_gmt":"2025-06-20T07:38:20","guid":{"rendered":"https:\/\/www.secondastrada.com\/it\/camicia-yes-zee-bianco-8\/"},"modified":"2026-03-28T09:16:55","modified_gmt":"2026-03-28T08:16:55","slug":"camicia-yes-zee-bianco-8","status":"publish","type":"product","link":"https:\/\/www.secondastrada.com\/it\/camicia-yes-zee-bianco-8\/","title":{"rendered":"Camicia Yes Zee Bianco"},"content":{"rendered":"<p>Camicia in lino in total bianco. La vestibilit\u00e0 \u00e8 morbida e pratica grazie a bottoni ad asola in tinta. La camicia \u00e8 adatta per occasioni casual e facilmente combinabile. Dona un tocco di stile ai tuoi outfit.<br \/>\nCod. art. C505 UP00 SZ<br \/>\nVi ricordiamo che tutti i nostri articoli sono originali.<\/p>\n","protected":false},"excerpt":{"rendered":"<p>Camicia in lino in total bianco. La vestibilit\u00e0 \u00e8 morbida e pratica grazie a bottoni ad asola in tinta. La camicia \u00e8 adatta per occasioni casual e facilmente combinabile. Dona un tocco di stile ai tuoi outfit. Cod. art. C505 UP00 SZ Vi ricordiamo che tutti i nostri articoli sono originali.<\/p>\n","protected":false},"featured_media":286173,"template":"","meta":{"inline_featured_image":false},"ss_brand":[1280],"ss_promo":[2182],"ss_season":[2375],"product_cat":[1332,1478,2258,2277,1714],"product_tag":[1727,2241,2140],"class_list":{"0":"post-284800","1":"product","2":"type-product","3":"status-publish","4":"has-post-thumbnail","6":"ss_brand-yes-zee-uomo","7":"ss_promo-ultime-occasioni-uomo","8":"ss_season-pe25","9":"product_cat-abbigliamento-uomo","10":"product_cat-camicie-da-uomo","11":"product_cat-camicie-casual-da-uomo","12":"product_cat-camicie-in-lino-da-uomo","13":"product_cat-collezione-uomo","14":"product_tag-camicie-yes-zee-uomo","15":"product_tag-speciale-lino-uomo","16":"product_tag-ultime-occasioni-uomo","18":"first","19":"outofstock","20":"shipping-taxable","21":"product-type-variable","22":"has-default-attributes"},"acf":{"ss_brand":[{"term_id":1280,"name":"YES ZEE","slug":"yes-zee-uomo","term_group":0,"term_taxonomy_id":1280,"taxonomy":"ss_brand","description":"Non un semplice marchio di <strong>abbigliamento da uomo<\/strong>: <strong>Yes Zee<\/strong> \u00e8 il brand perfetto per rivoluzionare con stile tutti i tuoi look metropolitani! Scopri subito le offerte esclusive del nostro store online e acquista <strong>Yes zee da uomo a prezzi scontatissimi<\/strong>.","parent":1268,"count":454,"filter":"raw"}],"ss_promo":[2182],"ss_season":[{"term_id":2375,"name":"PE25","slug":"pe25","term_group":0,"term_taxonomy_id":2375,"taxonomy":"ss_season","description":"","parent":0,"count":2507,"filter":"raw"}],"ss_old_price":"0,00","ss_omnibus_price":"0,00","ss_style_advice":"<p>Camicia in lino in total bianco. La vestibilit\u00e0 \u00e8 morbida e pratica grazie a bottoni ad asola in tinta. La camicia \u00e8 adatta per occasioni casual e facilmente combinabile. Dona un tocco di stile ai tuoi outfit.<br \/>Cod. art. C505 UP00 SZ<br \/>Vi ricordiamo che tutti i nostri articoli sono originali.<\/p>\n","ss_composition":"<p>100% lino<\/p>\n","ss_fit":"<p>Il modello \u00e8 alto 175 cm e indossa la taglia L. La vestibilit\u00e0 del capo \u00e8 regolare.<\/p>\n","ss_etichetta":""},"yoast_head":"<!-- This site is optimized with the Yoast SEO plugin v22.3 - https:\/\/yoast.com\/wordpress\/plugins\/seo\/ -->\n<title>Camicia Yes Zee Bianco - Acquista online! - Seconda Strada<\/title>\n<meta name=\"description\" content=\"Camicia Yes Zee Bianco \u27a4 Acquista online su Secondastrada.com Camicia Yes Zee Bianco \u2714\ufe0f Spedizione veloce entro 24h in tutta Italia \u2714\ufe0f Sconto sul tuo primo acquisto\" \/>\n<meta name=\"robots\" content=\"index, follow, max-snippet:-1, max-image-preview:large, max-video-preview:-1\" \/>\n<link rel=\"canonical\" href=\"https:\/\/www.secondastrada.com\/it\/camicia-yes-zee-bianco-8\/\" \/>\n<meta property=\"og:locale\" content=\"it_IT\" \/>\n<meta property=\"og:type\" content=\"article\" \/>\n<meta property=\"og:title\" content=\"Camicia Yes Zee Bianco - Acquista online! - Seconda Strada\" \/>\n<meta property=\"og:description\" content=\"Camicia Yes Zee Bianco \u27a4 Acquista online su Secondastrada.com Camicia Yes Zee Bianco \u2714\ufe0f Spedizione veloce entro 24h in tutta Italia \u2714\ufe0f Sconto sul tuo primo acquisto\" \/>\n<meta property=\"og:url\" content=\"https:\/\/www.secondastrada.com\/it\/camicia-yes-zee-bianco-8\/\" \/>\n<meta property=\"og:site_name\" content=\"Seconda Strada\" \/>\n<meta property=\"article:modified_time\" content=\"2026-03-28T08:16:55+00:00\" \/>\n<meta property=\"og:image\" content=\"https:\/\/www.secondastrada.com\/wp-content\/uploads\/2025\/07\/C505-UP00-SZ_BIANCO_PE25_1.jpg\" \/>\n\t<meta property=\"og:image:width\" content=\"1000\" \/>\n\t<meta property=\"og:image:height\" content=\"1300\" \/>\n\t<meta property=\"og:image:type\" content=\"image\/jpeg\" \/>\n<meta name=\"twitter:card\" content=\"summary_large_image\" \/>\n<meta name=\"twitter:label1\" content=\"Tempo di lettura stimato\" \/>\n\t<meta name=\"twitter:data1\" content=\"1 minuto\" \/>\n<!-- \/ Yoast SEO plugin. -->","yoast_head_json":{"title":"Camicia Yes Zee Bianco - Acquista online! - Seconda Strada","description":"Camicia Yes Zee Bianco \u27a4 Acquista online su Secondastrada.com Camicia Yes Zee Bianco \u2714\ufe0f Spedizione veloce entro 24h in tutta Italia \u2714\ufe0f Sconto sul tuo primo acquisto","robots":{"index":"index","follow":"follow","max-snippet":"max-snippet:-1","max-image-preview":"max-image-preview:large","max-video-preview":"max-video-preview:-1"},"canonical":"https:\/\/www.secondastrada.com\/it\/camicia-yes-zee-bianco-8\/","og_locale":"it_IT","og_type":"article","og_title":"Camicia Yes Zee Bianco - Acquista online! - Seconda Strada","og_description":"Camicia Yes Zee Bianco \u27a4 Acquista online su Secondastrada.com Camicia Yes Zee Bianco \u2714\ufe0f Spedizione veloce entro 24h in tutta Italia \u2714\ufe0f Sconto sul tuo primo acquisto","og_url":"https:\/\/www.secondastrada.com\/it\/camicia-yes-zee-bianco-8\/","og_site_name":"Seconda Strada","article_modified_time":"2026-03-28T08:16:55+00:00","og_image":[{"width":1000,"height":1300,"url":"https:\/\/www.secondastrada.com\/wp-content\/uploads\/2025\/07\/C505-UP00-SZ_BIANCO_PE25_1.jpg","type":"image\/jpeg"}],"twitter_card":"summary_large_image","twitter_misc":{"Tempo di lettura stimato":"1 minuto"},"schema":{"@context":"https:\/\/schema.org","@graph":[{"@type":"WebPage","@id":"https:\/\/www.secondastrada.com\/it\/camicia-yes-zee-bianco-8\/","url":"https:\/\/www.secondastrada.com\/it\/camicia-yes-zee-bianco-8\/","name":"Camicia Yes Zee Bianco - Acquista online! - Seconda Strada","isPartOf":{"@id":"https:\/\/www.secondastrada.com\/it\/#website"},"primaryImageOfPage":{"@id":"https:\/\/www.secondastrada.com\/it\/camicia-yes-zee-bianco-8\/#primaryimage"},"image":{"@id":"https:\/\/www.secondastrada.com\/it\/camicia-yes-zee-bianco-8\/#primaryimage"},"thumbnailUrl":"https:\/\/www.secondastrada.com\/wp-content\/uploads\/2025\/07\/C505-UP00-SZ_BIANCO_PE25_1.jpg","datePublished":"2025-06-20T07:38:20+00:00","dateModified":"2026-03-28T08:16:55+00:00","description":"Camicia Yes Zee Bianco \u27a4 Acquista online su Secondastrada.com Camicia Yes Zee Bianco \u2714\ufe0f Spedizione veloce entro 24h in tutta Italia \u2714\ufe0f Sconto sul tuo primo acquisto","breadcrumb":{"@id":"https:\/\/www.secondastrada.com\/it\/camicia-yes-zee-bianco-8\/#breadcrumb"},"inLanguage":"it-IT","potentialAction":[{"@type":"ReadAction","target":["https:\/\/www.secondastrada.com\/it\/camicia-yes-zee-bianco-8\/"]}]},{"@type":"ImageObject","inLanguage":"it-IT","@id":"https:\/\/www.secondastrada.com\/it\/camicia-yes-zee-bianco-8\/#primaryimage","url":"https:\/\/www.secondastrada.com\/wp-content\/uploads\/2025\/07\/C505-UP00-SZ_BIANCO_PE25_1.jpg","contentUrl":"https:\/\/www.secondastrada.com\/wp-content\/uploads\/2025\/07\/C505-UP00-SZ_BIANCO_PE25_1.jpg","width":1000,"height":1300,"caption":"C505-UP00-SZ_BIANCO_PE25"},{"@type":"BreadcrumbList","@id":"https:\/\/www.secondastrada.com\/it\/camicia-yes-zee-bianco-8\/#breadcrumb","itemListElement":[{"@type":"ListItem","position":1,"name":"Home","item":"https:\/\/www.secondastrada.com\/it\/"},{"@type":"ListItem","position":2,"name":"Shop","item":"https:\/\/www.secondastrada.com\/it\/shop\/"},{"@type":"ListItem","position":3,"name":"Uomo","item":"https:\/\/www.secondastrada.com\/it\/collezione-uomo\/"},{"@type":"ListItem","position":4,"name":"Abbigliamento","item":"https:\/\/www.secondastrada.com\/it\/collezione-uomo\/abbigliamento-uomo\/"},{"@type":"ListItem","position":5,"name":"Camicie","item":"https:\/\/www.secondastrada.com\/it\/collezione-uomo\/abbigliamento-uomo\/camicie-da-uomo\/"},{"@type":"ListItem","position":6,"name":"Camicie casual","item":"https:\/\/www.secondastrada.com\/it\/collezione-uomo\/abbigliamento-uomo\/camicie-da-uomo\/camicie-casual-da-uomo\/"},{"@type":"ListItem","position":7,"name":"Camicia Yes Zee Bianco"}]},{"@type":"WebSite","@id":"https:\/\/www.secondastrada.com\/it\/#website","url":"https:\/\/www.secondastrada.com\/it\/","name":"Seconda Strada","description":"","publisher":{"@id":"https:\/\/www.secondastrada.com\/it\/#organization"},"potentialAction":[{"@type":"SearchAction","target":{"@type":"EntryPoint","urlTemplate":"https:\/\/www.secondastrada.com\/it\/?s={search_term_string}"},"query-input":"required name=search_term_string"}],"inLanguage":"it-IT"},{"@type":"Organization","@id":"https:\/\/www.secondastrada.com\/it\/#organization","name":"Seconda Strada","url":"https:\/\/www.secondastrada.com\/it\/","logo":{"@type":"ImageObject","inLanguage":"it-IT","@id":"https:\/\/www.secondastrada.com\/it\/#\/schema\/logo\/image\/","url":"https:\/\/www.secondastrada.com\/wp-content\/uploads\/2023\/11\/secondastrada-logo.svg","contentUrl":"https:\/\/www.secondastrada.com\/wp-content\/uploads\/2023\/11\/secondastrada-logo.svg","width":353,"height":47,"caption":"Seconda Strada"},"image":{"@id":"https:\/\/www.secondastrada.com\/it\/#\/schema\/logo\/image\/"}}]}},"df_price":"","df_sale_price":"","df_regular_price":"","df_image_link":"https:\/\/www.secondastrada.com\/wp-content\/uploads\/2025\/07\/C505-UP00-SZ_BIANCO_PE25_1-300x300.jpg","_links":{"self":[{"href":"https:\/\/www.secondastrada.com\/it\/wp-json\/wp\/v2\/product\/284800"}],"collection":[{"href":"https:\/\/www.secondastrada.com\/it\/wp-json\/wp\/v2\/product"}],"about":[{"href":"https:\/\/www.secondastrada.com\/it\/wp-json\/wp\/v2\/types\/product"}],"wp:featuredmedia":[{"embeddable":true,"href":"https:\/\/www.secondastrada.com\/it\/wp-json\/wp\/v2\/media\/286173"}],"wp:attachment":[{"href":"https:\/\/www.secondastrada.com\/it\/wp-json\/wp\/v2\/media?parent=284800"}],"wp:term":[{"taxonomy":"ss_brand","embeddable":true,"href":"https:\/\/www.secondastrada.com\/it\/wp-json\/wp\/v2\/ss_brand?post=284800"},{"taxonomy":"ss_promo","embeddable":true,"href":"https:\/\/www.secondastrada.com\/it\/wp-json\/wp\/v2\/ss_promo?post=284800"},{"taxonomy":"ss_season","embeddable":true,"href":"https:\/\/www.secondastrada.com\/it\/wp-json\/wp\/v2\/ss_season?post=284800"},{"taxonomy":"product_cat","embeddable":true,"href":"https:\/\/www.secondastrada.com\/it\/wp-json\/wp\/v2\/product_cat?post=284800"},{"taxonomy":"product_tag","embeddable":true,"href":"https:\/\/www.secondastrada.com\/it\/wp-json\/wp\/v2\/product_tag?post=284800"}],"curies":[{"name":"wp","href":"https:\/\/api.w.org\/{rel}","templated":true}]}}