{"id":28492,"date":"2024-03-28T03:51:55","date_gmt":"2024-03-28T02:51:55","guid":{"rendered":"http:\/\/secondastrada.com\/vestito-pepe-jeans-in-velluto-a-coste\/"},"modified":"2025-01-30T22:51:22","modified_gmt":"2025-01-30T21:51:22","slug":"vestito-pepe-jeans-in-velluto-a-coste","status":"publish","type":"product","link":"https:\/\/www.secondastrada.com\/it\/vestito-pepe-jeans-in-velluto-a-coste\/","title":{"rendered":"Vestito Pepe jeans in velluto a coste"},"content":{"rendered":"<p>98% cotone 2% elastina<br \/>La modella indossa la taglia S ed \u00e8 alta 165 cm e la vestibilit\u00e0 del capo \u00e8 regolare<br \/>La scelta di questo vestito in velluto a coste con allacciatura a bottoni invisibile per le tue giornate invernali \u00e8 l&#8217;ideale per puntare a uno stile sofisticato con semplicit\u00e0. Abbina questo vestito a un paio di francesine per un look davvero affascinante<br \/>Cod. art. PANI PL952597 sm<\/p>\n","protected":false},"excerpt":{"rendered":"<p>98% cotone 2% elastinaLa modella indossa la taglia S ed \u00e8 alta 165 cm e la vestibilit\u00e0 del capo \u00e8 regolareLa scelta di questo vestito in velluto a coste con allacciatura a bottoni invisibile per le tue giornate invernali \u00e8 l&#8217;ideale per puntare a uno stile sofisticato con semplicit\u00e0. Abbina questo vestito a un paio&#8230;<\/p>\n","protected":false},"featured_media":0,"template":"","meta":{"inline_featured_image":false},"ss_brand":[1212],"ss_promo":[],"ss_season":[1698],"product_cat":[1329,1539,1658,1610],"product_tag":[],"class_list":{"0":"post-28492","1":"product","2":"type-product","3":"status-publish","5":"ss_brand-pepe-jeans-donna","6":"ss_season-ai21","7":"product_cat-abbigliamento-donna","8":"product_cat-abiti-e-vestiti-da-donna","9":"product_cat-collezione-donna","10":"product_cat-vestiti-da-donna-corti","12":"first","13":"outofstock","14":"shipping-taxable","15":"product-type-variable","16":"has-default-attributes"},"acf":{"ss_brand":[{"term_id":1212,"name":"PEPE JEANS","slug":"pepe-jeans-donna","term_group":0,"term_taxonomy_id":1212,"taxonomy":"ss_brand","description":"Stile urban-cool con accento british: dai una scossa al tuo guardaroba e scopri la collezione abbigliamento da donna Pepe Jeans a prezzi bassissimi!\u00a0Acquista online su SecondaStrada.com <strong>abbigliamento da donna Pepe Jeans scontatissimo<\/strong>!","parent":1201,"count":214,"filter":"raw"}],"ss_promo":false,"ss_season":[{"term_id":1698,"name":"AI21","slug":"ai21","term_group":0,"term_taxonomy_id":1698,"taxonomy":"ss_season","description":"","parent":0,"count":16,"filter":"raw"}],"ss_old_price":"85,00","ss_omnibus_price":"0,00","ss_style_advice":"<p>98% cotone 2% elastina<br \/>La modella indossa la taglia S ed \u00e8 alta 165 cm e la vestibilit\u00e0 del capo \u00e8 regolare<br \/>La scelta di questo vestito in velluto a coste con allacciatura a bottoni invisibile per le tue giornate invernali \u00e8 l&#8217;ideale per puntare a uno stile sofisticato con semplicit\u00e0. Abbina questo vestito a un paio di francesine per un look davvero affascinante<br \/>Cod. art. PANI PL952597 sm<\/p>\n","ss_composition":"<p>98% cotone 2% elastina<\/p>\n","ss_fit":"<p>Vestito PEPE JEANS<\/p>\n"},"yoast_head":"<!-- This site is optimized with the Yoast SEO plugin v22.3 - https:\/\/yoast.com\/wordpress\/plugins\/seo\/ -->\n<title>Vestito Pepe jeans in velluto a coste - Acquista online! - Seconda Strada<\/title>\n<meta name=\"description\" content=\"Vestito Pepe jeans in velluto a coste \u27a4 Acquista online su Secondastrada.com Vestito Pepe jeans in velluto a coste \u2714\ufe0f Spedizione veloce entro 24h in tutta Italia \u2714\ufe0f Sconto sul tuo primo acquisto\" \/>\n<meta name=\"robots\" content=\"index, follow, max-snippet:-1, max-image-preview:large, max-video-preview:-1\" \/>\n<link rel=\"canonical\" href=\"https:\/\/www.secondastrada.com\/it\/vestito-pepe-jeans-in-velluto-a-coste\/\" \/>\n<meta property=\"og:locale\" content=\"it_IT\" \/>\n<meta property=\"og:type\" content=\"article\" \/>\n<meta property=\"og:title\" content=\"Vestito Pepe jeans in velluto a coste - Acquista online! - Seconda Strada\" \/>\n<meta property=\"og:description\" content=\"Vestito Pepe jeans in velluto a coste \u27a4 Acquista online su Secondastrada.com Vestito Pepe jeans in velluto a coste \u2714\ufe0f Spedizione veloce entro 24h in tutta Italia \u2714\ufe0f Sconto sul tuo primo acquisto\" \/>\n<meta property=\"og:url\" content=\"https:\/\/www.secondastrada.com\/it\/vestito-pepe-jeans-in-velluto-a-coste\/\" \/>\n<meta property=\"og:site_name\" content=\"Seconda Strada\" \/>\n<meta property=\"article:modified_time\" content=\"2025-01-30T21:51:22+00:00\" \/>\n<meta name=\"twitter:card\" content=\"summary_large_image\" \/>\n<!-- \/ Yoast SEO plugin. -->","yoast_head_json":{"title":"Vestito Pepe jeans in velluto a coste - Acquista online! - Seconda Strada","description":"Vestito Pepe jeans in velluto a coste \u27a4 Acquista online su Secondastrada.com Vestito Pepe jeans in velluto a coste \u2714\ufe0f Spedizione veloce entro 24h in tutta Italia \u2714\ufe0f Sconto sul tuo primo acquisto","robots":{"index":"index","follow":"follow","max-snippet":"max-snippet:-1","max-image-preview":"max-image-preview:large","max-video-preview":"max-video-preview:-1"},"canonical":"https:\/\/www.secondastrada.com\/it\/vestito-pepe-jeans-in-velluto-a-coste\/","og_locale":"it_IT","og_type":"article","og_title":"Vestito Pepe jeans in velluto a coste - Acquista online! - Seconda Strada","og_description":"Vestito Pepe jeans in velluto a coste \u27a4 Acquista online su Secondastrada.com Vestito Pepe jeans in velluto a coste \u2714\ufe0f Spedizione veloce entro 24h in tutta Italia \u2714\ufe0f Sconto sul tuo primo acquisto","og_url":"https:\/\/www.secondastrada.com\/it\/vestito-pepe-jeans-in-velluto-a-coste\/","og_site_name":"Seconda Strada","article_modified_time":"2025-01-30T21:51:22+00:00","twitter_card":"summary_large_image","schema":{"@context":"https:\/\/schema.org","@graph":[{"@type":"WebPage","@id":"https:\/\/www.secondastrada.com\/it\/vestito-pepe-jeans-in-velluto-a-coste\/","url":"https:\/\/www.secondastrada.com\/it\/vestito-pepe-jeans-in-velluto-a-coste\/","name":"Vestito Pepe jeans in velluto a coste - Acquista online! - Seconda Strada","isPartOf":{"@id":"https:\/\/www.secondastrada.com\/it\/#website"},"datePublished":"2024-03-28T02:51:55+00:00","dateModified":"2025-01-30T21:51:22+00:00","description":"Vestito Pepe jeans in velluto a coste \u27a4 Acquista online su Secondastrada.com Vestito Pepe jeans in velluto a coste \u2714\ufe0f Spedizione veloce entro 24h in tutta Italia \u2714\ufe0f Sconto sul tuo primo acquisto","breadcrumb":{"@id":"https:\/\/www.secondastrada.com\/it\/vestito-pepe-jeans-in-velluto-a-coste\/#breadcrumb"},"inLanguage":"it-IT","potentialAction":[{"@type":"ReadAction","target":["https:\/\/www.secondastrada.com\/it\/vestito-pepe-jeans-in-velluto-a-coste\/"]}]},{"@type":"BreadcrumbList","@id":"https:\/\/www.secondastrada.com\/it\/vestito-pepe-jeans-in-velluto-a-coste\/#breadcrumb","itemListElement":[{"@type":"ListItem","position":1,"name":"Home","item":"https:\/\/www.secondastrada.com\/it\/"},{"@type":"ListItem","position":2,"name":"Shop","item":"https:\/\/www.secondastrada.com\/it\/shop\/"},{"@type":"ListItem","position":3,"name":"Donna","item":"https:\/\/www.secondastrada.com\/it\/collezione-donna\/"},{"@type":"ListItem","position":4,"name":"Abbigliamento","item":"https:\/\/www.secondastrada.com\/it\/collezione-donna\/abbigliamento-donna\/"},{"@type":"ListItem","position":5,"name":"Abiti e Vestiti","item":"https:\/\/www.secondastrada.com\/it\/collezione-donna\/abbigliamento-donna\/abiti-e-vestiti-da-donna\/"},{"@type":"ListItem","position":6,"name":"Vestiti corti","item":"https:\/\/www.secondastrada.com\/it\/collezione-donna\/abbigliamento-donna\/abiti-e-vestiti-da-donna\/vestiti-da-donna-corti\/"},{"@type":"ListItem","position":7,"name":"Vestito Pepe jeans in velluto a coste"}]},{"@type":"WebSite","@id":"https:\/\/www.secondastrada.com\/it\/#website","url":"https:\/\/www.secondastrada.com\/it\/","name":"Seconda Strada","description":"","publisher":{"@id":"https:\/\/www.secondastrada.com\/it\/#organization"},"potentialAction":[{"@type":"SearchAction","target":{"@type":"EntryPoint","urlTemplate":"https:\/\/www.secondastrada.com\/it\/?s={search_term_string}"},"query-input":"required name=search_term_string"}],"inLanguage":"it-IT"},{"@type":"Organization","@id":"https:\/\/www.secondastrada.com\/it\/#organization","name":"Seconda Strada","url":"https:\/\/www.secondastrada.com\/it\/","logo":{"@type":"ImageObject","inLanguage":"it-IT","@id":"https:\/\/www.secondastrada.com\/it\/#\/schema\/logo\/image\/","url":"https:\/\/www.secondastrada.com\/wp-content\/uploads\/2023\/11\/secondastrada-logo.svg","contentUrl":"https:\/\/www.secondastrada.com\/wp-content\/uploads\/2023\/11\/secondastrada-logo.svg","width":353,"height":47,"caption":"Seconda Strada"},"image":{"@id":"https:\/\/www.secondastrada.com\/it\/#\/schema\/logo\/image\/"}}]}},"df_price":"","df_sale_price":"","df_regular_price":"","df_image_link":"https:\/\/www.secondastrada.com\/wp-content\/uploads\/2024\/03\/placeholder-ss.webp","_links":{"self":[{"href":"https:\/\/www.secondastrada.com\/it\/wp-json\/wp\/v2\/product\/28492"}],"collection":[{"href":"https:\/\/www.secondastrada.com\/it\/wp-json\/wp\/v2\/product"}],"about":[{"href":"https:\/\/www.secondastrada.com\/it\/wp-json\/wp\/v2\/types\/product"}],"wp:attachment":[{"href":"https:\/\/www.secondastrada.com\/it\/wp-json\/wp\/v2\/media?parent=28492"}],"wp:term":[{"taxonomy":"ss_brand","embeddable":true,"href":"https:\/\/www.secondastrada.com\/it\/wp-json\/wp\/v2\/ss_brand?post=28492"},{"taxonomy":"ss_promo","embeddable":true,"href":"https:\/\/www.secondastrada.com\/it\/wp-json\/wp\/v2\/ss_promo?post=28492"},{"taxonomy":"ss_season","embeddable":true,"href":"https:\/\/www.secondastrada.com\/it\/wp-json\/wp\/v2\/ss_season?post=28492"},{"taxonomy":"product_cat","embeddable":true,"href":"https:\/\/www.secondastrada.com\/it\/wp-json\/wp\/v2\/product_cat?post=28492"},{"taxonomy":"product_tag","embeddable":true,"href":"https:\/\/www.secondastrada.com\/it\/wp-json\/wp\/v2\/product_tag?post=28492"}],"curies":[{"name":"wp","href":"https:\/\/api.w.org\/{rel}","templated":true}]}}