{"id":28666,"date":"2024-03-28T04:25:27","date_gmt":"2024-03-28T03:25:27","guid":{"rendered":"http:\/\/secondastrada.com\/blazer-caractere-blu-lucido\/"},"modified":"2026-01-29T12:28:53","modified_gmt":"2026-01-29T11:28:53","slug":"blazer-caractere-blu-lucido","status":"publish","type":"product","link":"https:\/\/www.secondastrada.com\/it\/blazer-caractere-blu-lucido\/","title":{"rendered":"Blazer Caractere blu lucido"},"content":{"rendered":"<p><b>COMPOSIZIONE E VESTIBILIT\u00c0:<\/b><br \/>95% poliestere 5% elastane<br \/>La modella \u00e8 alta 170 cm e indossa la taglia 42. La vestibilit\u00e0 del capo \u00e8 regolare.<br \/><b>CONSIGLI DI STILE:<\/b><br \/>Blazer lungo in total blu notte lucido. La vestibilit\u00e0 \u00e8 morbida e regolabile grazie a bottone ad asola in tinta. Il blazer \u00e8 adatto per occasioni casual\/raffinate e facilmente combinabile per outfit diurni e serali. Impossibile farne a meno. L&#8217;articolo appartiene al campionario esclusivo di stagione: pezzo unico. <br \/>Cod. art. R010A0C 1 ct<br \/>Vi ricordiamo che tutti i nostri articoli sono originali.<br \/><b>MISURE:<\/b><br \/> Misure taglia 42: <br \/>&#8211; Spalle (da cucitura a cucitura): 35 cm <br \/>&#8211; Lunghezza (da sotto ascella fino al fondo): 53 cm <br \/>&#8211; Manica (da cucitura spalla fino al fondo): 62 cm<\/p>\n","protected":false},"excerpt":{"rendered":"<p>COMPOSIZIONE E VESTIBILIT\u00c0:95% poliestere 5% elastaneLa modella \u00e8 alta 170 cm e indossa la taglia 42. La vestibilit\u00e0 del capo \u00e8 regolare.CONSIGLI DI STILE:Blazer lungo in total blu notte lucido. La vestibilit\u00e0 \u00e8 morbida e regolabile grazie a bottone ad asola in tinta. Il blazer \u00e8 adatto per occasioni casual\/raffinate e facilmente combinabile per outfit&#8230;<\/p>\n","protected":false},"featured_media":40224,"template":"","meta":{"inline_featured_image":false},"ss_brand":[1934],"ss_promo":[2181],"ss_season":[2005],"product_cat":[1329,1471,1658],"product_tag":[1953,2188],"class_list":{"0":"post-28666","1":"product","2":"type-product","3":"status-publish","4":"has-post-thumbnail","6":"ss_brand-caractere-donna","7":"ss_promo-ultime-occasioni-donna","8":"ss_season-ai23","9":"product_cat-abbigliamento-donna","10":"product_cat-blazer-da-donna","11":"product_cat-collezione-donna","12":"product_tag-campionario","13":"product_tag-ufficio-da-donna","15":"first","16":"outofstock","17":"sold-individually","18":"shipping-taxable","19":"product-type-variable","20":"has-default-attributes"},"acf":{"ss_brand":[{"term_id":1934,"name":"CARACTERE","slug":"caractere-donna","term_group":0,"term_taxonomy_id":1934,"taxonomy":"ss_brand","description":"Determinazione, femminilit\u00e0, talento: l\u2019abbigliamento donna Caract\u0113re rispecchia questi valori donando alle sue consumer outfit dallo stile inconfondibile.","parent":1201,"count":29,"filter":"raw"}],"ss_promo":[2181],"ss_season":[{"term_id":2005,"name":"AI23","slug":"ai23","term_group":0,"term_taxonomy_id":2005,"taxonomy":"ss_season","description":"","parent":0,"count":601,"filter":"raw"}],"ss_old_price":"286,00","ss_omnibus_price":"0,00","ss_style_advice":"<p><b>COMPOSIZIONE E VESTIBILIT\u00c0:<\/b><br \/>95% poliestere 5% elastane<br \/>La modella \u00e8 alta 170 cm e indossa la taglia 42. La vestibilit\u00e0 del capo \u00e8 regolare.<br \/><b>CONSIGLI DI STILE:<\/b><br \/>Blazer lungo in total blu notte lucido. La vestibilit\u00e0 \u00e8 morbida e regolabile grazie a bottone ad asola in tinta. Il blazer \u00e8 adatto per occasioni casual\/raffinate e facilmente combinabile per outfit diurni e serali. Impossibile farne a meno. L&#8217;articolo appartiene al campionario esclusivo di stagione: pezzo unico. <br \/>Cod. art. R010A0C 1 ct<br \/>Vi ricordiamo che tutti i nostri articoli sono originali.<br \/><b>MISURE:<\/b><br \/> Misure taglia 42: <br \/>&#8211; Spalle (da cucitura a cucitura): 35 cm <br \/>&#8211; Lunghezza (da sotto ascella fino al fondo): 53 cm <br \/>&#8211; Manica (da cucitura spalla fino al fondo): 62 cm<\/p>\n","ss_composition":"<p>95% poliestere 5% elastane<\/p>\n","ss_fit":"<p>Blazer CARACTERE<\/p>\n"},"yoast_head":"<!-- This site is optimized with the Yoast SEO plugin v22.3 - https:\/\/yoast.com\/wordpress\/plugins\/seo\/ -->\n<title>Blazer Caractere blu lucido - Acquista online! - Seconda Strada<\/title>\n<meta name=\"description\" content=\"Blazer Caractere blu lucido \u27a4 Acquista online su Secondastrada.com Blazer Caractere blu lucido \u2714\ufe0f Spedizione veloce entro 24h in tutta Italia \u2714\ufe0f Sconto sul tuo primo acquisto\" \/>\n<meta name=\"robots\" content=\"index, follow, max-snippet:-1, max-image-preview:large, max-video-preview:-1\" \/>\n<link rel=\"canonical\" href=\"https:\/\/www.secondastrada.com\/it\/blazer-caractere-blu-lucido\/\" \/>\n<meta property=\"og:locale\" content=\"it_IT\" \/>\n<meta property=\"og:type\" content=\"article\" \/>\n<meta property=\"og:title\" content=\"Blazer Caractere blu lucido - Acquista online! - Seconda Strada\" \/>\n<meta property=\"og:description\" content=\"Blazer Caractere blu lucido \u27a4 Acquista online su Secondastrada.com Blazer Caractere blu lucido \u2714\ufe0f Spedizione veloce entro 24h in tutta Italia \u2714\ufe0f Sconto sul tuo primo acquisto\" \/>\n<meta property=\"og:url\" content=\"https:\/\/www.secondastrada.com\/it\/blazer-caractere-blu-lucido\/\" \/>\n<meta property=\"og:site_name\" content=\"Seconda Strada\" \/>\n<meta property=\"article:modified_time\" content=\"2026-01-29T11:28:53+00:00\" \/>\n<meta property=\"og:image\" content=\"https:\/\/www.secondastrada.com\/wp-content\/uploads\/2024\/04\/R010A0C-1-ct_ND_AI23_1.jpg\" \/>\n\t<meta property=\"og:image:width\" content=\"1000\" \/>\n\t<meta property=\"og:image:height\" content=\"1300\" \/>\n\t<meta property=\"og:image:type\" content=\"image\/jpeg\" \/>\n<meta name=\"twitter:card\" content=\"summary_large_image\" \/>\n<meta name=\"twitter:label1\" content=\"Tempo di lettura stimato\" \/>\n\t<meta name=\"twitter:data1\" content=\"1 minuto\" \/>\n<!-- \/ Yoast SEO plugin. -->","yoast_head_json":{"title":"Blazer Caractere blu lucido - Acquista online! - Seconda Strada","description":"Blazer Caractere blu lucido \u27a4 Acquista online su Secondastrada.com Blazer Caractere blu lucido \u2714\ufe0f Spedizione veloce entro 24h in tutta Italia \u2714\ufe0f Sconto sul tuo primo acquisto","robots":{"index":"index","follow":"follow","max-snippet":"max-snippet:-1","max-image-preview":"max-image-preview:large","max-video-preview":"max-video-preview:-1"},"canonical":"https:\/\/www.secondastrada.com\/it\/blazer-caractere-blu-lucido\/","og_locale":"it_IT","og_type":"article","og_title":"Blazer Caractere blu lucido - Acquista online! - Seconda Strada","og_description":"Blazer Caractere blu lucido \u27a4 Acquista online su Secondastrada.com Blazer Caractere blu lucido \u2714\ufe0f Spedizione veloce entro 24h in tutta Italia \u2714\ufe0f Sconto sul tuo primo acquisto","og_url":"https:\/\/www.secondastrada.com\/it\/blazer-caractere-blu-lucido\/","og_site_name":"Seconda Strada","article_modified_time":"2026-01-29T11:28:53+00:00","og_image":[{"width":1000,"height":1300,"url":"https:\/\/www.secondastrada.com\/wp-content\/uploads\/2024\/04\/R010A0C-1-ct_ND_AI23_1.jpg","type":"image\/jpeg"}],"twitter_card":"summary_large_image","twitter_misc":{"Tempo di lettura stimato":"1 minuto"},"schema":{"@context":"https:\/\/schema.org","@graph":[{"@type":"WebPage","@id":"https:\/\/www.secondastrada.com\/it\/blazer-caractere-blu-lucido\/","url":"https:\/\/www.secondastrada.com\/it\/blazer-caractere-blu-lucido\/","name":"Blazer Caractere blu lucido - Acquista online! - Seconda Strada","isPartOf":{"@id":"https:\/\/www.secondastrada.com\/it\/#website"},"primaryImageOfPage":{"@id":"https:\/\/www.secondastrada.com\/it\/blazer-caractere-blu-lucido\/#primaryimage"},"image":{"@id":"https:\/\/www.secondastrada.com\/it\/blazer-caractere-blu-lucido\/#primaryimage"},"thumbnailUrl":"https:\/\/www.secondastrada.com\/wp-content\/uploads\/2024\/04\/R010A0C-1-ct_ND_AI23_1.jpg","datePublished":"2024-03-28T03:25:27+00:00","dateModified":"2026-01-29T11:28:53+00:00","description":"Blazer Caractere blu lucido \u27a4 Acquista online su Secondastrada.com Blazer Caractere blu lucido \u2714\ufe0f Spedizione veloce entro 24h in tutta Italia \u2714\ufe0f Sconto sul tuo primo acquisto","breadcrumb":{"@id":"https:\/\/www.secondastrada.com\/it\/blazer-caractere-blu-lucido\/#breadcrumb"},"inLanguage":"it-IT","potentialAction":[{"@type":"ReadAction","target":["https:\/\/www.secondastrada.com\/it\/blazer-caractere-blu-lucido\/"]}]},{"@type":"ImageObject","inLanguage":"it-IT","@id":"https:\/\/www.secondastrada.com\/it\/blazer-caractere-blu-lucido\/#primaryimage","url":"https:\/\/www.secondastrada.com\/wp-content\/uploads\/2024\/04\/R010A0C-1-ct_ND_AI23_1.jpg","contentUrl":"https:\/\/www.secondastrada.com\/wp-content\/uploads\/2024\/04\/R010A0C-1-ct_ND_AI23_1.jpg","width":1000,"height":1300,"caption":"R010A0C-1-ct_ND_AI23"},{"@type":"BreadcrumbList","@id":"https:\/\/www.secondastrada.com\/it\/blazer-caractere-blu-lucido\/#breadcrumb","itemListElement":[{"@type":"ListItem","position":1,"name":"Home","item":"https:\/\/www.secondastrada.com\/it\/"},{"@type":"ListItem","position":2,"name":"Shop","item":"https:\/\/www.secondastrada.com\/it\/shop\/"},{"@type":"ListItem","position":3,"name":"Donna","item":"https:\/\/www.secondastrada.com\/it\/collezione-donna\/"},{"@type":"ListItem","position":4,"name":"Abbigliamento","item":"https:\/\/www.secondastrada.com\/it\/collezione-donna\/abbigliamento-donna\/"},{"@type":"ListItem","position":5,"name":"Blazer","item":"https:\/\/www.secondastrada.com\/it\/collezione-donna\/abbigliamento-donna\/blazer-da-donna\/"},{"@type":"ListItem","position":6,"name":"Blazer Caractere blu lucido"}]},{"@type":"WebSite","@id":"https:\/\/www.secondastrada.com\/it\/#website","url":"https:\/\/www.secondastrada.com\/it\/","name":"Seconda Strada","description":"","publisher":{"@id":"https:\/\/www.secondastrada.com\/it\/#organization"},"potentialAction":[{"@type":"SearchAction","target":{"@type":"EntryPoint","urlTemplate":"https:\/\/www.secondastrada.com\/it\/?s={search_term_string}"},"query-input":"required name=search_term_string"}],"inLanguage":"it-IT"},{"@type":"Organization","@id":"https:\/\/www.secondastrada.com\/it\/#organization","name":"Seconda Strada","url":"https:\/\/www.secondastrada.com\/it\/","logo":{"@type":"ImageObject","inLanguage":"it-IT","@id":"https:\/\/www.secondastrada.com\/it\/#\/schema\/logo\/image\/","url":"https:\/\/www.secondastrada.com\/wp-content\/uploads\/2023\/11\/secondastrada-logo.svg","contentUrl":"https:\/\/www.secondastrada.com\/wp-content\/uploads\/2023\/11\/secondastrada-logo.svg","width":353,"height":47,"caption":"Seconda Strada"},"image":{"@id":"https:\/\/www.secondastrada.com\/it\/#\/schema\/logo\/image\/"}}]}},"df_price":"","df_sale_price":"","df_regular_price":"","df_image_link":"https:\/\/www.secondastrada.com\/wp-content\/uploads\/2024\/04\/R010A0C-1-ct_ND_AI23_1-300x300.jpg","_links":{"self":[{"href":"https:\/\/www.secondastrada.com\/it\/wp-json\/wp\/v2\/product\/28666"}],"collection":[{"href":"https:\/\/www.secondastrada.com\/it\/wp-json\/wp\/v2\/product"}],"about":[{"href":"https:\/\/www.secondastrada.com\/it\/wp-json\/wp\/v2\/types\/product"}],"wp:featuredmedia":[{"embeddable":true,"href":"https:\/\/www.secondastrada.com\/it\/wp-json\/wp\/v2\/media\/40224"}],"wp:attachment":[{"href":"https:\/\/www.secondastrada.com\/it\/wp-json\/wp\/v2\/media?parent=28666"}],"wp:term":[{"taxonomy":"ss_brand","embeddable":true,"href":"https:\/\/www.secondastrada.com\/it\/wp-json\/wp\/v2\/ss_brand?post=28666"},{"taxonomy":"ss_promo","embeddable":true,"href":"https:\/\/www.secondastrada.com\/it\/wp-json\/wp\/v2\/ss_promo?post=28666"},{"taxonomy":"ss_season","embeddable":true,"href":"https:\/\/www.secondastrada.com\/it\/wp-json\/wp\/v2\/ss_season?post=28666"},{"taxonomy":"product_cat","embeddable":true,"href":"https:\/\/www.secondastrada.com\/it\/wp-json\/wp\/v2\/product_cat?post=28666"},{"taxonomy":"product_tag","embeddable":true,"href":"https:\/\/www.secondastrada.com\/it\/wp-json\/wp\/v2\/product_tag?post=28666"}],"curies":[{"name":"wp","href":"https:\/\/api.w.org\/{rel}","templated":true}]}}