{"id":288042,"date":"2024-07-11T11:41:02","date_gmt":"2024-07-11T09:41:02","guid":{"rendered":"https:\/\/www.secondastrada.com\/it\/giacca-concept83-beige\/"},"modified":"2026-02-06T13:14:52","modified_gmt":"2026-02-06T12:14:52","slug":"giacca-concept83-beige","status":"publish","type":"product","link":"https:\/\/www.secondastrada.com\/it\/giacca-concept83-beige\/","title":{"rendered":"Giacca Concept83 Beige"},"content":{"rendered":"<p>Giacca leggera in total beige con tasche a toppa e taschino ad altezza cuore. La vestibilit\u00e0 \u00e8 morbida e pratica grazie a bottoni ad asola in tinta marrone. Il capo \u00e8 adatto per occasioni casual e facilmente combinabile. Indossalo una volta e scopri di no<\/p>\n","protected":false},"excerpt":{"rendered":"<p>Giacca leggera in total beige con tasche a toppa e taschino ad altezza cuore. La vestibilit\u00e0 \u00e8 morbida e pratica grazie a bottoni ad asola in tinta marrone. Il capo \u00e8 adatto per occasioni casual e facilmente combinabile. Indossalo una volta e scopri di no<\/p>\n","protected":false},"featured_media":58498,"template":"","meta":{"inline_featured_image":false},"ss_brand":[1326],"ss_promo":[2182],"ss_season":[1664],"product_cat":[1332,1836,1714],"product_tag":[2430,2535,2140],"class_list":{"0":"post-288042","1":"product","2":"type-product","3":"status-publish","4":"has-post-thumbnail","6":"ss_brand-concept83-uomo","7":"ss_promo-ultime-occasioni-uomo","8":"ss_season-pe2024","9":"product_cat-abbigliamento-uomo","10":"product_cat-giacche-da-uomo","11":"product_cat-collezione-uomo","12":"product_tag-private-label-uomo","13":"product_tag-promo-codice-m","14":"product_tag-ultime-occasioni-uomo","16":"first","17":"instock","18":"sale","19":"shipping-taxable","20":"purchasable","21":"product-type-variable","22":"has-default-attributes"},"acf":{"ss_brand":[{"term_id":1326,"name":"CONCEPT83","slug":"concept83-uomo","term_group":0,"term_taxonomy_id":1326,"taxonomy":"ss_brand","description":"Concept83: lo streetwear di tendenza al miglior prezzo.\u00a0Acquista online su SecondaStrada.com <strong>abbigliamento da uomo Concept83 scontatissimo<\/strong>!","parent":1268,"count":203,"filter":"raw"}],"ss_promo":[2182],"ss_season":[{"term_id":1664,"name":"PE24","slug":"pe2024","term_group":0,"term_taxonomy_id":1664,"taxonomy":"ss_season","description":"","parent":0,"count":1722,"filter":"raw"}],"ss_old_price":"0,00","ss_omnibus_price":"0,00","ss_style_advice":"<p>Giacca leggera in total beige con tasche a toppa e taschino ad altezza cuore. La vestibilit\u00e0 \u00e8 morbida e pratica grazie a bottoni ad asola in tinta marrone. Il capo \u00e8 adatto per occasioni casual e facilmente combinabile. Indossalo una volta e scopri di no<\/p>\n","ss_composition":"<p>100% cotone<\/p>\n","ss_fit":"<p>Il modello \u00e8 alto 184 cm e indossa la taglia 30 US corrispondente alla taglia 44 italiana. La vestibilit\u00e0 del capo \u00e8 regolare.<\/p>\n"},"yoast_head":"<!-- This site is optimized with the Yoast SEO plugin v22.3 - https:\/\/yoast.com\/wordpress\/plugins\/seo\/ -->\n<title>Giacca Concept83 Beige - Acquista online! - Seconda Strada<\/title>\n<meta name=\"description\" content=\"Giacca Concept83 Beige \u27a4 Acquista online su Secondastrada.com Giacca Concept83 Beige \u2714\ufe0f Spedizione veloce entro 24h in tutta Italia \u2714\ufe0f Sconto sul tuo primo acquisto\" \/>\n<meta name=\"robots\" content=\"index, follow, max-snippet:-1, max-image-preview:large, max-video-preview:-1\" \/>\n<link rel=\"canonical\" href=\"https:\/\/www.secondastrada.com\/it\/giacca-concept83-beige\/\" \/>\n<meta property=\"og:locale\" content=\"it_IT\" \/>\n<meta property=\"og:type\" content=\"article\" \/>\n<meta property=\"og:title\" content=\"Giacca Concept83 Beige - Acquista online! - Seconda Strada\" \/>\n<meta property=\"og:description\" content=\"Giacca Concept83 Beige \u27a4 Acquista online su Secondastrada.com Giacca Concept83 Beige \u2714\ufe0f Spedizione veloce entro 24h in tutta Italia \u2714\ufe0f Sconto sul tuo primo acquisto\" \/>\n<meta property=\"og:url\" content=\"https:\/\/www.secondastrada.com\/it\/giacca-concept83-beige\/\" \/>\n<meta property=\"og:site_name\" content=\"Seconda Strada\" \/>\n<meta property=\"article:modified_time\" content=\"2026-02-06T12:14:52+00:00\" \/>\n<meta property=\"og:image\" content=\"https:\/\/www.secondastrada.com\/wp-content\/uploads\/2024\/05\/SLE4CM035870U-OU_BEIGE_PE24_1.jpg\" \/>\n\t<meta property=\"og:image:width\" content=\"1000\" \/>\n\t<meta property=\"og:image:height\" content=\"1300\" \/>\n\t<meta property=\"og:image:type\" content=\"image\/jpeg\" \/>\n<meta name=\"twitter:card\" content=\"summary_large_image\" \/>\n<!-- \/ Yoast SEO plugin. -->","yoast_head_json":{"title":"Giacca Concept83 Beige - Acquista online! - Seconda Strada","description":"Giacca Concept83 Beige \u27a4 Acquista online su Secondastrada.com Giacca Concept83 Beige \u2714\ufe0f Spedizione veloce entro 24h in tutta Italia \u2714\ufe0f Sconto sul tuo primo acquisto","robots":{"index":"index","follow":"follow","max-snippet":"max-snippet:-1","max-image-preview":"max-image-preview:large","max-video-preview":"max-video-preview:-1"},"canonical":"https:\/\/www.secondastrada.com\/it\/giacca-concept83-beige\/","og_locale":"it_IT","og_type":"article","og_title":"Giacca Concept83 Beige - Acquista online! - Seconda Strada","og_description":"Giacca Concept83 Beige \u27a4 Acquista online su Secondastrada.com Giacca Concept83 Beige \u2714\ufe0f Spedizione veloce entro 24h in tutta Italia \u2714\ufe0f Sconto sul tuo primo acquisto","og_url":"https:\/\/www.secondastrada.com\/it\/giacca-concept83-beige\/","og_site_name":"Seconda Strada","article_modified_time":"2026-02-06T12:14:52+00:00","og_image":[{"width":1000,"height":1300,"url":"https:\/\/www.secondastrada.com\/wp-content\/uploads\/2024\/05\/SLE4CM035870U-OU_BEIGE_PE24_1.jpg","type":"image\/jpeg"}],"twitter_card":"summary_large_image","schema":{"@context":"https:\/\/schema.org","@graph":[{"@type":"WebPage","@id":"https:\/\/www.secondastrada.com\/it\/giacca-concept83-beige\/","url":"https:\/\/www.secondastrada.com\/it\/giacca-concept83-beige\/","name":"Giacca Concept83 Beige - Acquista online! - Seconda Strada","isPartOf":{"@id":"https:\/\/www.secondastrada.com\/it\/#website"},"primaryImageOfPage":{"@id":"https:\/\/www.secondastrada.com\/it\/giacca-concept83-beige\/#primaryimage"},"image":{"@id":"https:\/\/www.secondastrada.com\/it\/giacca-concept83-beige\/#primaryimage"},"thumbnailUrl":"https:\/\/www.secondastrada.com\/wp-content\/uploads\/2024\/05\/SLE4CM035870U-OU_BEIGE_PE24_1.jpg","datePublished":"2024-07-11T09:41:02+00:00","dateModified":"2026-02-06T12:14:52+00:00","description":"Giacca Concept83 Beige \u27a4 Acquista online su Secondastrada.com Giacca Concept83 Beige \u2714\ufe0f Spedizione veloce entro 24h in tutta Italia \u2714\ufe0f Sconto sul tuo primo acquisto","breadcrumb":{"@id":"https:\/\/www.secondastrada.com\/it\/giacca-concept83-beige\/#breadcrumb"},"inLanguage":"it-IT","potentialAction":[{"@type":"ReadAction","target":["https:\/\/www.secondastrada.com\/it\/giacca-concept83-beige\/"]}]},{"@type":"ImageObject","inLanguage":"it-IT","@id":"https:\/\/www.secondastrada.com\/it\/giacca-concept83-beige\/#primaryimage","url":"https:\/\/www.secondastrada.com\/wp-content\/uploads\/2024\/05\/SLE4CM035870U-OU_BEIGE_PE24_1.jpg","contentUrl":"https:\/\/www.secondastrada.com\/wp-content\/uploads\/2024\/05\/SLE4CM035870U-OU_BEIGE_PE24_1.jpg","width":1000,"height":1300,"caption":"SLE4CM035870U-OU_BEIGE_PE24"},{"@type":"BreadcrumbList","@id":"https:\/\/www.secondastrada.com\/it\/giacca-concept83-beige\/#breadcrumb","itemListElement":[{"@type":"ListItem","position":1,"name":"Home","item":"https:\/\/www.secondastrada.com\/it\/"},{"@type":"ListItem","position":2,"name":"Shop","item":"https:\/\/www.secondastrada.com\/it\/shop\/"},{"@type":"ListItem","position":3,"name":"Uomo","item":"https:\/\/www.secondastrada.com\/it\/collezione-uomo\/"},{"@type":"ListItem","position":4,"name":"Abbigliamento","item":"https:\/\/www.secondastrada.com\/it\/collezione-uomo\/abbigliamento-uomo\/"},{"@type":"ListItem","position":5,"name":"Giacche","item":"https:\/\/www.secondastrada.com\/it\/collezione-uomo\/abbigliamento-uomo\/giacche-da-uomo\/"},{"@type":"ListItem","position":6,"name":"Giacca Concept83 Beige"}]},{"@type":"WebSite","@id":"https:\/\/www.secondastrada.com\/it\/#website","url":"https:\/\/www.secondastrada.com\/it\/","name":"Seconda Strada","description":"","publisher":{"@id":"https:\/\/www.secondastrada.com\/it\/#organization"},"potentialAction":[{"@type":"SearchAction","target":{"@type":"EntryPoint","urlTemplate":"https:\/\/www.secondastrada.com\/it\/?s={search_term_string}"},"query-input":"required name=search_term_string"}],"inLanguage":"it-IT"},{"@type":"Organization","@id":"https:\/\/www.secondastrada.com\/it\/#organization","name":"Seconda Strada","url":"https:\/\/www.secondastrada.com\/it\/","logo":{"@type":"ImageObject","inLanguage":"it-IT","@id":"https:\/\/www.secondastrada.com\/it\/#\/schema\/logo\/image\/","url":"https:\/\/www.secondastrada.com\/wp-content\/uploads\/2023\/11\/secondastrada-logo.svg","contentUrl":"https:\/\/www.secondastrada.com\/wp-content\/uploads\/2023\/11\/secondastrada-logo.svg","width":353,"height":47,"caption":"Seconda Strada"},"image":{"@id":"https:\/\/www.secondastrada.com\/it\/#\/schema\/logo\/image\/"}}]}},"df_price":34.995,"df_sale_price":"","df_regular_price":34.995,"df_image_link":"https:\/\/www.secondastrada.com\/wp-content\/uploads\/2024\/05\/SLE4CM035870U-OU_BEIGE_PE24_1-300x300.jpg","_links":{"self":[{"href":"https:\/\/www.secondastrada.com\/it\/wp-json\/wp\/v2\/product\/288042"}],"collection":[{"href":"https:\/\/www.secondastrada.com\/it\/wp-json\/wp\/v2\/product"}],"about":[{"href":"https:\/\/www.secondastrada.com\/it\/wp-json\/wp\/v2\/types\/product"}],"wp:featuredmedia":[{"embeddable":true,"href":"https:\/\/www.secondastrada.com\/it\/wp-json\/wp\/v2\/media\/58498"}],"wp:attachment":[{"href":"https:\/\/www.secondastrada.com\/it\/wp-json\/wp\/v2\/media?parent=288042"}],"wp:term":[{"taxonomy":"ss_brand","embeddable":true,"href":"https:\/\/www.secondastrada.com\/it\/wp-json\/wp\/v2\/ss_brand?post=288042"},{"taxonomy":"ss_promo","embeddable":true,"href":"https:\/\/www.secondastrada.com\/it\/wp-json\/wp\/v2\/ss_promo?post=288042"},{"taxonomy":"ss_season","embeddable":true,"href":"https:\/\/www.secondastrada.com\/it\/wp-json\/wp\/v2\/ss_season?post=288042"},{"taxonomy":"product_cat","embeddable":true,"href":"https:\/\/www.secondastrada.com\/it\/wp-json\/wp\/v2\/product_cat?post=288042"},{"taxonomy":"product_tag","embeddable":true,"href":"https:\/\/www.secondastrada.com\/it\/wp-json\/wp\/v2\/product_tag?post=288042"}],"curies":[{"name":"wp","href":"https:\/\/api.w.org\/{rel}","templated":true}]}}