{"id":292705,"date":"2025-08-19T14:13:39","date_gmt":"2025-08-19T12:13:39","guid":{"rendered":"https:\/\/www.secondastrada.com\/it\/pantaloni-calvin-klein-nero-6\/"},"modified":"2026-03-25T12:13:28","modified_gmt":"2026-03-25T11:13:28","slug":"pantaloni-calvin-klein-nero-6","status":"publish","type":"product","link":"https:\/\/www.secondastrada.com\/it\/pantaloni-calvin-klein-nero-6\/","title":{"rendered":"Pantaloni Calvin Klein Nero"},"content":{"rendered":"<p>Pantaloni cargo in total nero con tasche a taglio trasversale, tasche laterali e tasche a toppa sul retro. La vestibilit\u00e0 \u00e8 morbida e regolabile grazie a bottone pi\u00f9 zip. I pantaloni sa sono adatti per occasioni casual e facilmente combinabili. Dona un tocco di stile ai tuoi outfit.<br \/>Cod. art. LV04RC617G OA<br \/>Vi ricordiamo che tutti i nostri articoli sono originali.<\/p>\n","protected":false},"excerpt":{"rendered":"<p>Pantaloni cargo in total nero con tasche a taglio trasversale, tasche laterali e tasche a toppa sul retro. La vestibilit\u00e0 \u00e8 morbida e regolabile grazie a bottone pi\u00f9 zip. I pantaloni sa sono adatti per occasioni casual e facilmente combinabili. Dona un tocco di stile ai tuoi outfit.Cod. art. LV04RC617G OAVi ricordiamo che tutti i&#8230;<\/p>\n","protected":false},"featured_media":291983,"template":"","meta":{"inline_featured_image":false},"ss_brand":[1305],"ss_promo":[2182],"ss_season":[2431],"product_cat":[1332,1484,2253,2274,1714],"product_tag":[2246,2436,2535],"class_list":{"0":"post-292705","1":"product","2":"type-product","3":"status-publish","4":"has-post-thumbnail","6":"ss_brand-calvin-klein-uomo","7":"ss_promo-ultime-occasioni-uomo","8":"ss_season-ai25","9":"product_cat-abbigliamento-uomo","10":"product_cat-pantaloni-da-uomo","11":"product_cat-pantaloni-cargo-da-uomo","12":"product_cat-pantaloni-in-cotone-da-uomo","13":"product_cat-collezione-uomo","14":"product_tag-back-to-school","15":"product_tag-calvin-klein-e-tommy-hilfiger-uomo","16":"product_tag-promo-codice-m","18":"first","19":"outofstock","20":"shipping-taxable","21":"product-type-variable","22":"has-default-attributes"},"acf":{"ss_brand":[{"term_id":1305,"name":"CALVIN KLEIN","slug":"calvin-klein-uomo","term_group":0,"term_taxonomy_id":1305,"taxonomy":"ss_brand","description":"Calvin Klein si afferma nell\u2019universo casual con un design privo di orpelli e funzionale. Vestiti di semplicit\u00e0 con le offerte che abbiamo preparato per te!\u00a0Acquista online su SecondaStrada.com <strong>abbigliamento da uomo CALVIN KLEIN scontatissimo<\/strong>!","parent":1268,"count":327,"filter":"raw"}],"ss_promo":[2182],"ss_season":[{"term_id":2431,"name":"AI25","slug":"ai25","term_group":0,"term_taxonomy_id":2431,"taxonomy":"ss_season","description":"","parent":0,"count":2133,"filter":"raw"}],"ss_old_price":"99,90","ss_omnibus_price":"0,00","ss_style_advice":"<p>Pantaloni cargo in total nero con tasche a taglio trasversale, tasche laterali e tasche a toppa sul retro. La vestibilit\u00e0 \u00e8 morbida e regolabile grazie a bottone pi\u00f9 zip. I pantaloni sa sono adatti per occasioni casual e facilmente combinabili. Dona un tocco di stile ai tuoi outfit.<br \/>Cod. art. LV04RC617G OA<br \/>Vi ricordiamo che tutti i nostri articoli sono originali.<\/p>\n","ss_composition":"<p>58% cotone 39% poliestere 3% elastane<\/p>\n","ss_fit":"<p>Il modello \u00e8 alto 187 cm e indossa la taglia L. La vestibilit\u00e0 del capo \u00e8 regolare.<\/p>\n"},"yoast_head":"<!-- This site is optimized with the Yoast SEO plugin v22.3 - https:\/\/yoast.com\/wordpress\/plugins\/seo\/ -->\n<title>Pantaloni Calvin Klein Nero - Acquista online! - Seconda Strada<\/title>\n<meta name=\"description\" content=\"Pantaloni Calvin Klein Nero \u27a4 Acquista online su Secondastrada.com Pantaloni Calvin Klein Nero \u2714\ufe0f Spedizione veloce entro 24h in tutta Italia \u2714\ufe0f Sconto sul tuo primo acquisto\" \/>\n<meta name=\"robots\" content=\"index, follow, max-snippet:-1, max-image-preview:large, max-video-preview:-1\" \/>\n<link rel=\"canonical\" href=\"https:\/\/www.secondastrada.com\/it\/pantaloni-calvin-klein-nero-6\/\" \/>\n<meta property=\"og:locale\" content=\"it_IT\" \/>\n<meta property=\"og:type\" content=\"article\" \/>\n<meta property=\"og:title\" content=\"Pantaloni Calvin Klein Nero - Acquista online! - Seconda Strada\" \/>\n<meta property=\"og:description\" content=\"Pantaloni Calvin Klein Nero \u27a4 Acquista online su Secondastrada.com Pantaloni Calvin Klein Nero \u2714\ufe0f Spedizione veloce entro 24h in tutta Italia \u2714\ufe0f Sconto sul tuo primo acquisto\" \/>\n<meta property=\"og:url\" content=\"https:\/\/www.secondastrada.com\/it\/pantaloni-calvin-klein-nero-6\/\" \/>\n<meta property=\"og:site_name\" content=\"Seconda Strada\" \/>\n<meta property=\"article:modified_time\" content=\"2026-03-25T11:13:28+00:00\" \/>\n<meta property=\"og:image\" content=\"https:\/\/www.secondastrada.com\/wp-content\/uploads\/2025\/08\/LV04RC617G-OA_UB1_AI25_1.jpg\" \/>\n\t<meta property=\"og:image:width\" content=\"1000\" \/>\n\t<meta property=\"og:image:height\" content=\"1300\" \/>\n\t<meta property=\"og:image:type\" content=\"image\/jpeg\" \/>\n<meta name=\"twitter:card\" content=\"summary_large_image\" \/>\n<!-- \/ Yoast SEO plugin. -->","yoast_head_json":{"title":"Pantaloni Calvin Klein Nero - Acquista online! - Seconda Strada","description":"Pantaloni Calvin Klein Nero \u27a4 Acquista online su Secondastrada.com Pantaloni Calvin Klein Nero \u2714\ufe0f Spedizione veloce entro 24h in tutta Italia \u2714\ufe0f Sconto sul tuo primo acquisto","robots":{"index":"index","follow":"follow","max-snippet":"max-snippet:-1","max-image-preview":"max-image-preview:large","max-video-preview":"max-video-preview:-1"},"canonical":"https:\/\/www.secondastrada.com\/it\/pantaloni-calvin-klein-nero-6\/","og_locale":"it_IT","og_type":"article","og_title":"Pantaloni Calvin Klein Nero - Acquista online! - Seconda Strada","og_description":"Pantaloni Calvin Klein Nero \u27a4 Acquista online su Secondastrada.com Pantaloni Calvin Klein Nero \u2714\ufe0f Spedizione veloce entro 24h in tutta Italia \u2714\ufe0f Sconto sul tuo primo acquisto","og_url":"https:\/\/www.secondastrada.com\/it\/pantaloni-calvin-klein-nero-6\/","og_site_name":"Seconda Strada","article_modified_time":"2026-03-25T11:13:28+00:00","og_image":[{"width":1000,"height":1300,"url":"https:\/\/www.secondastrada.com\/wp-content\/uploads\/2025\/08\/LV04RC617G-OA_UB1_AI25_1.jpg","type":"image\/jpeg"}],"twitter_card":"summary_large_image","schema":{"@context":"https:\/\/schema.org","@graph":[{"@type":"WebPage","@id":"https:\/\/www.secondastrada.com\/it\/pantaloni-calvin-klein-nero-6\/","url":"https:\/\/www.secondastrada.com\/it\/pantaloni-calvin-klein-nero-6\/","name":"Pantaloni Calvin Klein Nero - Acquista online! - Seconda Strada","isPartOf":{"@id":"https:\/\/www.secondastrada.com\/it\/#website"},"primaryImageOfPage":{"@id":"https:\/\/www.secondastrada.com\/it\/pantaloni-calvin-klein-nero-6\/#primaryimage"},"image":{"@id":"https:\/\/www.secondastrada.com\/it\/pantaloni-calvin-klein-nero-6\/#primaryimage"},"thumbnailUrl":"https:\/\/www.secondastrada.com\/wp-content\/uploads\/2025\/08\/LV04RC617G-OA_UB1_AI25_1.jpg","datePublished":"2025-08-19T12:13:39+00:00","dateModified":"2026-03-25T11:13:28+00:00","description":"Pantaloni Calvin Klein Nero \u27a4 Acquista online su Secondastrada.com Pantaloni Calvin Klein Nero \u2714\ufe0f Spedizione veloce entro 24h in tutta Italia \u2714\ufe0f Sconto sul tuo primo acquisto","breadcrumb":{"@id":"https:\/\/www.secondastrada.com\/it\/pantaloni-calvin-klein-nero-6\/#breadcrumb"},"inLanguage":"it-IT","potentialAction":[{"@type":"ReadAction","target":["https:\/\/www.secondastrada.com\/it\/pantaloni-calvin-klein-nero-6\/"]}]},{"@type":"ImageObject","inLanguage":"it-IT","@id":"https:\/\/www.secondastrada.com\/it\/pantaloni-calvin-klein-nero-6\/#primaryimage","url":"https:\/\/www.secondastrada.com\/wp-content\/uploads\/2025\/08\/LV04RC617G-OA_UB1_AI25_1.jpg","contentUrl":"https:\/\/www.secondastrada.com\/wp-content\/uploads\/2025\/08\/LV04RC617G-OA_UB1_AI25_1.jpg","width":1000,"height":1300,"caption":"LV04RC617G-OA_UB1_AI25"},{"@type":"BreadcrumbList","@id":"https:\/\/www.secondastrada.com\/it\/pantaloni-calvin-klein-nero-6\/#breadcrumb","itemListElement":[{"@type":"ListItem","position":1,"name":"Home","item":"https:\/\/www.secondastrada.com\/it\/"},{"@type":"ListItem","position":2,"name":"Shop","item":"https:\/\/www.secondastrada.com\/it\/shop\/"},{"@type":"ListItem","position":3,"name":"Uomo","item":"https:\/\/www.secondastrada.com\/it\/collezione-uomo\/"},{"@type":"ListItem","position":4,"name":"Abbigliamento","item":"https:\/\/www.secondastrada.com\/it\/collezione-uomo\/abbigliamento-uomo\/"},{"@type":"ListItem","position":5,"name":"Pantaloni","item":"https:\/\/www.secondastrada.com\/it\/collezione-uomo\/abbigliamento-uomo\/pantaloni-da-uomo\/"},{"@type":"ListItem","position":6,"name":"Pantaloni cargo","item":"https:\/\/www.secondastrada.com\/it\/collezione-uomo\/abbigliamento-uomo\/pantaloni-da-uomo\/pantaloni-cargo-da-uomo\/"},{"@type":"ListItem","position":7,"name":"Pantaloni Calvin Klein Nero"}]},{"@type":"WebSite","@id":"https:\/\/www.secondastrada.com\/it\/#website","url":"https:\/\/www.secondastrada.com\/it\/","name":"Seconda Strada","description":"","publisher":{"@id":"https:\/\/www.secondastrada.com\/it\/#organization"},"potentialAction":[{"@type":"SearchAction","target":{"@type":"EntryPoint","urlTemplate":"https:\/\/www.secondastrada.com\/it\/?s={search_term_string}"},"query-input":"required name=search_term_string"}],"inLanguage":"it-IT"},{"@type":"Organization","@id":"https:\/\/www.secondastrada.com\/it\/#organization","name":"Seconda Strada","url":"https:\/\/www.secondastrada.com\/it\/","logo":{"@type":"ImageObject","inLanguage":"it-IT","@id":"https:\/\/www.secondastrada.com\/it\/#\/schema\/logo\/image\/","url":"https:\/\/www.secondastrada.com\/wp-content\/uploads\/2023\/11\/secondastrada-logo.svg","contentUrl":"https:\/\/www.secondastrada.com\/wp-content\/uploads\/2023\/11\/secondastrada-logo.svg","width":353,"height":47,"caption":"Seconda Strada"},"image":{"@id":"https:\/\/www.secondastrada.com\/it\/#\/schema\/logo\/image\/"}}]}},"df_price":"","df_sale_price":"","df_regular_price":"","df_image_link":"https:\/\/www.secondastrada.com\/wp-content\/uploads\/2025\/08\/LV04RC617G-OA_UB1_AI25_1-300x300.jpg","_links":{"self":[{"href":"https:\/\/www.secondastrada.com\/it\/wp-json\/wp\/v2\/product\/292705"}],"collection":[{"href":"https:\/\/www.secondastrada.com\/it\/wp-json\/wp\/v2\/product"}],"about":[{"href":"https:\/\/www.secondastrada.com\/it\/wp-json\/wp\/v2\/types\/product"}],"wp:featuredmedia":[{"embeddable":true,"href":"https:\/\/www.secondastrada.com\/it\/wp-json\/wp\/v2\/media\/291983"}],"wp:attachment":[{"href":"https:\/\/www.secondastrada.com\/it\/wp-json\/wp\/v2\/media?parent=292705"}],"wp:term":[{"taxonomy":"ss_brand","embeddable":true,"href":"https:\/\/www.secondastrada.com\/it\/wp-json\/wp\/v2\/ss_brand?post=292705"},{"taxonomy":"ss_promo","embeddable":true,"href":"https:\/\/www.secondastrada.com\/it\/wp-json\/wp\/v2\/ss_promo?post=292705"},{"taxonomy":"ss_season","embeddable":true,"href":"https:\/\/www.secondastrada.com\/it\/wp-json\/wp\/v2\/ss_season?post=292705"},{"taxonomy":"product_cat","embeddable":true,"href":"https:\/\/www.secondastrada.com\/it\/wp-json\/wp\/v2\/product_cat?post=292705"},{"taxonomy":"product_tag","embeddable":true,"href":"https:\/\/www.secondastrada.com\/it\/wp-json\/wp\/v2\/product_tag?post=292705"}],"curies":[{"name":"wp","href":"https:\/\/api.w.org\/{rel}","templated":true}]}}