{"id":293164,"date":"2025-08-19T15:45:53","date_gmt":"2025-08-19T13:45:53","guid":{"rendered":"https:\/\/www.secondastrada.com\/it\/maglia-pepe-jeans-oro\/"},"modified":"2026-03-25T11:30:14","modified_gmt":"2026-03-25T10:30:14","slug":"maglia-pepe-jeans-oro","status":"publish","type":"product","link":"https:\/\/www.secondastrada.com\/it\/maglia-pepe-jeans-oro\/","title":{"rendered":"Maglia Pepe Jeans Oro"},"content":{"rendered":"<p>Maglia a maniche lunghe, trama lavorata, con scollo a V ed in total beige pi\u00f9 filo lurex dorato. La vestibilit\u00e0 \u00e8 morbida e regolare. La maglia \u00e8 adatta per occasioni casual e facilmente combinabile, ideale con un jeans. Aggiungila al tua guardaroba e saprai sempre cosa indossare.<br \/>Cod. art. PL702309 OA<br \/>Vi ricordiamo che tutti i nostri articoli sono originali.<\/p>\n","protected":false},"excerpt":{"rendered":"<p>Maglia a maniche lunghe, trama lavorata, con scollo a V ed in total beige pi\u00f9 filo lurex dorato. La vestibilit\u00e0 \u00e8 morbida e regolare. La maglia \u00e8 adatta per occasioni casual e facilmente combinabile, ideale con un jeans. Aggiungila al tua guardaroba e saprai sempre cosa indossare.Cod. art. PL702309 OAVi ricordiamo che tutti i nostri&#8230;<\/p>\n","protected":false},"featured_media":293159,"template":"","meta":{"inline_featured_image":false},"ss_brand":[1212],"ss_promo":[2181],"ss_season":[2431],"product_cat":[1329,1658,1605,1602,1535],"product_tag":[2246,2204],"class_list":{"0":"post-293164","1":"product","2":"type-product","3":"status-publish","4":"has-post-thumbnail","6":"ss_brand-pepe-jeans-donna","7":"ss_promo-ultime-occasioni-donna","8":"ss_season-ai25","9":"product_cat-abbigliamento-donna","10":"product_cat-collezione-donna","11":"product_cat-maglie-a-manica-lunga-da-donna","12":"product_cat-maglie-scollo-a-v-da-donna","13":"product_cat-maglie-da-donna","14":"product_tag-back-to-school","15":"product_tag-idee-regalo-donna","17":"first","18":"instock","19":"sale","20":"shipping-taxable","21":"purchasable","22":"product-type-variable","23":"has-default-attributes"},"acf":{"ss_brand":[{"term_id":1212,"name":"PEPE JEANS","slug":"pepe-jeans-donna","term_group":0,"term_taxonomy_id":1212,"taxonomy":"ss_brand","description":"Stile urban-cool con accento british: dai una scossa al tuo guardaroba e scopri la collezione abbigliamento da donna Pepe Jeans a prezzi bassissimi!\u00a0Acquista online su SecondaStrada.com <strong>abbigliamento da donna Pepe Jeans scontatissimo<\/strong>!","parent":1201,"count":214,"filter":"raw"}],"ss_promo":[2181],"ss_season":[{"term_id":2431,"name":"AI25","slug":"ai25","term_group":0,"term_taxonomy_id":2431,"taxonomy":"ss_season","description":"","parent":0,"count":2137,"filter":"raw"}],"ss_old_price":"69,00","ss_omnibus_price":"0,00","ss_style_advice":"<p>Maglia a maniche lunghe, trama lavorata, con scollo a V ed in total beige pi\u00f9 filo lurex dorato. La vestibilit\u00e0 \u00e8 morbida e regolare. La maglia \u00e8 adatta per occasioni casual e facilmente combinabile, ideale con un jeans. Aggiungila al tua guardaroba e saprai sempre cosa indossare.<br \/>Cod. art. PL702309 OA<br \/>Vi ricordiamo che tutti i nostri articoli sono originali.<\/p>\n","ss_composition":"<p>75% viscosa 17% poliestere 8% fibra metallica<\/p>\n","ss_fit":"<p>La modella \u00e8 alta 172 cm e indossa la taglia S. La vestibilit\u00e0 del capo \u00e8 regolare.<\/p>\n"},"yoast_head":"<!-- This site is optimized with the Yoast SEO plugin v22.3 - https:\/\/yoast.com\/wordpress\/plugins\/seo\/ -->\n<title>Maglia Pepe Jeans Oro - Acquista online! - Seconda Strada<\/title>\n<meta name=\"description\" content=\"Maglia Pepe Jeans Oro \u27a4 Acquista online su Secondastrada.com Maglia Pepe Jeans Oro \u2714\ufe0f Spedizione veloce entro 24h in tutta Italia \u2714\ufe0f Sconto sul tuo primo acquisto\" \/>\n<meta name=\"robots\" content=\"index, follow, max-snippet:-1, max-image-preview:large, max-video-preview:-1\" \/>\n<link rel=\"canonical\" href=\"https:\/\/www.secondastrada.com\/it\/maglia-pepe-jeans-oro\/\" \/>\n<meta property=\"og:locale\" content=\"it_IT\" \/>\n<meta property=\"og:type\" content=\"article\" \/>\n<meta property=\"og:title\" content=\"Maglia Pepe Jeans Oro - Acquista online! - Seconda Strada\" \/>\n<meta property=\"og:description\" content=\"Maglia Pepe Jeans Oro \u27a4 Acquista online su Secondastrada.com Maglia Pepe Jeans Oro \u2714\ufe0f Spedizione veloce entro 24h in tutta Italia \u2714\ufe0f Sconto sul tuo primo acquisto\" \/>\n<meta property=\"og:url\" content=\"https:\/\/www.secondastrada.com\/it\/maglia-pepe-jeans-oro\/\" \/>\n<meta property=\"og:site_name\" content=\"Seconda Strada\" \/>\n<meta property=\"article:modified_time\" content=\"2026-03-25T10:30:14+00:00\" \/>\n<meta property=\"og:image\" content=\"https:\/\/www.secondastrada.com\/wp-content\/uploads\/2025\/08\/PL702309-OA_GOLD-099_AI25_1.jpg\" \/>\n\t<meta property=\"og:image:width\" content=\"1000\" \/>\n\t<meta property=\"og:image:height\" content=\"1300\" \/>\n\t<meta property=\"og:image:type\" content=\"image\/jpeg\" \/>\n<meta name=\"twitter:card\" content=\"summary_large_image\" \/>\n<!-- \/ Yoast SEO plugin. -->","yoast_head_json":{"title":"Maglia Pepe Jeans Oro - Acquista online! - Seconda Strada","description":"Maglia Pepe Jeans Oro \u27a4 Acquista online su Secondastrada.com Maglia Pepe Jeans Oro \u2714\ufe0f Spedizione veloce entro 24h in tutta Italia \u2714\ufe0f Sconto sul tuo primo acquisto","robots":{"index":"index","follow":"follow","max-snippet":"max-snippet:-1","max-image-preview":"max-image-preview:large","max-video-preview":"max-video-preview:-1"},"canonical":"https:\/\/www.secondastrada.com\/it\/maglia-pepe-jeans-oro\/","og_locale":"it_IT","og_type":"article","og_title":"Maglia Pepe Jeans Oro - Acquista online! - Seconda Strada","og_description":"Maglia Pepe Jeans Oro \u27a4 Acquista online su Secondastrada.com Maglia Pepe Jeans Oro \u2714\ufe0f Spedizione veloce entro 24h in tutta Italia \u2714\ufe0f Sconto sul tuo primo acquisto","og_url":"https:\/\/www.secondastrada.com\/it\/maglia-pepe-jeans-oro\/","og_site_name":"Seconda Strada","article_modified_time":"2026-03-25T10:30:14+00:00","og_image":[{"width":1000,"height":1300,"url":"https:\/\/www.secondastrada.com\/wp-content\/uploads\/2025\/08\/PL702309-OA_GOLD-099_AI25_1.jpg","type":"image\/jpeg"}],"twitter_card":"summary_large_image","schema":{"@context":"https:\/\/schema.org","@graph":[{"@type":"WebPage","@id":"https:\/\/www.secondastrada.com\/it\/maglia-pepe-jeans-oro\/","url":"https:\/\/www.secondastrada.com\/it\/maglia-pepe-jeans-oro\/","name":"Maglia Pepe Jeans Oro - Acquista online! - Seconda Strada","isPartOf":{"@id":"https:\/\/www.secondastrada.com\/it\/#website"},"primaryImageOfPage":{"@id":"https:\/\/www.secondastrada.com\/it\/maglia-pepe-jeans-oro\/#primaryimage"},"image":{"@id":"https:\/\/www.secondastrada.com\/it\/maglia-pepe-jeans-oro\/#primaryimage"},"thumbnailUrl":"https:\/\/www.secondastrada.com\/wp-content\/uploads\/2025\/08\/PL702309-OA_GOLD-099_AI25_1.jpg","datePublished":"2025-08-19T13:45:53+00:00","dateModified":"2026-03-25T10:30:14+00:00","description":"Maglia Pepe Jeans Oro \u27a4 Acquista online su Secondastrada.com Maglia Pepe Jeans Oro \u2714\ufe0f Spedizione veloce entro 24h in tutta Italia \u2714\ufe0f Sconto sul tuo primo acquisto","breadcrumb":{"@id":"https:\/\/www.secondastrada.com\/it\/maglia-pepe-jeans-oro\/#breadcrumb"},"inLanguage":"it-IT","potentialAction":[{"@type":"ReadAction","target":["https:\/\/www.secondastrada.com\/it\/maglia-pepe-jeans-oro\/"]}]},{"@type":"ImageObject","inLanguage":"it-IT","@id":"https:\/\/www.secondastrada.com\/it\/maglia-pepe-jeans-oro\/#primaryimage","url":"https:\/\/www.secondastrada.com\/wp-content\/uploads\/2025\/08\/PL702309-OA_GOLD-099_AI25_1.jpg","contentUrl":"https:\/\/www.secondastrada.com\/wp-content\/uploads\/2025\/08\/PL702309-OA_GOLD-099_AI25_1.jpg","width":1000,"height":1300,"caption":"PL702309-OA_GOLD-099_AI25"},{"@type":"BreadcrumbList","@id":"https:\/\/www.secondastrada.com\/it\/maglia-pepe-jeans-oro\/#breadcrumb","itemListElement":[{"@type":"ListItem","position":1,"name":"Home","item":"https:\/\/www.secondastrada.com\/it\/"},{"@type":"ListItem","position":2,"name":"Shop","item":"https:\/\/www.secondastrada.com\/it\/shop\/"},{"@type":"ListItem","position":3,"name":"Donna","item":"https:\/\/www.secondastrada.com\/it\/collezione-donna\/"},{"@type":"ListItem","position":4,"name":"Abbigliamento","item":"https:\/\/www.secondastrada.com\/it\/collezione-donna\/abbigliamento-donna\/"},{"@type":"ListItem","position":5,"name":"Maglieria","item":"https:\/\/www.secondastrada.com\/it\/collezione-donna\/abbigliamento-donna\/maglie-da-donna\/"},{"@type":"ListItem","position":6,"name":"Maglie a manica lunga","item":"https:\/\/www.secondastrada.com\/it\/collezione-donna\/abbigliamento-donna\/maglie-da-donna\/maglie-a-manica-lunga-da-donna\/"},{"@type":"ListItem","position":7,"name":"Maglia Pepe Jeans Oro"}]},{"@type":"WebSite","@id":"https:\/\/www.secondastrada.com\/it\/#website","url":"https:\/\/www.secondastrada.com\/it\/","name":"Seconda Strada","description":"","publisher":{"@id":"https:\/\/www.secondastrada.com\/it\/#organization"},"potentialAction":[{"@type":"SearchAction","target":{"@type":"EntryPoint","urlTemplate":"https:\/\/www.secondastrada.com\/it\/?s={search_term_string}"},"query-input":"required name=search_term_string"}],"inLanguage":"it-IT"},{"@type":"Organization","@id":"https:\/\/www.secondastrada.com\/it\/#organization","name":"Seconda Strada","url":"https:\/\/www.secondastrada.com\/it\/","logo":{"@type":"ImageObject","inLanguage":"it-IT","@id":"https:\/\/www.secondastrada.com\/it\/#\/schema\/logo\/image\/","url":"https:\/\/www.secondastrada.com\/wp-content\/uploads\/2023\/11\/secondastrada-logo.svg","contentUrl":"https:\/\/www.secondastrada.com\/wp-content\/uploads\/2023\/11\/secondastrada-logo.svg","width":353,"height":47,"caption":"Seconda Strada"},"image":{"@id":"https:\/\/www.secondastrada.com\/it\/#\/schema\/logo\/image\/"}}]}},"df_price":25.996,"df_sale_price":"","df_regular_price":25.996,"df_image_link":"https:\/\/www.secondastrada.com\/wp-content\/uploads\/2025\/08\/PL702309-OA_GOLD-099_AI25_1-300x300.jpg","_links":{"self":[{"href":"https:\/\/www.secondastrada.com\/it\/wp-json\/wp\/v2\/product\/293164"}],"collection":[{"href":"https:\/\/www.secondastrada.com\/it\/wp-json\/wp\/v2\/product"}],"about":[{"href":"https:\/\/www.secondastrada.com\/it\/wp-json\/wp\/v2\/types\/product"}],"wp:featuredmedia":[{"embeddable":true,"href":"https:\/\/www.secondastrada.com\/it\/wp-json\/wp\/v2\/media\/293159"}],"wp:attachment":[{"href":"https:\/\/www.secondastrada.com\/it\/wp-json\/wp\/v2\/media?parent=293164"}],"wp:term":[{"taxonomy":"ss_brand","embeddable":true,"href":"https:\/\/www.secondastrada.com\/it\/wp-json\/wp\/v2\/ss_brand?post=293164"},{"taxonomy":"ss_promo","embeddable":true,"href":"https:\/\/www.secondastrada.com\/it\/wp-json\/wp\/v2\/ss_promo?post=293164"},{"taxonomy":"ss_season","embeddable":true,"href":"https:\/\/www.secondastrada.com\/it\/wp-json\/wp\/v2\/ss_season?post=293164"},{"taxonomy":"product_cat","embeddable":true,"href":"https:\/\/www.secondastrada.com\/it\/wp-json\/wp\/v2\/product_cat?post=293164"},{"taxonomy":"product_tag","embeddable":true,"href":"https:\/\/www.secondastrada.com\/it\/wp-json\/wp\/v2\/product_tag?post=293164"}],"curies":[{"name":"wp","href":"https:\/\/api.w.org\/{rel}","templated":true}]}}