{"id":297552,"date":"2025-09-04T12:58:34","date_gmt":"2025-09-04T10:58:34","guid":{"rendered":"https:\/\/www.secondastrada.com\/it\/piumino-guess-rosa\/"},"modified":"2026-03-25T10:50:52","modified_gmt":"2026-03-25T09:50:52","slug":"piumino-guess-rosa","status":"publish","type":"product","link":"https:\/\/www.secondastrada.com\/it\/piumino-guess-rosa\/","title":{"rendered":"Piumino Guess Rosa"},"content":{"rendered":"<p>Piumino corto in total rosa chiaro, accollato con tasche a taglio trasversale e chiusura a zip. La vestibilit\u00e0 \u00e8 morbida e pratica grazie a zip. Il piumino \u00e8 adatto per occasioni casual\/raffinate. Praticit\u00e0 e stile in un solo capo.<br \/>Cod. art. W5RL61 WH0V0 SA<br \/>Vi ricordiamo che tutti i nostri articoli sono originali.<\/p>\n","protected":false},"excerpt":{"rendered":"<p>Piumino corto in total rosa chiaro, accollato con tasche a taglio trasversale e chiusura a zip. La vestibilit\u00e0 \u00e8 morbida e pratica grazie a zip. Il piumino \u00e8 adatto per occasioni casual\/raffinate. Praticit\u00e0 e stile in un solo capo.Cod. art. W5RL61 WH0V0 SAVi ricordiamo che tutti i nostri articoli sono originali.<\/p>\n","protected":false},"featured_media":297286,"template":"","meta":{"inline_featured_image":false},"ss_brand":[1202],"ss_promo":[2181],"ss_season":[2431],"product_cat":[1329,1658,1601,1488],"product_tag":[],"class_list":{"0":"post-297552","1":"product","2":"type-product","3":"status-publish","4":"has-post-thumbnail","6":"ss_brand-guess-donna","7":"ss_promo-ultime-occasioni-donna","8":"ss_season-ai25","9":"product_cat-abbigliamento-donna","10":"product_cat-collezione-donna","11":"product_cat-piumini-corti-da-donna","12":"product_cat-piumini-da-donna","14":"first","15":"outofstock","16":"shipping-taxable","17":"product-type-variable","18":"has-default-attributes"},"acf":{"ss_brand":[{"term_id":1202,"name":"GUESS","slug":"guess-donna","term_group":0,"term_taxonomy_id":1202,"taxonomy":"ss_brand","description":"<strong>Abbigliamento donna Guess scontato: e ora chi ti ferma pi\u00f9?<\/strong> Sei alla ricerca di outfit in <strong>stile urban-chic<\/strong> e iper-femminili? Allora dai un\u2019occhiata alla nostra selezione di <strong>abbigliamento e accessori Guess<\/strong>! <strong>Lasciati ispirare e sfoglia le nostre proposte di capi e accessori Guess da donna scontatissimi!<\/strong>","parent":1201,"count":506,"filter":"raw"}],"ss_promo":[2181],"ss_season":[{"term_id":2431,"name":"AI25","slug":"ai25","term_group":0,"term_taxonomy_id":2431,"taxonomy":"ss_season","description":"","parent":0,"count":2133,"filter":"raw"}],"ss_old_price":"0,00","ss_omnibus_price":"0,00","ss_style_advice":"<p>Piumino corto in total rosa chiaro, accollato con tasche a taglio trasversale e chiusura a zip. La vestibilit\u00e0 \u00e8 morbida e pratica grazie a zip. Il piumino \u00e8 adatto per occasioni casual\/raffinate. Praticit\u00e0 e stile in un solo capo.<br \/>Cod. art. W5RL61 WH0V0 SA<br \/>Vi ricordiamo che tutti i nostri articoli sono originali.<\/p>\n","ss_composition":"<p>100% poliuretano<\/p>\n","ss_fit":"<p>La modella \u00e8 alta 165 cm e indossa la taglia S. La vestibilit\u00e0 del capo \u00e8 regolare.<\/p>\n"},"yoast_head":"<!-- This site is optimized with the Yoast SEO plugin v22.3 - https:\/\/yoast.com\/wordpress\/plugins\/seo\/ -->\n<title>Piumino Guess Rosa - Acquista online! - Seconda Strada<\/title>\n<meta name=\"description\" content=\"Piumino Guess Rosa \u27a4 Acquista online su Secondastrada.com Piumino Guess Rosa \u2714\ufe0f Spedizione veloce entro 24h in tutta Italia \u2714\ufe0f Sconto sul tuo primo acquisto\" \/>\n<meta name=\"robots\" content=\"index, follow, max-snippet:-1, max-image-preview:large, max-video-preview:-1\" \/>\n<link rel=\"canonical\" href=\"https:\/\/www.secondastrada.com\/it\/piumino-guess-rosa\/\" \/>\n<meta property=\"og:locale\" content=\"it_IT\" \/>\n<meta property=\"og:type\" content=\"article\" \/>\n<meta property=\"og:title\" content=\"Piumino Guess Rosa - Acquista online! - Seconda Strada\" \/>\n<meta property=\"og:description\" content=\"Piumino Guess Rosa \u27a4 Acquista online su Secondastrada.com Piumino Guess Rosa \u2714\ufe0f Spedizione veloce entro 24h in tutta Italia \u2714\ufe0f Sconto sul tuo primo acquisto\" \/>\n<meta property=\"og:url\" content=\"https:\/\/www.secondastrada.com\/it\/piumino-guess-rosa\/\" \/>\n<meta property=\"og:site_name\" content=\"Seconda Strada\" \/>\n<meta property=\"article:modified_time\" content=\"2026-03-25T09:50:52+00:00\" \/>\n<meta property=\"og:image\" content=\"https:\/\/www.secondastrada.com\/wp-content\/uploads\/2025\/09\/W5RL61-WH0V0-SA_A60W_AI25_1.jpg\" \/>\n\t<meta property=\"og:image:width\" content=\"1000\" \/>\n\t<meta property=\"og:image:height\" content=\"1300\" \/>\n\t<meta property=\"og:image:type\" content=\"image\/jpeg\" \/>\n<meta name=\"twitter:card\" content=\"summary_large_image\" \/>\n<!-- \/ Yoast SEO plugin. -->","yoast_head_json":{"title":"Piumino Guess Rosa - Acquista online! - Seconda Strada","description":"Piumino Guess Rosa \u27a4 Acquista online su Secondastrada.com Piumino Guess Rosa \u2714\ufe0f Spedizione veloce entro 24h in tutta Italia \u2714\ufe0f Sconto sul tuo primo acquisto","robots":{"index":"index","follow":"follow","max-snippet":"max-snippet:-1","max-image-preview":"max-image-preview:large","max-video-preview":"max-video-preview:-1"},"canonical":"https:\/\/www.secondastrada.com\/it\/piumino-guess-rosa\/","og_locale":"it_IT","og_type":"article","og_title":"Piumino Guess Rosa - Acquista online! - Seconda Strada","og_description":"Piumino Guess Rosa \u27a4 Acquista online su Secondastrada.com Piumino Guess Rosa \u2714\ufe0f Spedizione veloce entro 24h in tutta Italia \u2714\ufe0f Sconto sul tuo primo acquisto","og_url":"https:\/\/www.secondastrada.com\/it\/piumino-guess-rosa\/","og_site_name":"Seconda Strada","article_modified_time":"2026-03-25T09:50:52+00:00","og_image":[{"width":1000,"height":1300,"url":"https:\/\/www.secondastrada.com\/wp-content\/uploads\/2025\/09\/W5RL61-WH0V0-SA_A60W_AI25_1.jpg","type":"image\/jpeg"}],"twitter_card":"summary_large_image","schema":{"@context":"https:\/\/schema.org","@graph":[{"@type":"WebPage","@id":"https:\/\/www.secondastrada.com\/it\/piumino-guess-rosa\/","url":"https:\/\/www.secondastrada.com\/it\/piumino-guess-rosa\/","name":"Piumino Guess Rosa - Acquista online! - Seconda Strada","isPartOf":{"@id":"https:\/\/www.secondastrada.com\/it\/#website"},"primaryImageOfPage":{"@id":"https:\/\/www.secondastrada.com\/it\/piumino-guess-rosa\/#primaryimage"},"image":{"@id":"https:\/\/www.secondastrada.com\/it\/piumino-guess-rosa\/#primaryimage"},"thumbnailUrl":"https:\/\/www.secondastrada.com\/wp-content\/uploads\/2025\/09\/W5RL61-WH0V0-SA_A60W_AI25_1.jpg","datePublished":"2025-09-04T10:58:34+00:00","dateModified":"2026-03-25T09:50:52+00:00","description":"Piumino Guess Rosa \u27a4 Acquista online su Secondastrada.com Piumino Guess Rosa \u2714\ufe0f Spedizione veloce entro 24h in tutta Italia \u2714\ufe0f Sconto sul tuo primo acquisto","breadcrumb":{"@id":"https:\/\/www.secondastrada.com\/it\/piumino-guess-rosa\/#breadcrumb"},"inLanguage":"it-IT","potentialAction":[{"@type":"ReadAction","target":["https:\/\/www.secondastrada.com\/it\/piumino-guess-rosa\/"]}]},{"@type":"ImageObject","inLanguage":"it-IT","@id":"https:\/\/www.secondastrada.com\/it\/piumino-guess-rosa\/#primaryimage","url":"https:\/\/www.secondastrada.com\/wp-content\/uploads\/2025\/09\/W5RL61-WH0V0-SA_A60W_AI25_1.jpg","contentUrl":"https:\/\/www.secondastrada.com\/wp-content\/uploads\/2025\/09\/W5RL61-WH0V0-SA_A60W_AI25_1.jpg","width":1000,"height":1300,"caption":"W5RL61-WH0V0-SA_A60W_AI25"},{"@type":"BreadcrumbList","@id":"https:\/\/www.secondastrada.com\/it\/piumino-guess-rosa\/#breadcrumb","itemListElement":[{"@type":"ListItem","position":1,"name":"Home","item":"https:\/\/www.secondastrada.com\/it\/"},{"@type":"ListItem","position":2,"name":"Shop","item":"https:\/\/www.secondastrada.com\/it\/shop\/"},{"@type":"ListItem","position":3,"name":"Donna","item":"https:\/\/www.secondastrada.com\/it\/collezione-donna\/"},{"@type":"ListItem","position":4,"name":"Abbigliamento","item":"https:\/\/www.secondastrada.com\/it\/collezione-donna\/abbigliamento-donna\/"},{"@type":"ListItem","position":5,"name":"Piumini e Parka","item":"https:\/\/www.secondastrada.com\/it\/collezione-donna\/abbigliamento-donna\/piumini-da-donna\/"},{"@type":"ListItem","position":6,"name":"Piumini corti","item":"https:\/\/www.secondastrada.com\/it\/collezione-donna\/abbigliamento-donna\/piumini-da-donna\/piumini-corti-da-donna\/"},{"@type":"ListItem","position":7,"name":"Piumino Guess Rosa"}]},{"@type":"WebSite","@id":"https:\/\/www.secondastrada.com\/it\/#website","url":"https:\/\/www.secondastrada.com\/it\/","name":"Seconda Strada","description":"","publisher":{"@id":"https:\/\/www.secondastrada.com\/it\/#organization"},"potentialAction":[{"@type":"SearchAction","target":{"@type":"EntryPoint","urlTemplate":"https:\/\/www.secondastrada.com\/it\/?s={search_term_string}"},"query-input":"required name=search_term_string"}],"inLanguage":"it-IT"},{"@type":"Organization","@id":"https:\/\/www.secondastrada.com\/it\/#organization","name":"Seconda Strada","url":"https:\/\/www.secondastrada.com\/it\/","logo":{"@type":"ImageObject","inLanguage":"it-IT","@id":"https:\/\/www.secondastrada.com\/it\/#\/schema\/logo\/image\/","url":"https:\/\/www.secondastrada.com\/wp-content\/uploads\/2023\/11\/secondastrada-logo.svg","contentUrl":"https:\/\/www.secondastrada.com\/wp-content\/uploads\/2023\/11\/secondastrada-logo.svg","width":353,"height":47,"caption":"Seconda Strada"},"image":{"@id":"https:\/\/www.secondastrada.com\/it\/#\/schema\/logo\/image\/"}}]}},"df_price":"","df_sale_price":"","df_regular_price":"","df_image_link":"https:\/\/www.secondastrada.com\/wp-content\/uploads\/2025\/09\/W5RL61-WH0V0-SA_A60W_AI25_1-300x300.jpg","_links":{"self":[{"href":"https:\/\/www.secondastrada.com\/it\/wp-json\/wp\/v2\/product\/297552"}],"collection":[{"href":"https:\/\/www.secondastrada.com\/it\/wp-json\/wp\/v2\/product"}],"about":[{"href":"https:\/\/www.secondastrada.com\/it\/wp-json\/wp\/v2\/types\/product"}],"wp:featuredmedia":[{"embeddable":true,"href":"https:\/\/www.secondastrada.com\/it\/wp-json\/wp\/v2\/media\/297286"}],"wp:attachment":[{"href":"https:\/\/www.secondastrada.com\/it\/wp-json\/wp\/v2\/media?parent=297552"}],"wp:term":[{"taxonomy":"ss_brand","embeddable":true,"href":"https:\/\/www.secondastrada.com\/it\/wp-json\/wp\/v2\/ss_brand?post=297552"},{"taxonomy":"ss_promo","embeddable":true,"href":"https:\/\/www.secondastrada.com\/it\/wp-json\/wp\/v2\/ss_promo?post=297552"},{"taxonomy":"ss_season","embeddable":true,"href":"https:\/\/www.secondastrada.com\/it\/wp-json\/wp\/v2\/ss_season?post=297552"},{"taxonomy":"product_cat","embeddable":true,"href":"https:\/\/www.secondastrada.com\/it\/wp-json\/wp\/v2\/product_cat?post=297552"},{"taxonomy":"product_tag","embeddable":true,"href":"https:\/\/www.secondastrada.com\/it\/wp-json\/wp\/v2\/product_tag?post=297552"}],"curies":[{"name":"wp","href":"https:\/\/api.w.org\/{rel}","templated":true}]}}