{"id":299594,"date":"2025-09-11T11:34:54","date_gmt":"2025-09-11T09:34:54","guid":{"rendered":"https:\/\/www.secondastrada.com\/it\/pantalone-denny-rose-nerotaglia-42\/"},"modified":"2026-03-25T12:32:02","modified_gmt":"2026-03-25T11:32:02","slug":"pantalone-denny-rose-nerotaglia-42","status":"publish","type":"product","link":"https:\/\/www.secondastrada.com\/it\/pantalone-denny-rose-nerotaglia-42\/","title":{"rendered":"Pantalone Denny Rose Nero Taglia 42"},"content":{"rendered":"<p>L\u2019articolo appartiene al campionario esclusivo di stagione: pezzo unico.<br \/>\nCod. art. C521DD35021 M CA<br \/>\nVi ricordiamo che tutti i nostri articoli sono originali.<\/p>\n","protected":false},"excerpt":{"rendered":"<p>L\u2019articolo appartiene al campionario esclusivo di stagione: pezzo unico. Cod. art. C521DD35021 M CA Vi ricordiamo che tutti i nostri articoli sono originali.<\/p>\n","protected":false},"featured_media":302962,"template":"","meta":{"inline_featured_image":false},"ss_brand":[2362],"ss_promo":[2181],"ss_season":[2431],"product_cat":[1329,1658,1342,1634],"product_tag":[1953],"class_list":{"0":"post-299594","1":"product","2":"type-product","3":"status-publish","4":"has-post-thumbnail","6":"ss_brand-denny-rose-donna","7":"ss_promo-ultime-occasioni-donna","8":"ss_season-ai25","9":"product_cat-abbigliamento-donna","10":"product_cat-collezione-donna","11":"product_cat-pantaloni-da-donna","12":"product_cat-pantaloni-da-donna-larghi-da-donna","13":"product_tag-campionario","15":"first","16":"instock","17":"sale","18":"shipping-taxable","19":"purchasable","20":"product-type-variable","21":"has-default-attributes"},"acf":{"ss_brand":[{"term_id":2362,"name":"DENNY ROSE","slug":"denny-rose-donna","term_group":0,"term_taxonomy_id":2362,"taxonomy":"ss_brand","description":"Se ami distinguerti con uno stile deciso, femminile e sempre al passo con le ultime tendenze, l\u2019universo <strong>Denny Rose<\/strong> \u00e8 ci\u00f2 che fa per te. Su SecondaStrada.com trovi una selezione esclusiva di <strong>abbigliamento Denny Rose da donna a prezzi scontati<\/strong>: capi iconici, dinamici e di grande personalit\u00e0, perfetti per raccontare la tua unicit\u00e0 in ogni occasione.","parent":1201,"count":61,"filter":"raw"}],"ss_promo":[2181],"ss_season":[{"term_id":2431,"name":"AI25","slug":"ai25","term_group":0,"term_taxonomy_id":2431,"taxonomy":"ss_season","description":"","parent":0,"count":2137,"filter":"raw"}],"ss_old_price":"165,00","ss_omnibus_price":"0,00","ss_style_advice":"<p>L\u2019articolo appartiene al campionario esclusivo di stagione: pezzo unico.<br \/>Cod. art. C521DD35021 M CA<br \/>Vi ricordiamo che tutti i nostri articoli sono originali.<\/p>\n","ss_composition":"<p>85% poliestere 15% elastina<\/p>\n","ss_fit":"<p>La modella \u00e8 alta 165 cm e veste la taglia S. La vestibilit\u00e0 del capo \u00e8 regolare.<\/p>\n","ss_etichetta":""},"yoast_head":"<!-- This site is optimized with the Yoast SEO plugin v22.3 - https:\/\/yoast.com\/wordpress\/plugins\/seo\/ -->\n<title>Pantalone Denny Rose Nero Taglia 42 - Acquista online! - Seconda Strada<\/title>\n<meta name=\"description\" content=\"Pantalone Denny Rose Nero Taglia 42 \u27a4 Acquista online su Secondastrada.com Pantalone Denny Rose Nero Taglia 42 \u2714\ufe0f Spedizione veloce entro 24h in tutta Italia \u2714\ufe0f Sconto sul tuo primo acquisto\" \/>\n<meta name=\"robots\" content=\"index, follow, max-snippet:-1, max-image-preview:large, max-video-preview:-1\" \/>\n<link rel=\"canonical\" href=\"https:\/\/www.secondastrada.com\/it\/pantalone-denny-rose-nerotaglia-42\/\" \/>\n<meta property=\"og:locale\" content=\"it_IT\" \/>\n<meta property=\"og:type\" content=\"article\" \/>\n<meta property=\"og:title\" content=\"Pantalone Denny Rose Nero Taglia 42 - Acquista online! - Seconda Strada\" \/>\n<meta property=\"og:description\" content=\"Pantalone Denny Rose Nero Taglia 42 \u27a4 Acquista online su Secondastrada.com Pantalone Denny Rose Nero Taglia 42 \u2714\ufe0f Spedizione veloce entro 24h in tutta Italia \u2714\ufe0f Sconto sul tuo primo acquisto\" \/>\n<meta property=\"og:url\" content=\"https:\/\/www.secondastrada.com\/it\/pantalone-denny-rose-nerotaglia-42\/\" \/>\n<meta property=\"og:site_name\" content=\"Seconda Strada\" \/>\n<meta property=\"article:modified_time\" content=\"2026-03-25T11:32:02+00:00\" \/>\n<meta property=\"og:image\" content=\"https:\/\/www.secondastrada.com\/wp-content\/uploads\/2025\/09\/C521DD15029-M-CA_NERO_AI25_1.jpg\" \/>\n\t<meta property=\"og:image:width\" content=\"1000\" \/>\n\t<meta property=\"og:image:height\" content=\"1300\" \/>\n\t<meta property=\"og:image:type\" content=\"image\/jpeg\" \/>\n<meta name=\"twitter:card\" content=\"summary_large_image\" \/>\n<meta name=\"twitter:label1\" content=\"Tempo di lettura stimato\" \/>\n\t<meta name=\"twitter:data1\" content=\"1 minuto\" \/>\n<!-- \/ Yoast SEO plugin. -->","yoast_head_json":{"title":"Pantalone Denny Rose Nero Taglia 42 - Acquista online! - Seconda Strada","description":"Pantalone Denny Rose Nero Taglia 42 \u27a4 Acquista online su Secondastrada.com Pantalone Denny Rose Nero Taglia 42 \u2714\ufe0f Spedizione veloce entro 24h in tutta Italia \u2714\ufe0f Sconto sul tuo primo acquisto","robots":{"index":"index","follow":"follow","max-snippet":"max-snippet:-1","max-image-preview":"max-image-preview:large","max-video-preview":"max-video-preview:-1"},"canonical":"https:\/\/www.secondastrada.com\/it\/pantalone-denny-rose-nerotaglia-42\/","og_locale":"it_IT","og_type":"article","og_title":"Pantalone Denny Rose Nero Taglia 42 - Acquista online! - Seconda Strada","og_description":"Pantalone Denny Rose Nero Taglia 42 \u27a4 Acquista online su Secondastrada.com Pantalone Denny Rose Nero Taglia 42 \u2714\ufe0f Spedizione veloce entro 24h in tutta Italia \u2714\ufe0f Sconto sul tuo primo acquisto","og_url":"https:\/\/www.secondastrada.com\/it\/pantalone-denny-rose-nerotaglia-42\/","og_site_name":"Seconda Strada","article_modified_time":"2026-03-25T11:32:02+00:00","og_image":[{"width":1000,"height":1300,"url":"https:\/\/www.secondastrada.com\/wp-content\/uploads\/2025\/09\/C521DD15029-M-CA_NERO_AI25_1.jpg","type":"image\/jpeg"}],"twitter_card":"summary_large_image","twitter_misc":{"Tempo di lettura stimato":"1 minuto"},"schema":{"@context":"https:\/\/schema.org","@graph":[{"@type":"WebPage","@id":"https:\/\/www.secondastrada.com\/it\/pantalone-denny-rose-nerotaglia-42\/","url":"https:\/\/www.secondastrada.com\/it\/pantalone-denny-rose-nerotaglia-42\/","name":"Pantalone Denny Rose Nero Taglia 42 - Acquista online! - Seconda Strada","isPartOf":{"@id":"https:\/\/www.secondastrada.com\/it\/#website"},"primaryImageOfPage":{"@id":"https:\/\/www.secondastrada.com\/it\/pantalone-denny-rose-nerotaglia-42\/#primaryimage"},"image":{"@id":"https:\/\/www.secondastrada.com\/it\/pantalone-denny-rose-nerotaglia-42\/#primaryimage"},"thumbnailUrl":"https:\/\/www.secondastrada.com\/wp-content\/uploads\/2025\/09\/C521DD15029-M-CA_NERO_AI25_1.jpg","datePublished":"2025-09-11T09:34:54+00:00","dateModified":"2026-03-25T11:32:02+00:00","description":"Pantalone Denny Rose Nero Taglia 42 \u27a4 Acquista online su Secondastrada.com Pantalone Denny Rose Nero Taglia 42 \u2714\ufe0f Spedizione veloce entro 24h in tutta Italia \u2714\ufe0f Sconto sul tuo primo acquisto","breadcrumb":{"@id":"https:\/\/www.secondastrada.com\/it\/pantalone-denny-rose-nerotaglia-42\/#breadcrumb"},"inLanguage":"it-IT","potentialAction":[{"@type":"ReadAction","target":["https:\/\/www.secondastrada.com\/it\/pantalone-denny-rose-nerotaglia-42\/"]}]},{"@type":"ImageObject","inLanguage":"it-IT","@id":"https:\/\/www.secondastrada.com\/it\/pantalone-denny-rose-nerotaglia-42\/#primaryimage","url":"https:\/\/www.secondastrada.com\/wp-content\/uploads\/2025\/09\/C521DD15029-M-CA_NERO_AI25_1.jpg","contentUrl":"https:\/\/www.secondastrada.com\/wp-content\/uploads\/2025\/09\/C521DD15029-M-CA_NERO_AI25_1.jpg","width":1000,"height":1300,"caption":"C521DD15029-M-CA_NERO_AI25"},{"@type":"BreadcrumbList","@id":"https:\/\/www.secondastrada.com\/it\/pantalone-denny-rose-nerotaglia-42\/#breadcrumb","itemListElement":[{"@type":"ListItem","position":1,"name":"Home","item":"https:\/\/www.secondastrada.com\/it\/"},{"@type":"ListItem","position":2,"name":"Shop","item":"https:\/\/www.secondastrada.com\/it\/shop\/"},{"@type":"ListItem","position":3,"name":"Donna","item":"https:\/\/www.secondastrada.com\/it\/collezione-donna\/"},{"@type":"ListItem","position":4,"name":"Abbigliamento","item":"https:\/\/www.secondastrada.com\/it\/collezione-donna\/abbigliamento-donna\/"},{"@type":"ListItem","position":5,"name":"Pantaloni","item":"https:\/\/www.secondastrada.com\/it\/collezione-donna\/abbigliamento-donna\/pantaloni-da-donna\/"},{"@type":"ListItem","position":6,"name":"Pantaloni larghi","item":"https:\/\/www.secondastrada.com\/it\/collezione-donna\/abbigliamento-donna\/pantaloni-da-donna\/pantaloni-da-donna-larghi-da-donna\/"},{"@type":"ListItem","position":7,"name":"Pantalone Denny Rose Nero Taglia 42"}]},{"@type":"WebSite","@id":"https:\/\/www.secondastrada.com\/it\/#website","url":"https:\/\/www.secondastrada.com\/it\/","name":"Seconda Strada","description":"","publisher":{"@id":"https:\/\/www.secondastrada.com\/it\/#organization"},"potentialAction":[{"@type":"SearchAction","target":{"@type":"EntryPoint","urlTemplate":"https:\/\/www.secondastrada.com\/it\/?s={search_term_string}"},"query-input":"required name=search_term_string"}],"inLanguage":"it-IT"},{"@type":"Organization","@id":"https:\/\/www.secondastrada.com\/it\/#organization","name":"Seconda Strada","url":"https:\/\/www.secondastrada.com\/it\/","logo":{"@type":"ImageObject","inLanguage":"it-IT","@id":"https:\/\/www.secondastrada.com\/it\/#\/schema\/logo\/image\/","url":"https:\/\/www.secondastrada.com\/wp-content\/uploads\/2023\/11\/secondastrada-logo.svg","contentUrl":"https:\/\/www.secondastrada.com\/wp-content\/uploads\/2023\/11\/secondastrada-logo.svg","width":353,"height":47,"caption":"Seconda Strada"},"image":{"@id":"https:\/\/www.secondastrada.com\/it\/#\/schema\/logo\/image\/"}}]}},"df_price":39.996,"df_sale_price":"","df_regular_price":39.996,"df_image_link":"https:\/\/www.secondastrada.com\/wp-content\/uploads\/2025\/09\/C521DD15029-M-CA_NERO_AI25_1-300x300.jpg","_links":{"self":[{"href":"https:\/\/www.secondastrada.com\/it\/wp-json\/wp\/v2\/product\/299594"}],"collection":[{"href":"https:\/\/www.secondastrada.com\/it\/wp-json\/wp\/v2\/product"}],"about":[{"href":"https:\/\/www.secondastrada.com\/it\/wp-json\/wp\/v2\/types\/product"}],"wp:featuredmedia":[{"embeddable":true,"href":"https:\/\/www.secondastrada.com\/it\/wp-json\/wp\/v2\/media\/302962"}],"wp:attachment":[{"href":"https:\/\/www.secondastrada.com\/it\/wp-json\/wp\/v2\/media?parent=299594"}],"wp:term":[{"taxonomy":"ss_brand","embeddable":true,"href":"https:\/\/www.secondastrada.com\/it\/wp-json\/wp\/v2\/ss_brand?post=299594"},{"taxonomy":"ss_promo","embeddable":true,"href":"https:\/\/www.secondastrada.com\/it\/wp-json\/wp\/v2\/ss_promo?post=299594"},{"taxonomy":"ss_season","embeddable":true,"href":"https:\/\/www.secondastrada.com\/it\/wp-json\/wp\/v2\/ss_season?post=299594"},{"taxonomy":"product_cat","embeddable":true,"href":"https:\/\/www.secondastrada.com\/it\/wp-json\/wp\/v2\/product_cat?post=299594"},{"taxonomy":"product_tag","embeddable":true,"href":"https:\/\/www.secondastrada.com\/it\/wp-json\/wp\/v2\/product_tag?post=299594"}],"curies":[{"name":"wp","href":"https:\/\/api.w.org\/{rel}","templated":true}]}}