{"id":299745,"date":"2025-09-11T17:29:37","date_gmt":"2025-09-11T15:29:37","guid":{"rendered":"https:\/\/www.secondastrada.com\/it\/felpa-tommy-hilfiger-marrone\/"},"modified":"2026-03-25T12:06:13","modified_gmt":"2026-03-25T11:06:13","slug":"felpa-tommy-hilfiger-marrone","status":"publish","type":"product","link":"https:\/\/www.secondastrada.com\/it\/felpa-tommy-hilfiger-marrone\/","title":{"rendered":"Felpa Tommy Hilfiger Marrone"},"content":{"rendered":"<p>Felpa classica felpata all&#8217;interno, con cappuccio in total marrone, con logo brand ricamato bianco e tascone. La vestibilit\u00e0 \u00e8 morbida e regolare. La felpa \u00e8 adatta per occasioni casual e facilmente combinabile. Praticit\u00e0 e stile in un solo capo.<br \/>Cod. art. DM0DM20746 OA<br \/>Vi ricordiamo che tutti i nostri articoli sono originali.<\/p>\n","protected":false},"excerpt":{"rendered":"<p>Felpa classica felpata all&#8217;interno, con cappuccio in total marrone, con logo brand ricamato bianco e tascone. La vestibilit\u00e0 \u00e8 morbida e regolare. La felpa \u00e8 adatta per occasioni casual e facilmente combinabile. Praticit\u00e0 e stile in un solo capo.Cod. art. DM0DM20746 OAVi ricordiamo che tutti i nostri articoli sono originali.<\/p>\n","protected":false},"featured_media":300645,"template":"","meta":{"inline_featured_image":false},"ss_brand":[1317],"ss_promo":[2182],"ss_season":[2431],"product_cat":[1332,1480,1714],"product_tag":[2436,2446,2203],"class_list":{"0":"post-299745","1":"product","2":"type-product","3":"status-publish","4":"has-post-thumbnail","6":"ss_brand-tommy-hilfiger-uomo","7":"ss_promo-ultime-occasioni-uomo","8":"ss_season-ai25","9":"product_cat-abbigliamento-uomo","10":"product_cat-felpe-da-uomo","11":"product_cat-collezione-uomo","12":"product_tag-calvin-klein-e-tommy-hilfiger-uomo","13":"product_tag-felpe-tommy-hilfiger-uomo","14":"product_tag-idee-regalo-uomo","16":"first","17":"outofstock","18":"shipping-taxable","19":"product-type-variable","20":"has-default-attributes"},"acf":{"ss_brand":[{"term_id":1317,"name":"TOMMY HILFIGER","slug":"tommy-hilfiger-uomo","term_group":0,"term_taxonomy_id":1317,"taxonomy":"ss_brand","description":"Aggiungi un twist preppy e memorabile al tuo stile con gli accessori da uomo di Tommy Hilfiger e approfitta dei vantaggi imbattibili del nostro store online di grandi firme!","parent":1268,"count":318,"filter":"raw"}],"ss_promo":[2182],"ss_season":[{"term_id":2431,"name":"AI25","slug":"ai25","term_group":0,"term_taxonomy_id":2431,"taxonomy":"ss_season","description":"","parent":0,"count":2133,"filter":"raw"}],"ss_old_price":"89,90","ss_omnibus_price":"0,00","ss_style_advice":"<p>Felpa classica felpata all&#8217;interno, con cappuccio in total marrone, con logo brand ricamato bianco e tascone. La vestibilit\u00e0 \u00e8 morbida e regolare. La felpa \u00e8 adatta per occasioni casual e facilmente combinabile. Praticit\u00e0 e stile in un solo capo.<br \/>Cod. art. DM0DM20746 OA<br \/>Vi ricordiamo che tutti i nostri articoli sono originali.<\/p>\n","ss_composition":"<p>80% cotone 20% poliestere<\/p>\n","ss_fit":"<p>Il modello \u00e8 alto 187 cm e indossa la taglia L. La vestibilit\u00e0 del capo \u00e8 regolare.<\/p>\n"},"yoast_head":"<!-- This site is optimized with the Yoast SEO plugin v22.3 - https:\/\/yoast.com\/wordpress\/plugins\/seo\/ -->\n<title>Felpa Tommy Hilfiger Marrone - Acquista online! - Seconda Strada<\/title>\n<meta name=\"description\" content=\"Felpa Tommy Hilfiger Marrone \u27a4 Acquista online su Secondastrada.com Felpa Tommy Hilfiger Marrone \u2714\ufe0f Spedizione veloce entro 24h in tutta Italia \u2714\ufe0f Sconto sul tuo primo acquisto\" \/>\n<meta name=\"robots\" content=\"index, follow, max-snippet:-1, max-image-preview:large, max-video-preview:-1\" \/>\n<link rel=\"canonical\" href=\"https:\/\/www.secondastrada.com\/it\/felpa-tommy-hilfiger-marrone\/\" \/>\n<meta property=\"og:locale\" content=\"it_IT\" \/>\n<meta property=\"og:type\" content=\"article\" \/>\n<meta property=\"og:title\" content=\"Felpa Tommy Hilfiger Marrone - Acquista online! - Seconda Strada\" \/>\n<meta property=\"og:description\" content=\"Felpa Tommy Hilfiger Marrone \u27a4 Acquista online su Secondastrada.com Felpa Tommy Hilfiger Marrone \u2714\ufe0f Spedizione veloce entro 24h in tutta Italia \u2714\ufe0f Sconto sul tuo primo acquisto\" \/>\n<meta property=\"og:url\" content=\"https:\/\/www.secondastrada.com\/it\/felpa-tommy-hilfiger-marrone\/\" \/>\n<meta property=\"og:site_name\" content=\"Seconda Strada\" \/>\n<meta property=\"article:modified_time\" content=\"2026-03-25T11:06:13+00:00\" \/>\n<meta property=\"og:image\" content=\"https:\/\/www.secondastrada.com\/wp-content\/uploads\/2025\/09\/DM0DM20746-OA_GVP_AI25_1.jpg\" \/>\n\t<meta property=\"og:image:width\" content=\"1000\" \/>\n\t<meta property=\"og:image:height\" content=\"1300\" \/>\n\t<meta property=\"og:image:type\" content=\"image\/jpeg\" \/>\n<meta name=\"twitter:card\" content=\"summary_large_image\" \/>\n<!-- \/ Yoast SEO plugin. -->","yoast_head_json":{"title":"Felpa Tommy Hilfiger Marrone - Acquista online! - Seconda Strada","description":"Felpa Tommy Hilfiger Marrone \u27a4 Acquista online su Secondastrada.com Felpa Tommy Hilfiger Marrone \u2714\ufe0f Spedizione veloce entro 24h in tutta Italia \u2714\ufe0f Sconto sul tuo primo acquisto","robots":{"index":"index","follow":"follow","max-snippet":"max-snippet:-1","max-image-preview":"max-image-preview:large","max-video-preview":"max-video-preview:-1"},"canonical":"https:\/\/www.secondastrada.com\/it\/felpa-tommy-hilfiger-marrone\/","og_locale":"it_IT","og_type":"article","og_title":"Felpa Tommy Hilfiger Marrone - Acquista online! - Seconda Strada","og_description":"Felpa Tommy Hilfiger Marrone \u27a4 Acquista online su Secondastrada.com Felpa Tommy Hilfiger Marrone \u2714\ufe0f Spedizione veloce entro 24h in tutta Italia \u2714\ufe0f Sconto sul tuo primo acquisto","og_url":"https:\/\/www.secondastrada.com\/it\/felpa-tommy-hilfiger-marrone\/","og_site_name":"Seconda Strada","article_modified_time":"2026-03-25T11:06:13+00:00","og_image":[{"width":1000,"height":1300,"url":"https:\/\/www.secondastrada.com\/wp-content\/uploads\/2025\/09\/DM0DM20746-OA_GVP_AI25_1.jpg","type":"image\/jpeg"}],"twitter_card":"summary_large_image","schema":{"@context":"https:\/\/schema.org","@graph":[{"@type":"WebPage","@id":"https:\/\/www.secondastrada.com\/it\/felpa-tommy-hilfiger-marrone\/","url":"https:\/\/www.secondastrada.com\/it\/felpa-tommy-hilfiger-marrone\/","name":"Felpa Tommy Hilfiger Marrone - Acquista online! - Seconda Strada","isPartOf":{"@id":"https:\/\/www.secondastrada.com\/it\/#website"},"primaryImageOfPage":{"@id":"https:\/\/www.secondastrada.com\/it\/felpa-tommy-hilfiger-marrone\/#primaryimage"},"image":{"@id":"https:\/\/www.secondastrada.com\/it\/felpa-tommy-hilfiger-marrone\/#primaryimage"},"thumbnailUrl":"https:\/\/www.secondastrada.com\/wp-content\/uploads\/2025\/09\/DM0DM20746-OA_GVP_AI25_1.jpg","datePublished":"2025-09-11T15:29:37+00:00","dateModified":"2026-03-25T11:06:13+00:00","description":"Felpa Tommy Hilfiger Marrone \u27a4 Acquista online su Secondastrada.com Felpa Tommy Hilfiger Marrone \u2714\ufe0f Spedizione veloce entro 24h in tutta Italia \u2714\ufe0f Sconto sul tuo primo acquisto","breadcrumb":{"@id":"https:\/\/www.secondastrada.com\/it\/felpa-tommy-hilfiger-marrone\/#breadcrumb"},"inLanguage":"it-IT","potentialAction":[{"@type":"ReadAction","target":["https:\/\/www.secondastrada.com\/it\/felpa-tommy-hilfiger-marrone\/"]}]},{"@type":"ImageObject","inLanguage":"it-IT","@id":"https:\/\/www.secondastrada.com\/it\/felpa-tommy-hilfiger-marrone\/#primaryimage","url":"https:\/\/www.secondastrada.com\/wp-content\/uploads\/2025\/09\/DM0DM20746-OA_GVP_AI25_1.jpg","contentUrl":"https:\/\/www.secondastrada.com\/wp-content\/uploads\/2025\/09\/DM0DM20746-OA_GVP_AI25_1.jpg","width":1000,"height":1300,"caption":"DM0DM20746-OA_GVP_AI25"},{"@type":"BreadcrumbList","@id":"https:\/\/www.secondastrada.com\/it\/felpa-tommy-hilfiger-marrone\/#breadcrumb","itemListElement":[{"@type":"ListItem","position":1,"name":"Home","item":"https:\/\/www.secondastrada.com\/it\/"},{"@type":"ListItem","position":2,"name":"Shop","item":"https:\/\/www.secondastrada.com\/it\/shop\/"},{"@type":"ListItem","position":3,"name":"Uomo","item":"https:\/\/www.secondastrada.com\/it\/collezione-uomo\/"},{"@type":"ListItem","position":4,"name":"Abbigliamento","item":"https:\/\/www.secondastrada.com\/it\/collezione-uomo\/abbigliamento-uomo\/"},{"@type":"ListItem","position":5,"name":"Felpe","item":"https:\/\/www.secondastrada.com\/it\/collezione-uomo\/abbigliamento-uomo\/felpe-da-uomo\/"},{"@type":"ListItem","position":6,"name":"Felpa Tommy Hilfiger Marrone"}]},{"@type":"WebSite","@id":"https:\/\/www.secondastrada.com\/it\/#website","url":"https:\/\/www.secondastrada.com\/it\/","name":"Seconda Strada","description":"","publisher":{"@id":"https:\/\/www.secondastrada.com\/it\/#organization"},"potentialAction":[{"@type":"SearchAction","target":{"@type":"EntryPoint","urlTemplate":"https:\/\/www.secondastrada.com\/it\/?s={search_term_string}"},"query-input":"required name=search_term_string"}],"inLanguage":"it-IT"},{"@type":"Organization","@id":"https:\/\/www.secondastrada.com\/it\/#organization","name":"Seconda Strada","url":"https:\/\/www.secondastrada.com\/it\/","logo":{"@type":"ImageObject","inLanguage":"it-IT","@id":"https:\/\/www.secondastrada.com\/it\/#\/schema\/logo\/image\/","url":"https:\/\/www.secondastrada.com\/wp-content\/uploads\/2023\/11\/secondastrada-logo.svg","contentUrl":"https:\/\/www.secondastrada.com\/wp-content\/uploads\/2023\/11\/secondastrada-logo.svg","width":353,"height":47,"caption":"Seconda Strada"},"image":{"@id":"https:\/\/www.secondastrada.com\/it\/#\/schema\/logo\/image\/"}}]}},"df_price":"","df_sale_price":"","df_regular_price":"","df_image_link":"https:\/\/www.secondastrada.com\/wp-content\/uploads\/2025\/09\/DM0DM20746-OA_GVP_AI25_1-300x300.jpg","_links":{"self":[{"href":"https:\/\/www.secondastrada.com\/it\/wp-json\/wp\/v2\/product\/299745"}],"collection":[{"href":"https:\/\/www.secondastrada.com\/it\/wp-json\/wp\/v2\/product"}],"about":[{"href":"https:\/\/www.secondastrada.com\/it\/wp-json\/wp\/v2\/types\/product"}],"wp:featuredmedia":[{"embeddable":true,"href":"https:\/\/www.secondastrada.com\/it\/wp-json\/wp\/v2\/media\/300645"}],"wp:attachment":[{"href":"https:\/\/www.secondastrada.com\/it\/wp-json\/wp\/v2\/media?parent=299745"}],"wp:term":[{"taxonomy":"ss_brand","embeddable":true,"href":"https:\/\/www.secondastrada.com\/it\/wp-json\/wp\/v2\/ss_brand?post=299745"},{"taxonomy":"ss_promo","embeddable":true,"href":"https:\/\/www.secondastrada.com\/it\/wp-json\/wp\/v2\/ss_promo?post=299745"},{"taxonomy":"ss_season","embeddable":true,"href":"https:\/\/www.secondastrada.com\/it\/wp-json\/wp\/v2\/ss_season?post=299745"},{"taxonomy":"product_cat","embeddable":true,"href":"https:\/\/www.secondastrada.com\/it\/wp-json\/wp\/v2\/product_cat?post=299745"},{"taxonomy":"product_tag","embeddable":true,"href":"https:\/\/www.secondastrada.com\/it\/wp-json\/wp\/v2\/product_tag?post=299745"}],"curies":[{"name":"wp","href":"https:\/\/api.w.org\/{rel}","templated":true}]}}