{"id":30146,"date":"2024-03-28T13:02:54","date_gmt":"2024-03-28T12:02:54","guid":{"rendered":"http:\/\/secondastrada.com\/vestito-guess-con-bordo-di-perline-2\/"},"modified":"2026-01-29T11:21:44","modified_gmt":"2026-01-29T10:21:44","slug":"vestito-guess-con-bordo-di-perline-2","status":"publish","type":"product","link":"https:\/\/www.secondastrada.com\/it\/vestito-guess-con-bordo-di-perline-2\/","title":{"rendered":"Vestito Guess con bordo di perline"},"content":{"rendered":"<p>100% poliestere<br \/>La modella indossa la taglia S \u00e8 alta 168 cm e la vestibilit\u00e0 \u00e8 regolare. Spalle: 41 cm &#8211; Manica: 10 cm &#8211; Lunghezza: 77 cm. Vedi guida alle taglie<br \/>Un abito con maniche volant corredate da una fila di piccole perline! Un modello sognante con allacciatura centrale per dare prova del tuo stile!<br \/>Cod. art. W94K72 WC880 sr<br \/>Vi ricordiamo che tutti i nostri articoli sono originali.<\/p>\n","protected":false},"excerpt":{"rendered":"<p>100% poliestereLa modella indossa la taglia S \u00e8 alta 168 cm e la vestibilit\u00e0 \u00e8 regolare. Spalle: 41 cm &#8211; Manica: 10 cm &#8211; Lunghezza: 77 cm. Vedi guida alle taglieUn abito con maniche volant corredate da una fila di piccole perline! Un modello sognante con allacciatura centrale per dare prova del tuo stile!Cod. art&#8230;.<\/p>\n","protected":false},"featured_media":42081,"template":"","meta":{"inline_featured_image":false},"ss_brand":[1202],"ss_promo":[2181],"ss_season":[1710],"product_cat":[1329,1539,1658,1610],"product_tag":[1774],"class_list":{"0":"post-30146","1":"product","2":"type-product","3":"status-publish","4":"has-post-thumbnail","6":"ss_brand-guess-donna","7":"ss_promo-ultime-occasioni-donna","8":"ss_season-ai22","9":"product_cat-abbigliamento-donna","10":"product_cat-abiti-e-vestiti-da-donna","11":"product_cat-collezione-donna","12":"product_cat-vestiti-da-donna-corti","13":"product_tag-abiti-e-vestiti-guess-donna","15":"first","16":"outofstock","17":"sold-individually","18":"shipping-taxable","19":"product-type-variable","20":"has-default-attributes"},"acf":{"ss_brand":[{"term_id":1202,"name":"GUESS","slug":"guess-donna","term_group":0,"term_taxonomy_id":1202,"taxonomy":"ss_brand","description":"<strong>Abbigliamento donna Guess scontato: e ora chi ti ferma pi\u00f9?<\/strong> Sei alla ricerca di outfit in <strong>stile urban-chic<\/strong> e iper-femminili? Allora dai un\u2019occhiata alla nostra selezione di <strong>abbigliamento e accessori Guess<\/strong>! <strong>Lasciati ispirare e sfoglia le nostre proposte di capi e accessori Guess da donna scontatissimi!<\/strong>","parent":1201,"count":508,"filter":"raw"}],"ss_promo":[2181],"ss_season":[{"term_id":1710,"name":"AI22","slug":"ai22","term_group":0,"term_taxonomy_id":1710,"taxonomy":"ss_season","description":"","parent":0,"count":262,"filter":"raw"}],"ss_old_price":"119,90","ss_omnibus_price":"0,00","ss_style_advice":"<p>100% poliestere<br \/>La modella indossa la taglia S \u00e8 alta 168 cm e la vestibilit\u00e0 \u00e8 regolare. Spalle: 41 cm &#8211; Manica: 10 cm &#8211; Lunghezza: 77 cm. Vedi guida alle taglie<br \/>Un abito con maniche volant corredate da una fila di piccole perline! Un modello sognante con allacciatura centrale per dare prova del tuo stile!<br \/>Cod. art. W94K72 WC880 sr<br \/>Vi ricordiamo che tutti i nostri articoli sono originali.<\/p>\n","ss_composition":"<p>100% poliest<\/p>\n","ss_fit":"<p>Vestito GUESS<\/p>\n"},"yoast_head":"<!-- This site is optimized with the Yoast SEO plugin v22.3 - https:\/\/yoast.com\/wordpress\/plugins\/seo\/ -->\n<title>Vestito Guess con bordo di perline - Acquista online! - Seconda Strada<\/title>\n<meta name=\"description\" content=\"Vestito Guess con bordo di perline \u27a4 Acquista online su Secondastrada.com Vestito Guess con bordo di perline \u2714\ufe0f Spedizione veloce entro 24h in tutta Italia \u2714\ufe0f Sconto sul tuo primo acquisto\" \/>\n<meta name=\"robots\" content=\"index, follow, max-snippet:-1, max-image-preview:large, max-video-preview:-1\" \/>\n<link rel=\"canonical\" href=\"https:\/\/www.secondastrada.com\/it\/vestito-guess-con-bordo-di-perline-2\/\" \/>\n<meta property=\"og:locale\" content=\"it_IT\" \/>\n<meta property=\"og:type\" content=\"article\" \/>\n<meta property=\"og:title\" content=\"Vestito Guess con bordo di perline - Acquista online! - Seconda Strada\" \/>\n<meta property=\"og:description\" content=\"Vestito Guess con bordo di perline \u27a4 Acquista online su Secondastrada.com Vestito Guess con bordo di perline \u2714\ufe0f Spedizione veloce entro 24h in tutta Italia \u2714\ufe0f Sconto sul tuo primo acquisto\" \/>\n<meta property=\"og:url\" content=\"https:\/\/www.secondastrada.com\/it\/vestito-guess-con-bordo-di-perline-2\/\" \/>\n<meta property=\"og:site_name\" content=\"Seconda Strada\" \/>\n<meta property=\"article:modified_time\" content=\"2026-01-29T10:21:44+00:00\" \/>\n<meta property=\"og:image\" content=\"https:\/\/www.secondastrada.com\/wp-content\/uploads\/2024\/04\/W94K72-WC880-sr_RHT_AI22_1.jpg\" \/>\n\t<meta property=\"og:image:width\" content=\"1000\" \/>\n\t<meta property=\"og:image:height\" content=\"1300\" \/>\n\t<meta property=\"og:image:type\" content=\"image\/jpeg\" \/>\n<meta name=\"twitter:card\" content=\"summary_large_image\" \/>\n<!-- \/ Yoast SEO plugin. -->","yoast_head_json":{"title":"Vestito Guess con bordo di perline - Acquista online! - Seconda Strada","description":"Vestito Guess con bordo di perline \u27a4 Acquista online su Secondastrada.com Vestito Guess con bordo di perline \u2714\ufe0f Spedizione veloce entro 24h in tutta Italia \u2714\ufe0f Sconto sul tuo primo acquisto","robots":{"index":"index","follow":"follow","max-snippet":"max-snippet:-1","max-image-preview":"max-image-preview:large","max-video-preview":"max-video-preview:-1"},"canonical":"https:\/\/www.secondastrada.com\/it\/vestito-guess-con-bordo-di-perline-2\/","og_locale":"it_IT","og_type":"article","og_title":"Vestito Guess con bordo di perline - Acquista online! - Seconda Strada","og_description":"Vestito Guess con bordo di perline \u27a4 Acquista online su Secondastrada.com Vestito Guess con bordo di perline \u2714\ufe0f Spedizione veloce entro 24h in tutta Italia \u2714\ufe0f Sconto sul tuo primo acquisto","og_url":"https:\/\/www.secondastrada.com\/it\/vestito-guess-con-bordo-di-perline-2\/","og_site_name":"Seconda Strada","article_modified_time":"2026-01-29T10:21:44+00:00","og_image":[{"width":1000,"height":1300,"url":"https:\/\/www.secondastrada.com\/wp-content\/uploads\/2024\/04\/W94K72-WC880-sr_RHT_AI22_1.jpg","type":"image\/jpeg"}],"twitter_card":"summary_large_image","schema":{"@context":"https:\/\/schema.org","@graph":[{"@type":"WebPage","@id":"https:\/\/www.secondastrada.com\/it\/vestito-guess-con-bordo-di-perline-2\/","url":"https:\/\/www.secondastrada.com\/it\/vestito-guess-con-bordo-di-perline-2\/","name":"Vestito Guess con bordo di perline - Acquista online! - Seconda Strada","isPartOf":{"@id":"https:\/\/www.secondastrada.com\/it\/#website"},"primaryImageOfPage":{"@id":"https:\/\/www.secondastrada.com\/it\/vestito-guess-con-bordo-di-perline-2\/#primaryimage"},"image":{"@id":"https:\/\/www.secondastrada.com\/it\/vestito-guess-con-bordo-di-perline-2\/#primaryimage"},"thumbnailUrl":"https:\/\/www.secondastrada.com\/wp-content\/uploads\/2024\/04\/W94K72-WC880-sr_RHT_AI22_1.jpg","datePublished":"2024-03-28T12:02:54+00:00","dateModified":"2026-01-29T10:21:44+00:00","description":"Vestito Guess con bordo di perline \u27a4 Acquista online su Secondastrada.com Vestito Guess con bordo di perline \u2714\ufe0f Spedizione veloce entro 24h in tutta Italia \u2714\ufe0f Sconto sul tuo primo acquisto","breadcrumb":{"@id":"https:\/\/www.secondastrada.com\/it\/vestito-guess-con-bordo-di-perline-2\/#breadcrumb"},"inLanguage":"it-IT","potentialAction":[{"@type":"ReadAction","target":["https:\/\/www.secondastrada.com\/it\/vestito-guess-con-bordo-di-perline-2\/"]}]},{"@type":"ImageObject","inLanguage":"it-IT","@id":"https:\/\/www.secondastrada.com\/it\/vestito-guess-con-bordo-di-perline-2\/#primaryimage","url":"https:\/\/www.secondastrada.com\/wp-content\/uploads\/2024\/04\/W94K72-WC880-sr_RHT_AI22_1.jpg","contentUrl":"https:\/\/www.secondastrada.com\/wp-content\/uploads\/2024\/04\/W94K72-WC880-sr_RHT_AI22_1.jpg","width":1000,"height":1300,"caption":"W94K72-WC880-sr_RHT_AI22"},{"@type":"BreadcrumbList","@id":"https:\/\/www.secondastrada.com\/it\/vestito-guess-con-bordo-di-perline-2\/#breadcrumb","itemListElement":[{"@type":"ListItem","position":1,"name":"Home","item":"https:\/\/www.secondastrada.com\/it\/"},{"@type":"ListItem","position":2,"name":"Shop","item":"https:\/\/www.secondastrada.com\/it\/shop\/"},{"@type":"ListItem","position":3,"name":"Donna","item":"https:\/\/www.secondastrada.com\/it\/collezione-donna\/"},{"@type":"ListItem","position":4,"name":"Abbigliamento","item":"https:\/\/www.secondastrada.com\/it\/collezione-donna\/abbigliamento-donna\/"},{"@type":"ListItem","position":5,"name":"Abiti e Vestiti","item":"https:\/\/www.secondastrada.com\/it\/collezione-donna\/abbigliamento-donna\/abiti-e-vestiti-da-donna\/"},{"@type":"ListItem","position":6,"name":"Vestiti corti","item":"https:\/\/www.secondastrada.com\/it\/collezione-donna\/abbigliamento-donna\/abiti-e-vestiti-da-donna\/vestiti-da-donna-corti\/"},{"@type":"ListItem","position":7,"name":"Vestito Guess con bordo di perline"}]},{"@type":"WebSite","@id":"https:\/\/www.secondastrada.com\/it\/#website","url":"https:\/\/www.secondastrada.com\/it\/","name":"Seconda Strada","description":"","publisher":{"@id":"https:\/\/www.secondastrada.com\/it\/#organization"},"potentialAction":[{"@type":"SearchAction","target":{"@type":"EntryPoint","urlTemplate":"https:\/\/www.secondastrada.com\/it\/?s={search_term_string}"},"query-input":"required name=search_term_string"}],"inLanguage":"it-IT"},{"@type":"Organization","@id":"https:\/\/www.secondastrada.com\/it\/#organization","name":"Seconda Strada","url":"https:\/\/www.secondastrada.com\/it\/","logo":{"@type":"ImageObject","inLanguage":"it-IT","@id":"https:\/\/www.secondastrada.com\/it\/#\/schema\/logo\/image\/","url":"https:\/\/www.secondastrada.com\/wp-content\/uploads\/2023\/11\/secondastrada-logo.svg","contentUrl":"https:\/\/www.secondastrada.com\/wp-content\/uploads\/2023\/11\/secondastrada-logo.svg","width":353,"height":47,"caption":"Seconda Strada"},"image":{"@id":"https:\/\/www.secondastrada.com\/it\/#\/schema\/logo\/image\/"}}]}},"df_price":"","df_sale_price":"","df_regular_price":"","df_image_link":"https:\/\/www.secondastrada.com\/wp-content\/uploads\/2024\/04\/W94K72-WC880-sr_RHT_AI22_1-300x300.jpg","_links":{"self":[{"href":"https:\/\/www.secondastrada.com\/it\/wp-json\/wp\/v2\/product\/30146"}],"collection":[{"href":"https:\/\/www.secondastrada.com\/it\/wp-json\/wp\/v2\/product"}],"about":[{"href":"https:\/\/www.secondastrada.com\/it\/wp-json\/wp\/v2\/types\/product"}],"wp:featuredmedia":[{"embeddable":true,"href":"https:\/\/www.secondastrada.com\/it\/wp-json\/wp\/v2\/media\/42081"}],"wp:attachment":[{"href":"https:\/\/www.secondastrada.com\/it\/wp-json\/wp\/v2\/media?parent=30146"}],"wp:term":[{"taxonomy":"ss_brand","embeddable":true,"href":"https:\/\/www.secondastrada.com\/it\/wp-json\/wp\/v2\/ss_brand?post=30146"},{"taxonomy":"ss_promo","embeddable":true,"href":"https:\/\/www.secondastrada.com\/it\/wp-json\/wp\/v2\/ss_promo?post=30146"},{"taxonomy":"ss_season","embeddable":true,"href":"https:\/\/www.secondastrada.com\/it\/wp-json\/wp\/v2\/ss_season?post=30146"},{"taxonomy":"product_cat","embeddable":true,"href":"https:\/\/www.secondastrada.com\/it\/wp-json\/wp\/v2\/product_cat?post=30146"},{"taxonomy":"product_tag","embeddable":true,"href":"https:\/\/www.secondastrada.com\/it\/wp-json\/wp\/v2\/product_tag?post=30146"}],"curies":[{"name":"wp","href":"https:\/\/api.w.org\/{rel}","templated":true}]}}