{"id":301853,"date":"2025-09-18T13:49:32","date_gmt":"2025-09-18T11:49:32","guid":{"rendered":"https:\/\/www.secondastrada.com\/it\/cardigan-via-delle-rose-nero\/"},"modified":"2026-03-25T13:01:34","modified_gmt":"2026-03-25T12:01:34","slug":"cardigan-via-delle-rose-nero","status":"publish","type":"product","link":"https:\/\/www.secondastrada.com\/it\/cardigan-via-delle-rose-nero\/","title":{"rendered":"Cardigan Via Delle Rose Nero"},"content":{"rendered":"<p>Cardigan in total nero con trama lavorata. La vestibilit\u00e0 \u00e8 morbida e pratica. Il cardigan \u00e8 adatto per occasioni casual e facilmente combinabile. Dona un tocco di morbidezza ai tuoi outfit.<br \/>Cod. art. VW2516036 SA<br \/>Vi ricordiamo che tutti i nostri articoli sono originali.<\/p>\n","protected":false},"excerpt":{"rendered":"<p>Cardigan in total nero con trama lavorata. La vestibilit\u00e0 \u00e8 morbida e pratica. Il cardigan \u00e8 adatto per occasioni casual e facilmente combinabile. Dona un tocco di morbidezza ai tuoi outfit.Cod. art. VW2516036 SAVi ricordiamo che tutti i nostri articoli sono originali.<\/p>\n","protected":false},"featured_media":301799,"template":"","meta":{"inline_featured_image":false},"ss_brand":[2437],"ss_promo":[2181],"ss_season":[2431],"product_cat":[1329,1607,1658,1605,1535],"product_tag":[2204,2405,2188],"class_list":{"0":"post-301853","1":"product","2":"type-product","3":"status-publish","4":"has-post-thumbnail","6":"ss_brand-via-delle-rose-donna","7":"ss_promo-ultime-occasioni-donna","8":"ss_season-ai25","9":"product_cat-abbigliamento-donna","10":"product_cat-cardigan-da-donna","11":"product_cat-collezione-donna","12":"product_cat-maglie-a-manica-lunga-da-donna","13":"product_cat-maglie-da-donna","14":"product_tag-idee-regalo-donna","15":"product_tag-look-da-aperitivo-donna","16":"product_tag-ufficio-da-donna","18":"first","19":"outofstock","20":"shipping-taxable","21":"product-type-variable","22":"has-default-attributes"},"acf":{"ss_brand":[{"term_id":2437,"name":"VIA DELLE ROSE","slug":"via-delle-rose-donna","term_group":0,"term_taxonomy_id":2437,"taxonomy":"ss_brand","description":"Scopri la raffinatezza e il fascino delle collezioni <strong>Via delle Rose<\/strong>, dedicate a una donna moderna che ama distinguersi con eleganza e semplicit\u00e0. Su SecondaStrada.com ti aspetta una selezione esclusiva di <strong>abbigliamento da donna Via delle Rose scontato<\/strong>, pensata per valorizzare il tuo stile in ogni occasione.","parent":1201,"count":82,"filter":"raw"}],"ss_promo":[2181],"ss_season":[{"term_id":2431,"name":"AI25","slug":"ai25","term_group":0,"term_taxonomy_id":2431,"taxonomy":"ss_season","description":"","parent":0,"count":2137,"filter":"raw"}],"ss_old_price":"85,00","ss_omnibus_price":"0,00","ss_style_advice":"<p>Cardigan in total nero con trama lavorata. La vestibilit\u00e0 \u00e8 morbida e pratica. Il cardigan \u00e8 adatto per occasioni casual e facilmente combinabile. Dona un tocco di morbidezza ai tuoi outfit.<br \/>Cod. art. VW2516036 SA<br \/>Vi ricordiamo che tutti i nostri articoli sono originali.<\/p>\n","ss_composition":"<p>100% acrilico<\/p>\n","ss_fit":"<p>La modella \u00e8 alta 172 cm e indossa la taglia S. La vestibilit\u00e0 del capo \u00e8 regolare.<\/p>\n"},"yoast_head":"<!-- This site is optimized with the Yoast SEO plugin v22.3 - https:\/\/yoast.com\/wordpress\/plugins\/seo\/ -->\n<title>Cardigan Via Delle Rose Nero - Acquista online! - Seconda Strada<\/title>\n<meta name=\"description\" content=\"Cardigan Via Delle Rose Nero \u27a4 Acquista online su Secondastrada.com Cardigan Via Delle Rose Nero \u2714\ufe0f Spedizione veloce entro 24h in tutta Italia \u2714\ufe0f Sconto sul tuo primo acquisto\" \/>\n<meta name=\"robots\" content=\"index, follow, max-snippet:-1, max-image-preview:large, max-video-preview:-1\" \/>\n<link rel=\"canonical\" href=\"https:\/\/www.secondastrada.com\/it\/cardigan-via-delle-rose-nero\/\" \/>\n<meta property=\"og:locale\" content=\"it_IT\" \/>\n<meta property=\"og:type\" content=\"article\" \/>\n<meta property=\"og:title\" content=\"Cardigan Via Delle Rose Nero - Acquista online! - Seconda Strada\" \/>\n<meta property=\"og:description\" content=\"Cardigan Via Delle Rose Nero \u27a4 Acquista online su Secondastrada.com Cardigan Via Delle Rose Nero \u2714\ufe0f Spedizione veloce entro 24h in tutta Italia \u2714\ufe0f Sconto sul tuo primo acquisto\" \/>\n<meta property=\"og:url\" content=\"https:\/\/www.secondastrada.com\/it\/cardigan-via-delle-rose-nero\/\" \/>\n<meta property=\"og:site_name\" content=\"Seconda Strada\" \/>\n<meta property=\"article:modified_time\" content=\"2026-03-25T12:01:34+00:00\" \/>\n<meta property=\"og:image\" content=\"https:\/\/www.secondastrada.com\/wp-content\/uploads\/2025\/09\/VW2516036-SA_NERO_AI25_1.jpg\" \/>\n\t<meta property=\"og:image:width\" content=\"1000\" \/>\n\t<meta property=\"og:image:height\" content=\"1300\" \/>\n\t<meta property=\"og:image:type\" content=\"image\/jpeg\" \/>\n<meta name=\"twitter:card\" content=\"summary_large_image\" \/>\n<!-- \/ Yoast SEO plugin. -->","yoast_head_json":{"title":"Cardigan Via Delle Rose Nero - Acquista online! - Seconda Strada","description":"Cardigan Via Delle Rose Nero \u27a4 Acquista online su Secondastrada.com Cardigan Via Delle Rose Nero \u2714\ufe0f Spedizione veloce entro 24h in tutta Italia \u2714\ufe0f Sconto sul tuo primo acquisto","robots":{"index":"index","follow":"follow","max-snippet":"max-snippet:-1","max-image-preview":"max-image-preview:large","max-video-preview":"max-video-preview:-1"},"canonical":"https:\/\/www.secondastrada.com\/it\/cardigan-via-delle-rose-nero\/","og_locale":"it_IT","og_type":"article","og_title":"Cardigan Via Delle Rose Nero - Acquista online! - Seconda Strada","og_description":"Cardigan Via Delle Rose Nero \u27a4 Acquista online su Secondastrada.com Cardigan Via Delle Rose Nero \u2714\ufe0f Spedizione veloce entro 24h in tutta Italia \u2714\ufe0f Sconto sul tuo primo acquisto","og_url":"https:\/\/www.secondastrada.com\/it\/cardigan-via-delle-rose-nero\/","og_site_name":"Seconda Strada","article_modified_time":"2026-03-25T12:01:34+00:00","og_image":[{"width":1000,"height":1300,"url":"https:\/\/www.secondastrada.com\/wp-content\/uploads\/2025\/09\/VW2516036-SA_NERO_AI25_1.jpg","type":"image\/jpeg"}],"twitter_card":"summary_large_image","schema":{"@context":"https:\/\/schema.org","@graph":[{"@type":"WebPage","@id":"https:\/\/www.secondastrada.com\/it\/cardigan-via-delle-rose-nero\/","url":"https:\/\/www.secondastrada.com\/it\/cardigan-via-delle-rose-nero\/","name":"Cardigan Via Delle Rose Nero - Acquista online! - Seconda Strada","isPartOf":{"@id":"https:\/\/www.secondastrada.com\/it\/#website"},"primaryImageOfPage":{"@id":"https:\/\/www.secondastrada.com\/it\/cardigan-via-delle-rose-nero\/#primaryimage"},"image":{"@id":"https:\/\/www.secondastrada.com\/it\/cardigan-via-delle-rose-nero\/#primaryimage"},"thumbnailUrl":"https:\/\/www.secondastrada.com\/wp-content\/uploads\/2025\/09\/VW2516036-SA_NERO_AI25_1.jpg","datePublished":"2025-09-18T11:49:32+00:00","dateModified":"2026-03-25T12:01:34+00:00","description":"Cardigan Via Delle Rose Nero \u27a4 Acquista online su Secondastrada.com Cardigan Via Delle Rose Nero \u2714\ufe0f Spedizione veloce entro 24h in tutta Italia \u2714\ufe0f Sconto sul tuo primo acquisto","breadcrumb":{"@id":"https:\/\/www.secondastrada.com\/it\/cardigan-via-delle-rose-nero\/#breadcrumb"},"inLanguage":"it-IT","potentialAction":[{"@type":"ReadAction","target":["https:\/\/www.secondastrada.com\/it\/cardigan-via-delle-rose-nero\/"]}]},{"@type":"ImageObject","inLanguage":"it-IT","@id":"https:\/\/www.secondastrada.com\/it\/cardigan-via-delle-rose-nero\/#primaryimage","url":"https:\/\/www.secondastrada.com\/wp-content\/uploads\/2025\/09\/VW2516036-SA_NERO_AI25_1.jpg","contentUrl":"https:\/\/www.secondastrada.com\/wp-content\/uploads\/2025\/09\/VW2516036-SA_NERO_AI25_1.jpg","width":1000,"height":1300,"caption":"VW2516036-SA_NERO_AI25"},{"@type":"BreadcrumbList","@id":"https:\/\/www.secondastrada.com\/it\/cardigan-via-delle-rose-nero\/#breadcrumb","itemListElement":[{"@type":"ListItem","position":1,"name":"Home","item":"https:\/\/www.secondastrada.com\/it\/"},{"@type":"ListItem","position":2,"name":"Shop","item":"https:\/\/www.secondastrada.com\/it\/shop\/"},{"@type":"ListItem","position":3,"name":"Donna","item":"https:\/\/www.secondastrada.com\/it\/collezione-donna\/"},{"@type":"ListItem","position":4,"name":"Abbigliamento","item":"https:\/\/www.secondastrada.com\/it\/collezione-donna\/abbigliamento-donna\/"},{"@type":"ListItem","position":5,"name":"Maglieria","item":"https:\/\/www.secondastrada.com\/it\/collezione-donna\/abbigliamento-donna\/maglie-da-donna\/"},{"@type":"ListItem","position":6,"name":"Cardigan","item":"https:\/\/www.secondastrada.com\/it\/collezione-donna\/abbigliamento-donna\/maglie-da-donna\/cardigan-da-donna\/"},{"@type":"ListItem","position":7,"name":"Cardigan Via Delle Rose Nero"}]},{"@type":"WebSite","@id":"https:\/\/www.secondastrada.com\/it\/#website","url":"https:\/\/www.secondastrada.com\/it\/","name":"Seconda Strada","description":"","publisher":{"@id":"https:\/\/www.secondastrada.com\/it\/#organization"},"potentialAction":[{"@type":"SearchAction","target":{"@type":"EntryPoint","urlTemplate":"https:\/\/www.secondastrada.com\/it\/?s={search_term_string}"},"query-input":"required name=search_term_string"}],"inLanguage":"it-IT"},{"@type":"Organization","@id":"https:\/\/www.secondastrada.com\/it\/#organization","name":"Seconda Strada","url":"https:\/\/www.secondastrada.com\/it\/","logo":{"@type":"ImageObject","inLanguage":"it-IT","@id":"https:\/\/www.secondastrada.com\/it\/#\/schema\/logo\/image\/","url":"https:\/\/www.secondastrada.com\/wp-content\/uploads\/2023\/11\/secondastrada-logo.svg","contentUrl":"https:\/\/www.secondastrada.com\/wp-content\/uploads\/2023\/11\/secondastrada-logo.svg","width":353,"height":47,"caption":"Seconda Strada"},"image":{"@id":"https:\/\/www.secondastrada.com\/it\/#\/schema\/logo\/image\/"}}]}},"df_price":"","df_sale_price":"","df_regular_price":"","df_image_link":"https:\/\/www.secondastrada.com\/wp-content\/uploads\/2025\/09\/VW2516036-SA_NERO_AI25_1-300x300.jpg","_links":{"self":[{"href":"https:\/\/www.secondastrada.com\/it\/wp-json\/wp\/v2\/product\/301853"}],"collection":[{"href":"https:\/\/www.secondastrada.com\/it\/wp-json\/wp\/v2\/product"}],"about":[{"href":"https:\/\/www.secondastrada.com\/it\/wp-json\/wp\/v2\/types\/product"}],"wp:featuredmedia":[{"embeddable":true,"href":"https:\/\/www.secondastrada.com\/it\/wp-json\/wp\/v2\/media\/301799"}],"wp:attachment":[{"href":"https:\/\/www.secondastrada.com\/it\/wp-json\/wp\/v2\/media?parent=301853"}],"wp:term":[{"taxonomy":"ss_brand","embeddable":true,"href":"https:\/\/www.secondastrada.com\/it\/wp-json\/wp\/v2\/ss_brand?post=301853"},{"taxonomy":"ss_promo","embeddable":true,"href":"https:\/\/www.secondastrada.com\/it\/wp-json\/wp\/v2\/ss_promo?post=301853"},{"taxonomy":"ss_season","embeddable":true,"href":"https:\/\/www.secondastrada.com\/it\/wp-json\/wp\/v2\/ss_season?post=301853"},{"taxonomy":"product_cat","embeddable":true,"href":"https:\/\/www.secondastrada.com\/it\/wp-json\/wp\/v2\/product_cat?post=301853"},{"taxonomy":"product_tag","embeddable":true,"href":"https:\/\/www.secondastrada.com\/it\/wp-json\/wp\/v2\/product_tag?post=301853"}],"curies":[{"name":"wp","href":"https:\/\/api.w.org\/{rel}","templated":true}]}}