{"id":30455,"date":"2025-08-28T14:05:18","date_gmt":"2025-08-28T12:05:18","guid":{"rendered":"http:\/\/secondastrada.com\/anfibio-caf%ef%bf%bd-noir-con-borchie\/"},"modified":"2026-01-29T11:20:03","modified_gmt":"2026-01-29T10:20:03","slug":"anfibio-cafe-noir-con-borchie","status":"publish","type":"product","link":"https:\/\/www.secondastrada.com\/it\/anfibio-cafe-noir-con-borchie\/","title":{"rendered":"Anfibio Caf\u00e8 Noir con borchie"},"content":{"rendered":"<p>Vero cuoio e altri materiali<br \/>La modella indossa il numero 40 e la vestibilit\u00e0 \u00e8 regolare. Vero cuoio e altri materialiLa modella indossa il numero 40 e la vestibilit\u00e0 \u00e8 regolare. Lunghezza: 28,5cm <br \/> Anfibio con tomaia in vero cuoio e tacco basso. Stringato e decorato con borchie. Si indossa comodamente grazie alla zip laterale. Se ancora non hai un anfibio comodo devi provarlo! Perfetto per sdrammatizzare outfit eleganti e per dare un tocco rock al tuo look. Da indossare dalla mattina alla sera senza ripensamenti!<br \/> Cod. art. XV1011 sr<br \/>Vi ricordiamo che tutti i nostri articoli sono originali.<\/p>\n","protected":false},"excerpt":{"rendered":"<p>Vero cuoio e altri materialiLa modella indossa il numero 40 e la vestibilit\u00e0 \u00e8 regolare. Vero cuoio e altri materialiLa modella indossa il numero 40 e la vestibilit\u00e0 \u00e8 regolare. Lunghezza: 28,5cm Anfibio con tomaia in vero cuoio e tacco basso. Stringato e decorato con borchie. Si indossa comodamente grazie alla zip laterale. Se ancora&#8230;<\/p>\n","protected":false},"featured_media":42016,"template":"","meta":{"inline_featured_image":false},"ss_brand":[1204],"ss_promo":[2181],"ss_season":[1710],"product_cat":[1658,1330],"product_tag":[2139],"class_list":{"0":"post-30455","1":"product","2":"type-product","3":"status-publish","4":"has-post-thumbnail","6":"ss_brand-cafe-noir-donna","7":"ss_promo-ultime-occasioni-donna","8":"ss_season-ai22","9":"product_cat-collezione-donna","10":"product_cat-scarpe-donna","11":"product_tag-ultime-occasioni-donna","13":"first","14":"outofstock","15":"sold-individually","16":"shipping-taxable","17":"product-type-variable","18":"has-default-attributes"},"acf":{"ss_brand":[{"term_id":1204,"name":"CAFe`NOIR","slug":"cafe-noir-donna","term_group":0,"term_taxonomy_id":1204,"taxonomy":"ss_brand","description":"<strong>Caf\u00e8noir<\/strong>\u00a0\u00e8 un brand made in Italy fiorentino di calzature. Le\u00a0<strong>scarpe da donna Caf\u00e8noir<\/strong>\u00a0hanno uno stile elegante e contemporaneo al passo con le tendenze. Approfitta di sconti favolosi per avere ogni giorno la scarpa perfetta per ogni outfit. Scegli questo brand per dare ai tuoi look il dettaglio glamour che si meritano e detta lo stile!\u00a0Acquista online su SecondaStrada.com<strong>\u00a0scarpe da donna CafeNoir scontatissime<\/strong>!","parent":1201,"count":43,"filter":"raw"}],"ss_promo":[2181],"ss_season":[{"term_id":1710,"name":"AI22","slug":"ai22","term_group":0,"term_taxonomy_id":1710,"taxonomy":"ss_season","description":"","parent":0,"count":262,"filter":"raw"}],"ss_old_price":"0,00","ss_omnibus_price":"0,00","ss_style_advice":"<p>Vero cuoio e altri materiali<br \/>La modella indossa il numero 40 e la vestibilit\u00e0 \u00e8 regolare. Vero cuoio e altri materialiLa modella indossa il numero 40 e la vestibilit\u00e0 \u00e8 regolare. Lunghezza: 28,5cm <br \/> Anfibio con tomaia in vero cuoio e tacco basso. Stringato e decorato con borchie. Si indossa comodamente grazie alla zip laterale. Se ancora non hai un anfibio comodo devi provarlo! Perfetto per sdrammatizzare outfit eleganti e per dare un tocco rock al tuo look. Da indossare dalla mattina alla sera senza ripensamenti!<br \/> Cod. art. XV1011 sr<br \/>Vi ricordiamo che tutti i nostri articoli sono originali.<\/p>\n","ss_composition":"<p>Vero cuoio e altri materiali<\/p>\n","ss_fit":""},"yoast_head":"<!-- This site is optimized with the Yoast SEO plugin v22.3 - https:\/\/yoast.com\/wordpress\/plugins\/seo\/ -->\n<title>Anfibio Caf\u00e8 Noir con borchie - Acquista online! - Seconda Strada<\/title>\n<meta name=\"description\" content=\"Anfibio Caf\u00e8 Noir con borchie \u27a4 Acquista online su Secondastrada.com Anfibio Caf\u00e8 Noir con borchie \u2714\ufe0f Spedizione veloce entro 24h in tutta Italia \u2714\ufe0f Sconto sul tuo primo acquisto\" \/>\n<meta name=\"robots\" content=\"index, follow, max-snippet:-1, max-image-preview:large, max-video-preview:-1\" \/>\n<link rel=\"canonical\" href=\"https:\/\/www.secondastrada.com\/it\/anfibio-cafe-noir-con-borchie\/\" \/>\n<meta property=\"og:locale\" content=\"it_IT\" \/>\n<meta property=\"og:type\" content=\"article\" \/>\n<meta property=\"og:title\" content=\"Anfibio Caf\u00e8 Noir con borchie - Acquista online! - Seconda Strada\" \/>\n<meta property=\"og:description\" content=\"Anfibio Caf\u00e8 Noir con borchie \u27a4 Acquista online su Secondastrada.com Anfibio Caf\u00e8 Noir con borchie \u2714\ufe0f Spedizione veloce entro 24h in tutta Italia \u2714\ufe0f Sconto sul tuo primo acquisto\" \/>\n<meta property=\"og:url\" content=\"https:\/\/www.secondastrada.com\/it\/anfibio-cafe-noir-con-borchie\/\" \/>\n<meta property=\"og:site_name\" content=\"Seconda Strada\" \/>\n<meta property=\"article:modified_time\" content=\"2026-01-29T10:20:03+00:00\" \/>\n<meta property=\"og:image\" content=\"https:\/\/www.secondastrada.com\/wp-content\/uploads\/2024\/04\/XV1011-sr_NERO_AI22_1.jpg\" \/>\n\t<meta property=\"og:image:width\" content=\"1000\" \/>\n\t<meta property=\"og:image:height\" content=\"1300\" \/>\n\t<meta property=\"og:image:type\" content=\"image\/jpeg\" \/>\n<meta name=\"twitter:card\" content=\"summary_large_image\" \/>\n<!-- \/ Yoast SEO plugin. -->","yoast_head_json":{"title":"Anfibio Caf\u00e8 Noir con borchie - Acquista online! - Seconda Strada","description":"Anfibio Caf\u00e8 Noir con borchie \u27a4 Acquista online su Secondastrada.com Anfibio Caf\u00e8 Noir con borchie \u2714\ufe0f Spedizione veloce entro 24h in tutta Italia \u2714\ufe0f Sconto sul tuo primo acquisto","robots":{"index":"index","follow":"follow","max-snippet":"max-snippet:-1","max-image-preview":"max-image-preview:large","max-video-preview":"max-video-preview:-1"},"canonical":"https:\/\/www.secondastrada.com\/it\/anfibio-cafe-noir-con-borchie\/","og_locale":"it_IT","og_type":"article","og_title":"Anfibio Caf\u00e8 Noir con borchie - Acquista online! - Seconda Strada","og_description":"Anfibio Caf\u00e8 Noir con borchie \u27a4 Acquista online su Secondastrada.com Anfibio Caf\u00e8 Noir con borchie \u2714\ufe0f Spedizione veloce entro 24h in tutta Italia \u2714\ufe0f Sconto sul tuo primo acquisto","og_url":"https:\/\/www.secondastrada.com\/it\/anfibio-cafe-noir-con-borchie\/","og_site_name":"Seconda Strada","article_modified_time":"2026-01-29T10:20:03+00:00","og_image":[{"width":1000,"height":1300,"url":"https:\/\/www.secondastrada.com\/wp-content\/uploads\/2024\/04\/XV1011-sr_NERO_AI22_1.jpg","type":"image\/jpeg"}],"twitter_card":"summary_large_image","schema":{"@context":"https:\/\/schema.org","@graph":[{"@type":"WebPage","@id":"https:\/\/www.secondastrada.com\/it\/anfibio-cafe-noir-con-borchie\/","url":"https:\/\/www.secondastrada.com\/it\/anfibio-cafe-noir-con-borchie\/","name":"Anfibio Caf\u00e8 Noir con borchie - Acquista online! - Seconda Strada","isPartOf":{"@id":"https:\/\/www.secondastrada.com\/it\/#website"},"primaryImageOfPage":{"@id":"https:\/\/www.secondastrada.com\/it\/anfibio-cafe-noir-con-borchie\/#primaryimage"},"image":{"@id":"https:\/\/www.secondastrada.com\/it\/anfibio-cafe-noir-con-borchie\/#primaryimage"},"thumbnailUrl":"https:\/\/www.secondastrada.com\/wp-content\/uploads\/2024\/04\/XV1011-sr_NERO_AI22_1.jpg","datePublished":"2025-08-28T12:05:18+00:00","dateModified":"2026-01-29T10:20:03+00:00","description":"Anfibio Caf\u00e8 Noir con borchie \u27a4 Acquista online su Secondastrada.com Anfibio Caf\u00e8 Noir con borchie \u2714\ufe0f Spedizione veloce entro 24h in tutta Italia \u2714\ufe0f Sconto sul tuo primo acquisto","breadcrumb":{"@id":"https:\/\/www.secondastrada.com\/it\/anfibio-cafe-noir-con-borchie\/#breadcrumb"},"inLanguage":"it-IT","potentialAction":[{"@type":"ReadAction","target":["https:\/\/www.secondastrada.com\/it\/anfibio-cafe-noir-con-borchie\/"]}]},{"@type":"ImageObject","inLanguage":"it-IT","@id":"https:\/\/www.secondastrada.com\/it\/anfibio-cafe-noir-con-borchie\/#primaryimage","url":"https:\/\/www.secondastrada.com\/wp-content\/uploads\/2024\/04\/XV1011-sr_NERO_AI22_1.jpg","contentUrl":"https:\/\/www.secondastrada.com\/wp-content\/uploads\/2024\/04\/XV1011-sr_NERO_AI22_1.jpg","width":1000,"height":1300,"caption":"XV1011-sr_NERO_AI22"},{"@type":"BreadcrumbList","@id":"https:\/\/www.secondastrada.com\/it\/anfibio-cafe-noir-con-borchie\/#breadcrumb","itemListElement":[{"@type":"ListItem","position":1,"name":"Home","item":"https:\/\/www.secondastrada.com\/it\/"},{"@type":"ListItem","position":2,"name":"Shop","item":"https:\/\/www.secondastrada.com\/it\/shop\/"},{"@type":"ListItem","position":3,"name":"Donna","item":"https:\/\/www.secondastrada.com\/it\/collezione-donna\/"},{"@type":"ListItem","position":4,"name":"Scarpe","item":"https:\/\/www.secondastrada.com\/it\/collezione-donna\/scarpe-donna\/"},{"@type":"ListItem","position":5,"name":"Anfibio Caf\u00e8 Noir con borchie"}]},{"@type":"WebSite","@id":"https:\/\/www.secondastrada.com\/it\/#website","url":"https:\/\/www.secondastrada.com\/it\/","name":"Seconda Strada","description":"","publisher":{"@id":"https:\/\/www.secondastrada.com\/it\/#organization"},"potentialAction":[{"@type":"SearchAction","target":{"@type":"EntryPoint","urlTemplate":"https:\/\/www.secondastrada.com\/it\/?s={search_term_string}"},"query-input":"required name=search_term_string"}],"inLanguage":"it-IT"},{"@type":"Organization","@id":"https:\/\/www.secondastrada.com\/it\/#organization","name":"Seconda Strada","url":"https:\/\/www.secondastrada.com\/it\/","logo":{"@type":"ImageObject","inLanguage":"it-IT","@id":"https:\/\/www.secondastrada.com\/it\/#\/schema\/logo\/image\/","url":"https:\/\/www.secondastrada.com\/wp-content\/uploads\/2023\/11\/secondastrada-logo.svg","contentUrl":"https:\/\/www.secondastrada.com\/wp-content\/uploads\/2023\/11\/secondastrada-logo.svg","width":353,"height":47,"caption":"Seconda Strada"},"image":{"@id":"https:\/\/www.secondastrada.com\/it\/#\/schema\/logo\/image\/"}}]}},"df_price":"","df_sale_price":"","df_regular_price":"","df_image_link":"https:\/\/www.secondastrada.com\/wp-content\/uploads\/2024\/04\/XV1011-sr_NERO_AI22_1-300x300.jpg","_links":{"self":[{"href":"https:\/\/www.secondastrada.com\/it\/wp-json\/wp\/v2\/product\/30455"}],"collection":[{"href":"https:\/\/www.secondastrada.com\/it\/wp-json\/wp\/v2\/product"}],"about":[{"href":"https:\/\/www.secondastrada.com\/it\/wp-json\/wp\/v2\/types\/product"}],"wp:featuredmedia":[{"embeddable":true,"href":"https:\/\/www.secondastrada.com\/it\/wp-json\/wp\/v2\/media\/42016"}],"wp:attachment":[{"href":"https:\/\/www.secondastrada.com\/it\/wp-json\/wp\/v2\/media?parent=30455"}],"wp:term":[{"taxonomy":"ss_brand","embeddable":true,"href":"https:\/\/www.secondastrada.com\/it\/wp-json\/wp\/v2\/ss_brand?post=30455"},{"taxonomy":"ss_promo","embeddable":true,"href":"https:\/\/www.secondastrada.com\/it\/wp-json\/wp\/v2\/ss_promo?post=30455"},{"taxonomy":"ss_season","embeddable":true,"href":"https:\/\/www.secondastrada.com\/it\/wp-json\/wp\/v2\/ss_season?post=30455"},{"taxonomy":"product_cat","embeddable":true,"href":"https:\/\/www.secondastrada.com\/it\/wp-json\/wp\/v2\/product_cat?post=30455"},{"taxonomy":"product_tag","embeddable":true,"href":"https:\/\/www.secondastrada.com\/it\/wp-json\/wp\/v2\/product_tag?post=30455"}],"curies":[{"name":"wp","href":"https:\/\/api.w.org\/{rel}","templated":true}]}}