{"id":305509,"date":"2025-09-30T15:48:46","date_gmt":"2025-09-30T13:48:46","guid":{"rendered":"https:\/\/www.secondastrada.com\/it\/jeans-guess-jeans-10\/"},"modified":"2026-03-27T11:12:26","modified_gmt":"2026-03-27T10:12:26","slug":"jeans-guess-jeans-10","status":"publish","type":"product","link":"https:\/\/www.secondastrada.com\/it\/jeans-guess-jeans-10\/","title":{"rendered":"Jeans Guess Jeans"},"content":{"rendered":"<p>Jeans classico in total blu denim dark, con tasche sagomate sul fronte, pi\u00f9 tasche a toppa sul retro. La vestibilit\u00e0 \u00e8 morbida e pratica grazie a bottone pi\u00f9 zip. I jeans sono adatti per occasioni casual e facilmente combinabili. Indossa questo capo per essere impeccabile.<br \/>Cod. art. W3BAJ3 D56A2 SZ<br \/>Vi ricordiamo che tutti i nostri articoli sono originali.<\/p>\n","protected":false},"excerpt":{"rendered":"<p>Jeans classico in total blu denim dark, con tasche sagomate sul fronte, pi\u00f9 tasche a toppa sul retro. La vestibilit\u00e0 \u00e8 morbida e pratica grazie a bottone pi\u00f9 zip. I jeans sono adatti per occasioni casual e facilmente combinabili. Indossa questo capo per essere impeccabile.Cod. art. W3BAJ3 D56A2 SZVi ricordiamo che tutti i nostri articoli&#8230;<\/p>\n","protected":false},"featured_media":305505,"template":"","meta":{"inline_featured_image":false},"ss_brand":[1202],"ss_promo":[2181],"ss_season":[2431],"product_cat":[1329,1658,1338],"product_tag":[2405,2407,1775,2536],"class_list":{"0":"post-305509","1":"product","2":"type-product","3":"status-publish","4":"has-post-thumbnail","6":"ss_brand-guess-donna","7":"ss_promo-ultime-occasioni-donna","8":"ss_season-ai25","9":"product_cat-abbigliamento-donna","10":"product_cat-collezione-donna","11":"product_cat-jeans-da-donna","12":"product_tag-look-da-aperitivo-donna","13":"product_tag-look-da-sabato-sera-donna","14":"product_tag-jeans-guess-donna","15":"product_tag-promo-codice-w","17":"first","18":"instock","19":"sale","20":"shipping-taxable","21":"purchasable","22":"product-type-variable","23":"has-default-attributes"},"acf":{"ss_brand":[{"term_id":1202,"name":"GUESS","slug":"guess-donna","term_group":0,"term_taxonomy_id":1202,"taxonomy":"ss_brand","description":"<strong>Abbigliamento donna Guess scontato: e ora chi ti ferma pi\u00f9?<\/strong> Sei alla ricerca di outfit in <strong>stile urban-chic<\/strong> e iper-femminili? Allora dai un\u2019occhiata alla nostra selezione di <strong>abbigliamento e accessori Guess<\/strong>! <strong>Lasciati ispirare e sfoglia le nostre proposte di capi e accessori Guess da donna scontatissimi!<\/strong>","parent":1201,"count":506,"filter":"raw"}],"ss_promo":[2181],"ss_season":[{"term_id":2431,"name":"AI25","slug":"ai25","term_group":0,"term_taxonomy_id":2431,"taxonomy":"ss_season","description":"","parent":0,"count":2133,"filter":"raw"}],"ss_old_price":"120,00","ss_omnibus_price":"0,00","ss_style_advice":"<p>Jeans classico in total blu denim dark, con tasche sagomate sul fronte, pi\u00f9 tasche a toppa sul retro. La vestibilit\u00e0 \u00e8 morbida e pratica grazie a bottone pi\u00f9 zip. I jeans sono adatti per occasioni casual e facilmente combinabili. Indossa questo capo per essere impeccabile.<br \/>Cod. art. W3BAJ3 D56A2 SZ<br \/>Vi ricordiamo che tutti i nostri articoli sono originali.<\/p>\n","ss_composition":"<p>70% cotone 12% canapa 12% lyocell 6% poliestere 1% elastane<\/p>\n","ss_fit":"<p>La modella \u00e8 alta 172 cm e indossa la taglia 27 US corrispondente alla 40\/42 italiana. La vestibilit\u00e0 del capo \u00e8 regolare.<\/p>\n"},"yoast_head":"<!-- This site is optimized with the Yoast SEO plugin v22.3 - https:\/\/yoast.com\/wordpress\/plugins\/seo\/ -->\n<title>Jeans Guess Jeans - Acquista online! - Seconda Strada<\/title>\n<meta name=\"description\" content=\"Jeans Guess Jeans \u27a4 Acquista online su Secondastrada.com Jeans Guess Jeans \u2714\ufe0f Spedizione veloce entro 24h in tutta Italia \u2714\ufe0f Sconto sul tuo primo acquisto\" \/>\n<meta name=\"robots\" content=\"index, follow, max-snippet:-1, max-image-preview:large, max-video-preview:-1\" \/>\n<link rel=\"canonical\" href=\"https:\/\/www.secondastrada.com\/it\/jeans-guess-jeans-10\/\" \/>\n<meta property=\"og:locale\" content=\"it_IT\" \/>\n<meta property=\"og:type\" content=\"article\" \/>\n<meta property=\"og:title\" content=\"Jeans Guess Jeans - Acquista online! - Seconda Strada\" \/>\n<meta property=\"og:description\" content=\"Jeans Guess Jeans \u27a4 Acquista online su Secondastrada.com Jeans Guess Jeans \u2714\ufe0f Spedizione veloce entro 24h in tutta Italia \u2714\ufe0f Sconto sul tuo primo acquisto\" \/>\n<meta property=\"og:url\" content=\"https:\/\/www.secondastrada.com\/it\/jeans-guess-jeans-10\/\" \/>\n<meta property=\"og:site_name\" content=\"Seconda Strada\" \/>\n<meta property=\"article:modified_time\" content=\"2026-03-27T10:12:26+00:00\" \/>\n<meta property=\"og:image\" content=\"https:\/\/www.secondastrada.com\/wp-content\/uploads\/2025\/09\/W3BAJ3-D56A2-SZ_WMOO_PE25_1.jpg\" \/>\n\t<meta property=\"og:image:width\" content=\"1000\" \/>\n\t<meta property=\"og:image:height\" content=\"1300\" \/>\n\t<meta property=\"og:image:type\" content=\"image\/jpeg\" \/>\n<meta name=\"twitter:card\" content=\"summary_large_image\" \/>\n<!-- \/ Yoast SEO plugin. -->","yoast_head_json":{"title":"Jeans Guess Jeans - Acquista online! - Seconda Strada","description":"Jeans Guess Jeans \u27a4 Acquista online su Secondastrada.com Jeans Guess Jeans \u2714\ufe0f Spedizione veloce entro 24h in tutta Italia \u2714\ufe0f Sconto sul tuo primo acquisto","robots":{"index":"index","follow":"follow","max-snippet":"max-snippet:-1","max-image-preview":"max-image-preview:large","max-video-preview":"max-video-preview:-1"},"canonical":"https:\/\/www.secondastrada.com\/it\/jeans-guess-jeans-10\/","og_locale":"it_IT","og_type":"article","og_title":"Jeans Guess Jeans - Acquista online! - Seconda Strada","og_description":"Jeans Guess Jeans \u27a4 Acquista online su Secondastrada.com Jeans Guess Jeans \u2714\ufe0f Spedizione veloce entro 24h in tutta Italia \u2714\ufe0f Sconto sul tuo primo acquisto","og_url":"https:\/\/www.secondastrada.com\/it\/jeans-guess-jeans-10\/","og_site_name":"Seconda Strada","article_modified_time":"2026-03-27T10:12:26+00:00","og_image":[{"width":1000,"height":1300,"url":"https:\/\/www.secondastrada.com\/wp-content\/uploads\/2025\/09\/W3BAJ3-D56A2-SZ_WMOO_PE25_1.jpg","type":"image\/jpeg"}],"twitter_card":"summary_large_image","schema":{"@context":"https:\/\/schema.org","@graph":[{"@type":"WebPage","@id":"https:\/\/www.secondastrada.com\/it\/jeans-guess-jeans-10\/","url":"https:\/\/www.secondastrada.com\/it\/jeans-guess-jeans-10\/","name":"Jeans Guess Jeans - Acquista online! - Seconda Strada","isPartOf":{"@id":"https:\/\/www.secondastrada.com\/it\/#website"},"primaryImageOfPage":{"@id":"https:\/\/www.secondastrada.com\/it\/jeans-guess-jeans-10\/#primaryimage"},"image":{"@id":"https:\/\/www.secondastrada.com\/it\/jeans-guess-jeans-10\/#primaryimage"},"thumbnailUrl":"https:\/\/www.secondastrada.com\/wp-content\/uploads\/2025\/09\/W3BAJ3-D56A2-SZ_WMOO_PE25_1.jpg","datePublished":"2025-09-30T13:48:46+00:00","dateModified":"2026-03-27T10:12:26+00:00","description":"Jeans Guess Jeans \u27a4 Acquista online su Secondastrada.com Jeans Guess Jeans \u2714\ufe0f Spedizione veloce entro 24h in tutta Italia \u2714\ufe0f Sconto sul tuo primo acquisto","breadcrumb":{"@id":"https:\/\/www.secondastrada.com\/it\/jeans-guess-jeans-10\/#breadcrumb"},"inLanguage":"it-IT","potentialAction":[{"@type":"ReadAction","target":["https:\/\/www.secondastrada.com\/it\/jeans-guess-jeans-10\/"]}]},{"@type":"ImageObject","inLanguage":"it-IT","@id":"https:\/\/www.secondastrada.com\/it\/jeans-guess-jeans-10\/#primaryimage","url":"https:\/\/www.secondastrada.com\/wp-content\/uploads\/2025\/09\/W3BAJ3-D56A2-SZ_WMOO_PE25_1.jpg","contentUrl":"https:\/\/www.secondastrada.com\/wp-content\/uploads\/2025\/09\/W3BAJ3-D56A2-SZ_WMOO_PE25_1.jpg","width":1000,"height":1300,"caption":"W3BAJ3-D56A2-SZ_WMOO_PE25"},{"@type":"BreadcrumbList","@id":"https:\/\/www.secondastrada.com\/it\/jeans-guess-jeans-10\/#breadcrumb","itemListElement":[{"@type":"ListItem","position":1,"name":"Home","item":"https:\/\/www.secondastrada.com\/it\/"},{"@type":"ListItem","position":2,"name":"Shop","item":"https:\/\/www.secondastrada.com\/it\/shop\/"},{"@type":"ListItem","position":3,"name":"Donna","item":"https:\/\/www.secondastrada.com\/it\/collezione-donna\/"},{"@type":"ListItem","position":4,"name":"Abbigliamento","item":"https:\/\/www.secondastrada.com\/it\/collezione-donna\/abbigliamento-donna\/"},{"@type":"ListItem","position":5,"name":"Jeans","item":"https:\/\/www.secondastrada.com\/it\/collezione-donna\/abbigliamento-donna\/jeans-da-donna\/"},{"@type":"ListItem","position":6,"name":"Jeans Guess Jeans"}]},{"@type":"WebSite","@id":"https:\/\/www.secondastrada.com\/it\/#website","url":"https:\/\/www.secondastrada.com\/it\/","name":"Seconda Strada","description":"","publisher":{"@id":"https:\/\/www.secondastrada.com\/it\/#organization"},"potentialAction":[{"@type":"SearchAction","target":{"@type":"EntryPoint","urlTemplate":"https:\/\/www.secondastrada.com\/it\/?s={search_term_string}"},"query-input":"required name=search_term_string"}],"inLanguage":"it-IT"},{"@type":"Organization","@id":"https:\/\/www.secondastrada.com\/it\/#organization","name":"Seconda Strada","url":"https:\/\/www.secondastrada.com\/it\/","logo":{"@type":"ImageObject","inLanguage":"it-IT","@id":"https:\/\/www.secondastrada.com\/it\/#\/schema\/logo\/image\/","url":"https:\/\/www.secondastrada.com\/wp-content\/uploads\/2023\/11\/secondastrada-logo.svg","contentUrl":"https:\/\/www.secondastrada.com\/wp-content\/uploads\/2023\/11\/secondastrada-logo.svg","width":353,"height":47,"caption":"Seconda Strada"},"image":{"@id":"https:\/\/www.secondastrada.com\/it\/#\/schema\/logo\/image\/"}}]}},"df_price":48,"df_sale_price":"","df_regular_price":48,"df_image_link":"https:\/\/www.secondastrada.com\/wp-content\/uploads\/2025\/09\/W3BAJ3-D56A2-SZ_WMOO_PE25_1-300x300.jpg","_links":{"self":[{"href":"https:\/\/www.secondastrada.com\/it\/wp-json\/wp\/v2\/product\/305509"}],"collection":[{"href":"https:\/\/www.secondastrada.com\/it\/wp-json\/wp\/v2\/product"}],"about":[{"href":"https:\/\/www.secondastrada.com\/it\/wp-json\/wp\/v2\/types\/product"}],"wp:featuredmedia":[{"embeddable":true,"href":"https:\/\/www.secondastrada.com\/it\/wp-json\/wp\/v2\/media\/305505"}],"wp:attachment":[{"href":"https:\/\/www.secondastrada.com\/it\/wp-json\/wp\/v2\/media?parent=305509"}],"wp:term":[{"taxonomy":"ss_brand","embeddable":true,"href":"https:\/\/www.secondastrada.com\/it\/wp-json\/wp\/v2\/ss_brand?post=305509"},{"taxonomy":"ss_promo","embeddable":true,"href":"https:\/\/www.secondastrada.com\/it\/wp-json\/wp\/v2\/ss_promo?post=305509"},{"taxonomy":"ss_season","embeddable":true,"href":"https:\/\/www.secondastrada.com\/it\/wp-json\/wp\/v2\/ss_season?post=305509"},{"taxonomy":"product_cat","embeddable":true,"href":"https:\/\/www.secondastrada.com\/it\/wp-json\/wp\/v2\/product_cat?post=305509"},{"taxonomy":"product_tag","embeddable":true,"href":"https:\/\/www.secondastrada.com\/it\/wp-json\/wp\/v2\/product_tag?post=305509"}],"curies":[{"name":"wp","href":"https:\/\/api.w.org\/{rel}","templated":true}]}}