{"id":30857,"date":"2024-03-31T19:39:33","date_gmt":"2024-03-31T17:39:33","guid":{"rendered":"http:\/\/secondastrada.com\/bermuda-gant-verde\/"},"modified":"2026-01-29T12:39:56","modified_gmt":"2026-01-29T11:39:56","slug":"bermuda-gant-verde","status":"publish","type":"product","link":"https:\/\/www.secondastrada.com\/it\/bermuda-gant-verde\/","title":{"rendered":"Bermuda Gant Verde"},"content":{"rendered":"<p>Bermuda in total verde militare. Presenti tasche a taglio trasversale sul fronte e tasche a taglio sul retro pi\u00f9 risvoltini. La vestibilit\u00e0 \u00e8 morbida e pratica grazie a bottone pi\u00f9 zip. I bermuda sono ideali per occasioni casual. Per non sbagliare, indossali. L&#8217;articolo appartiene al campionario esclusivo di stagione: pezzo unico<\/p>\n","protected":false},"excerpt":{"rendered":"<p>Bermuda in total verde militare. Presenti tasche a taglio trasversale sul fronte e tasche a taglio sul retro pi\u00f9 risvoltini. La vestibilit\u00e0 \u00e8 morbida e pratica grazie a bottone pi\u00f9 zip. I bermuda sono ideali per occasioni casual. Per non sbagliare, indossali. L&#8217;articolo appartiene al campionario esclusivo di stagione: pezzo unico<\/p>\n","protected":false},"featured_media":24776,"template":"","meta":{"inline_featured_image":false},"ss_brand":[1896],"ss_promo":[2182],"ss_season":[1664],"product_cat":[1332,1551,1714],"product_tag":[1953],"class_list":{"0":"post-30857","1":"product","2":"type-product","3":"status-publish","4":"has-post-thumbnail","6":"ss_brand-gant-uomo","7":"ss_promo-ultime-occasioni-uomo","8":"ss_season-pe2024","9":"product_cat-abbigliamento-uomo","10":"product_cat-bermuda-da-uomo","11":"product_cat-collezione-uomo","12":"product_tag-campionario","14":"first","15":"outofstock","16":"shipping-taxable","17":"product-type-variable","18":"has-default-attributes"},"acf":{"ss_brand":[{"term_id":1896,"name":"GANT","slug":"gant-uomo","term_group":0,"term_taxonomy_id":1896,"taxonomy":"ss_brand","description":"Eleganza e comfort sono i tratti distintivi della filosofia di Gant. Scopri le collezioni del brand casual-chic pi\u00f9 cool in offerta nel nostro esclusivo store online di grandi firme!\u00a0Acquista online su SecondaStrada.com abbigliamento da uomo Gant scontatissimo!","parent":1268,"count":198,"filter":"raw"}],"ss_promo":[2182],"ss_season":[{"term_id":1664,"name":"PE24","slug":"pe2024","term_group":0,"term_taxonomy_id":1664,"taxonomy":"ss_season","description":"","parent":0,"count":1722,"filter":"raw"}],"ss_old_price":"125,00","ss_omnibus_price":"0,00","ss_style_advice":"<p>Bermuda in total verde militare. Presenti tasche a taglio trasversale sul fronte e tasche a taglio sul retro pi\u00f9 risvoltini. La vestibilit\u00e0 \u00e8 morbida e pratica grazie a bottone pi\u00f9 zip. I bermuda sono ideali per occasioni casual. Per non sbagliare, indossali. L&#8217;articolo appartiene al campionario esclusivo di stagione: pezzo unico<\/p>\n","ss_composition":"<p>97% cotone 3% elastane<\/p>\n","ss_fit":"<p>Il modello \u00e8 alto 178 cm e indossa la taglia 33 US corrispondente alla taglia 46\/48 italiana. La vestibilit\u00e0 del capo \u00e8 regolare<\/p>\n"},"yoast_head":"<!-- This site is optimized with the Yoast SEO plugin v22.3 - https:\/\/yoast.com\/wordpress\/plugins\/seo\/ -->\n<title>Bermuda Gant Verde - Acquista online! - Seconda Strada<\/title>\n<meta name=\"description\" content=\"Bermuda Gant Verde \u27a4 Acquista online su Secondastrada.com Bermuda Gant Verde \u2714\ufe0f Spedizione veloce entro 24h in tutta Italia \u2714\ufe0f Sconto sul tuo primo acquisto\" \/>\n<meta name=\"robots\" content=\"index, follow, max-snippet:-1, max-image-preview:large, max-video-preview:-1\" \/>\n<link rel=\"canonical\" href=\"https:\/\/www.secondastrada.com\/it\/bermuda-gant-verde\/\" \/>\n<meta property=\"og:locale\" content=\"it_IT\" \/>\n<meta property=\"og:type\" content=\"article\" \/>\n<meta property=\"og:title\" content=\"Bermuda Gant Verde - Acquista online! - Seconda Strada\" \/>\n<meta property=\"og:description\" content=\"Bermuda Gant Verde \u27a4 Acquista online su Secondastrada.com Bermuda Gant Verde \u2714\ufe0f Spedizione veloce entro 24h in tutta Italia \u2714\ufe0f Sconto sul tuo primo acquisto\" \/>\n<meta property=\"og:url\" content=\"https:\/\/www.secondastrada.com\/it\/bermuda-gant-verde\/\" \/>\n<meta property=\"og:site_name\" content=\"Seconda Strada\" \/>\n<meta property=\"article:modified_time\" content=\"2026-01-29T11:39:56+00:00\" \/>\n<meta property=\"og:image\" content=\"https:\/\/www.secondastrada.com\/wp-content\/uploads\/2024\/03\/2401-205077-N-cu_VERDE_PE24_1.jpg\" \/>\n\t<meta property=\"og:image:width\" content=\"1000\" \/>\n\t<meta property=\"og:image:height\" content=\"1300\" \/>\n\t<meta property=\"og:image:type\" content=\"image\/jpeg\" \/>\n<meta name=\"twitter:card\" content=\"summary_large_image\" \/>\n<!-- \/ Yoast SEO plugin. -->","yoast_head_json":{"title":"Bermuda Gant Verde - Acquista online! - Seconda Strada","description":"Bermuda Gant Verde \u27a4 Acquista online su Secondastrada.com Bermuda Gant Verde \u2714\ufe0f Spedizione veloce entro 24h in tutta Italia \u2714\ufe0f Sconto sul tuo primo acquisto","robots":{"index":"index","follow":"follow","max-snippet":"max-snippet:-1","max-image-preview":"max-image-preview:large","max-video-preview":"max-video-preview:-1"},"canonical":"https:\/\/www.secondastrada.com\/it\/bermuda-gant-verde\/","og_locale":"it_IT","og_type":"article","og_title":"Bermuda Gant Verde - Acquista online! - Seconda Strada","og_description":"Bermuda Gant Verde \u27a4 Acquista online su Secondastrada.com Bermuda Gant Verde \u2714\ufe0f Spedizione veloce entro 24h in tutta Italia \u2714\ufe0f Sconto sul tuo primo acquisto","og_url":"https:\/\/www.secondastrada.com\/it\/bermuda-gant-verde\/","og_site_name":"Seconda Strada","article_modified_time":"2026-01-29T11:39:56+00:00","og_image":[{"width":1000,"height":1300,"url":"https:\/\/www.secondastrada.com\/wp-content\/uploads\/2024\/03\/2401-205077-N-cu_VERDE_PE24_1.jpg","type":"image\/jpeg"}],"twitter_card":"summary_large_image","schema":{"@context":"https:\/\/schema.org","@graph":[{"@type":"WebPage","@id":"https:\/\/www.secondastrada.com\/it\/bermuda-gant-verde\/","url":"https:\/\/www.secondastrada.com\/it\/bermuda-gant-verde\/","name":"Bermuda Gant Verde - Acquista online! - Seconda Strada","isPartOf":{"@id":"https:\/\/www.secondastrada.com\/it\/#website"},"primaryImageOfPage":{"@id":"https:\/\/www.secondastrada.com\/it\/bermuda-gant-verde\/#primaryimage"},"image":{"@id":"https:\/\/www.secondastrada.com\/it\/bermuda-gant-verde\/#primaryimage"},"thumbnailUrl":"https:\/\/www.secondastrada.com\/wp-content\/uploads\/2024\/03\/2401-205077-N-cu_VERDE_PE24_1.jpg","datePublished":"2024-03-31T17:39:33+00:00","dateModified":"2026-01-29T11:39:56+00:00","description":"Bermuda Gant Verde \u27a4 Acquista online su Secondastrada.com Bermuda Gant Verde \u2714\ufe0f Spedizione veloce entro 24h in tutta Italia \u2714\ufe0f Sconto sul tuo primo acquisto","breadcrumb":{"@id":"https:\/\/www.secondastrada.com\/it\/bermuda-gant-verde\/#breadcrumb"},"inLanguage":"it-IT","potentialAction":[{"@type":"ReadAction","target":["https:\/\/www.secondastrada.com\/it\/bermuda-gant-verde\/"]}]},{"@type":"ImageObject","inLanguage":"it-IT","@id":"https:\/\/www.secondastrada.com\/it\/bermuda-gant-verde\/#primaryimage","url":"https:\/\/www.secondastrada.com\/wp-content\/uploads\/2024\/03\/2401-205077-N-cu_VERDE_PE24_1.jpg","contentUrl":"https:\/\/www.secondastrada.com\/wp-content\/uploads\/2024\/03\/2401-205077-N-cu_VERDE_PE24_1.jpg","width":1000,"height":1300,"caption":"2401-205077-N-cu_VERDE_PE24"},{"@type":"BreadcrumbList","@id":"https:\/\/www.secondastrada.com\/it\/bermuda-gant-verde\/#breadcrumb","itemListElement":[{"@type":"ListItem","position":1,"name":"Home","item":"https:\/\/www.secondastrada.com\/it\/"},{"@type":"ListItem","position":2,"name":"Shop","item":"https:\/\/www.secondastrada.com\/it\/shop\/"},{"@type":"ListItem","position":3,"name":"Uomo","item":"https:\/\/www.secondastrada.com\/it\/collezione-uomo\/"},{"@type":"ListItem","position":4,"name":"Abbigliamento","item":"https:\/\/www.secondastrada.com\/it\/collezione-uomo\/abbigliamento-uomo\/"},{"@type":"ListItem","position":5,"name":"Bermuda","item":"https:\/\/www.secondastrada.com\/it\/collezione-uomo\/abbigliamento-uomo\/bermuda-da-uomo\/"},{"@type":"ListItem","position":6,"name":"Bermuda Gant Verde"}]},{"@type":"WebSite","@id":"https:\/\/www.secondastrada.com\/it\/#website","url":"https:\/\/www.secondastrada.com\/it\/","name":"Seconda Strada","description":"","publisher":{"@id":"https:\/\/www.secondastrada.com\/it\/#organization"},"potentialAction":[{"@type":"SearchAction","target":{"@type":"EntryPoint","urlTemplate":"https:\/\/www.secondastrada.com\/it\/?s={search_term_string}"},"query-input":"required name=search_term_string"}],"inLanguage":"it-IT"},{"@type":"Organization","@id":"https:\/\/www.secondastrada.com\/it\/#organization","name":"Seconda Strada","url":"https:\/\/www.secondastrada.com\/it\/","logo":{"@type":"ImageObject","inLanguage":"it-IT","@id":"https:\/\/www.secondastrada.com\/it\/#\/schema\/logo\/image\/","url":"https:\/\/www.secondastrada.com\/wp-content\/uploads\/2023\/11\/secondastrada-logo.svg","contentUrl":"https:\/\/www.secondastrada.com\/wp-content\/uploads\/2023\/11\/secondastrada-logo.svg","width":353,"height":47,"caption":"Seconda Strada"},"image":{"@id":"https:\/\/www.secondastrada.com\/it\/#\/schema\/logo\/image\/"}}]}},"df_price":"","df_sale_price":"","df_regular_price":"","df_image_link":"https:\/\/www.secondastrada.com\/wp-content\/uploads\/2024\/03\/2401-205077-N-cu_VERDE_PE24_1-300x300.jpg","_links":{"self":[{"href":"https:\/\/www.secondastrada.com\/it\/wp-json\/wp\/v2\/product\/30857"}],"collection":[{"href":"https:\/\/www.secondastrada.com\/it\/wp-json\/wp\/v2\/product"}],"about":[{"href":"https:\/\/www.secondastrada.com\/it\/wp-json\/wp\/v2\/types\/product"}],"wp:featuredmedia":[{"embeddable":true,"href":"https:\/\/www.secondastrada.com\/it\/wp-json\/wp\/v2\/media\/24776"}],"wp:attachment":[{"href":"https:\/\/www.secondastrada.com\/it\/wp-json\/wp\/v2\/media?parent=30857"}],"wp:term":[{"taxonomy":"ss_brand","embeddable":true,"href":"https:\/\/www.secondastrada.com\/it\/wp-json\/wp\/v2\/ss_brand?post=30857"},{"taxonomy":"ss_promo","embeddable":true,"href":"https:\/\/www.secondastrada.com\/it\/wp-json\/wp\/v2\/ss_promo?post=30857"},{"taxonomy":"ss_season","embeddable":true,"href":"https:\/\/www.secondastrada.com\/it\/wp-json\/wp\/v2\/ss_season?post=30857"},{"taxonomy":"product_cat","embeddable":true,"href":"https:\/\/www.secondastrada.com\/it\/wp-json\/wp\/v2\/product_cat?post=30857"},{"taxonomy":"product_tag","embeddable":true,"href":"https:\/\/www.secondastrada.com\/it\/wp-json\/wp\/v2\/product_tag?post=30857"}],"curies":[{"name":"wp","href":"https:\/\/api.w.org\/{rel}","templated":true}]}}