{"id":30881,"date":"2024-03-31T19:51:09","date_gmt":"2024-03-31T17:51:09","guid":{"rendered":"http:\/\/secondastrada.com\/felpa-disclaimer-nero\/"},"modified":"2026-01-29T12:21:24","modified_gmt":"2026-01-29T11:21:24","slug":"felpa-disclaimer-nero","status":"publish","type":"product","link":"https:\/\/www.secondastrada.com\/it\/felpa-disclaimer-nero\/","title":{"rendered":"Felpa Disclaimer Nero"},"content":{"rendered":"<p>Felpa classica su base nera con stampa logo brand bianco ad altezza cuore che richiama la stampa sfumata presente sia sulle maniche che sul retro. La vestibilit\u00e0 \u00e8 morbida e regolare. La felpa \u00e8 ideale per occasioni casual e sportive ed \u00e8 facilmente abbinabile. Inseriscila nel carrello per avere un capo super adattabile.  L&#8217;articolo appartiene al campionario esclusivo di stagione: pezzo unico.<\/p>\n","protected":false},"excerpt":{"rendered":"<p>Felpa classica su base nera con stampa logo brand bianco ad altezza cuore che richiama la stampa sfumata presente sia sulle maniche che sul retro. La vestibilit\u00e0 \u00e8 morbida e regolare. La felpa \u00e8 ideale per occasioni casual e sportive ed \u00e8 facilmente abbinabile. Inseriscila nel carrello per avere un capo super adattabile. L&#8217;articolo appartiene&#8230;<\/p>\n","protected":false},"featured_media":47062,"template":"","meta":{"inline_featured_image":false},"ss_brand":[1887],"ss_promo":[2182],"ss_season":[1664],"product_cat":[1332,1480,1714],"product_tag":[1953],"class_list":{"0":"post-30881","1":"product","2":"type-product","3":"status-publish","4":"has-post-thumbnail","6":"ss_brand-disclaimer-uomo","7":"ss_promo-ultime-occasioni-uomo","8":"ss_season-pe2024","9":"product_cat-abbigliamento-uomo","10":"product_cat-felpe-da-uomo","11":"product_cat-collezione-uomo","12":"product_tag-campionario","14":"first","15":"outofstock","16":"sold-individually","17":"shipping-taxable","18":"product-type-variable","19":"has-default-attributes"},"acf":{"ss_brand":[{"term_id":1887,"name":"DISCLAIMER","slug":"disclaimer-uomo","term_group":0,"term_taxonomy_id":1887,"taxonomy":"ss_brand","description":"Positivit\u00e0, sostenibilit\u00e0, rispetto: sono questi i valori su cui punta Disclaimer abbigliamento uomo. A questo aggiunto la passione e la creativit\u00e0 per dar forma ad uno stile cool e contemporaneo.","parent":1268,"count":36,"filter":"raw"}],"ss_promo":[2182],"ss_season":[{"term_id":1664,"name":"PE24","slug":"pe2024","term_group":0,"term_taxonomy_id":1664,"taxonomy":"ss_season","description":"","parent":0,"count":1722,"filter":"raw"}],"ss_old_price":"98,00","ss_omnibus_price":"0,00","ss_style_advice":"<p>Felpa classica su base nera con stampa logo brand bianco ad altezza cuore che richiama la stampa sfumata presente sia sulle maniche che sul retro. La vestibilit\u00e0 \u00e8 morbida e regolare. La felpa \u00e8 ideale per occasioni casual e sportive ed \u00e8 facilmente abbinabile. Inseriscila nel carrello per avere un capo super adattabile.  L&#8217;articolo appartiene al campionario esclusivo di stagione: pezzo unico.<\/p>\n","ss_composition":"<p>100% cotone<\/p>\n","ss_fit":"<p>Il modello \u00e8 alto 188 cm e indossa la taglia M. La vestibilit\u00e0 del capo \u00e8 regolare<\/p>\n"},"yoast_head":"<!-- This site is optimized with the Yoast SEO plugin v22.3 - https:\/\/yoast.com\/wordpress\/plugins\/seo\/ -->\n<title>Felpa Disclaimer Nero - Acquista online! - Seconda Strada<\/title>\n<meta name=\"description\" content=\"Felpa Disclaimer Nero \u27a4 Acquista online su Secondastrada.com Felpa Disclaimer Nero \u2714\ufe0f Spedizione veloce entro 24h in tutta Italia \u2714\ufe0f Sconto sul tuo primo acquisto\" \/>\n<meta name=\"robots\" content=\"index, follow, max-snippet:-1, max-image-preview:large, max-video-preview:-1\" \/>\n<link rel=\"canonical\" href=\"https:\/\/www.secondastrada.com\/it\/felpa-disclaimer-nero\/\" \/>\n<meta property=\"og:locale\" content=\"it_IT\" \/>\n<meta property=\"og:type\" content=\"article\" \/>\n<meta property=\"og:title\" content=\"Felpa Disclaimer Nero - Acquista online! - Seconda Strada\" \/>\n<meta property=\"og:description\" content=\"Felpa Disclaimer Nero \u27a4 Acquista online su Secondastrada.com Felpa Disclaimer Nero \u2714\ufe0f Spedizione veloce entro 24h in tutta Italia \u2714\ufe0f Sconto sul tuo primo acquisto\" \/>\n<meta property=\"og:url\" content=\"https:\/\/www.secondastrada.com\/it\/felpa-disclaimer-nero\/\" \/>\n<meta property=\"og:site_name\" content=\"Seconda Strada\" \/>\n<meta property=\"article:modified_time\" content=\"2026-01-29T11:21:24+00:00\" \/>\n<meta property=\"og:image\" content=\"https:\/\/www.secondastrada.com\/wp-content\/uploads\/2024\/04\/24EDS54201-M-cu_NERO_PE24_1.jpg\" \/>\n\t<meta property=\"og:image:width\" content=\"1000\" \/>\n\t<meta property=\"og:image:height\" content=\"1300\" \/>\n\t<meta property=\"og:image:type\" content=\"image\/jpeg\" \/>\n<meta name=\"twitter:card\" content=\"summary_large_image\" \/>\n<!-- \/ Yoast SEO plugin. -->","yoast_head_json":{"title":"Felpa Disclaimer Nero - Acquista online! - Seconda Strada","description":"Felpa Disclaimer Nero \u27a4 Acquista online su Secondastrada.com Felpa Disclaimer Nero \u2714\ufe0f Spedizione veloce entro 24h in tutta Italia \u2714\ufe0f Sconto sul tuo primo acquisto","robots":{"index":"index","follow":"follow","max-snippet":"max-snippet:-1","max-image-preview":"max-image-preview:large","max-video-preview":"max-video-preview:-1"},"canonical":"https:\/\/www.secondastrada.com\/it\/felpa-disclaimer-nero\/","og_locale":"it_IT","og_type":"article","og_title":"Felpa Disclaimer Nero - Acquista online! - Seconda Strada","og_description":"Felpa Disclaimer Nero \u27a4 Acquista online su Secondastrada.com Felpa Disclaimer Nero \u2714\ufe0f Spedizione veloce entro 24h in tutta Italia \u2714\ufe0f Sconto sul tuo primo acquisto","og_url":"https:\/\/www.secondastrada.com\/it\/felpa-disclaimer-nero\/","og_site_name":"Seconda Strada","article_modified_time":"2026-01-29T11:21:24+00:00","og_image":[{"width":1000,"height":1300,"url":"https:\/\/www.secondastrada.com\/wp-content\/uploads\/2024\/04\/24EDS54201-M-cu_NERO_PE24_1.jpg","type":"image\/jpeg"}],"twitter_card":"summary_large_image","schema":{"@context":"https:\/\/schema.org","@graph":[{"@type":"WebPage","@id":"https:\/\/www.secondastrada.com\/it\/felpa-disclaimer-nero\/","url":"https:\/\/www.secondastrada.com\/it\/felpa-disclaimer-nero\/","name":"Felpa Disclaimer Nero - Acquista online! - Seconda Strada","isPartOf":{"@id":"https:\/\/www.secondastrada.com\/it\/#website"},"primaryImageOfPage":{"@id":"https:\/\/www.secondastrada.com\/it\/felpa-disclaimer-nero\/#primaryimage"},"image":{"@id":"https:\/\/www.secondastrada.com\/it\/felpa-disclaimer-nero\/#primaryimage"},"thumbnailUrl":"https:\/\/www.secondastrada.com\/wp-content\/uploads\/2024\/04\/24EDS54201-M-cu_NERO_PE24_1.jpg","datePublished":"2024-03-31T17:51:09+00:00","dateModified":"2026-01-29T11:21:24+00:00","description":"Felpa Disclaimer Nero \u27a4 Acquista online su Secondastrada.com Felpa Disclaimer Nero \u2714\ufe0f Spedizione veloce entro 24h in tutta Italia \u2714\ufe0f Sconto sul tuo primo acquisto","breadcrumb":{"@id":"https:\/\/www.secondastrada.com\/it\/felpa-disclaimer-nero\/#breadcrumb"},"inLanguage":"it-IT","potentialAction":[{"@type":"ReadAction","target":["https:\/\/www.secondastrada.com\/it\/felpa-disclaimer-nero\/"]}]},{"@type":"ImageObject","inLanguage":"it-IT","@id":"https:\/\/www.secondastrada.com\/it\/felpa-disclaimer-nero\/#primaryimage","url":"https:\/\/www.secondastrada.com\/wp-content\/uploads\/2024\/04\/24EDS54201-M-cu_NERO_PE24_1.jpg","contentUrl":"https:\/\/www.secondastrada.com\/wp-content\/uploads\/2024\/04\/24EDS54201-M-cu_NERO_PE24_1.jpg","width":1000,"height":1300,"caption":"24EDS54201-M-cu_NERO_PE24"},{"@type":"BreadcrumbList","@id":"https:\/\/www.secondastrada.com\/it\/felpa-disclaimer-nero\/#breadcrumb","itemListElement":[{"@type":"ListItem","position":1,"name":"Home","item":"https:\/\/www.secondastrada.com\/it\/"},{"@type":"ListItem","position":2,"name":"Shop","item":"https:\/\/www.secondastrada.com\/it\/shop\/"},{"@type":"ListItem","position":3,"name":"Uomo","item":"https:\/\/www.secondastrada.com\/it\/collezione-uomo\/"},{"@type":"ListItem","position":4,"name":"Abbigliamento","item":"https:\/\/www.secondastrada.com\/it\/collezione-uomo\/abbigliamento-uomo\/"},{"@type":"ListItem","position":5,"name":"Felpe","item":"https:\/\/www.secondastrada.com\/it\/collezione-uomo\/abbigliamento-uomo\/felpe-da-uomo\/"},{"@type":"ListItem","position":6,"name":"Felpa Disclaimer Nero"}]},{"@type":"WebSite","@id":"https:\/\/www.secondastrada.com\/it\/#website","url":"https:\/\/www.secondastrada.com\/it\/","name":"Seconda Strada","description":"","publisher":{"@id":"https:\/\/www.secondastrada.com\/it\/#organization"},"potentialAction":[{"@type":"SearchAction","target":{"@type":"EntryPoint","urlTemplate":"https:\/\/www.secondastrada.com\/it\/?s={search_term_string}"},"query-input":"required name=search_term_string"}],"inLanguage":"it-IT"},{"@type":"Organization","@id":"https:\/\/www.secondastrada.com\/it\/#organization","name":"Seconda Strada","url":"https:\/\/www.secondastrada.com\/it\/","logo":{"@type":"ImageObject","inLanguage":"it-IT","@id":"https:\/\/www.secondastrada.com\/it\/#\/schema\/logo\/image\/","url":"https:\/\/www.secondastrada.com\/wp-content\/uploads\/2023\/11\/secondastrada-logo.svg","contentUrl":"https:\/\/www.secondastrada.com\/wp-content\/uploads\/2023\/11\/secondastrada-logo.svg","width":353,"height":47,"caption":"Seconda Strada"},"image":{"@id":"https:\/\/www.secondastrada.com\/it\/#\/schema\/logo\/image\/"}}]}},"df_price":"","df_sale_price":"","df_regular_price":"","df_image_link":"https:\/\/www.secondastrada.com\/wp-content\/uploads\/2024\/04\/24EDS54201-M-cu_NERO_PE24_1-300x300.jpg","_links":{"self":[{"href":"https:\/\/www.secondastrada.com\/it\/wp-json\/wp\/v2\/product\/30881"}],"collection":[{"href":"https:\/\/www.secondastrada.com\/it\/wp-json\/wp\/v2\/product"}],"about":[{"href":"https:\/\/www.secondastrada.com\/it\/wp-json\/wp\/v2\/types\/product"}],"wp:featuredmedia":[{"embeddable":true,"href":"https:\/\/www.secondastrada.com\/it\/wp-json\/wp\/v2\/media\/47062"}],"wp:attachment":[{"href":"https:\/\/www.secondastrada.com\/it\/wp-json\/wp\/v2\/media?parent=30881"}],"wp:term":[{"taxonomy":"ss_brand","embeddable":true,"href":"https:\/\/www.secondastrada.com\/it\/wp-json\/wp\/v2\/ss_brand?post=30881"},{"taxonomy":"ss_promo","embeddable":true,"href":"https:\/\/www.secondastrada.com\/it\/wp-json\/wp\/v2\/ss_promo?post=30881"},{"taxonomy":"ss_season","embeddable":true,"href":"https:\/\/www.secondastrada.com\/it\/wp-json\/wp\/v2\/ss_season?post=30881"},{"taxonomy":"product_cat","embeddable":true,"href":"https:\/\/www.secondastrada.com\/it\/wp-json\/wp\/v2\/product_cat?post=30881"},{"taxonomy":"product_tag","embeddable":true,"href":"https:\/\/www.secondastrada.com\/it\/wp-json\/wp\/v2\/product_tag?post=30881"}],"curies":[{"name":"wp","href":"https:\/\/api.w.org\/{rel}","templated":true}]}}