{"id":30997,"date":"2024-03-28T21:03:30","date_gmt":"2024-03-28T20:03:30","guid":{"rendered":"http:\/\/secondastrada.com\/gonna-guess-by-marciano-fantasia-azzurra\/"},"modified":"2026-01-29T12:17:59","modified_gmt":"2026-01-29T11:17:59","slug":"gonna-guess-by-marciano-fantasia-azzurra","status":"publish","type":"product","link":"https:\/\/www.secondastrada.com\/it\/gonna-guess-by-marciano-fantasia-azzurra\/","title":{"rendered":"Gonna Guess by Marciano fantasia azzurra"},"content":{"rendered":"<p><b>COMPOSIZIONE E VESTIBILIT\u00c0:<\/b><br \/>\n100% poliestere<br \/>\nLa modella \u00e8 alta 170 cm e indossa la taglia S. La vestibilit\u00e0 del capo \u00e8 regolare..<br \/>\n<b>CONSIGLI DI STILE:<\/b><br \/>\nGonna pliss\u00e8 su sfondo azzurro chiaro con stampa allover oro e verde. La vestib<\/p>\n","protected":false},"excerpt":{"rendered":"<p>COMPOSIZIONE E VESTIBILIT\u00c0: 100% poliestere La modella \u00e8 alta 170 cm e indossa la taglia S. La vestibilit\u00e0 del capo \u00e8 regolare.. CONSIGLI DI STILE: Gonna pliss\u00e8 su sfondo azzurro chiaro con stampa allover oro e verde. La vestib<\/p>\n","protected":false},"featured_media":40488,"template":"","meta":{"inline_featured_image":false},"ss_brand":[1898],"ss_promo":[2181],"ss_season":[2005],"product_cat":[1329,1658,1341,2423],"product_tag":[1953,2188],"class_list":{"0":"post-30997","1":"product","2":"type-product","3":"status-publish","4":"has-post-thumbnail","6":"ss_brand-guess-by-marciano-donna","7":"ss_promo-ultime-occasioni-donna","8":"ss_season-ai23","9":"product_cat-abbigliamento-donna","10":"product_cat-collezione-donna","11":"product_cat-gonne-da-donna","12":"product_cat-svendita-donna","13":"product_tag-campionario","14":"product_tag-ufficio-da-donna","16":"first","17":"outofstock","18":"sold-individually","19":"shipping-taxable","20":"product-type-variable","21":"has-default-attributes"},"acf":{"ss_brand":[{"term_id":1898,"name":"Marciano by Guess","slug":"guess-by-marciano-donna","term_group":0,"term_taxonomy_id":1898,"taxonomy":"ss_brand","description":"Guess by Marciano \u00e8 la traduzione di abbigliamento da donna sensuale, raffinato, elegante, capace di raccontare l\u2019identit\u00e0 femminile tramite outfit divenuti icona nel mondo.","parent":1201,"count":10,"filter":"raw"}],"ss_promo":[2181],"ss_season":[{"term_id":2005,"name":"AI23","slug":"ai23","term_group":0,"term_taxonomy_id":2005,"taxonomy":"ss_season","description":"","parent":0,"count":601,"filter":"raw"}],"ss_old_price":"200,00","ss_omnibus_price":"0,00","ss_style_advice":"<p><b>COMPOSIZIONE E VESTIBILIT\u00c0:<\/b><br \/>100% poliestere<br \/>La modella \u00e8 alta 170 cm e indossa la taglia S. La vestibilit\u00e0 del capo \u00e8 regolare..<br \/><b>CONSIGLI DI STILE:<\/b><br \/>Gonna pliss\u00e8 su sfondo azzurro chiaro con stampa allover oro e verde. La vestib<\/p>\n","ss_composition":"<p>100% poliestere<\/p>\n","ss_fit":"<p>Gonna GUESS By Marciano<\/p>\n"},"yoast_head":"<!-- This site is optimized with the Yoast SEO plugin v22.3 - https:\/\/yoast.com\/wordpress\/plugins\/seo\/ -->\n<title>Gonna Guess by Marciano fantasia azzurra - Acquista online! - Seconda Strada<\/title>\n<meta name=\"description\" content=\"Gonna Guess by Marciano fantasia azzurra \u27a4 Acquista online su Secondastrada.com Gonna Guess by Marciano fantasia azzurra \u2714\ufe0f Spedizione veloce entro 24h in tutta Italia \u2714\ufe0f Sconto sul tuo primo acquisto\" \/>\n<meta name=\"robots\" content=\"index, follow, max-snippet:-1, max-image-preview:large, max-video-preview:-1\" \/>\n<link rel=\"canonical\" href=\"https:\/\/www.secondastrada.com\/it\/gonna-guess-by-marciano-fantasia-azzurra\/\" \/>\n<meta property=\"og:locale\" content=\"it_IT\" \/>\n<meta property=\"og:type\" content=\"article\" \/>\n<meta property=\"og:title\" content=\"Gonna Guess by Marciano fantasia azzurra - Acquista online! - Seconda Strada\" \/>\n<meta property=\"og:description\" content=\"Gonna Guess by Marciano fantasia azzurra \u27a4 Acquista online su Secondastrada.com Gonna Guess by Marciano fantasia azzurra \u2714\ufe0f Spedizione veloce entro 24h in tutta Italia \u2714\ufe0f Sconto sul tuo primo acquisto\" \/>\n<meta property=\"og:url\" content=\"https:\/\/www.secondastrada.com\/it\/gonna-guess-by-marciano-fantasia-azzurra\/\" \/>\n<meta property=\"og:site_name\" content=\"Seconda Strada\" \/>\n<meta property=\"article:modified_time\" content=\"2026-01-29T11:17:59+00:00\" \/>\n<meta property=\"og:image\" content=\"https:\/\/www.secondastrada.com\/wp-content\/uploads\/2024\/04\/3YGD12-9859Z-GS-ct_ND_AI23_1.jpg\" \/>\n\t<meta property=\"og:image:width\" content=\"1000\" \/>\n\t<meta property=\"og:image:height\" content=\"1300\" \/>\n\t<meta property=\"og:image:type\" content=\"image\/jpeg\" \/>\n<meta name=\"twitter:card\" content=\"summary_large_image\" \/>\n<meta name=\"twitter:label1\" content=\"Tempo di lettura stimato\" \/>\n\t<meta name=\"twitter:data1\" content=\"1 minuto\" \/>\n<!-- \/ Yoast SEO plugin. -->","yoast_head_json":{"title":"Gonna Guess by Marciano fantasia azzurra - Acquista online! - Seconda Strada","description":"Gonna Guess by Marciano fantasia azzurra \u27a4 Acquista online su Secondastrada.com Gonna Guess by Marciano fantasia azzurra \u2714\ufe0f Spedizione veloce entro 24h in tutta Italia \u2714\ufe0f Sconto sul tuo primo acquisto","robots":{"index":"index","follow":"follow","max-snippet":"max-snippet:-1","max-image-preview":"max-image-preview:large","max-video-preview":"max-video-preview:-1"},"canonical":"https:\/\/www.secondastrada.com\/it\/gonna-guess-by-marciano-fantasia-azzurra\/","og_locale":"it_IT","og_type":"article","og_title":"Gonna Guess by Marciano fantasia azzurra - Acquista online! - Seconda Strada","og_description":"Gonna Guess by Marciano fantasia azzurra \u27a4 Acquista online su Secondastrada.com Gonna Guess by Marciano fantasia azzurra \u2714\ufe0f Spedizione veloce entro 24h in tutta Italia \u2714\ufe0f Sconto sul tuo primo acquisto","og_url":"https:\/\/www.secondastrada.com\/it\/gonna-guess-by-marciano-fantasia-azzurra\/","og_site_name":"Seconda Strada","article_modified_time":"2026-01-29T11:17:59+00:00","og_image":[{"width":1000,"height":1300,"url":"https:\/\/www.secondastrada.com\/wp-content\/uploads\/2024\/04\/3YGD12-9859Z-GS-ct_ND_AI23_1.jpg","type":"image\/jpeg"}],"twitter_card":"summary_large_image","twitter_misc":{"Tempo di lettura stimato":"1 minuto"},"schema":{"@context":"https:\/\/schema.org","@graph":[{"@type":"WebPage","@id":"https:\/\/www.secondastrada.com\/it\/gonna-guess-by-marciano-fantasia-azzurra\/","url":"https:\/\/www.secondastrada.com\/it\/gonna-guess-by-marciano-fantasia-azzurra\/","name":"Gonna Guess by Marciano fantasia azzurra - Acquista online! - Seconda Strada","isPartOf":{"@id":"https:\/\/www.secondastrada.com\/it\/#website"},"primaryImageOfPage":{"@id":"https:\/\/www.secondastrada.com\/it\/gonna-guess-by-marciano-fantasia-azzurra\/#primaryimage"},"image":{"@id":"https:\/\/www.secondastrada.com\/it\/gonna-guess-by-marciano-fantasia-azzurra\/#primaryimage"},"thumbnailUrl":"https:\/\/www.secondastrada.com\/wp-content\/uploads\/2024\/04\/3YGD12-9859Z-GS-ct_ND_AI23_1.jpg","datePublished":"2024-03-28T20:03:30+00:00","dateModified":"2026-01-29T11:17:59+00:00","description":"Gonna Guess by Marciano fantasia azzurra \u27a4 Acquista online su Secondastrada.com Gonna Guess by Marciano fantasia azzurra \u2714\ufe0f Spedizione veloce entro 24h in tutta Italia \u2714\ufe0f Sconto sul tuo primo acquisto","breadcrumb":{"@id":"https:\/\/www.secondastrada.com\/it\/gonna-guess-by-marciano-fantasia-azzurra\/#breadcrumb"},"inLanguage":"it-IT","potentialAction":[{"@type":"ReadAction","target":["https:\/\/www.secondastrada.com\/it\/gonna-guess-by-marciano-fantasia-azzurra\/"]}]},{"@type":"ImageObject","inLanguage":"it-IT","@id":"https:\/\/www.secondastrada.com\/it\/gonna-guess-by-marciano-fantasia-azzurra\/#primaryimage","url":"https:\/\/www.secondastrada.com\/wp-content\/uploads\/2024\/04\/3YGD12-9859Z-GS-ct_ND_AI23_1.jpg","contentUrl":"https:\/\/www.secondastrada.com\/wp-content\/uploads\/2024\/04\/3YGD12-9859Z-GS-ct_ND_AI23_1.jpg","width":1000,"height":1300,"caption":"3YGD12-9859Z-GS-ct_ND_AI23"},{"@type":"BreadcrumbList","@id":"https:\/\/www.secondastrada.com\/it\/gonna-guess-by-marciano-fantasia-azzurra\/#breadcrumb","itemListElement":[{"@type":"ListItem","position":1,"name":"Home","item":"https:\/\/www.secondastrada.com\/it\/"},{"@type":"ListItem","position":2,"name":"Shop","item":"https:\/\/www.secondastrada.com\/it\/shop\/"},{"@type":"ListItem","position":3,"name":"Donna","item":"https:\/\/www.secondastrada.com\/it\/collezione-donna\/"},{"@type":"ListItem","position":4,"name":"Abbigliamento","item":"https:\/\/www.secondastrada.com\/it\/collezione-donna\/abbigliamento-donna\/"},{"@type":"ListItem","position":5,"name":"Gonne","item":"https:\/\/www.secondastrada.com\/it\/collezione-donna\/abbigliamento-donna\/gonne-da-donna\/"},{"@type":"ListItem","position":6,"name":"Gonna Guess by Marciano fantasia azzurra"}]},{"@type":"WebSite","@id":"https:\/\/www.secondastrada.com\/it\/#website","url":"https:\/\/www.secondastrada.com\/it\/","name":"Seconda Strada","description":"","publisher":{"@id":"https:\/\/www.secondastrada.com\/it\/#organization"},"potentialAction":[{"@type":"SearchAction","target":{"@type":"EntryPoint","urlTemplate":"https:\/\/www.secondastrada.com\/it\/?s={search_term_string}"},"query-input":"required name=search_term_string"}],"inLanguage":"it-IT"},{"@type":"Organization","@id":"https:\/\/www.secondastrada.com\/it\/#organization","name":"Seconda Strada","url":"https:\/\/www.secondastrada.com\/it\/","logo":{"@type":"ImageObject","inLanguage":"it-IT","@id":"https:\/\/www.secondastrada.com\/it\/#\/schema\/logo\/image\/","url":"https:\/\/www.secondastrada.com\/wp-content\/uploads\/2023\/11\/secondastrada-logo.svg","contentUrl":"https:\/\/www.secondastrada.com\/wp-content\/uploads\/2023\/11\/secondastrada-logo.svg","width":353,"height":47,"caption":"Seconda Strada"},"image":{"@id":"https:\/\/www.secondastrada.com\/it\/#\/schema\/logo\/image\/"}}]}},"df_price":"","df_sale_price":"","df_regular_price":"","df_image_link":"https:\/\/www.secondastrada.com\/wp-content\/uploads\/2024\/04\/3YGD12-9859Z-GS-ct_ND_AI23_1-300x300.jpg","_links":{"self":[{"href":"https:\/\/www.secondastrada.com\/it\/wp-json\/wp\/v2\/product\/30997"}],"collection":[{"href":"https:\/\/www.secondastrada.com\/it\/wp-json\/wp\/v2\/product"}],"about":[{"href":"https:\/\/www.secondastrada.com\/it\/wp-json\/wp\/v2\/types\/product"}],"wp:featuredmedia":[{"embeddable":true,"href":"https:\/\/www.secondastrada.com\/it\/wp-json\/wp\/v2\/media\/40488"}],"wp:attachment":[{"href":"https:\/\/www.secondastrada.com\/it\/wp-json\/wp\/v2\/media?parent=30997"}],"wp:term":[{"taxonomy":"ss_brand","embeddable":true,"href":"https:\/\/www.secondastrada.com\/it\/wp-json\/wp\/v2\/ss_brand?post=30997"},{"taxonomy":"ss_promo","embeddable":true,"href":"https:\/\/www.secondastrada.com\/it\/wp-json\/wp\/v2\/ss_promo?post=30997"},{"taxonomy":"ss_season","embeddable":true,"href":"https:\/\/www.secondastrada.com\/it\/wp-json\/wp\/v2\/ss_season?post=30997"},{"taxonomy":"product_cat","embeddable":true,"href":"https:\/\/www.secondastrada.com\/it\/wp-json\/wp\/v2\/product_cat?post=30997"},{"taxonomy":"product_tag","embeddable":true,"href":"https:\/\/www.secondastrada.com\/it\/wp-json\/wp\/v2\/product_tag?post=30997"}],"curies":[{"name":"wp","href":"https:\/\/api.w.org\/{rel}","templated":true}]}}