{"id":31171,"date":"2024-03-28T21:46:56","date_gmt":"2024-03-28T20:46:56","guid":{"rendered":"http:\/\/secondastrada.com\/gilet-u-s-polo-assn-double-face-2\/"},"modified":"2026-01-29T11:19:27","modified_gmt":"2026-01-29T10:19:27","slug":"gilet-u-s-polo-assn-double-face-2","status":"publish","type":"product","link":"https:\/\/www.secondastrada.com\/it\/gilet-u-s-polo-assn-double-face-2\/","title":{"rendered":"Gilet U.S. Polo Assn. double face"},"content":{"rendered":"<p>Tessuto 1: 100% poliestere &#8211; Tesuto 2: 100% poliestere<br \/>Il modello indossa la taglia 48 ed \u00e8 alto 184 cm e la vestibilit\u00e0 \u00e8 regolare. Spalla: 41 cm &#8211; lunghezza: 40 cm<br \/>Un gilet double face dallo stile casual irresistibile! Un modello perfetto per le giornate pi\u00f9 fresche per dare una forma nuova ai tuoi look<br \/>Cod. art. 61195 46019 sr<br \/>Vi ricordiamo che tutti i nostri articoli sono originali.<\/p>\n","protected":false},"excerpt":{"rendered":"<p>Tessuto 1: 100% poliestere &#8211; Tesuto 2: 100% poliestereIl modello indossa la taglia 48 ed \u00e8 alto 184 cm e la vestibilit\u00e0 \u00e8 regolare. Spalla: 41 cm &#8211; lunghezza: 40 cmUn gilet double face dallo stile casual irresistibile! Un modello perfetto per le giornate pi\u00f9 fresche per dare una forma nuova ai tuoi lookCod. art&#8230;.<\/p>\n","protected":false},"featured_media":41856,"template":"","meta":{"inline_featured_image":false},"ss_brand":[1284],"ss_promo":[2182],"ss_season":[1708],"product_cat":[1332,1483,1839,1714],"product_tag":[],"class_list":{"0":"post-31171","1":"product","2":"type-product","3":"status-publish","4":"has-post-thumbnail","6":"ss_brand-u-s-polo-uomo","7":"ss_promo-ultime-occasioni-uomo","8":"ss_season-pe23","9":"product_cat-abbigliamento-uomo","10":"product_cat-piumini-da-uomo","11":"product_cat-piumini-corti-da-uomo","12":"product_cat-collezione-uomo","14":"first","15":"outofstock","16":"sold-individually","17":"shipping-taxable","18":"product-type-variable","19":"has-default-attributes"},"acf":{"ss_brand":[{"term_id":1284,"name":"U.S. POLO ASSN.","slug":"u-s-polo-uomo","term_group":0,"term_taxonomy_id":1284,"taxonomy":"ss_brand","description":"Le migliori scarpe online da uomo? Sono firmate US Polo! Scopri subito tutti i modelli del nostro store a prezzi bassissimi.\u00a0Acquista online su SecondaStrada.com <strong>scarpe da uomo U.S. POLO scontatissime<\/strong>!","parent":1268,"count":91,"filter":"raw"}],"ss_promo":[2182],"ss_season":[{"term_id":1708,"name":"PE23","slug":"pe23","term_group":0,"term_taxonomy_id":1708,"taxonomy":"ss_season","description":"","parent":0,"count":504,"filter":"raw"}],"ss_old_price":"139,00","ss_omnibus_price":"0,00","ss_style_advice":"<p>Tessuto 1: 100% poliestere &#8211; Tesuto 2: 100% poliestere<br \/>Il modello indossa la taglia 48 ed \u00e8 alto 184 cm e la vestibilit\u00e0 \u00e8 regolare. Spalla: 41 cm &#8211; lunghezza: 40 cm<br \/>Un gilet double face dallo stile casual irresistibile! Un modello perfetto per le giornate pi\u00f9 fresche per dare una forma nuova ai tuoi look<br \/>Cod. art. 61195 46019 sr<br \/>Vi ricordiamo che tutti i nostri articoli sono originali.<\/p>\n","ss_composition":"<p>Tessuto 1: 100% poliest &#8211; Tesuto 2: 100% poliest<\/p>\n","ss_fit":"<p>Gilet U.S. POLO ASSN.<\/p>\n"},"yoast_head":"<!-- This site is optimized with the Yoast SEO plugin v22.3 - https:\/\/yoast.com\/wordpress\/plugins\/seo\/ -->\n<title>Gilet U.S. Polo Assn. double face - Acquista online! - Seconda Strada<\/title>\n<meta name=\"description\" content=\"Gilet U.S. Polo Assn. double face \u27a4 Acquista online su Secondastrada.com Gilet U.S. Polo Assn. double face \u2714\ufe0f Spedizione veloce entro 24h in tutta Italia \u2714\ufe0f Sconto sul tuo primo acquisto\" \/>\n<meta name=\"robots\" content=\"index, follow, max-snippet:-1, max-image-preview:large, max-video-preview:-1\" \/>\n<link rel=\"canonical\" href=\"https:\/\/www.secondastrada.com\/it\/gilet-u-s-polo-assn-double-face-2\/\" \/>\n<meta property=\"og:locale\" content=\"it_IT\" \/>\n<meta property=\"og:type\" content=\"article\" \/>\n<meta property=\"og:title\" content=\"Gilet U.S. Polo Assn. double face - Acquista online! - Seconda Strada\" \/>\n<meta property=\"og:description\" content=\"Gilet U.S. Polo Assn. double face \u27a4 Acquista online su Secondastrada.com Gilet U.S. Polo Assn. double face \u2714\ufe0f Spedizione veloce entro 24h in tutta Italia \u2714\ufe0f Sconto sul tuo primo acquisto\" \/>\n<meta property=\"og:url\" content=\"https:\/\/www.secondastrada.com\/it\/gilet-u-s-polo-assn-double-face-2\/\" \/>\n<meta property=\"og:site_name\" content=\"Seconda Strada\" \/>\n<meta property=\"article:modified_time\" content=\"2026-01-29T10:19:27+00:00\" \/>\n<meta property=\"og:image\" content=\"https:\/\/www.secondastrada.com\/wp-content\/uploads\/2024\/04\/61195-46019-sr_549_AI22_1.jpg\" \/>\n\t<meta property=\"og:image:width\" content=\"1000\" \/>\n\t<meta property=\"og:image:height\" content=\"1300\" \/>\n\t<meta property=\"og:image:type\" content=\"image\/jpeg\" \/>\n<meta name=\"twitter:card\" content=\"summary_large_image\" \/>\n<!-- \/ Yoast SEO plugin. -->","yoast_head_json":{"title":"Gilet U.S. Polo Assn. double face - Acquista online! - Seconda Strada","description":"Gilet U.S. Polo Assn. double face \u27a4 Acquista online su Secondastrada.com Gilet U.S. Polo Assn. double face \u2714\ufe0f Spedizione veloce entro 24h in tutta Italia \u2714\ufe0f Sconto sul tuo primo acquisto","robots":{"index":"index","follow":"follow","max-snippet":"max-snippet:-1","max-image-preview":"max-image-preview:large","max-video-preview":"max-video-preview:-1"},"canonical":"https:\/\/www.secondastrada.com\/it\/gilet-u-s-polo-assn-double-face-2\/","og_locale":"it_IT","og_type":"article","og_title":"Gilet U.S. Polo Assn. double face - Acquista online! - Seconda Strada","og_description":"Gilet U.S. Polo Assn. double face \u27a4 Acquista online su Secondastrada.com Gilet U.S. Polo Assn. double face \u2714\ufe0f Spedizione veloce entro 24h in tutta Italia \u2714\ufe0f Sconto sul tuo primo acquisto","og_url":"https:\/\/www.secondastrada.com\/it\/gilet-u-s-polo-assn-double-face-2\/","og_site_name":"Seconda Strada","article_modified_time":"2026-01-29T10:19:27+00:00","og_image":[{"width":1000,"height":1300,"url":"https:\/\/www.secondastrada.com\/wp-content\/uploads\/2024\/04\/61195-46019-sr_549_AI22_1.jpg","type":"image\/jpeg"}],"twitter_card":"summary_large_image","schema":{"@context":"https:\/\/schema.org","@graph":[{"@type":"WebPage","@id":"https:\/\/www.secondastrada.com\/it\/gilet-u-s-polo-assn-double-face-2\/","url":"https:\/\/www.secondastrada.com\/it\/gilet-u-s-polo-assn-double-face-2\/","name":"Gilet U.S. Polo Assn. double face - Acquista online! - Seconda Strada","isPartOf":{"@id":"https:\/\/www.secondastrada.com\/it\/#website"},"primaryImageOfPage":{"@id":"https:\/\/www.secondastrada.com\/it\/gilet-u-s-polo-assn-double-face-2\/#primaryimage"},"image":{"@id":"https:\/\/www.secondastrada.com\/it\/gilet-u-s-polo-assn-double-face-2\/#primaryimage"},"thumbnailUrl":"https:\/\/www.secondastrada.com\/wp-content\/uploads\/2024\/04\/61195-46019-sr_549_AI22_1.jpg","datePublished":"2024-03-28T20:46:56+00:00","dateModified":"2026-01-29T10:19:27+00:00","description":"Gilet U.S. Polo Assn. double face \u27a4 Acquista online su Secondastrada.com Gilet U.S. Polo Assn. double face \u2714\ufe0f Spedizione veloce entro 24h in tutta Italia \u2714\ufe0f Sconto sul tuo primo acquisto","breadcrumb":{"@id":"https:\/\/www.secondastrada.com\/it\/gilet-u-s-polo-assn-double-face-2\/#breadcrumb"},"inLanguage":"it-IT","potentialAction":[{"@type":"ReadAction","target":["https:\/\/www.secondastrada.com\/it\/gilet-u-s-polo-assn-double-face-2\/"]}]},{"@type":"ImageObject","inLanguage":"it-IT","@id":"https:\/\/www.secondastrada.com\/it\/gilet-u-s-polo-assn-double-face-2\/#primaryimage","url":"https:\/\/www.secondastrada.com\/wp-content\/uploads\/2024\/04\/61195-46019-sr_549_AI22_1.jpg","contentUrl":"https:\/\/www.secondastrada.com\/wp-content\/uploads\/2024\/04\/61195-46019-sr_549_AI22_1.jpg","width":1000,"height":1300,"caption":"61195-46019-sr_549_AI22"},{"@type":"BreadcrumbList","@id":"https:\/\/www.secondastrada.com\/it\/gilet-u-s-polo-assn-double-face-2\/#breadcrumb","itemListElement":[{"@type":"ListItem","position":1,"name":"Home","item":"https:\/\/www.secondastrada.com\/it\/"},{"@type":"ListItem","position":2,"name":"Shop","item":"https:\/\/www.secondastrada.com\/it\/shop\/"},{"@type":"ListItem","position":3,"name":"Uomo","item":"https:\/\/www.secondastrada.com\/it\/collezione-uomo\/"},{"@type":"ListItem","position":4,"name":"Abbigliamento","item":"https:\/\/www.secondastrada.com\/it\/collezione-uomo\/abbigliamento-uomo\/"},{"@type":"ListItem","position":5,"name":"Piumini","item":"https:\/\/www.secondastrada.com\/it\/collezione-uomo\/abbigliamento-uomo\/piumini-da-uomo\/"},{"@type":"ListItem","position":6,"name":"Piumini corti","item":"https:\/\/www.secondastrada.com\/it\/collezione-uomo\/abbigliamento-uomo\/piumini-da-uomo\/piumini-corti-da-uomo\/"},{"@type":"ListItem","position":7,"name":"Gilet U.S. Polo Assn. double face"}]},{"@type":"WebSite","@id":"https:\/\/www.secondastrada.com\/it\/#website","url":"https:\/\/www.secondastrada.com\/it\/","name":"Seconda Strada","description":"","publisher":{"@id":"https:\/\/www.secondastrada.com\/it\/#organization"},"potentialAction":[{"@type":"SearchAction","target":{"@type":"EntryPoint","urlTemplate":"https:\/\/www.secondastrada.com\/it\/?s={search_term_string}"},"query-input":"required name=search_term_string"}],"inLanguage":"it-IT"},{"@type":"Organization","@id":"https:\/\/www.secondastrada.com\/it\/#organization","name":"Seconda Strada","url":"https:\/\/www.secondastrada.com\/it\/","logo":{"@type":"ImageObject","inLanguage":"it-IT","@id":"https:\/\/www.secondastrada.com\/it\/#\/schema\/logo\/image\/","url":"https:\/\/www.secondastrada.com\/wp-content\/uploads\/2023\/11\/secondastrada-logo.svg","contentUrl":"https:\/\/www.secondastrada.com\/wp-content\/uploads\/2023\/11\/secondastrada-logo.svg","width":353,"height":47,"caption":"Seconda Strada"},"image":{"@id":"https:\/\/www.secondastrada.com\/it\/#\/schema\/logo\/image\/"}}]}},"df_price":"","df_sale_price":"","df_regular_price":"","df_image_link":"https:\/\/www.secondastrada.com\/wp-content\/uploads\/2024\/04\/61195-46019-sr_549_AI22_1-300x300.jpg","_links":{"self":[{"href":"https:\/\/www.secondastrada.com\/it\/wp-json\/wp\/v2\/product\/31171"}],"collection":[{"href":"https:\/\/www.secondastrada.com\/it\/wp-json\/wp\/v2\/product"}],"about":[{"href":"https:\/\/www.secondastrada.com\/it\/wp-json\/wp\/v2\/types\/product"}],"wp:featuredmedia":[{"embeddable":true,"href":"https:\/\/www.secondastrada.com\/it\/wp-json\/wp\/v2\/media\/41856"}],"wp:attachment":[{"href":"https:\/\/www.secondastrada.com\/it\/wp-json\/wp\/v2\/media?parent=31171"}],"wp:term":[{"taxonomy":"ss_brand","embeddable":true,"href":"https:\/\/www.secondastrada.com\/it\/wp-json\/wp\/v2\/ss_brand?post=31171"},{"taxonomy":"ss_promo","embeddable":true,"href":"https:\/\/www.secondastrada.com\/it\/wp-json\/wp\/v2\/ss_promo?post=31171"},{"taxonomy":"ss_season","embeddable":true,"href":"https:\/\/www.secondastrada.com\/it\/wp-json\/wp\/v2\/ss_season?post=31171"},{"taxonomy":"product_cat","embeddable":true,"href":"https:\/\/www.secondastrada.com\/it\/wp-json\/wp\/v2\/product_cat?post=31171"},{"taxonomy":"product_tag","embeddable":true,"href":"https:\/\/www.secondastrada.com\/it\/wp-json\/wp\/v2\/product_tag?post=31171"}],"curies":[{"name":"wp","href":"https:\/\/api.w.org\/{rel}","templated":true}]}}