{"id":313105,"date":"2025-10-30T12:59:01","date_gmt":"2025-10-30T11:59:01","guid":{"rendered":"https:\/\/www.secondastrada.com\/it\/piumino-fracomina-nero-4\/"},"modified":"2026-03-25T11:16:34","modified_gmt":"2026-03-25T10:16:34","slug":"piumino-fracomina-nero-4","status":"publish","type":"product","link":"https:\/\/www.secondastrada.com\/it\/piumino-fracomina-nero-4\/","title":{"rendered":"Piumino Fracomina Nero"},"content":{"rendered":"<p>Piumino lungo con cappuccio non removibile, in total nero con dettagli dorati pi\u00f9 tasche a taglio trasversale. La vestibilit\u00e0 \u00e8 morbida e pratica grazie a zip sul fronte. Il piumino \u00e8 adatto per occasioni casual e facilmente combinabile. Praticit\u00e0 e stile in un solo capo.<br \/>Cod. art. FR24WC3005O42301 SA<br \/>Vi ricordiamo che tutti i nostri articoli sono originali.<\/p>\n","protected":false},"excerpt":{"rendered":"<p>Piumino lungo con cappuccio non removibile, in total nero con dettagli dorati pi\u00f9 tasche a taglio trasversale. La vestibilit\u00e0 \u00e8 morbida e pratica grazie a zip sul fronte. Il piumino \u00e8 adatto per occasioni casual e facilmente combinabile. Praticit\u00e0 e stile in un solo capo.Cod. art. FR24WC3005O42301 SAVi ricordiamo che tutti i nostri articoli sono&#8230;<\/p>\n","protected":false},"featured_media":313757,"template":"","meta":{"inline_featured_image":false},"ss_brand":[1205],"ss_promo":[2181],"ss_season":[2431],"product_cat":[1329,1658,1599,1488,1600],"product_tag":[],"class_list":{"0":"post-313105","1":"product","2":"type-product","3":"status-publish","4":"has-post-thumbnail","6":"ss_brand-fracomina-donna","7":"ss_promo-ultime-occasioni-donna","8":"ss_season-ai25","9":"product_cat-abbigliamento-donna","10":"product_cat-collezione-donna","11":"product_cat-piumini-con-cappuccio-da-donna","12":"product_cat-piumini-da-donna","13":"product_cat-piumini-lunghi-da-donna","15":"first","16":"outofstock","17":"shipping-taxable","18":"product-type-variable","19":"has-default-attributes"},"acf":{"ss_brand":[{"term_id":1205,"name":"FRACOMINA","slug":"fracomina-donna","term_group":0,"term_taxonomy_id":1205,"taxonomy":"ss_brand","description":"Regalati una giusta dose di charme con Fracomina: scopri la collezione di abbigliamento 100% Made in Italy e non perdere le offerte della nostra esclusiva boutique online!\u00a0Acquista online su SecondaStrada.com <strong>abbigliamento da donna Fracomina scontatissimo<\/strong>!","parent":1201,"count":283,"filter":"raw"}],"ss_promo":[2181],"ss_season":[{"term_id":2431,"name":"AI25","slug":"ai25","term_group":0,"term_taxonomy_id":2431,"taxonomy":"ss_season","description":"","parent":0,"count":2133,"filter":"raw"}],"ss_old_price":"279,90","ss_omnibus_price":"0,00","ss_style_advice":"<p>Piumino lungo con cappuccio non removibile, in total nero con dettagli dorati pi\u00f9 tasche a taglio trasversale. La vestibilit\u00e0 \u00e8 morbida e pratica grazie a zip sul fronte. Il piumino \u00e8 adatto per occasioni casual e facilmente combinabile. Praticit\u00e0 e stile in un solo capo.<br \/>Cod. art. FR24WC3005O42301 SA<br \/>Vi ricordiamo che tutti i nostri articoli sono originali.<\/p>\n","ss_composition":"<p>Esterno: 100% nylon Interno: 25% piuma d&#8217;anatra 25% piumetta 50% poliestere<\/p>\n","ss_fit":"<p>La modella \u00e8 alta 176 cm e veste la taglia S. La vestibilit\u00e0 del capo \u00e8 regolare.<\/p>\n"},"yoast_head":"<!-- This site is optimized with the Yoast SEO plugin v22.3 - https:\/\/yoast.com\/wordpress\/plugins\/seo\/ -->\n<title>Piumino Fracomina Nero - Acquista online! - Seconda Strada<\/title>\n<meta name=\"description\" content=\"Piumino Fracomina Nero \u27a4 Acquista online su Secondastrada.com Piumino Fracomina Nero \u2714\ufe0f Spedizione veloce entro 24h in tutta Italia \u2714\ufe0f Sconto sul tuo primo acquisto\" \/>\n<meta name=\"robots\" content=\"index, follow, max-snippet:-1, max-image-preview:large, max-video-preview:-1\" \/>\n<link rel=\"canonical\" href=\"https:\/\/www.secondastrada.com\/it\/piumino-fracomina-nero-4\/\" \/>\n<meta property=\"og:locale\" content=\"it_IT\" \/>\n<meta property=\"og:type\" content=\"article\" \/>\n<meta property=\"og:title\" content=\"Piumino Fracomina Nero - Acquista online! - Seconda Strada\" \/>\n<meta property=\"og:description\" content=\"Piumino Fracomina Nero \u27a4 Acquista online su Secondastrada.com Piumino Fracomina Nero \u2714\ufe0f Spedizione veloce entro 24h in tutta Italia \u2714\ufe0f Sconto sul tuo primo acquisto\" \/>\n<meta property=\"og:url\" content=\"https:\/\/www.secondastrada.com\/it\/piumino-fracomina-nero-4\/\" \/>\n<meta property=\"og:site_name\" content=\"Seconda Strada\" \/>\n<meta property=\"article:modified_time\" content=\"2026-03-25T10:16:34+00:00\" \/>\n<meta property=\"og:image\" content=\"https:\/\/www.secondastrada.com\/wp-content\/uploads\/2025\/10\/FR24WC3005O42301-SA_BLACK_AI25_1.jpg\" \/>\n\t<meta property=\"og:image:width\" content=\"1000\" \/>\n\t<meta property=\"og:image:height\" content=\"1300\" \/>\n\t<meta property=\"og:image:type\" content=\"image\/jpeg\" \/>\n<meta name=\"twitter:card\" content=\"summary_large_image\" \/>\n<!-- \/ Yoast SEO plugin. -->","yoast_head_json":{"title":"Piumino Fracomina Nero - Acquista online! - Seconda Strada","description":"Piumino Fracomina Nero \u27a4 Acquista online su Secondastrada.com Piumino Fracomina Nero \u2714\ufe0f Spedizione veloce entro 24h in tutta Italia \u2714\ufe0f Sconto sul tuo primo acquisto","robots":{"index":"index","follow":"follow","max-snippet":"max-snippet:-1","max-image-preview":"max-image-preview:large","max-video-preview":"max-video-preview:-1"},"canonical":"https:\/\/www.secondastrada.com\/it\/piumino-fracomina-nero-4\/","og_locale":"it_IT","og_type":"article","og_title":"Piumino Fracomina Nero - Acquista online! - Seconda Strada","og_description":"Piumino Fracomina Nero \u27a4 Acquista online su Secondastrada.com Piumino Fracomina Nero \u2714\ufe0f Spedizione veloce entro 24h in tutta Italia \u2714\ufe0f Sconto sul tuo primo acquisto","og_url":"https:\/\/www.secondastrada.com\/it\/piumino-fracomina-nero-4\/","og_site_name":"Seconda Strada","article_modified_time":"2026-03-25T10:16:34+00:00","og_image":[{"width":1000,"height":1300,"url":"https:\/\/www.secondastrada.com\/wp-content\/uploads\/2025\/10\/FR24WC3005O42301-SA_BLACK_AI25_1.jpg","type":"image\/jpeg"}],"twitter_card":"summary_large_image","schema":{"@context":"https:\/\/schema.org","@graph":[{"@type":"WebPage","@id":"https:\/\/www.secondastrada.com\/it\/piumino-fracomina-nero-4\/","url":"https:\/\/www.secondastrada.com\/it\/piumino-fracomina-nero-4\/","name":"Piumino Fracomina Nero - Acquista online! - Seconda Strada","isPartOf":{"@id":"https:\/\/www.secondastrada.com\/it\/#website"},"primaryImageOfPage":{"@id":"https:\/\/www.secondastrada.com\/it\/piumino-fracomina-nero-4\/#primaryimage"},"image":{"@id":"https:\/\/www.secondastrada.com\/it\/piumino-fracomina-nero-4\/#primaryimage"},"thumbnailUrl":"https:\/\/www.secondastrada.com\/wp-content\/uploads\/2025\/10\/FR24WC3005O42301-SA_BLACK_AI25_1.jpg","datePublished":"2025-10-30T11:59:01+00:00","dateModified":"2026-03-25T10:16:34+00:00","description":"Piumino Fracomina Nero \u27a4 Acquista online su Secondastrada.com Piumino Fracomina Nero \u2714\ufe0f Spedizione veloce entro 24h in tutta Italia \u2714\ufe0f Sconto sul tuo primo acquisto","breadcrumb":{"@id":"https:\/\/www.secondastrada.com\/it\/piumino-fracomina-nero-4\/#breadcrumb"},"inLanguage":"it-IT","potentialAction":[{"@type":"ReadAction","target":["https:\/\/www.secondastrada.com\/it\/piumino-fracomina-nero-4\/"]}]},{"@type":"ImageObject","inLanguage":"it-IT","@id":"https:\/\/www.secondastrada.com\/it\/piumino-fracomina-nero-4\/#primaryimage","url":"https:\/\/www.secondastrada.com\/wp-content\/uploads\/2025\/10\/FR24WC3005O42301-SA_BLACK_AI25_1.jpg","contentUrl":"https:\/\/www.secondastrada.com\/wp-content\/uploads\/2025\/10\/FR24WC3005O42301-SA_BLACK_AI25_1.jpg","width":1000,"height":1300,"caption":"FR24WC3005O42301-SA_BLACK_AI25"},{"@type":"BreadcrumbList","@id":"https:\/\/www.secondastrada.com\/it\/piumino-fracomina-nero-4\/#breadcrumb","itemListElement":[{"@type":"ListItem","position":1,"name":"Home","item":"https:\/\/www.secondastrada.com\/it\/"},{"@type":"ListItem","position":2,"name":"Shop","item":"https:\/\/www.secondastrada.com\/it\/shop\/"},{"@type":"ListItem","position":3,"name":"Donna","item":"https:\/\/www.secondastrada.com\/it\/collezione-donna\/"},{"@type":"ListItem","position":4,"name":"Abbigliamento","item":"https:\/\/www.secondastrada.com\/it\/collezione-donna\/abbigliamento-donna\/"},{"@type":"ListItem","position":5,"name":"Piumini e Parka","item":"https:\/\/www.secondastrada.com\/it\/collezione-donna\/abbigliamento-donna\/piumini-da-donna\/"},{"@type":"ListItem","position":6,"name":"Piumini con cappuccio","item":"https:\/\/www.secondastrada.com\/it\/collezione-donna\/abbigliamento-donna\/piumini-da-donna\/piumini-con-cappuccio-da-donna\/"},{"@type":"ListItem","position":7,"name":"Piumino Fracomina Nero"}]},{"@type":"WebSite","@id":"https:\/\/www.secondastrada.com\/it\/#website","url":"https:\/\/www.secondastrada.com\/it\/","name":"Seconda Strada","description":"","publisher":{"@id":"https:\/\/www.secondastrada.com\/it\/#organization"},"potentialAction":[{"@type":"SearchAction","target":{"@type":"EntryPoint","urlTemplate":"https:\/\/www.secondastrada.com\/it\/?s={search_term_string}"},"query-input":"required name=search_term_string"}],"inLanguage":"it-IT"},{"@type":"Organization","@id":"https:\/\/www.secondastrada.com\/it\/#organization","name":"Seconda Strada","url":"https:\/\/www.secondastrada.com\/it\/","logo":{"@type":"ImageObject","inLanguage":"it-IT","@id":"https:\/\/www.secondastrada.com\/it\/#\/schema\/logo\/image\/","url":"https:\/\/www.secondastrada.com\/wp-content\/uploads\/2023\/11\/secondastrada-logo.svg","contentUrl":"https:\/\/www.secondastrada.com\/wp-content\/uploads\/2023\/11\/secondastrada-logo.svg","width":353,"height":47,"caption":"Seconda Strada"},"image":{"@id":"https:\/\/www.secondastrada.com\/it\/#\/schema\/logo\/image\/"}}]}},"df_price":"","df_sale_price":"","df_regular_price":"","df_image_link":"https:\/\/www.secondastrada.com\/wp-content\/uploads\/2025\/10\/FR24WC3005O42301-SA_BLACK_AI25_1-300x300.jpg","_links":{"self":[{"href":"https:\/\/www.secondastrada.com\/it\/wp-json\/wp\/v2\/product\/313105"}],"collection":[{"href":"https:\/\/www.secondastrada.com\/it\/wp-json\/wp\/v2\/product"}],"about":[{"href":"https:\/\/www.secondastrada.com\/it\/wp-json\/wp\/v2\/types\/product"}],"wp:featuredmedia":[{"embeddable":true,"href":"https:\/\/www.secondastrada.com\/it\/wp-json\/wp\/v2\/media\/313757"}],"wp:attachment":[{"href":"https:\/\/www.secondastrada.com\/it\/wp-json\/wp\/v2\/media?parent=313105"}],"wp:term":[{"taxonomy":"ss_brand","embeddable":true,"href":"https:\/\/www.secondastrada.com\/it\/wp-json\/wp\/v2\/ss_brand?post=313105"},{"taxonomy":"ss_promo","embeddable":true,"href":"https:\/\/www.secondastrada.com\/it\/wp-json\/wp\/v2\/ss_promo?post=313105"},{"taxonomy":"ss_season","embeddable":true,"href":"https:\/\/www.secondastrada.com\/it\/wp-json\/wp\/v2\/ss_season?post=313105"},{"taxonomy":"product_cat","embeddable":true,"href":"https:\/\/www.secondastrada.com\/it\/wp-json\/wp\/v2\/product_cat?post=313105"},{"taxonomy":"product_tag","embeddable":true,"href":"https:\/\/www.secondastrada.com\/it\/wp-json\/wp\/v2\/product_tag?post=313105"}],"curies":[{"name":"wp","href":"https:\/\/api.w.org\/{rel}","templated":true}]}}