{"id":313313,"date":"2025-10-30T10:45:12","date_gmt":"2025-10-30T09:45:12","guid":{"rendered":"https:\/\/www.secondastrada.com\/it\/piumino-refrigiwear-nero\/"},"modified":"2026-03-25T11:53:10","modified_gmt":"2026-03-25T10:53:10","slug":"piumino-refrigiwear-nero","status":"publish","type":"product","link":"https:\/\/www.secondastrada.com\/it\/piumino-refrigiwear-nero\/","title":{"rendered":"Piumino Refrigiwear Nero"},"content":{"rendered":"<p>Piumino con cappuccio non removibile, in total nero, con numerose tasche pi\u00f9 patch logo brand. La vestibilit\u00e0 \u00e8 morbida e pratica grazie a zip sul fronte. Il piumino \u00e8 adatto per occasioni casual e facilmente combinabile. Troppo comodo per poterne fare a meno.<br \/>Cod. art. HUNTER G92700 NY0185 SA<br \/>Vi ricordiamo che tutti i nostri articoli sono originali.<\/p>\n","protected":false},"excerpt":{"rendered":"<p>Piumino con cappuccio non removibile, in total nero, con numerose tasche pi\u00f9 patch logo brand. La vestibilit\u00e0 \u00e8 morbida e pratica grazie a zip sul fronte. Il piumino \u00e8 adatto per occasioni casual e facilmente combinabile. Troppo comodo per poterne fare a meno.Cod. art. HUNTER G92700 NY0185 SAVi ricordiamo che tutti i nostri articoli sono&#8230;<\/p>\n","protected":false},"featured_media":313665,"template":"","meta":{"inline_featured_image":false},"ss_brand":[2455],"ss_promo":[2182],"ss_season":[2431],"product_cat":[1332,1483,1841,1839,1714],"product_tag":[],"class_list":{"0":"post-313313","1":"product","2":"type-product","3":"status-publish","4":"has-post-thumbnail","6":"ss_brand-refrigiwear-uomo","7":"ss_promo-ultime-occasioni-uomo","8":"ss_season-ai25","9":"product_cat-abbigliamento-uomo","10":"product_cat-piumini-da-uomo","11":"product_cat-piumini-con-cappuccio-da-uomo","12":"product_cat-piumini-corti-da-uomo","13":"product_cat-collezione-uomo","15":"first","16":"outofstock","17":"shipping-taxable","18":"product-type-variable","19":"has-default-attributes"},"acf":{"ss_brand":[{"term_id":2455,"name":"REFRIGIWEAR","slug":"refrigiwear-uomo","term_group":0,"term_taxonomy_id":2455,"taxonomy":"ss_brand","description":"Affronta la stagione fredda con il giusto mix di comfort e carattere grazie ai <strong>piumini e giubbotti da uomo Refrigiwear scontati<\/strong> disponibili su SecondaStrada.com. Stile metropolitano, materiali tecnici e cura del dettaglio si fondono in capi pensati per l\u2019uomo dinamico che cerca prestazioni elevate e un look contemporaneo in ogni occasione.","parent":1268,"count":52,"filter":"raw"}],"ss_promo":[2182],"ss_season":[{"term_id":2431,"name":"AI25","slug":"ai25","term_group":0,"term_taxonomy_id":2431,"taxonomy":"ss_season","description":"","parent":0,"count":2133,"filter":"raw"}],"ss_old_price":"270,00","ss_omnibus_price":"0,00","ss_style_advice":"<p>Piumino con cappuccio non removibile, in total nero, con numerose tasche pi\u00f9 patch logo brand. La vestibilit\u00e0 \u00e8 morbida e pratica grazie a zip sul fronte. Il piumino \u00e8 adatto per occasioni casual e facilmente combinabile. Troppo comodo per poterne fare a meno.<br \/>Cod. art. HUNTER G92700 NY0185 SA<br \/>Vi ricordiamo che tutti i nostri articoli sono originali.<\/p>\n","ss_composition":"<p>Esterno: 100% poliamide Interno: 90% piume d&#8217;anatra bianca 10% piumetta<\/p>\n","ss_fit":"<p>Il modello \u00e8 alto 187 cm e indossa la taglia L. La vestibilit\u00e0 del capo \u00e8 regolare.<\/p>\n"},"yoast_head":"<!-- This site is optimized with the Yoast SEO plugin v22.3 - https:\/\/yoast.com\/wordpress\/plugins\/seo\/ -->\n<title>Piumino Refrigiwear Nero - Acquista online! - Seconda Strada<\/title>\n<meta name=\"description\" content=\"Piumino Refrigiwear Nero \u27a4 Acquista online su Secondastrada.com Piumino Refrigiwear Nero \u2714\ufe0f Spedizione veloce entro 24h in tutta Italia \u2714\ufe0f Sconto sul tuo primo acquisto\" \/>\n<meta name=\"robots\" content=\"index, follow, max-snippet:-1, max-image-preview:large, max-video-preview:-1\" \/>\n<link rel=\"canonical\" href=\"https:\/\/www.secondastrada.com\/it\/piumino-refrigiwear-nero\/\" \/>\n<meta property=\"og:locale\" content=\"it_IT\" \/>\n<meta property=\"og:type\" content=\"article\" \/>\n<meta property=\"og:title\" content=\"Piumino Refrigiwear Nero - Acquista online! - Seconda Strada\" \/>\n<meta property=\"og:description\" content=\"Piumino Refrigiwear Nero \u27a4 Acquista online su Secondastrada.com Piumino Refrigiwear Nero \u2714\ufe0f Spedizione veloce entro 24h in tutta Italia \u2714\ufe0f Sconto sul tuo primo acquisto\" \/>\n<meta property=\"og:url\" content=\"https:\/\/www.secondastrada.com\/it\/piumino-refrigiwear-nero\/\" \/>\n<meta property=\"og:site_name\" content=\"Seconda Strada\" \/>\n<meta property=\"article:modified_time\" content=\"2026-03-25T10:53:10+00:00\" \/>\n<meta property=\"og:image\" content=\"https:\/\/www.secondastrada.com\/wp-content\/uploads\/2025\/10\/HUNTER-G92700-NY0185-SA_MUSTANG_AI25_1.jpg\" \/>\n\t<meta property=\"og:image:width\" content=\"1000\" \/>\n\t<meta property=\"og:image:height\" content=\"1300\" \/>\n\t<meta property=\"og:image:type\" content=\"image\/jpeg\" \/>\n<meta name=\"twitter:card\" content=\"summary_large_image\" \/>\n<!-- \/ Yoast SEO plugin. -->","yoast_head_json":{"title":"Piumino Refrigiwear Nero - Acquista online! - Seconda Strada","description":"Piumino Refrigiwear Nero \u27a4 Acquista online su Secondastrada.com Piumino Refrigiwear Nero \u2714\ufe0f Spedizione veloce entro 24h in tutta Italia \u2714\ufe0f Sconto sul tuo primo acquisto","robots":{"index":"index","follow":"follow","max-snippet":"max-snippet:-1","max-image-preview":"max-image-preview:large","max-video-preview":"max-video-preview:-1"},"canonical":"https:\/\/www.secondastrada.com\/it\/piumino-refrigiwear-nero\/","og_locale":"it_IT","og_type":"article","og_title":"Piumino Refrigiwear Nero - Acquista online! - Seconda Strada","og_description":"Piumino Refrigiwear Nero \u27a4 Acquista online su Secondastrada.com Piumino Refrigiwear Nero \u2714\ufe0f Spedizione veloce entro 24h in tutta Italia \u2714\ufe0f Sconto sul tuo primo acquisto","og_url":"https:\/\/www.secondastrada.com\/it\/piumino-refrigiwear-nero\/","og_site_name":"Seconda Strada","article_modified_time":"2026-03-25T10:53:10+00:00","og_image":[{"width":1000,"height":1300,"url":"https:\/\/www.secondastrada.com\/wp-content\/uploads\/2025\/10\/HUNTER-G92700-NY0185-SA_MUSTANG_AI25_1.jpg","type":"image\/jpeg"}],"twitter_card":"summary_large_image","schema":{"@context":"https:\/\/schema.org","@graph":[{"@type":"WebPage","@id":"https:\/\/www.secondastrada.com\/it\/piumino-refrigiwear-nero\/","url":"https:\/\/www.secondastrada.com\/it\/piumino-refrigiwear-nero\/","name":"Piumino Refrigiwear Nero - Acquista online! - Seconda Strada","isPartOf":{"@id":"https:\/\/www.secondastrada.com\/it\/#website"},"primaryImageOfPage":{"@id":"https:\/\/www.secondastrada.com\/it\/piumino-refrigiwear-nero\/#primaryimage"},"image":{"@id":"https:\/\/www.secondastrada.com\/it\/piumino-refrigiwear-nero\/#primaryimage"},"thumbnailUrl":"https:\/\/www.secondastrada.com\/wp-content\/uploads\/2025\/10\/HUNTER-G92700-NY0185-SA_MUSTANG_AI25_1.jpg","datePublished":"2025-10-30T09:45:12+00:00","dateModified":"2026-03-25T10:53:10+00:00","description":"Piumino Refrigiwear Nero \u27a4 Acquista online su Secondastrada.com Piumino Refrigiwear Nero \u2714\ufe0f Spedizione veloce entro 24h in tutta Italia \u2714\ufe0f Sconto sul tuo primo acquisto","breadcrumb":{"@id":"https:\/\/www.secondastrada.com\/it\/piumino-refrigiwear-nero\/#breadcrumb"},"inLanguage":"it-IT","potentialAction":[{"@type":"ReadAction","target":["https:\/\/www.secondastrada.com\/it\/piumino-refrigiwear-nero\/"]}]},{"@type":"ImageObject","inLanguage":"it-IT","@id":"https:\/\/www.secondastrada.com\/it\/piumino-refrigiwear-nero\/#primaryimage","url":"https:\/\/www.secondastrada.com\/wp-content\/uploads\/2025\/10\/HUNTER-G92700-NY0185-SA_MUSTANG_AI25_1.jpg","contentUrl":"https:\/\/www.secondastrada.com\/wp-content\/uploads\/2025\/10\/HUNTER-G92700-NY0185-SA_MUSTANG_AI25_1.jpg","width":1000,"height":1300,"caption":"HUNTER-G92700-NY0185-SA_MUSTANG_AI25"},{"@type":"BreadcrumbList","@id":"https:\/\/www.secondastrada.com\/it\/piumino-refrigiwear-nero\/#breadcrumb","itemListElement":[{"@type":"ListItem","position":1,"name":"Home","item":"https:\/\/www.secondastrada.com\/it\/"},{"@type":"ListItem","position":2,"name":"Shop","item":"https:\/\/www.secondastrada.com\/it\/shop\/"},{"@type":"ListItem","position":3,"name":"Uomo","item":"https:\/\/www.secondastrada.com\/it\/collezione-uomo\/"},{"@type":"ListItem","position":4,"name":"Abbigliamento","item":"https:\/\/www.secondastrada.com\/it\/collezione-uomo\/abbigliamento-uomo\/"},{"@type":"ListItem","position":5,"name":"Piumini","item":"https:\/\/www.secondastrada.com\/it\/collezione-uomo\/abbigliamento-uomo\/piumini-da-uomo\/"},{"@type":"ListItem","position":6,"name":"Piumini con cappuccio","item":"https:\/\/www.secondastrada.com\/it\/collezione-uomo\/abbigliamento-uomo\/piumini-da-uomo\/piumini-con-cappuccio-da-uomo\/"},{"@type":"ListItem","position":7,"name":"Piumino Refrigiwear Nero"}]},{"@type":"WebSite","@id":"https:\/\/www.secondastrada.com\/it\/#website","url":"https:\/\/www.secondastrada.com\/it\/","name":"Seconda Strada","description":"","publisher":{"@id":"https:\/\/www.secondastrada.com\/it\/#organization"},"potentialAction":[{"@type":"SearchAction","target":{"@type":"EntryPoint","urlTemplate":"https:\/\/www.secondastrada.com\/it\/?s={search_term_string}"},"query-input":"required name=search_term_string"}],"inLanguage":"it-IT"},{"@type":"Organization","@id":"https:\/\/www.secondastrada.com\/it\/#organization","name":"Seconda Strada","url":"https:\/\/www.secondastrada.com\/it\/","logo":{"@type":"ImageObject","inLanguage":"it-IT","@id":"https:\/\/www.secondastrada.com\/it\/#\/schema\/logo\/image\/","url":"https:\/\/www.secondastrada.com\/wp-content\/uploads\/2023\/11\/secondastrada-logo.svg","contentUrl":"https:\/\/www.secondastrada.com\/wp-content\/uploads\/2023\/11\/secondastrada-logo.svg","width":353,"height":47,"caption":"Seconda Strada"},"image":{"@id":"https:\/\/www.secondastrada.com\/it\/#\/schema\/logo\/image\/"}}]}},"df_price":"","df_sale_price":"","df_regular_price":"","df_image_link":"https:\/\/www.secondastrada.com\/wp-content\/uploads\/2025\/10\/HUNTER-G92700-NY0185-SA_MUSTANG_AI25_1-300x300.jpg","_links":{"self":[{"href":"https:\/\/www.secondastrada.com\/it\/wp-json\/wp\/v2\/product\/313313"}],"collection":[{"href":"https:\/\/www.secondastrada.com\/it\/wp-json\/wp\/v2\/product"}],"about":[{"href":"https:\/\/www.secondastrada.com\/it\/wp-json\/wp\/v2\/types\/product"}],"wp:featuredmedia":[{"embeddable":true,"href":"https:\/\/www.secondastrada.com\/it\/wp-json\/wp\/v2\/media\/313665"}],"wp:attachment":[{"href":"https:\/\/www.secondastrada.com\/it\/wp-json\/wp\/v2\/media?parent=313313"}],"wp:term":[{"taxonomy":"ss_brand","embeddable":true,"href":"https:\/\/www.secondastrada.com\/it\/wp-json\/wp\/v2\/ss_brand?post=313313"},{"taxonomy":"ss_promo","embeddable":true,"href":"https:\/\/www.secondastrada.com\/it\/wp-json\/wp\/v2\/ss_promo?post=313313"},{"taxonomy":"ss_season","embeddable":true,"href":"https:\/\/www.secondastrada.com\/it\/wp-json\/wp\/v2\/ss_season?post=313313"},{"taxonomy":"product_cat","embeddable":true,"href":"https:\/\/www.secondastrada.com\/it\/wp-json\/wp\/v2\/product_cat?post=313313"},{"taxonomy":"product_tag","embeddable":true,"href":"https:\/\/www.secondastrada.com\/it\/wp-json\/wp\/v2\/product_tag?post=313313"}],"curies":[{"name":"wp","href":"https:\/\/api.w.org\/{rel}","templated":true}]}}