{"id":316110,"date":"2025-11-07T15:19:49","date_gmt":"2025-11-07T14:19:49","guid":{"rendered":"https:\/\/www.secondastrada.com\/it\/camicia-twin-set-bianco\/"},"modified":"2026-03-25T11:17:22","modified_gmt":"2026-03-25T10:17:22","slug":"camicia-twin-set-bianco","status":"publish","type":"product","link":"https:\/\/www.secondastrada.com\/it\/camicia-twin-set-bianco\/","title":{"rendered":"Camicia Twin Set Bianco"},"content":{"rendered":"<p>Camicia corta con ombelico scoperto, total bianco con colletto alla peter pan e profilo nero arricchito da pendenti in tinta. La vestibilit\u00e0 \u00e8 morbida e pratica grazie a bottoni ad asola in tinta. La camicia \u00e8 adatta per occasioni casual e facilmente combinabile. Dona un tocco di originalit\u00e0 ai tuoi outfit.<br \/>Cod. art. 232AP2280 SA<br \/>Vi ricordiamo che tutti i nostri articoli sono originali.<\/p>\n","protected":false},"excerpt":{"rendered":"<p>Camicia corta con ombelico scoperto, total bianco con colletto alla peter pan e profilo nero arricchito da pendenti in tinta. La vestibilit\u00e0 \u00e8 morbida e pratica grazie a bottoni ad asola in tinta. La camicia \u00e8 adatta per occasioni casual e facilmente combinabile. Dona un tocco di originalit\u00e0 ai tuoi outfit.Cod. art. 232AP2280 SAVi ricordiamo&#8230;<\/p>\n","protected":false},"featured_media":316367,"template":"","meta":{"inline_featured_image":false},"ss_brand":[1925],"ss_promo":[2181],"ss_season":[2431],"product_cat":[1329,1339,1658],"product_tag":[2536],"class_list":{"0":"post-316110","1":"product","2":"type-product","3":"status-publish","4":"has-post-thumbnail","6":"ss_brand-twin-set-donna","7":"ss_promo-ultime-occasioni-donna","8":"ss_season-ai25","9":"product_cat-abbigliamento-donna","10":"product_cat-camicie-e-bluse-da-donna","11":"product_cat-collezione-donna","12":"product_tag-promo-codice-w","14":"first","15":"instock","16":"sale","17":"shipping-taxable","18":"purchasable","19":"product-type-variable","20":"has-default-attributes"},"acf":{"ss_brand":[{"term_id":1925,"name":"TWIN SET","slug":"twin-set-donna","term_group":0,"term_taxonomy_id":1925,"taxonomy":"ss_brand","description":"Twin Set \u00e8 il brand made in Italy che sceglie di vestire le donne secondo un gusto elegante e raffinato. Dettagli glamour e chic per look ideali dalla mattina alla sera. Se stai cercando uno shop online Twin Set sei nel posto giusto: vieni a scoprire gli sconti!\u00a0Acquista online su SecondaStrada.com abbigliamento da donna Twin Set scontatissimo!","parent":1201,"count":106,"filter":"raw"}],"ss_promo":[2181],"ss_season":[{"term_id":2431,"name":"AI25","slug":"ai25","term_group":0,"term_taxonomy_id":2431,"taxonomy":"ss_season","description":"","parent":0,"count":2133,"filter":"raw"}],"ss_old_price":"170,00","ss_omnibus_price":"0,00","ss_style_advice":"<p>Camicia corta con ombelico scoperto, total bianco con colletto alla peter pan e profilo nero arricchito da pendenti in tinta. La vestibilit\u00e0 \u00e8 morbida e pratica grazie a bottoni ad asola in tinta. La camicia \u00e8 adatta per occasioni casual e facilmente combinabile. Dona un tocco di originalit\u00e0 ai tuoi outfit.<br \/>Cod. art. 232AP2280 SA<br \/>Vi ricordiamo che tutti i nostri articoli sono originali.<\/p>\n","ss_composition":"<p>96% cotone 4% elastane<\/p>\n","ss_fit":"<p>La modella \u00e8 alta 165 cm e indossa la taglia S. La vestibilit\u00e0 del capo \u00e8 regolare.<\/p>\n"},"yoast_head":"<!-- This site is optimized with the Yoast SEO plugin v22.3 - https:\/\/yoast.com\/wordpress\/plugins\/seo\/ -->\n<title>Camicia Twin Set Bianco - Acquista online! - Seconda Strada<\/title>\n<meta name=\"description\" content=\"Camicia Twin Set Bianco \u27a4 Acquista online su Secondastrada.com Camicia Twin Set Bianco \u2714\ufe0f Spedizione veloce entro 24h in tutta Italia \u2714\ufe0f Sconto sul tuo primo acquisto\" \/>\n<meta name=\"robots\" content=\"index, follow, max-snippet:-1, max-image-preview:large, max-video-preview:-1\" \/>\n<link rel=\"canonical\" href=\"https:\/\/www.secondastrada.com\/it\/camicia-twin-set-bianco\/\" \/>\n<meta property=\"og:locale\" content=\"it_IT\" \/>\n<meta property=\"og:type\" content=\"article\" \/>\n<meta property=\"og:title\" content=\"Camicia Twin Set Bianco - Acquista online! - Seconda Strada\" \/>\n<meta property=\"og:description\" content=\"Camicia Twin Set Bianco \u27a4 Acquista online su Secondastrada.com Camicia Twin Set Bianco \u2714\ufe0f Spedizione veloce entro 24h in tutta Italia \u2714\ufe0f Sconto sul tuo primo acquisto\" \/>\n<meta property=\"og:url\" content=\"https:\/\/www.secondastrada.com\/it\/camicia-twin-set-bianco\/\" \/>\n<meta property=\"og:site_name\" content=\"Seconda Strada\" \/>\n<meta property=\"article:modified_time\" content=\"2026-03-25T10:17:22+00:00\" \/>\n<meta property=\"og:image\" content=\"https:\/\/www.secondastrada.com\/wp-content\/uploads\/2025\/11\/232AP2280-SA_GIGLIO_AI25_1.jpg\" \/>\n\t<meta property=\"og:image:width\" content=\"1000\" \/>\n\t<meta property=\"og:image:height\" content=\"1300\" \/>\n\t<meta property=\"og:image:type\" content=\"image\/jpeg\" \/>\n<meta name=\"twitter:card\" content=\"summary_large_image\" \/>\n<!-- \/ Yoast SEO plugin. -->","yoast_head_json":{"title":"Camicia Twin Set Bianco - Acquista online! - Seconda Strada","description":"Camicia Twin Set Bianco \u27a4 Acquista online su Secondastrada.com Camicia Twin Set Bianco \u2714\ufe0f Spedizione veloce entro 24h in tutta Italia \u2714\ufe0f Sconto sul tuo primo acquisto","robots":{"index":"index","follow":"follow","max-snippet":"max-snippet:-1","max-image-preview":"max-image-preview:large","max-video-preview":"max-video-preview:-1"},"canonical":"https:\/\/www.secondastrada.com\/it\/camicia-twin-set-bianco\/","og_locale":"it_IT","og_type":"article","og_title":"Camicia Twin Set Bianco - Acquista online! - Seconda Strada","og_description":"Camicia Twin Set Bianco \u27a4 Acquista online su Secondastrada.com Camicia Twin Set Bianco \u2714\ufe0f Spedizione veloce entro 24h in tutta Italia \u2714\ufe0f Sconto sul tuo primo acquisto","og_url":"https:\/\/www.secondastrada.com\/it\/camicia-twin-set-bianco\/","og_site_name":"Seconda Strada","article_modified_time":"2026-03-25T10:17:22+00:00","og_image":[{"width":1000,"height":1300,"url":"https:\/\/www.secondastrada.com\/wp-content\/uploads\/2025\/11\/232AP2280-SA_GIGLIO_AI25_1.jpg","type":"image\/jpeg"}],"twitter_card":"summary_large_image","schema":{"@context":"https:\/\/schema.org","@graph":[{"@type":"WebPage","@id":"https:\/\/www.secondastrada.com\/it\/camicia-twin-set-bianco\/","url":"https:\/\/www.secondastrada.com\/it\/camicia-twin-set-bianco\/","name":"Camicia Twin Set Bianco - Acquista online! - Seconda Strada","isPartOf":{"@id":"https:\/\/www.secondastrada.com\/it\/#website"},"primaryImageOfPage":{"@id":"https:\/\/www.secondastrada.com\/it\/camicia-twin-set-bianco\/#primaryimage"},"image":{"@id":"https:\/\/www.secondastrada.com\/it\/camicia-twin-set-bianco\/#primaryimage"},"thumbnailUrl":"https:\/\/www.secondastrada.com\/wp-content\/uploads\/2025\/11\/232AP2280-SA_GIGLIO_AI25_1.jpg","datePublished":"2025-11-07T14:19:49+00:00","dateModified":"2026-03-25T10:17:22+00:00","description":"Camicia Twin Set Bianco \u27a4 Acquista online su Secondastrada.com Camicia Twin Set Bianco \u2714\ufe0f Spedizione veloce entro 24h in tutta Italia \u2714\ufe0f Sconto sul tuo primo acquisto","breadcrumb":{"@id":"https:\/\/www.secondastrada.com\/it\/camicia-twin-set-bianco\/#breadcrumb"},"inLanguage":"it-IT","potentialAction":[{"@type":"ReadAction","target":["https:\/\/www.secondastrada.com\/it\/camicia-twin-set-bianco\/"]}]},{"@type":"ImageObject","inLanguage":"it-IT","@id":"https:\/\/www.secondastrada.com\/it\/camicia-twin-set-bianco\/#primaryimage","url":"https:\/\/www.secondastrada.com\/wp-content\/uploads\/2025\/11\/232AP2280-SA_GIGLIO_AI25_1.jpg","contentUrl":"https:\/\/www.secondastrada.com\/wp-content\/uploads\/2025\/11\/232AP2280-SA_GIGLIO_AI25_1.jpg","width":1000,"height":1300,"caption":"232AP2280-SA_GIGLIO_AI25"},{"@type":"BreadcrumbList","@id":"https:\/\/www.secondastrada.com\/it\/camicia-twin-set-bianco\/#breadcrumb","itemListElement":[{"@type":"ListItem","position":1,"name":"Home","item":"https:\/\/www.secondastrada.com\/it\/"},{"@type":"ListItem","position":2,"name":"Shop","item":"https:\/\/www.secondastrada.com\/it\/shop\/"},{"@type":"ListItem","position":3,"name":"Donna","item":"https:\/\/www.secondastrada.com\/it\/collezione-donna\/"},{"@type":"ListItem","position":4,"name":"Abbigliamento","item":"https:\/\/www.secondastrada.com\/it\/collezione-donna\/abbigliamento-donna\/"},{"@type":"ListItem","position":5,"name":"Camicie e Bluse","item":"https:\/\/www.secondastrada.com\/it\/collezione-donna\/abbigliamento-donna\/camicie-e-bluse-da-donna\/"},{"@type":"ListItem","position":6,"name":"Camicia Twin Set Bianco"}]},{"@type":"WebSite","@id":"https:\/\/www.secondastrada.com\/it\/#website","url":"https:\/\/www.secondastrada.com\/it\/","name":"Seconda Strada","description":"","publisher":{"@id":"https:\/\/www.secondastrada.com\/it\/#organization"},"potentialAction":[{"@type":"SearchAction","target":{"@type":"EntryPoint","urlTemplate":"https:\/\/www.secondastrada.com\/it\/?s={search_term_string}"},"query-input":"required name=search_term_string"}],"inLanguage":"it-IT"},{"@type":"Organization","@id":"https:\/\/www.secondastrada.com\/it\/#organization","name":"Seconda Strada","url":"https:\/\/www.secondastrada.com\/it\/","logo":{"@type":"ImageObject","inLanguage":"it-IT","@id":"https:\/\/www.secondastrada.com\/it\/#\/schema\/logo\/image\/","url":"https:\/\/www.secondastrada.com\/wp-content\/uploads\/2023\/11\/secondastrada-logo.svg","contentUrl":"https:\/\/www.secondastrada.com\/wp-content\/uploads\/2023\/11\/secondastrada-logo.svg","width":353,"height":47,"caption":"Seconda Strada"},"image":{"@id":"https:\/\/www.secondastrada.com\/it\/#\/schema\/logo\/image\/"}}]}},"df_price":27.196,"df_sale_price":"","df_regular_price":27.196,"df_image_link":"https:\/\/www.secondastrada.com\/wp-content\/uploads\/2025\/11\/232AP2280-SA_GIGLIO_AI25_1-300x300.jpg","_links":{"self":[{"href":"https:\/\/www.secondastrada.com\/it\/wp-json\/wp\/v2\/product\/316110"}],"collection":[{"href":"https:\/\/www.secondastrada.com\/it\/wp-json\/wp\/v2\/product"}],"about":[{"href":"https:\/\/www.secondastrada.com\/it\/wp-json\/wp\/v2\/types\/product"}],"wp:featuredmedia":[{"embeddable":true,"href":"https:\/\/www.secondastrada.com\/it\/wp-json\/wp\/v2\/media\/316367"}],"wp:attachment":[{"href":"https:\/\/www.secondastrada.com\/it\/wp-json\/wp\/v2\/media?parent=316110"}],"wp:term":[{"taxonomy":"ss_brand","embeddable":true,"href":"https:\/\/www.secondastrada.com\/it\/wp-json\/wp\/v2\/ss_brand?post=316110"},{"taxonomy":"ss_promo","embeddable":true,"href":"https:\/\/www.secondastrada.com\/it\/wp-json\/wp\/v2\/ss_promo?post=316110"},{"taxonomy":"ss_season","embeddable":true,"href":"https:\/\/www.secondastrada.com\/it\/wp-json\/wp\/v2\/ss_season?post=316110"},{"taxonomy":"product_cat","embeddable":true,"href":"https:\/\/www.secondastrada.com\/it\/wp-json\/wp\/v2\/product_cat?post=316110"},{"taxonomy":"product_tag","embeddable":true,"href":"https:\/\/www.secondastrada.com\/it\/wp-json\/wp\/v2\/product_tag?post=316110"}],"curies":[{"name":"wp","href":"https:\/\/api.w.org\/{rel}","templated":true}]}}