{"id":31916,"date":"2024-03-29T00:33:37","date_gmt":"2024-03-28T23:33:37","guid":{"rendered":"http:\/\/secondastrada.com\/borsa-tommy-hilfiger-nera-2\/"},"modified":"2026-01-29T15:43:41","modified_gmt":"2026-01-29T14:43:41","slug":"borsa-tommy-hilfiger-nera-2","status":"publish","type":"product","link":"https:\/\/www.secondastrada.com\/it\/borsa-tommy-hilfiger-nera-2\/","title":{"rendered":"Borsa Tommy Hilfiger nera"},"content":{"rendered":"<p><b>COMPOSIZIONE E VESTIBILIT\u00c0:<\/b><br \/>100%  poliuretano<br \/><b>CONSIGLI DI STILE:<\/b><br \/>Borsa a tracolla di medie dimensioni in total nero a forma di mezzaluna. La bag si compone di due scompartimenti con chiusura a bottone pi\u00f9 taschina interna con zip. Presenti dettagli dorati e tracolla regolabile in tinta. La borsa \u00e8 ideale per occasioni casual. Un must-have che non pu\u00f2 mancare nel tuo guardaroba. <br \/>Cod. art. AW0AW14862 ot <br \/>Vi ricordiamo che tutti i nostri articoli sono originali.<br \/><b>MISURE:<\/b><br \/> Misure taglia U: <br \/>&#8211; Base inferiore: 24 cm <br \/>&#8211; Altezza massima: 20 cm <br \/>&#8211; Profondit\u00e0: 5 cm<br \/>&#8211;<\/p>\n","protected":false},"excerpt":{"rendered":"<p>COMPOSIZIONE E VESTIBILIT\u00c0:100% poliuretanoCONSIGLI DI STILE:Borsa a tracolla di medie dimensioni in total nero a forma di mezzaluna. La bag si compone di due scompartimenti con chiusura a bottone pi\u00f9 taschina interna con zip. Presenti dettagli dorati e tracolla regolabile in tinta. La borsa \u00e8 ideale per occasioni casual. Un must-have che non pu\u00f2 mancare&#8230;<\/p>\n","protected":false},"featured_media":0,"template":"","meta":{"inline_featured_image":false},"ss_brand":[1253],"ss_promo":[2181],"ss_season":[2005],"product_cat":[1331,1477,1658],"product_tag":[],"class_list":{"0":"post-31916","1":"product","2":"type-product","3":"status-publish","5":"ss_brand-tommy-hilfiger-donna","6":"ss_promo-ultime-occasioni-donna","7":"ss_season-ai23","8":"product_cat-accessori-donna","9":"product_cat-borse-da-donna","10":"product_cat-collezione-donna","12":"first","13":"outofstock","14":"shipping-taxable","15":"product-type-variable","16":"has-default-attributes"},"acf":{"ss_brand":[{"term_id":1253,"name":"TOMMY HILFIGER","slug":"tommy-hilfiger-donna","term_group":0,"term_taxonomy_id":1253,"taxonomy":"ss_brand","description":"Con <strong>Tommy Hilfiger<\/strong> aggiungi un tocco unico al tuo stile casual e approfitta dei vantaggi nel nostro shop online!\u00a0Acquista online su SecondaStrada.com <strong>abbigliamento da donna Tommy Hilfiger scontatissimo<\/strong>!","parent":1201,"count":290,"filter":"raw"}],"ss_promo":[2181],"ss_season":[{"term_id":2005,"name":"AI23","slug":"ai23","term_group":0,"term_taxonomy_id":2005,"taxonomy":"ss_season","description":"","parent":0,"count":601,"filter":"raw"}],"ss_old_price":"159,90","ss_omnibus_price":"0,00","ss_style_advice":"<p><b>COMPOSIZIONE E VESTIBILIT\u00c0:<\/b><br \/>100%  poliuretano<br \/><b>CONSIGLI DI STILE:<\/b><br \/>Borsa a tracolla di medie dimensioni in total nero a forma di mezzaluna. La bag si compone di due scompartimenti con chiusura a bottone pi\u00f9 taschina interna con zip. Presenti dettagli dorati e tracolla regolabile in tinta. La borsa \u00e8 ideale per occasioni casual. Un must-have che non pu\u00f2 mancare nel tuo guardaroba. <br \/>Cod. art. AW0AW14862 ot <br \/>Vi ricordiamo che tutti i nostri articoli sono originali.<br \/><b>MISURE:<\/b><br \/> Misure taglia U: <br \/>&#8211; Base inferiore: 24 cm <br \/>&#8211; Altezza massima: 20 cm <br \/>&#8211; Profondit\u00e0: 5 cm<br \/>&#8211;<\/p>\n","ss_composition":"<p>100% poliuretano<\/p>\n","ss_fit":"<p>Borsa TOMMY HILFIGER<\/p>\n"},"yoast_head":"<!-- This site is optimized with the Yoast SEO plugin v22.3 - https:\/\/yoast.com\/wordpress\/plugins\/seo\/ -->\n<title>Borsa Tommy Hilfiger nera - Acquista online! - Seconda Strada<\/title>\n<meta name=\"description\" content=\"Borsa Tommy Hilfiger nera \u27a4 Acquista online su Secondastrada.com Borsa Tommy Hilfiger nera \u2714\ufe0f Spedizione veloce entro 24h in tutta Italia \u2714\ufe0f Sconto sul tuo primo acquisto\" \/>\n<meta name=\"robots\" content=\"index, follow, max-snippet:-1, max-image-preview:large, max-video-preview:-1\" \/>\n<link rel=\"canonical\" href=\"https:\/\/www.secondastrada.com\/it\/borsa-tommy-hilfiger-nera-2\/\" \/>\n<meta property=\"og:locale\" content=\"it_IT\" \/>\n<meta property=\"og:type\" content=\"article\" \/>\n<meta property=\"og:title\" content=\"Borsa Tommy Hilfiger nera - Acquista online! - Seconda Strada\" \/>\n<meta property=\"og:description\" content=\"Borsa Tommy Hilfiger nera \u27a4 Acquista online su Secondastrada.com Borsa Tommy Hilfiger nera \u2714\ufe0f Spedizione veloce entro 24h in tutta Italia \u2714\ufe0f Sconto sul tuo primo acquisto\" \/>\n<meta property=\"og:url\" content=\"https:\/\/www.secondastrada.com\/it\/borsa-tommy-hilfiger-nera-2\/\" \/>\n<meta property=\"og:site_name\" content=\"Seconda Strada\" \/>\n<meta property=\"article:modified_time\" content=\"2026-01-29T14:43:41+00:00\" \/>\n<meta name=\"twitter:card\" content=\"summary_large_image\" \/>\n<!-- \/ Yoast SEO plugin. -->","yoast_head_json":{"title":"Borsa Tommy Hilfiger nera - Acquista online! - Seconda Strada","description":"Borsa Tommy Hilfiger nera \u27a4 Acquista online su Secondastrada.com Borsa Tommy Hilfiger nera \u2714\ufe0f Spedizione veloce entro 24h in tutta Italia \u2714\ufe0f Sconto sul tuo primo acquisto","robots":{"index":"index","follow":"follow","max-snippet":"max-snippet:-1","max-image-preview":"max-image-preview:large","max-video-preview":"max-video-preview:-1"},"canonical":"https:\/\/www.secondastrada.com\/it\/borsa-tommy-hilfiger-nera-2\/","og_locale":"it_IT","og_type":"article","og_title":"Borsa Tommy Hilfiger nera - Acquista online! - Seconda Strada","og_description":"Borsa Tommy Hilfiger nera \u27a4 Acquista online su Secondastrada.com Borsa Tommy Hilfiger nera \u2714\ufe0f Spedizione veloce entro 24h in tutta Italia \u2714\ufe0f Sconto sul tuo primo acquisto","og_url":"https:\/\/www.secondastrada.com\/it\/borsa-tommy-hilfiger-nera-2\/","og_site_name":"Seconda Strada","article_modified_time":"2026-01-29T14:43:41+00:00","twitter_card":"summary_large_image","schema":{"@context":"https:\/\/schema.org","@graph":[{"@type":"WebPage","@id":"https:\/\/www.secondastrada.com\/it\/borsa-tommy-hilfiger-nera-2\/","url":"https:\/\/www.secondastrada.com\/it\/borsa-tommy-hilfiger-nera-2\/","name":"Borsa Tommy Hilfiger nera - Acquista online! - Seconda Strada","isPartOf":{"@id":"https:\/\/www.secondastrada.com\/it\/#website"},"datePublished":"2024-03-28T23:33:37+00:00","dateModified":"2026-01-29T14:43:41+00:00","description":"Borsa Tommy Hilfiger nera \u27a4 Acquista online su Secondastrada.com Borsa Tommy Hilfiger nera \u2714\ufe0f Spedizione veloce entro 24h in tutta Italia \u2714\ufe0f Sconto sul tuo primo acquisto","breadcrumb":{"@id":"https:\/\/www.secondastrada.com\/it\/borsa-tommy-hilfiger-nera-2\/#breadcrumb"},"inLanguage":"it-IT","potentialAction":[{"@type":"ReadAction","target":["https:\/\/www.secondastrada.com\/it\/borsa-tommy-hilfiger-nera-2\/"]}]},{"@type":"BreadcrumbList","@id":"https:\/\/www.secondastrada.com\/it\/borsa-tommy-hilfiger-nera-2\/#breadcrumb","itemListElement":[{"@type":"ListItem","position":1,"name":"Home","item":"https:\/\/www.secondastrada.com\/it\/"},{"@type":"ListItem","position":2,"name":"Shop","item":"https:\/\/www.secondastrada.com\/it\/shop\/"},{"@type":"ListItem","position":3,"name":"Donna","item":"https:\/\/www.secondastrada.com\/it\/collezione-donna\/"},{"@type":"ListItem","position":4,"name":"Accessori","item":"https:\/\/www.secondastrada.com\/it\/collezione-donna\/accessori-donna\/"},{"@type":"ListItem","position":5,"name":"Borse","item":"https:\/\/www.secondastrada.com\/it\/collezione-donna\/accessori-donna\/borse-da-donna\/"},{"@type":"ListItem","position":6,"name":"Borsa Tommy Hilfiger nera"}]},{"@type":"WebSite","@id":"https:\/\/www.secondastrada.com\/it\/#website","url":"https:\/\/www.secondastrada.com\/it\/","name":"Seconda Strada","description":"","publisher":{"@id":"https:\/\/www.secondastrada.com\/it\/#organization"},"potentialAction":[{"@type":"SearchAction","target":{"@type":"EntryPoint","urlTemplate":"https:\/\/www.secondastrada.com\/it\/?s={search_term_string}"},"query-input":"required name=search_term_string"}],"inLanguage":"it-IT"},{"@type":"Organization","@id":"https:\/\/www.secondastrada.com\/it\/#organization","name":"Seconda Strada","url":"https:\/\/www.secondastrada.com\/it\/","logo":{"@type":"ImageObject","inLanguage":"it-IT","@id":"https:\/\/www.secondastrada.com\/it\/#\/schema\/logo\/image\/","url":"https:\/\/www.secondastrada.com\/wp-content\/uploads\/2023\/11\/secondastrada-logo.svg","contentUrl":"https:\/\/www.secondastrada.com\/wp-content\/uploads\/2023\/11\/secondastrada-logo.svg","width":353,"height":47,"caption":"Seconda Strada"},"image":{"@id":"https:\/\/www.secondastrada.com\/it\/#\/schema\/logo\/image\/"}}]}},"df_price":"","df_sale_price":"","df_regular_price":"","df_image_link":"https:\/\/www.secondastrada.com\/wp-content\/uploads\/2024\/03\/placeholder-ss.webp","_links":{"self":[{"href":"https:\/\/www.secondastrada.com\/it\/wp-json\/wp\/v2\/product\/31916"}],"collection":[{"href":"https:\/\/www.secondastrada.com\/it\/wp-json\/wp\/v2\/product"}],"about":[{"href":"https:\/\/www.secondastrada.com\/it\/wp-json\/wp\/v2\/types\/product"}],"wp:attachment":[{"href":"https:\/\/www.secondastrada.com\/it\/wp-json\/wp\/v2\/media?parent=31916"}],"wp:term":[{"taxonomy":"ss_brand","embeddable":true,"href":"https:\/\/www.secondastrada.com\/it\/wp-json\/wp\/v2\/ss_brand?post=31916"},{"taxonomy":"ss_promo","embeddable":true,"href":"https:\/\/www.secondastrada.com\/it\/wp-json\/wp\/v2\/ss_promo?post=31916"},{"taxonomy":"ss_season","embeddable":true,"href":"https:\/\/www.secondastrada.com\/it\/wp-json\/wp\/v2\/ss_season?post=31916"},{"taxonomy":"product_cat","embeddable":true,"href":"https:\/\/www.secondastrada.com\/it\/wp-json\/wp\/v2\/product_cat?post=31916"},{"taxonomy":"product_tag","embeddable":true,"href":"https:\/\/www.secondastrada.com\/it\/wp-json\/wp\/v2\/product_tag?post=31916"}],"curies":[{"name":"wp","href":"https:\/\/api.w.org\/{rel}","templated":true}]}}