{"id":319953,"date":"2025-11-27T16:28:09","date_gmt":"2025-11-27T15:28:09","guid":{"rendered":"https:\/\/www.secondastrada.com\/it\/maglione-rue-de-clerie-luxury-bordeaux-2\/"},"modified":"2026-03-25T12:08:40","modified_gmt":"2026-03-25T11:08:40","slug":"maglione-rue-de-clerie-luxury-bordeaux-2","status":"publish","type":"product","link":"https:\/\/www.secondastrada.com\/it\/maglione-rue-de-clerie-luxury-bordeaux-2\/","title":{"rendered":"Maglione Rue De Clerie Luxury Bordeaux"},"content":{"rendered":"<p>Maglione modello simil cardigan, in total bordeaux, con colletto alla peter pan. La vestibilit\u00e0 \u00e8 morbida e pratica grazie a bottoni ad asola in tinta. Il maglione \u00e8 adatto per occasioni casual e facilmente combinabile. Il tuo prossimo articolo nei prodotti salvati.<br \/>Cod. art. 38 10084 OA<br \/>Cod. art.<\/p>\n","protected":false},"excerpt":{"rendered":"<p>Maglione modello simil cardigan, in total bordeaux, con colletto alla peter pan. La vestibilit\u00e0 \u00e8 morbida e pratica grazie a bottoni ad asola in tinta. Il maglione \u00e8 adatto per occasioni casual e facilmente combinabile. Il tuo prossimo articolo nei prodotti salvati.Cod. art. 38 10084 OACod. art.<\/p>\n","protected":false},"featured_media":321590,"template":"","meta":{"inline_featured_image":false},"ss_brand":[2512],"ss_promo":[2181],"ss_season":[2431],"product_cat":[1329,1607,1658,1535],"product_tag":[2204],"class_list":{"0":"post-319953","1":"product","2":"type-product","3":"status-publish","4":"has-post-thumbnail","6":"ss_brand-rue-de-clerie-luxury-donna","7":"ss_promo-ultime-occasioni-donna","8":"ss_season-ai25","9":"product_cat-abbigliamento-donna","10":"product_cat-cardigan-da-donna","11":"product_cat-collezione-donna","12":"product_cat-maglie-da-donna","13":"product_tag-idee-regalo-donna","15":"first","16":"instock","17":"sale","18":"shipping-taxable","19":"purchasable","20":"product-type-variable","21":"has-default-attributes"},"acf":{"ss_brand":[{"term_id":2512,"name":"RUE DE CLERIE LUXURY","slug":"rue-de-clerie-luxury-donna","term_group":0,"term_taxonomy_id":2512,"taxonomy":"ss_brand","description":"","parent":1201,"count":32,"filter":"raw"}],"ss_promo":[2181],"ss_season":[{"term_id":2431,"name":"AI25","slug":"ai25","term_group":0,"term_taxonomy_id":2431,"taxonomy":"ss_season","description":"","parent":0,"count":2137,"filter":"raw"}],"ss_old_price":"0,00","ss_omnibus_price":"0,00","ss_style_advice":"<p>Maglione modello simil cardigan, in total bordeaux, con colletto alla peter pan. La vestibilit\u00e0 \u00e8 morbida e pratica grazie a bottoni ad asola in tinta. Il maglione \u00e8 adatto per occasioni casual e facilmente combinabile. Il tuo prossimo articolo nei prodotti salvati.<br \/>Cod. art. 38 10084 OA<br \/>Cod. art.<\/p>\n","ss_composition":"<p>48% lana 30% viscosa 15% poliamide 7% cashmere<\/p>\n","ss_fit":"<p>La modella \u00e8 alta 165 cm e indossa la taglia S. La vestibilit\u00e0 del capo \u00e8 regolare.<\/p>\n"},"yoast_head":"<!-- This site is optimized with the Yoast SEO plugin v22.3 - https:\/\/yoast.com\/wordpress\/plugins\/seo\/ -->\n<title>Maglione Rue De Clerie Luxury Bordeaux - Acquista online! - Seconda Strada<\/title>\n<meta name=\"description\" content=\"Maglione Rue De Clerie Luxury Bordeaux \u27a4 Acquista online su Secondastrada.com Maglione Rue De Clerie Luxury Bordeaux \u2714\ufe0f Spedizione veloce entro 24h in tutta Italia \u2714\ufe0f Sconto sul tuo primo acquisto\" \/>\n<meta name=\"robots\" content=\"index, follow, max-snippet:-1, max-image-preview:large, max-video-preview:-1\" \/>\n<link rel=\"canonical\" href=\"https:\/\/www.secondastrada.com\/it\/maglione-rue-de-clerie-luxury-bordeaux-2\/\" \/>\n<meta property=\"og:locale\" content=\"it_IT\" \/>\n<meta property=\"og:type\" content=\"article\" \/>\n<meta property=\"og:title\" content=\"Maglione Rue De Clerie Luxury Bordeaux - Acquista online! - Seconda Strada\" \/>\n<meta property=\"og:description\" content=\"Maglione Rue De Clerie Luxury Bordeaux \u27a4 Acquista online su Secondastrada.com Maglione Rue De Clerie Luxury Bordeaux \u2714\ufe0f Spedizione veloce entro 24h in tutta Italia \u2714\ufe0f Sconto sul tuo primo acquisto\" \/>\n<meta property=\"og:url\" content=\"https:\/\/www.secondastrada.com\/it\/maglione-rue-de-clerie-luxury-bordeaux-2\/\" \/>\n<meta property=\"og:site_name\" content=\"Seconda Strada\" \/>\n<meta property=\"article:modified_time\" content=\"2026-03-25T11:08:40+00:00\" \/>\n<meta property=\"og:image\" content=\"https:\/\/www.secondastrada.com\/wp-content\/uploads\/2025\/11\/38-10084-OA_MELANZANA_AI25_1.jpg\" \/>\n\t<meta property=\"og:image:width\" content=\"1000\" \/>\n\t<meta property=\"og:image:height\" content=\"1300\" \/>\n\t<meta property=\"og:image:type\" content=\"image\/jpeg\" \/>\n<meta name=\"twitter:card\" content=\"summary_large_image\" \/>\n<!-- \/ Yoast SEO plugin. -->","yoast_head_json":{"title":"Maglione Rue De Clerie Luxury Bordeaux - Acquista online! - Seconda Strada","description":"Maglione Rue De Clerie Luxury Bordeaux \u27a4 Acquista online su Secondastrada.com Maglione Rue De Clerie Luxury Bordeaux \u2714\ufe0f Spedizione veloce entro 24h in tutta Italia \u2714\ufe0f Sconto sul tuo primo acquisto","robots":{"index":"index","follow":"follow","max-snippet":"max-snippet:-1","max-image-preview":"max-image-preview:large","max-video-preview":"max-video-preview:-1"},"canonical":"https:\/\/www.secondastrada.com\/it\/maglione-rue-de-clerie-luxury-bordeaux-2\/","og_locale":"it_IT","og_type":"article","og_title":"Maglione Rue De Clerie Luxury Bordeaux - Acquista online! - Seconda Strada","og_description":"Maglione Rue De Clerie Luxury Bordeaux \u27a4 Acquista online su Secondastrada.com Maglione Rue De Clerie Luxury Bordeaux \u2714\ufe0f Spedizione veloce entro 24h in tutta Italia \u2714\ufe0f Sconto sul tuo primo acquisto","og_url":"https:\/\/www.secondastrada.com\/it\/maglione-rue-de-clerie-luxury-bordeaux-2\/","og_site_name":"Seconda Strada","article_modified_time":"2026-03-25T11:08:40+00:00","og_image":[{"width":1000,"height":1300,"url":"https:\/\/www.secondastrada.com\/wp-content\/uploads\/2025\/11\/38-10084-OA_MELANZANA_AI25_1.jpg","type":"image\/jpeg"}],"twitter_card":"summary_large_image","schema":{"@context":"https:\/\/schema.org","@graph":[{"@type":"WebPage","@id":"https:\/\/www.secondastrada.com\/it\/maglione-rue-de-clerie-luxury-bordeaux-2\/","url":"https:\/\/www.secondastrada.com\/it\/maglione-rue-de-clerie-luxury-bordeaux-2\/","name":"Maglione Rue De Clerie Luxury Bordeaux - Acquista online! - Seconda Strada","isPartOf":{"@id":"https:\/\/www.secondastrada.com\/it\/#website"},"primaryImageOfPage":{"@id":"https:\/\/www.secondastrada.com\/it\/maglione-rue-de-clerie-luxury-bordeaux-2\/#primaryimage"},"image":{"@id":"https:\/\/www.secondastrada.com\/it\/maglione-rue-de-clerie-luxury-bordeaux-2\/#primaryimage"},"thumbnailUrl":"https:\/\/www.secondastrada.com\/wp-content\/uploads\/2025\/11\/38-10084-OA_MELANZANA_AI25_1.jpg","datePublished":"2025-11-27T15:28:09+00:00","dateModified":"2026-03-25T11:08:40+00:00","description":"Maglione Rue De Clerie Luxury Bordeaux \u27a4 Acquista online su Secondastrada.com Maglione Rue De Clerie Luxury Bordeaux \u2714\ufe0f Spedizione veloce entro 24h in tutta Italia \u2714\ufe0f Sconto sul tuo primo acquisto","breadcrumb":{"@id":"https:\/\/www.secondastrada.com\/it\/maglione-rue-de-clerie-luxury-bordeaux-2\/#breadcrumb"},"inLanguage":"it-IT","potentialAction":[{"@type":"ReadAction","target":["https:\/\/www.secondastrada.com\/it\/maglione-rue-de-clerie-luxury-bordeaux-2\/"]}]},{"@type":"ImageObject","inLanguage":"it-IT","@id":"https:\/\/www.secondastrada.com\/it\/maglione-rue-de-clerie-luxury-bordeaux-2\/#primaryimage","url":"https:\/\/www.secondastrada.com\/wp-content\/uploads\/2025\/11\/38-10084-OA_MELANZANA_AI25_1.jpg","contentUrl":"https:\/\/www.secondastrada.com\/wp-content\/uploads\/2025\/11\/38-10084-OA_MELANZANA_AI25_1.jpg","width":1000,"height":1300,"caption":"38-10084-OA_MELANZANA_AI25"},{"@type":"BreadcrumbList","@id":"https:\/\/www.secondastrada.com\/it\/maglione-rue-de-clerie-luxury-bordeaux-2\/#breadcrumb","itemListElement":[{"@type":"ListItem","position":1,"name":"Home","item":"https:\/\/www.secondastrada.com\/it\/"},{"@type":"ListItem","position":2,"name":"Shop","item":"https:\/\/www.secondastrada.com\/it\/shop\/"},{"@type":"ListItem","position":3,"name":"Donna","item":"https:\/\/www.secondastrada.com\/it\/collezione-donna\/"},{"@type":"ListItem","position":4,"name":"Abbigliamento","item":"https:\/\/www.secondastrada.com\/it\/collezione-donna\/abbigliamento-donna\/"},{"@type":"ListItem","position":5,"name":"Maglieria","item":"https:\/\/www.secondastrada.com\/it\/collezione-donna\/abbigliamento-donna\/maglie-da-donna\/"},{"@type":"ListItem","position":6,"name":"Cardigan","item":"https:\/\/www.secondastrada.com\/it\/collezione-donna\/abbigliamento-donna\/maglie-da-donna\/cardigan-da-donna\/"},{"@type":"ListItem","position":7,"name":"Maglione Rue De Clerie Luxury Bordeaux"}]},{"@type":"WebSite","@id":"https:\/\/www.secondastrada.com\/it\/#website","url":"https:\/\/www.secondastrada.com\/it\/","name":"Seconda Strada","description":"","publisher":{"@id":"https:\/\/www.secondastrada.com\/it\/#organization"},"potentialAction":[{"@type":"SearchAction","target":{"@type":"EntryPoint","urlTemplate":"https:\/\/www.secondastrada.com\/it\/?s={search_term_string}"},"query-input":"required name=search_term_string"}],"inLanguage":"it-IT"},{"@type":"Organization","@id":"https:\/\/www.secondastrada.com\/it\/#organization","name":"Seconda Strada","url":"https:\/\/www.secondastrada.com\/it\/","logo":{"@type":"ImageObject","inLanguage":"it-IT","@id":"https:\/\/www.secondastrada.com\/it\/#\/schema\/logo\/image\/","url":"https:\/\/www.secondastrada.com\/wp-content\/uploads\/2023\/11\/secondastrada-logo.svg","contentUrl":"https:\/\/www.secondastrada.com\/wp-content\/uploads\/2023\/11\/secondastrada-logo.svg","width":353,"height":47,"caption":"Seconda Strada"},"image":{"@id":"https:\/\/www.secondastrada.com\/it\/#\/schema\/logo\/image\/"}}]}},"df_price":31.996,"df_sale_price":"","df_regular_price":31.996,"df_image_link":"https:\/\/www.secondastrada.com\/wp-content\/uploads\/2025\/11\/38-10084-OA_MELANZANA_AI25_1-300x300.jpg","_links":{"self":[{"href":"https:\/\/www.secondastrada.com\/it\/wp-json\/wp\/v2\/product\/319953"}],"collection":[{"href":"https:\/\/www.secondastrada.com\/it\/wp-json\/wp\/v2\/product"}],"about":[{"href":"https:\/\/www.secondastrada.com\/it\/wp-json\/wp\/v2\/types\/product"}],"wp:featuredmedia":[{"embeddable":true,"href":"https:\/\/www.secondastrada.com\/it\/wp-json\/wp\/v2\/media\/321590"}],"wp:attachment":[{"href":"https:\/\/www.secondastrada.com\/it\/wp-json\/wp\/v2\/media?parent=319953"}],"wp:term":[{"taxonomy":"ss_brand","embeddable":true,"href":"https:\/\/www.secondastrada.com\/it\/wp-json\/wp\/v2\/ss_brand?post=319953"},{"taxonomy":"ss_promo","embeddable":true,"href":"https:\/\/www.secondastrada.com\/it\/wp-json\/wp\/v2\/ss_promo?post=319953"},{"taxonomy":"ss_season","embeddable":true,"href":"https:\/\/www.secondastrada.com\/it\/wp-json\/wp\/v2\/ss_season?post=319953"},{"taxonomy":"product_cat","embeddable":true,"href":"https:\/\/www.secondastrada.com\/it\/wp-json\/wp\/v2\/product_cat?post=319953"},{"taxonomy":"product_tag","embeddable":true,"href":"https:\/\/www.secondastrada.com\/it\/wp-json\/wp\/v2\/product_tag?post=319953"}],"curies":[{"name":"wp","href":"https:\/\/api.w.org\/{rel}","templated":true}]}}