{"id":321337,"date":"2025-11-24T09:10:54","date_gmt":"2025-11-24T08:10:54","guid":{"rendered":"https:\/\/www.secondastrada.com\/it\/felpa-gas-blu-2\/"},"modified":"2026-02-26T14:46:41","modified_gmt":"2026-02-26T13:46:41","slug":"felpa-gas-blu-2","status":"publish","type":"product","link":"https:\/\/www.secondastrada.com\/it\/felpa-gas-blu-2\/","title":{"rendered":"Felpa Gas Blu"},"content":{"rendered":"<p>Felpa classica con interno felpato ed in total blu navy. Presenti tasche a taglio trasversale. La vestibilit\u00e0 \u00e8 morbida e pratica grazie a zip sul fronte. La felpa \u00e8 adatta per occasioni casual e facilmente combinabile. Troppo comoda per poterne fare a meno.<br \/>Cod. art. B0659 LUSTIG PK LOGO G   OA<br \/>Vi ricordiamo che tutti i nostri articoli sono originali.<\/p>\n","protected":false},"excerpt":{"rendered":"<p>Felpa classica con interno felpato ed in total blu navy. Presenti tasche a taglio trasversale. La vestibilit\u00e0 \u00e8 morbida e pratica grazie a zip sul fronte. La felpa \u00e8 adatta per occasioni casual e facilmente combinabile. Troppo comoda per poterne fare a meno.Cod. art. B0659 LUSTIG PK LOGO G OAVi ricordiamo che tutti i nostri&#8230;<\/p>\n","protected":false},"featured_media":316636,"template":"","meta":{"inline_featured_image":false},"ss_brand":[1281],"ss_promo":[],"ss_season":[2431],"product_cat":[1332,1480,1714],"product_tag":[2203],"class_list":{"0":"post-321337","1":"product","2":"type-product","3":"status-publish","4":"has-post-thumbnail","6":"ss_brand-gas-uomo","7":"ss_season-ai25","8":"product_cat-abbigliamento-uomo","9":"product_cat-felpe-da-uomo","10":"product_cat-collezione-uomo","11":"product_tag-idee-regalo-uomo","13":"first","14":"instock","15":"shipping-taxable","16":"purchasable","17":"product-type-variable","18":"has-default-attributes"},"acf":{"ss_brand":[{"term_id":1281,"name":"GAS","slug":"gas-uomo","term_group":0,"term_taxonomy_id":1281,"taxonomy":"ss_brand","description":"Ami il denim look e non puoi rinunciare all\u2019accoppiata jeans-felpa? Allora le collezioni uomo firmate Gas sono perfette per te! Scopri subito tutti i modelli a prezzi economici!","parent":1268,"count":124,"filter":"raw"}],"ss_promo":false,"ss_season":[{"term_id":2431,"name":"AI25","slug":"ai25","term_group":0,"term_taxonomy_id":2431,"taxonomy":"ss_season","description":"","parent":0,"count":2137,"filter":"raw"}],"ss_old_price":"89,90","ss_omnibus_price":"0,00","ss_style_advice":"<p>Felpa classica con interno felpato ed in total blu navy. Presenti tasche a taglio trasversale. La vestibilit\u00e0 \u00e8 morbida e pratica grazie a zip sul fronte. La felpa \u00e8 adatta per occasioni casual e facilmente combinabile. Troppo comoda per poterne fare a meno.<br \/>Cod. art. B0659 LUSTIG PK LOGO G   OA<br \/>Vi ricordiamo che tutti i nostri articoli sono originali.<\/p>\n","ss_composition":"<p>70% cotone 30% poliestere<\/p>\n","ss_fit":"<p>Il modello \u00e8 alto 187 cm e indossa la taglia L. La vestibilit\u00e0 del capo \u00e8 regolare<\/p>\n"},"yoast_head":"<!-- This site is optimized with the Yoast SEO plugin v22.3 - https:\/\/yoast.com\/wordpress\/plugins\/seo\/ -->\n<title>Felpa Gas Blu - Acquista online! - Seconda Strada<\/title>\n<meta name=\"description\" content=\"Felpa Gas Blu \u27a4 Acquista online su Secondastrada.com Felpa Gas Blu \u2714\ufe0f Spedizione veloce entro 24h in tutta Italia \u2714\ufe0f Sconto sul tuo primo acquisto\" \/>\n<meta name=\"robots\" content=\"index, follow, max-snippet:-1, max-image-preview:large, max-video-preview:-1\" \/>\n<link rel=\"canonical\" href=\"https:\/\/www.secondastrada.com\/it\/felpa-gas-blu-2\/\" \/>\n<meta property=\"og:locale\" content=\"it_IT\" \/>\n<meta property=\"og:type\" content=\"article\" \/>\n<meta property=\"og:title\" content=\"Felpa Gas Blu - Acquista online! - Seconda Strada\" \/>\n<meta property=\"og:description\" content=\"Felpa Gas Blu \u27a4 Acquista online su Secondastrada.com Felpa Gas Blu \u2714\ufe0f Spedizione veloce entro 24h in tutta Italia \u2714\ufe0f Sconto sul tuo primo acquisto\" \/>\n<meta property=\"og:url\" content=\"https:\/\/www.secondastrada.com\/it\/felpa-gas-blu-2\/\" \/>\n<meta property=\"og:site_name\" content=\"Seconda Strada\" \/>\n<meta property=\"article:modified_time\" content=\"2026-02-26T13:46:41+00:00\" \/>\n<meta property=\"og:image\" content=\"https:\/\/www.secondastrada.com\/wp-content\/uploads\/2025\/11\/B0659-LUSTIG-PK-LOGO-G-OA_BARITONE-BLUE_AI25_1.jpg\" \/>\n\t<meta property=\"og:image:width\" content=\"1000\" \/>\n\t<meta property=\"og:image:height\" content=\"1300\" \/>\n\t<meta property=\"og:image:type\" content=\"image\/jpeg\" \/>\n<meta name=\"twitter:card\" content=\"summary_large_image\" \/>\n<!-- \/ Yoast SEO plugin. -->","yoast_head_json":{"title":"Felpa Gas Blu - Acquista online! - Seconda Strada","description":"Felpa Gas Blu \u27a4 Acquista online su Secondastrada.com Felpa Gas Blu \u2714\ufe0f Spedizione veloce entro 24h in tutta Italia \u2714\ufe0f Sconto sul tuo primo acquisto","robots":{"index":"index","follow":"follow","max-snippet":"max-snippet:-1","max-image-preview":"max-image-preview:large","max-video-preview":"max-video-preview:-1"},"canonical":"https:\/\/www.secondastrada.com\/it\/felpa-gas-blu-2\/","og_locale":"it_IT","og_type":"article","og_title":"Felpa Gas Blu - Acquista online! - Seconda Strada","og_description":"Felpa Gas Blu \u27a4 Acquista online su Secondastrada.com Felpa Gas Blu \u2714\ufe0f Spedizione veloce entro 24h in tutta Italia \u2714\ufe0f Sconto sul tuo primo acquisto","og_url":"https:\/\/www.secondastrada.com\/it\/felpa-gas-blu-2\/","og_site_name":"Seconda Strada","article_modified_time":"2026-02-26T13:46:41+00:00","og_image":[{"width":1000,"height":1300,"url":"https:\/\/www.secondastrada.com\/wp-content\/uploads\/2025\/11\/B0659-LUSTIG-PK-LOGO-G-OA_BARITONE-BLUE_AI25_1.jpg","type":"image\/jpeg"}],"twitter_card":"summary_large_image","schema":{"@context":"https:\/\/schema.org","@graph":[{"@type":"WebPage","@id":"https:\/\/www.secondastrada.com\/it\/felpa-gas-blu-2\/","url":"https:\/\/www.secondastrada.com\/it\/felpa-gas-blu-2\/","name":"Felpa Gas Blu - Acquista online! - Seconda Strada","isPartOf":{"@id":"https:\/\/www.secondastrada.com\/it\/#website"},"primaryImageOfPage":{"@id":"https:\/\/www.secondastrada.com\/it\/felpa-gas-blu-2\/#primaryimage"},"image":{"@id":"https:\/\/www.secondastrada.com\/it\/felpa-gas-blu-2\/#primaryimage"},"thumbnailUrl":"https:\/\/www.secondastrada.com\/wp-content\/uploads\/2025\/11\/B0659-LUSTIG-PK-LOGO-G-OA_BARITONE-BLUE_AI25_1.jpg","datePublished":"2025-11-24T08:10:54+00:00","dateModified":"2026-02-26T13:46:41+00:00","description":"Felpa Gas Blu \u27a4 Acquista online su Secondastrada.com Felpa Gas Blu \u2714\ufe0f Spedizione veloce entro 24h in tutta Italia \u2714\ufe0f Sconto sul tuo primo acquisto","breadcrumb":{"@id":"https:\/\/www.secondastrada.com\/it\/felpa-gas-blu-2\/#breadcrumb"},"inLanguage":"it-IT","potentialAction":[{"@type":"ReadAction","target":["https:\/\/www.secondastrada.com\/it\/felpa-gas-blu-2\/"]}]},{"@type":"ImageObject","inLanguage":"it-IT","@id":"https:\/\/www.secondastrada.com\/it\/felpa-gas-blu-2\/#primaryimage","url":"https:\/\/www.secondastrada.com\/wp-content\/uploads\/2025\/11\/B0659-LUSTIG-PK-LOGO-G-OA_BARITONE-BLUE_AI25_1.jpg","contentUrl":"https:\/\/www.secondastrada.com\/wp-content\/uploads\/2025\/11\/B0659-LUSTIG-PK-LOGO-G-OA_BARITONE-BLUE_AI25_1.jpg","width":1000,"height":1300,"caption":"B0659-LUSTIG-PK-LOGO-G-OA_BARITONE-BLUE_AI25"},{"@type":"BreadcrumbList","@id":"https:\/\/www.secondastrada.com\/it\/felpa-gas-blu-2\/#breadcrumb","itemListElement":[{"@type":"ListItem","position":1,"name":"Home","item":"https:\/\/www.secondastrada.com\/it\/"},{"@type":"ListItem","position":2,"name":"Shop","item":"https:\/\/www.secondastrada.com\/it\/shop\/"},{"@type":"ListItem","position":3,"name":"Uomo","item":"https:\/\/www.secondastrada.com\/it\/collezione-uomo\/"},{"@type":"ListItem","position":4,"name":"Abbigliamento","item":"https:\/\/www.secondastrada.com\/it\/collezione-uomo\/abbigliamento-uomo\/"},{"@type":"ListItem","position":5,"name":"Felpe","item":"https:\/\/www.secondastrada.com\/it\/collezione-uomo\/abbigliamento-uomo\/felpe-da-uomo\/"},{"@type":"ListItem","position":6,"name":"Felpa Gas Blu"}]},{"@type":"WebSite","@id":"https:\/\/www.secondastrada.com\/it\/#website","url":"https:\/\/www.secondastrada.com\/it\/","name":"Seconda Strada","description":"","publisher":{"@id":"https:\/\/www.secondastrada.com\/it\/#organization"},"potentialAction":[{"@type":"SearchAction","target":{"@type":"EntryPoint","urlTemplate":"https:\/\/www.secondastrada.com\/it\/?s={search_term_string}"},"query-input":"required name=search_term_string"}],"inLanguage":"it-IT"},{"@type":"Organization","@id":"https:\/\/www.secondastrada.com\/it\/#organization","name":"Seconda Strada","url":"https:\/\/www.secondastrada.com\/it\/","logo":{"@type":"ImageObject","inLanguage":"it-IT","@id":"https:\/\/www.secondastrada.com\/it\/#\/schema\/logo\/image\/","url":"https:\/\/www.secondastrada.com\/wp-content\/uploads\/2023\/11\/secondastrada-logo.svg","contentUrl":"https:\/\/www.secondastrada.com\/wp-content\/uploads\/2023\/11\/secondastrada-logo.svg","width":353,"height":47,"caption":"Seconda Strada"},"image":{"@id":"https:\/\/www.secondastrada.com\/it\/#\/schema\/logo\/image\/"}}]}},"df_price":84.99,"df_sale_price":"","df_regular_price":84.99,"df_image_link":"https:\/\/www.secondastrada.com\/wp-content\/uploads\/2025\/11\/B0659-LUSTIG-PK-LOGO-G-OA_BARITONE-BLUE_AI25_1-300x300.jpg","_links":{"self":[{"href":"https:\/\/www.secondastrada.com\/it\/wp-json\/wp\/v2\/product\/321337"}],"collection":[{"href":"https:\/\/www.secondastrada.com\/it\/wp-json\/wp\/v2\/product"}],"about":[{"href":"https:\/\/www.secondastrada.com\/it\/wp-json\/wp\/v2\/types\/product"}],"wp:featuredmedia":[{"embeddable":true,"href":"https:\/\/www.secondastrada.com\/it\/wp-json\/wp\/v2\/media\/316636"}],"wp:attachment":[{"href":"https:\/\/www.secondastrada.com\/it\/wp-json\/wp\/v2\/media?parent=321337"}],"wp:term":[{"taxonomy":"ss_brand","embeddable":true,"href":"https:\/\/www.secondastrada.com\/it\/wp-json\/wp\/v2\/ss_brand?post=321337"},{"taxonomy":"ss_promo","embeddable":true,"href":"https:\/\/www.secondastrada.com\/it\/wp-json\/wp\/v2\/ss_promo?post=321337"},{"taxonomy":"ss_season","embeddable":true,"href":"https:\/\/www.secondastrada.com\/it\/wp-json\/wp\/v2\/ss_season?post=321337"},{"taxonomy":"product_cat","embeddable":true,"href":"https:\/\/www.secondastrada.com\/it\/wp-json\/wp\/v2\/product_cat?post=321337"},{"taxonomy":"product_tag","embeddable":true,"href":"https:\/\/www.secondastrada.com\/it\/wp-json\/wp\/v2\/product_tag?post=321337"}],"curies":[{"name":"wp","href":"https:\/\/api.w.org\/{rel}","templated":true}]}}