{"id":325900,"date":"2025-12-11T15:37:47","date_gmt":"2025-12-11T14:37:47","guid":{"rendered":"https:\/\/www.secondastrada.com\/it\/abito-in-maglia-sandro-ferrone-viola\/"},"modified":"2026-03-25T11:05:53","modified_gmt":"2026-03-25T10:05:53","slug":"abito-in-maglia-sandro-ferrone-viola","status":"publish","type":"product","link":"https:\/\/www.secondastrada.com\/it\/abito-in-maglia-sandro-ferrone-viola\/","title":{"rendered":"Abito in maglia Sandro Ferrone Viola"},"content":{"rendered":"<p>Maxi pull, morbido con bottoni e colletto.<br \/>Cod. art. S65YBEX23633 SA<br \/>Vi ricordiamo che tutti i nostri articoli sono originali.<\/p>\n","protected":false},"excerpt":{"rendered":"<p>Maxi pull, morbido con bottoni e colletto.Cod. art. S65YBEX23633 SAVi ricordiamo che tutti i nostri articoli sono originali.<\/p>\n","protected":false},"featured_media":325483,"template":"","meta":{"inline_featured_image":false},"ss_brand":[1245],"ss_promo":[2181],"ss_season":[2431],"product_cat":[1329,1539,1658,1610],"product_tag":[],"class_list":{"0":"post-325900","1":"product","2":"type-product","3":"status-publish","4":"has-post-thumbnail","6":"ss_brand-sandro-ferrone-donna","7":"ss_promo-ultime-occasioni-donna","8":"ss_season-ai25","9":"product_cat-abbigliamento-donna","10":"product_cat-abiti-e-vestiti-da-donna","11":"product_cat-collezione-donna","12":"product_cat-vestiti-da-donna-corti","14":"first","15":"instock","16":"sale","17":"shipping-taxable","18":"purchasable","19":"product-type-variable","20":"has-default-attributes"},"acf":{"ss_brand":[{"term_id":1245,"name":"SANDRO FERRONE","slug":"sandro-ferrone-donna","term_group":0,"term_taxonomy_id":1245,"taxonomy":"ss_brand","description":"Di gusto e di tendenza per assecondare la moda femminile al giusto prezzo!\u00a0Acquista online su SecondaStrada.com <strong>abbigliamento da donna Sandro Ferrone scontatissimo<\/strong>!","parent":1201,"count":254,"filter":"raw"}],"ss_promo":[2181],"ss_season":[{"term_id":2431,"name":"AI25","slug":"ai25","term_group":0,"term_taxonomy_id":2431,"taxonomy":"ss_season","description":"","parent":0,"count":2137,"filter":"raw"}],"ss_old_price":"57,00","ss_omnibus_price":"0,00","ss_style_advice":"<p>Maxi pull, morbido con bottoni e colletto.<br \/>Cod. art. S65YBEX23633 SA<br \/>Vi ricordiamo che tutti i nostri articoli sono originali.<\/p>\n","ss_composition":"<p>56% viscosa 28% poliestere 16% poliammide<\/p>\n","ss_fit":"<p>La modella \u00e8 alta 165 cm e veste la taglia S. La vestibilit\u00e0 del capo \u00e8 regolare.<\/p>\n"},"yoast_head":"<!-- This site is optimized with the Yoast SEO plugin v22.3 - https:\/\/yoast.com\/wordpress\/plugins\/seo\/ -->\n<title>Abito in maglia Sandro Ferrone Viola - Acquista online! - Seconda Strada<\/title>\n<meta name=\"description\" content=\"Abito in maglia Sandro Ferrone Viola \u27a4 Acquista online su Secondastrada.com Abito in maglia Sandro Ferrone Viola \u2714\ufe0f Spedizione veloce entro 24h in tutta Italia \u2714\ufe0f Sconto sul tuo primo acquisto\" \/>\n<meta name=\"robots\" content=\"index, follow, max-snippet:-1, max-image-preview:large, max-video-preview:-1\" \/>\n<link rel=\"canonical\" href=\"https:\/\/www.secondastrada.com\/it\/abito-in-maglia-sandro-ferrone-viola\/\" \/>\n<meta property=\"og:locale\" content=\"it_IT\" \/>\n<meta property=\"og:type\" content=\"article\" \/>\n<meta property=\"og:title\" content=\"Abito in maglia Sandro Ferrone Viola - Acquista online! - Seconda Strada\" \/>\n<meta property=\"og:description\" content=\"Abito in maglia Sandro Ferrone Viola \u27a4 Acquista online su Secondastrada.com Abito in maglia Sandro Ferrone Viola \u2714\ufe0f Spedizione veloce entro 24h in tutta Italia \u2714\ufe0f Sconto sul tuo primo acquisto\" \/>\n<meta property=\"og:url\" content=\"https:\/\/www.secondastrada.com\/it\/abito-in-maglia-sandro-ferrone-viola\/\" \/>\n<meta property=\"og:site_name\" content=\"Seconda Strada\" \/>\n<meta property=\"article:modified_time\" content=\"2026-03-25T10:05:53+00:00\" \/>\n<meta property=\"og:image\" content=\"https:\/\/www.secondastrada.com\/wp-content\/uploads\/2025\/12\/S65YBEX23633-SA_PRUGNA_AI25_1.jpg\" \/>\n\t<meta property=\"og:image:width\" content=\"1000\" \/>\n\t<meta property=\"og:image:height\" content=\"1300\" \/>\n\t<meta property=\"og:image:type\" content=\"image\/jpeg\" \/>\n<meta name=\"twitter:card\" content=\"summary_large_image\" \/>\n<!-- \/ Yoast SEO plugin. -->","yoast_head_json":{"title":"Abito in maglia Sandro Ferrone Viola - Acquista online! - Seconda Strada","description":"Abito in maglia Sandro Ferrone Viola \u27a4 Acquista online su Secondastrada.com Abito in maglia Sandro Ferrone Viola \u2714\ufe0f Spedizione veloce entro 24h in tutta Italia \u2714\ufe0f Sconto sul tuo primo acquisto","robots":{"index":"index","follow":"follow","max-snippet":"max-snippet:-1","max-image-preview":"max-image-preview:large","max-video-preview":"max-video-preview:-1"},"canonical":"https:\/\/www.secondastrada.com\/it\/abito-in-maglia-sandro-ferrone-viola\/","og_locale":"it_IT","og_type":"article","og_title":"Abito in maglia Sandro Ferrone Viola - Acquista online! - Seconda Strada","og_description":"Abito in maglia Sandro Ferrone Viola \u27a4 Acquista online su Secondastrada.com Abito in maglia Sandro Ferrone Viola \u2714\ufe0f Spedizione veloce entro 24h in tutta Italia \u2714\ufe0f Sconto sul tuo primo acquisto","og_url":"https:\/\/www.secondastrada.com\/it\/abito-in-maglia-sandro-ferrone-viola\/","og_site_name":"Seconda Strada","article_modified_time":"2026-03-25T10:05:53+00:00","og_image":[{"width":1000,"height":1300,"url":"https:\/\/www.secondastrada.com\/wp-content\/uploads\/2025\/12\/S65YBEX23633-SA_PRUGNA_AI25_1.jpg","type":"image\/jpeg"}],"twitter_card":"summary_large_image","schema":{"@context":"https:\/\/schema.org","@graph":[{"@type":"WebPage","@id":"https:\/\/www.secondastrada.com\/it\/abito-in-maglia-sandro-ferrone-viola\/","url":"https:\/\/www.secondastrada.com\/it\/abito-in-maglia-sandro-ferrone-viola\/","name":"Abito in maglia Sandro Ferrone Viola - Acquista online! - Seconda Strada","isPartOf":{"@id":"https:\/\/www.secondastrada.com\/it\/#website"},"primaryImageOfPage":{"@id":"https:\/\/www.secondastrada.com\/it\/abito-in-maglia-sandro-ferrone-viola\/#primaryimage"},"image":{"@id":"https:\/\/www.secondastrada.com\/it\/abito-in-maglia-sandro-ferrone-viola\/#primaryimage"},"thumbnailUrl":"https:\/\/www.secondastrada.com\/wp-content\/uploads\/2025\/12\/S65YBEX23633-SA_PRUGNA_AI25_1.jpg","datePublished":"2025-12-11T14:37:47+00:00","dateModified":"2026-03-25T10:05:53+00:00","description":"Abito in maglia Sandro Ferrone Viola \u27a4 Acquista online su Secondastrada.com Abito in maglia Sandro Ferrone Viola \u2714\ufe0f Spedizione veloce entro 24h in tutta Italia \u2714\ufe0f Sconto sul tuo primo acquisto","breadcrumb":{"@id":"https:\/\/www.secondastrada.com\/it\/abito-in-maglia-sandro-ferrone-viola\/#breadcrumb"},"inLanguage":"it-IT","potentialAction":[{"@type":"ReadAction","target":["https:\/\/www.secondastrada.com\/it\/abito-in-maglia-sandro-ferrone-viola\/"]}]},{"@type":"ImageObject","inLanguage":"it-IT","@id":"https:\/\/www.secondastrada.com\/it\/abito-in-maglia-sandro-ferrone-viola\/#primaryimage","url":"https:\/\/www.secondastrada.com\/wp-content\/uploads\/2025\/12\/S65YBEX23633-SA_PRUGNA_AI25_1.jpg","contentUrl":"https:\/\/www.secondastrada.com\/wp-content\/uploads\/2025\/12\/S65YBEX23633-SA_PRUGNA_AI25_1.jpg","width":1000,"height":1300,"caption":"S65YBEX23633-SA_PRUGNA_AI25"},{"@type":"BreadcrumbList","@id":"https:\/\/www.secondastrada.com\/it\/abito-in-maglia-sandro-ferrone-viola\/#breadcrumb","itemListElement":[{"@type":"ListItem","position":1,"name":"Home","item":"https:\/\/www.secondastrada.com\/it\/"},{"@type":"ListItem","position":2,"name":"Shop","item":"https:\/\/www.secondastrada.com\/it\/shop\/"},{"@type":"ListItem","position":3,"name":"Donna","item":"https:\/\/www.secondastrada.com\/it\/collezione-donna\/"},{"@type":"ListItem","position":4,"name":"Abbigliamento","item":"https:\/\/www.secondastrada.com\/it\/collezione-donna\/abbigliamento-donna\/"},{"@type":"ListItem","position":5,"name":"Abiti e Vestiti","item":"https:\/\/www.secondastrada.com\/it\/collezione-donna\/abbigliamento-donna\/abiti-e-vestiti-da-donna\/"},{"@type":"ListItem","position":6,"name":"Vestiti corti","item":"https:\/\/www.secondastrada.com\/it\/collezione-donna\/abbigliamento-donna\/abiti-e-vestiti-da-donna\/vestiti-da-donna-corti\/"},{"@type":"ListItem","position":7,"name":"Abito in maglia Sandro Ferrone Viola"}]},{"@type":"WebSite","@id":"https:\/\/www.secondastrada.com\/it\/#website","url":"https:\/\/www.secondastrada.com\/it\/","name":"Seconda Strada","description":"","publisher":{"@id":"https:\/\/www.secondastrada.com\/it\/#organization"},"potentialAction":[{"@type":"SearchAction","target":{"@type":"EntryPoint","urlTemplate":"https:\/\/www.secondastrada.com\/it\/?s={search_term_string}"},"query-input":"required name=search_term_string"}],"inLanguage":"it-IT"},{"@type":"Organization","@id":"https:\/\/www.secondastrada.com\/it\/#organization","name":"Seconda Strada","url":"https:\/\/www.secondastrada.com\/it\/","logo":{"@type":"ImageObject","inLanguage":"it-IT","@id":"https:\/\/www.secondastrada.com\/it\/#\/schema\/logo\/image\/","url":"https:\/\/www.secondastrada.com\/wp-content\/uploads\/2023\/11\/secondastrada-logo.svg","contentUrl":"https:\/\/www.secondastrada.com\/wp-content\/uploads\/2023\/11\/secondastrada-logo.svg","width":353,"height":47,"caption":"Seconda Strada"},"image":{"@id":"https:\/\/www.secondastrada.com\/it\/#\/schema\/logo\/image\/"}}]}},"df_price":22.8,"df_sale_price":"","df_regular_price":22.8,"df_image_link":"https:\/\/www.secondastrada.com\/wp-content\/uploads\/2025\/12\/S65YBEX23633-SA_PRUGNA_AI25_1-300x300.jpg","_links":{"self":[{"href":"https:\/\/www.secondastrada.com\/it\/wp-json\/wp\/v2\/product\/325900"}],"collection":[{"href":"https:\/\/www.secondastrada.com\/it\/wp-json\/wp\/v2\/product"}],"about":[{"href":"https:\/\/www.secondastrada.com\/it\/wp-json\/wp\/v2\/types\/product"}],"wp:featuredmedia":[{"embeddable":true,"href":"https:\/\/www.secondastrada.com\/it\/wp-json\/wp\/v2\/media\/325483"}],"wp:attachment":[{"href":"https:\/\/www.secondastrada.com\/it\/wp-json\/wp\/v2\/media?parent=325900"}],"wp:term":[{"taxonomy":"ss_brand","embeddable":true,"href":"https:\/\/www.secondastrada.com\/it\/wp-json\/wp\/v2\/ss_brand?post=325900"},{"taxonomy":"ss_promo","embeddable":true,"href":"https:\/\/www.secondastrada.com\/it\/wp-json\/wp\/v2\/ss_promo?post=325900"},{"taxonomy":"ss_season","embeddable":true,"href":"https:\/\/www.secondastrada.com\/it\/wp-json\/wp\/v2\/ss_season?post=325900"},{"taxonomy":"product_cat","embeddable":true,"href":"https:\/\/www.secondastrada.com\/it\/wp-json\/wp\/v2\/product_cat?post=325900"},{"taxonomy":"product_tag","embeddable":true,"href":"https:\/\/www.secondastrada.com\/it\/wp-json\/wp\/v2\/product_tag?post=325900"}],"curies":[{"name":"wp","href":"https:\/\/api.w.org\/{rel}","templated":true}]}}