{"id":326250,"date":"2025-12-11T16:10:40","date_gmt":"2025-12-11T15:10:40","guid":{"rendered":"https:\/\/www.secondastrada.com\/it\/minigonna-ottodame-beige\/"},"modified":"2026-03-25T12:26:38","modified_gmt":"2026-03-25T11:26:38","slug":"minigonna-ottodame-beige","status":"publish","type":"product","link":"https:\/\/www.secondastrada.com\/it\/minigonna-ottodame-beige\/","title":{"rendered":"Minigonna Ottod&#8217;Ame Beige"},"content":{"rendered":"<p>Minigonna senza tasche e con zip laterale.<br \/>Cod. art. DN6073 SA<br \/>Vi ricordiamo che tutti i nostri articoli sono originali.<\/p>\n","protected":false},"excerpt":{"rendered":"<p>Minigonna senza tasche e con zip laterale.Cod. art. DN6073 SAVi ricordiamo che tutti i nostri articoli sono originali.<\/p>\n","protected":false},"featured_media":326958,"template":"","meta":{"inline_featured_image":false},"ss_brand":[2438],"ss_promo":[2181],"ss_season":[2431],"product_cat":[1329,1658,1341],"product_tag":[],"class_list":{"0":"post-326250","1":"product","2":"type-product","3":"status-publish","4":"has-post-thumbnail","6":"ss_brand-ottodame-donna","7":"ss_promo-ultime-occasioni-donna","8":"ss_season-ai25","9":"product_cat-abbigliamento-donna","10":"product_cat-collezione-donna","11":"product_cat-gonne-da-donna","13":"first","14":"outofstock","15":"shipping-taxable","16":"product-type-variable","17":"has-default-attributes"},"acf":{"ss_brand":[{"term_id":2438,"name":"Ottod'Ame","slug":"ottodame-donna","term_group":0,"term_taxonomy_id":2438,"taxonomy":"ss_brand","description":"Esprimi la tua personalit\u00e0 con lo stile unico e sofisticato di <strong>Ottod\u2019Ame<\/strong>. Abbiamo selezionato per te capi femminili che uniscono qualit\u00e0 artigianale, design contemporaneo e dettagli raffinati, tutti disponibili a <strong>prezzi vantaggiosi<\/strong>. Su SecondaStrada.com puoi acquistare online abbigliamento da donna Ottod\u2019Ame e arricchire il tuo guardaroba con proposte eleganti e versatili.","parent":1201,"count":54,"filter":"raw"}],"ss_promo":[2181],"ss_season":[{"term_id":2431,"name":"AI25","slug":"ai25","term_group":0,"term_taxonomy_id":2431,"taxonomy":"ss_season","description":"","parent":0,"count":2137,"filter":"raw"}],"ss_old_price":"130,00","ss_omnibus_price":"0,00","ss_style_advice":"<p>Minigonna senza tasche e con zip laterale.<br \/>Cod. art. DN6073 SA<br \/>Vi ricordiamo che tutti i nostri articoli sono originali.<\/p>\n","ss_composition":"<p>83% cotone 25% poliestere 6% lana 4% acrilica 2% altre fibre<\/p>\n","ss_fit":"<p>La modella \u00e8 alta 165 cm e veste la taglia S. La vestibilit\u00e0 del capo \u00e8 regolare.<\/p>\n"},"yoast_head":"<!-- This site is optimized with the Yoast SEO plugin v22.3 - https:\/\/yoast.com\/wordpress\/plugins\/seo\/ -->\n<title>Minigonna Ottod&#039;Ame Beige - Acquista online! - Seconda Strada<\/title>\n<meta name=\"description\" content=\"Minigonna Ottod&#039;Ame Beige \u27a4 Acquista online su Secondastrada.com Minigonna Ottod&#039;Ame Beige \u2714\ufe0f Spedizione veloce entro 24h in tutta Italia \u2714\ufe0f Sconto sul tuo primo acquisto\" \/>\n<meta name=\"robots\" content=\"index, follow, max-snippet:-1, max-image-preview:large, max-video-preview:-1\" \/>\n<link rel=\"canonical\" href=\"https:\/\/www.secondastrada.com\/it\/minigonna-ottodame-beige\/\" \/>\n<meta property=\"og:locale\" content=\"it_IT\" \/>\n<meta property=\"og:type\" content=\"article\" \/>\n<meta property=\"og:title\" content=\"Minigonna Ottod&#039;Ame Beige - Acquista online! - Seconda Strada\" \/>\n<meta property=\"og:description\" content=\"Minigonna Ottod&#039;Ame Beige \u27a4 Acquista online su Secondastrada.com Minigonna Ottod&#039;Ame Beige \u2714\ufe0f Spedizione veloce entro 24h in tutta Italia \u2714\ufe0f Sconto sul tuo primo acquisto\" \/>\n<meta property=\"og:url\" content=\"https:\/\/www.secondastrada.com\/it\/minigonna-ottodame-beige\/\" \/>\n<meta property=\"og:site_name\" content=\"Seconda Strada\" \/>\n<meta property=\"article:modified_time\" content=\"2026-03-25T11:26:38+00:00\" \/>\n<meta property=\"og:image\" content=\"https:\/\/www.secondastrada.com\/wp-content\/uploads\/2025\/12\/DN6073-SA_VAR-UNICA_AI25_1.jpg\" \/>\n\t<meta property=\"og:image:width\" content=\"1000\" \/>\n\t<meta property=\"og:image:height\" content=\"1300\" \/>\n\t<meta property=\"og:image:type\" content=\"image\/jpeg\" \/>\n<meta name=\"twitter:card\" content=\"summary_large_image\" \/>\n<!-- \/ Yoast SEO plugin. -->","yoast_head_json":{"title":"Minigonna Ottod'Ame Beige - Acquista online! - Seconda Strada","description":"Minigonna Ottod'Ame Beige \u27a4 Acquista online su Secondastrada.com Minigonna Ottod'Ame Beige \u2714\ufe0f Spedizione veloce entro 24h in tutta Italia \u2714\ufe0f Sconto sul tuo primo acquisto","robots":{"index":"index","follow":"follow","max-snippet":"max-snippet:-1","max-image-preview":"max-image-preview:large","max-video-preview":"max-video-preview:-1"},"canonical":"https:\/\/www.secondastrada.com\/it\/minigonna-ottodame-beige\/","og_locale":"it_IT","og_type":"article","og_title":"Minigonna Ottod'Ame Beige - Acquista online! - Seconda Strada","og_description":"Minigonna Ottod'Ame Beige \u27a4 Acquista online su Secondastrada.com Minigonna Ottod'Ame Beige \u2714\ufe0f Spedizione veloce entro 24h in tutta Italia \u2714\ufe0f Sconto sul tuo primo acquisto","og_url":"https:\/\/www.secondastrada.com\/it\/minigonna-ottodame-beige\/","og_site_name":"Seconda Strada","article_modified_time":"2026-03-25T11:26:38+00:00","og_image":[{"width":1000,"height":1300,"url":"https:\/\/www.secondastrada.com\/wp-content\/uploads\/2025\/12\/DN6073-SA_VAR-UNICA_AI25_1.jpg","type":"image\/jpeg"}],"twitter_card":"summary_large_image","schema":{"@context":"https:\/\/schema.org","@graph":[{"@type":"WebPage","@id":"https:\/\/www.secondastrada.com\/it\/minigonna-ottodame-beige\/","url":"https:\/\/www.secondastrada.com\/it\/minigonna-ottodame-beige\/","name":"Minigonna Ottod'Ame Beige - Acquista online! - Seconda Strada","isPartOf":{"@id":"https:\/\/www.secondastrada.com\/it\/#website"},"primaryImageOfPage":{"@id":"https:\/\/www.secondastrada.com\/it\/minigonna-ottodame-beige\/#primaryimage"},"image":{"@id":"https:\/\/www.secondastrada.com\/it\/minigonna-ottodame-beige\/#primaryimage"},"thumbnailUrl":"https:\/\/www.secondastrada.com\/wp-content\/uploads\/2025\/12\/DN6073-SA_VAR-UNICA_AI25_1.jpg","datePublished":"2025-12-11T15:10:40+00:00","dateModified":"2026-03-25T11:26:38+00:00","description":"Minigonna Ottod'Ame Beige \u27a4 Acquista online su Secondastrada.com Minigonna Ottod'Ame Beige \u2714\ufe0f Spedizione veloce entro 24h in tutta Italia \u2714\ufe0f Sconto sul tuo primo acquisto","breadcrumb":{"@id":"https:\/\/www.secondastrada.com\/it\/minigonna-ottodame-beige\/#breadcrumb"},"inLanguage":"it-IT","potentialAction":[{"@type":"ReadAction","target":["https:\/\/www.secondastrada.com\/it\/minigonna-ottodame-beige\/"]}]},{"@type":"ImageObject","inLanguage":"it-IT","@id":"https:\/\/www.secondastrada.com\/it\/minigonna-ottodame-beige\/#primaryimage","url":"https:\/\/www.secondastrada.com\/wp-content\/uploads\/2025\/12\/DN6073-SA_VAR-UNICA_AI25_1.jpg","contentUrl":"https:\/\/www.secondastrada.com\/wp-content\/uploads\/2025\/12\/DN6073-SA_VAR-UNICA_AI25_1.jpg","width":1000,"height":1300,"caption":"DN6073-SA_VAR-UNICA_AI25"},{"@type":"BreadcrumbList","@id":"https:\/\/www.secondastrada.com\/it\/minigonna-ottodame-beige\/#breadcrumb","itemListElement":[{"@type":"ListItem","position":1,"name":"Home","item":"https:\/\/www.secondastrada.com\/it\/"},{"@type":"ListItem","position":2,"name":"Shop","item":"https:\/\/www.secondastrada.com\/it\/shop\/"},{"@type":"ListItem","position":3,"name":"Donna","item":"https:\/\/www.secondastrada.com\/it\/collezione-donna\/"},{"@type":"ListItem","position":4,"name":"Abbigliamento","item":"https:\/\/www.secondastrada.com\/it\/collezione-donna\/abbigliamento-donna\/"},{"@type":"ListItem","position":5,"name":"Gonne","item":"https:\/\/www.secondastrada.com\/it\/collezione-donna\/abbigliamento-donna\/gonne-da-donna\/"},{"@type":"ListItem","position":6,"name":"Minigonna Ottod&#8217;Ame Beige"}]},{"@type":"WebSite","@id":"https:\/\/www.secondastrada.com\/it\/#website","url":"https:\/\/www.secondastrada.com\/it\/","name":"Seconda Strada","description":"","publisher":{"@id":"https:\/\/www.secondastrada.com\/it\/#organization"},"potentialAction":[{"@type":"SearchAction","target":{"@type":"EntryPoint","urlTemplate":"https:\/\/www.secondastrada.com\/it\/?s={search_term_string}"},"query-input":"required name=search_term_string"}],"inLanguage":"it-IT"},{"@type":"Organization","@id":"https:\/\/www.secondastrada.com\/it\/#organization","name":"Seconda Strada","url":"https:\/\/www.secondastrada.com\/it\/","logo":{"@type":"ImageObject","inLanguage":"it-IT","@id":"https:\/\/www.secondastrada.com\/it\/#\/schema\/logo\/image\/","url":"https:\/\/www.secondastrada.com\/wp-content\/uploads\/2023\/11\/secondastrada-logo.svg","contentUrl":"https:\/\/www.secondastrada.com\/wp-content\/uploads\/2023\/11\/secondastrada-logo.svg","width":353,"height":47,"caption":"Seconda Strada"},"image":{"@id":"https:\/\/www.secondastrada.com\/it\/#\/schema\/logo\/image\/"}}]}},"df_price":"","df_sale_price":"","df_regular_price":"","df_image_link":"https:\/\/www.secondastrada.com\/wp-content\/uploads\/2025\/12\/DN6073-SA_VAR-UNICA_AI25_1-300x300.jpg","_links":{"self":[{"href":"https:\/\/www.secondastrada.com\/it\/wp-json\/wp\/v2\/product\/326250"}],"collection":[{"href":"https:\/\/www.secondastrada.com\/it\/wp-json\/wp\/v2\/product"}],"about":[{"href":"https:\/\/www.secondastrada.com\/it\/wp-json\/wp\/v2\/types\/product"}],"wp:featuredmedia":[{"embeddable":true,"href":"https:\/\/www.secondastrada.com\/it\/wp-json\/wp\/v2\/media\/326958"}],"wp:attachment":[{"href":"https:\/\/www.secondastrada.com\/it\/wp-json\/wp\/v2\/media?parent=326250"}],"wp:term":[{"taxonomy":"ss_brand","embeddable":true,"href":"https:\/\/www.secondastrada.com\/it\/wp-json\/wp\/v2\/ss_brand?post=326250"},{"taxonomy":"ss_promo","embeddable":true,"href":"https:\/\/www.secondastrada.com\/it\/wp-json\/wp\/v2\/ss_promo?post=326250"},{"taxonomy":"ss_season","embeddable":true,"href":"https:\/\/www.secondastrada.com\/it\/wp-json\/wp\/v2\/ss_season?post=326250"},{"taxonomy":"product_cat","embeddable":true,"href":"https:\/\/www.secondastrada.com\/it\/wp-json\/wp\/v2\/product_cat?post=326250"},{"taxonomy":"product_tag","embeddable":true,"href":"https:\/\/www.secondastrada.com\/it\/wp-json\/wp\/v2\/product_tag?post=326250"}],"curies":[{"name":"wp","href":"https:\/\/api.w.org\/{rel}","templated":true}]}}