{"id":327553,"date":"2026-03-18T13:32:01","date_gmt":"2026-03-18T12:32:01","guid":{"rendered":"https:\/\/www.secondastrada.com\/it\/zaino-borbonese-rosa\/"},"modified":"2026-04-03T13:08:35","modified_gmt":"2026-04-03T11:08:35","slug":"zaino-borbonese-rosa","status":"publish","type":"product","link":"https:\/\/www.secondastrada.com\/it\/zaino-borbonese-rosa\/","title":{"rendered":"Zaino Borbonese Rosa"},"content":{"rendered":"<p>Zaino BORBONESE Rosa da donna<br \/>\nLo Zaino BORBONESE Rosa \u00e8 la scelta ideale per chi desidera un accessorio pratico senza rinunciare allo stile. Perfetto per la stagione pi\u00f9 luminosa, questo zaino da donna adatta alla primavera estate unisce leggerezza e funzionalit\u00e0 in un design raffinato e contemporaneo.Realizzato in 100% poliestere, \u00e8 pensato per accompagnarti con comfort durante tutta la giornata. Le bratelle con stampa classica borbonese aggiungono un tocco iconico, mentre il taschino frontale offre uno spazio pratico per tenere a portata di mano gli oggetti essenziali.Le dimensioni compatte (base 22 cm, altezza 29 cm, profondit\u00e0 10 cm) lo rendono perfetto per l\u2019uso quotidiano: capiente ma mai ingombrante, ideale per accompagnarti nel tempo libero, durante una passeggiata in citt\u00e0 o nelle giornate pi\u00f9 dinamiche.Questo zaino con bratelle con stampa classica borbonese taschino frontale si abbina facilmente a un look casual con jeans e sneakers, ma pu\u00f2 completare con eleganza anche outfit pi\u00f9 curati, come un abito leggero primaverile.Pensato per una donna attenta ai dettagli, \u00e8 un accessorio versatile che valorizza ogni stile con discrezione e carattere.Acquista con sicurezza: tutti i prodotti su SecondaStrada.com sono originali e selezionati con cura. Codice articolo: 934246138P56 SB<\/p>\n","protected":false},"excerpt":{"rendered":"<p>Zaino BORBONESE Rosa da donna Lo Zaino BORBONESE Rosa \u00e8 la scelta ideale per chi desidera un accessorio pratico senza rinunciare allo stile. Perfetto per la stagione pi\u00f9 luminosa, questo zaino da donna adatta alla primavera estate unisce leggerezza e funzionalit\u00e0 in un design raffinato e contemporaneo.Realizzato in 100% poliestere, \u00e8 pensato per accompagnarti con&#8230;<\/p>\n","protected":false},"featured_media":327595,"template":"","meta":{"inline_featured_image":false},"ss_brand":[1260],"ss_promo":[],"ss_season":[2531],"product_cat":[1331,1477,1658,1831],"product_tag":[1820,1995],"class_list":{"0":"post-327553","1":"product","2":"type-product","3":"status-publish","4":"has-post-thumbnail","6":"ss_brand-borbonese-donna","7":"ss_season-pe26","8":"product_cat-accessori-donna","9":"product_cat-borse-da-donna","10":"product_cat-collezione-donna","11":"product_cat-zaini-da-donna","12":"product_tag-borse-borbonese-donna","13":"product_tag-nuovi-arrivi-donna","15":"first","16":"instock","17":"shipping-taxable","18":"purchasable","19":"product-type-variable","20":"has-default-attributes"},"acf":{"ss_brand":[{"term_id":1260,"name":"BORBONESE","slug":"borbonese-donna","term_group":0,"term_taxonomy_id":1260,"taxonomy":"ss_brand","description":"Un brand di classe al miglior prezzo per una donna sempre elegante.\u00a0Acquista online su SecondaStrada.com <strong>\u00a0abbigliamento e borse da donna Borbonese scontatissime<\/strong>!","parent":1201,"count":26,"filter":"raw"}],"ss_promo":false,"ss_season":[{"term_id":2531,"name":"PE26","slug":"pe26","term_group":0,"term_taxonomy_id":2531,"taxonomy":"ss_season","description":"","parent":0,"count":1148,"filter":"raw"}],"ss_old_price":"259,00","ss_omnibus_price":"0,00","ss_style_advice":"<p>Zaino BORBONESE Rosa da donna<br \/>\nLo Zaino BORBONESE Rosa \u00e8 la scelta ideale per chi desidera un accessorio pratico senza rinunciare allo stile. Perfetto per la stagione pi\u00f9 luminosa, questo zaino da donna adatta alla primavera estate unisce leggerezza e funzionalit\u00e0 in un design raffinato e contemporaneo.Realizzato in 100% poliestere, \u00e8 pensato per accompagnarti con comfort durante tutta la giornata. Le bratelle con stampa classica borbonese aggiungono un tocco iconico, mentre il taschino frontale offre uno spazio pratico per tenere a portata di mano gli oggetti essenziali.Le dimensioni compatte (base 22 cm, altezza 29 cm, profondit\u00e0 10 cm) lo rendono perfetto per l\u2019uso quotidiano: capiente ma mai ingombrante, ideale per accompagnarti nel tempo libero, durante una passeggiata in citt\u00e0 o nelle giornate pi\u00f9 dinamiche.Questo zaino con bratelle con stampa classica borbonese taschino frontale si abbina facilmente a un look casual con jeans e sneakers, ma pu\u00f2 completare con eleganza anche outfit pi\u00f9 curati, come un abito leggero primaverile.Pensato per una donna attenta ai dettagli, \u00e8 un accessorio versatile che valorizza ogni stile con discrezione e carattere.Acquista con sicurezza: tutti i prodotti su SecondaStrada.com sono originali e selezionati con cura. Codice articolo: 934246138P56 SB<\/p>\n","ss_composition":"<p>100% poliestere<\/p>\n","ss_fit":"<p>Misure taglia U:<br \/>Base inferiore: 22 cm<br \/>Altezza massima: 29 cm<br \/>Profondit\u00e0: 10 cm<\/p>\n"},"yoast_head":"<!-- This site is optimized with the Yoast SEO plugin v22.3 - https:\/\/yoast.com\/wordpress\/plugins\/seo\/ -->\n<title>Zaino Borbonese Rosa - Acquista online! - Seconda Strada<\/title>\n<meta name=\"description\" content=\"Zaino Borbonese Rosa \u27a4 Acquista online su Secondastrada.com Zaino Borbonese Rosa \u2714\ufe0f Spedizione veloce entro 24h in tutta Italia \u2714\ufe0f Sconto sul tuo primo acquisto\" \/>\n<meta name=\"robots\" content=\"index, follow, max-snippet:-1, max-image-preview:large, max-video-preview:-1\" \/>\n<link rel=\"canonical\" href=\"https:\/\/www.secondastrada.com\/it\/zaino-borbonese-rosa\/\" \/>\n<meta property=\"og:locale\" content=\"it_IT\" \/>\n<meta property=\"og:type\" content=\"article\" \/>\n<meta property=\"og:title\" content=\"Zaino Borbonese Rosa - Acquista online! - Seconda Strada\" \/>\n<meta property=\"og:description\" content=\"Zaino Borbonese Rosa \u27a4 Acquista online su Secondastrada.com Zaino Borbonese Rosa \u2714\ufe0f Spedizione veloce entro 24h in tutta Italia \u2714\ufe0f Sconto sul tuo primo acquisto\" \/>\n<meta property=\"og:url\" content=\"https:\/\/www.secondastrada.com\/it\/zaino-borbonese-rosa\/\" \/>\n<meta property=\"og:site_name\" content=\"Seconda Strada\" \/>\n<meta property=\"article:modified_time\" content=\"2026-04-03T11:08:35+00:00\" \/>\n<meta property=\"og:image\" content=\"https:\/\/www.secondastrada.com\/wp-content\/uploads\/2025\/12\/934246138P56-SB_cuero-op-natural_AI25_1.jpg\" \/>\n\t<meta property=\"og:image:width\" content=\"1000\" \/>\n\t<meta property=\"og:image:height\" content=\"1300\" \/>\n\t<meta property=\"og:image:type\" content=\"image\/jpeg\" \/>\n<meta name=\"twitter:card\" content=\"summary_large_image\" \/>\n<meta name=\"twitter:label1\" content=\"Tempo di lettura stimato\" \/>\n\t<meta name=\"twitter:data1\" content=\"1 minuto\" \/>\n<!-- \/ Yoast SEO plugin. -->","yoast_head_json":{"title":"Zaino Borbonese Rosa - Acquista online! - Seconda Strada","description":"Zaino Borbonese Rosa \u27a4 Acquista online su Secondastrada.com Zaino Borbonese Rosa \u2714\ufe0f Spedizione veloce entro 24h in tutta Italia \u2714\ufe0f Sconto sul tuo primo acquisto","robots":{"index":"index","follow":"follow","max-snippet":"max-snippet:-1","max-image-preview":"max-image-preview:large","max-video-preview":"max-video-preview:-1"},"canonical":"https:\/\/www.secondastrada.com\/it\/zaino-borbonese-rosa\/","og_locale":"it_IT","og_type":"article","og_title":"Zaino Borbonese Rosa - Acquista online! - Seconda Strada","og_description":"Zaino Borbonese Rosa \u27a4 Acquista online su Secondastrada.com Zaino Borbonese Rosa \u2714\ufe0f Spedizione veloce entro 24h in tutta Italia \u2714\ufe0f Sconto sul tuo primo acquisto","og_url":"https:\/\/www.secondastrada.com\/it\/zaino-borbonese-rosa\/","og_site_name":"Seconda Strada","article_modified_time":"2026-04-03T11:08:35+00:00","og_image":[{"width":1000,"height":1300,"url":"https:\/\/www.secondastrada.com\/wp-content\/uploads\/2025\/12\/934246138P56-SB_cuero-op-natural_AI25_1.jpg","type":"image\/jpeg"}],"twitter_card":"summary_large_image","twitter_misc":{"Tempo di lettura stimato":"1 minuto"},"schema":{"@context":"https:\/\/schema.org","@graph":[{"@type":"WebPage","@id":"https:\/\/www.secondastrada.com\/it\/zaino-borbonese-rosa\/","url":"https:\/\/www.secondastrada.com\/it\/zaino-borbonese-rosa\/","name":"Zaino Borbonese Rosa - Acquista online! - Seconda Strada","isPartOf":{"@id":"https:\/\/www.secondastrada.com\/it\/#website"},"primaryImageOfPage":{"@id":"https:\/\/www.secondastrada.com\/it\/zaino-borbonese-rosa\/#primaryimage"},"image":{"@id":"https:\/\/www.secondastrada.com\/it\/zaino-borbonese-rosa\/#primaryimage"},"thumbnailUrl":"https:\/\/www.secondastrada.com\/wp-content\/uploads\/2025\/12\/934246138P56-SB_cuero-op-natural_AI25_1.jpg","datePublished":"2026-03-18T12:32:01+00:00","dateModified":"2026-04-03T11:08:35+00:00","description":"Zaino Borbonese Rosa \u27a4 Acquista online su Secondastrada.com Zaino Borbonese Rosa \u2714\ufe0f Spedizione veloce entro 24h in tutta Italia \u2714\ufe0f Sconto sul tuo primo acquisto","breadcrumb":{"@id":"https:\/\/www.secondastrada.com\/it\/zaino-borbonese-rosa\/#breadcrumb"},"inLanguage":"it-IT","potentialAction":[{"@type":"ReadAction","target":["https:\/\/www.secondastrada.com\/it\/zaino-borbonese-rosa\/"]}]},{"@type":"ImageObject","inLanguage":"it-IT","@id":"https:\/\/www.secondastrada.com\/it\/zaino-borbonese-rosa\/#primaryimage","url":"https:\/\/www.secondastrada.com\/wp-content\/uploads\/2025\/12\/934246138P56-SB_cuero-op-natural_AI25_1.jpg","contentUrl":"https:\/\/www.secondastrada.com\/wp-content\/uploads\/2025\/12\/934246138P56-SB_cuero-op-natural_AI25_1.jpg","width":1000,"height":1300,"caption":"934246138P56-SB_cuero-op-natural_AI25"},{"@type":"BreadcrumbList","@id":"https:\/\/www.secondastrada.com\/it\/zaino-borbonese-rosa\/#breadcrumb","itemListElement":[{"@type":"ListItem","position":1,"name":"Home","item":"https:\/\/www.secondastrada.com\/it\/"},{"@type":"ListItem","position":2,"name":"Shop","item":"https:\/\/www.secondastrada.com\/it\/shop\/"},{"@type":"ListItem","position":3,"name":"Donna","item":"https:\/\/www.secondastrada.com\/it\/collezione-donna\/"},{"@type":"ListItem","position":4,"name":"Accessori","item":"https:\/\/www.secondastrada.com\/it\/collezione-donna\/accessori-donna\/"},{"@type":"ListItem","position":5,"name":"Borse","item":"https:\/\/www.secondastrada.com\/it\/collezione-donna\/accessori-donna\/borse-da-donna\/"},{"@type":"ListItem","position":6,"name":"Zaini","item":"https:\/\/www.secondastrada.com\/it\/collezione-donna\/accessori-donna\/borse-da-donna\/zaini-da-donna\/"},{"@type":"ListItem","position":7,"name":"Zaino Borbonese Rosa"}]},{"@type":"WebSite","@id":"https:\/\/www.secondastrada.com\/it\/#website","url":"https:\/\/www.secondastrada.com\/it\/","name":"Seconda Strada","description":"","publisher":{"@id":"https:\/\/www.secondastrada.com\/it\/#organization"},"potentialAction":[{"@type":"SearchAction","target":{"@type":"EntryPoint","urlTemplate":"https:\/\/www.secondastrada.com\/it\/?s={search_term_string}"},"query-input":"required name=search_term_string"}],"inLanguage":"it-IT"},{"@type":"Organization","@id":"https:\/\/www.secondastrada.com\/it\/#organization","name":"Seconda Strada","url":"https:\/\/www.secondastrada.com\/it\/","logo":{"@type":"ImageObject","inLanguage":"it-IT","@id":"https:\/\/www.secondastrada.com\/it\/#\/schema\/logo\/image\/","url":"https:\/\/www.secondastrada.com\/wp-content\/uploads\/2023\/11\/secondastrada-logo.svg","contentUrl":"https:\/\/www.secondastrada.com\/wp-content\/uploads\/2023\/11\/secondastrada-logo.svg","width":353,"height":47,"caption":"Seconda Strada"},"image":{"@id":"https:\/\/www.secondastrada.com\/it\/#\/schema\/logo\/image\/"}}]}},"df_price":99.99,"df_sale_price":"","df_regular_price":99.99,"df_image_link":"https:\/\/www.secondastrada.com\/wp-content\/uploads\/2025\/12\/934246138P56-SB_cuero-op-natural_AI25_1-300x300.jpg","_links":{"self":[{"href":"https:\/\/www.secondastrada.com\/it\/wp-json\/wp\/v2\/product\/327553"}],"collection":[{"href":"https:\/\/www.secondastrada.com\/it\/wp-json\/wp\/v2\/product"}],"about":[{"href":"https:\/\/www.secondastrada.com\/it\/wp-json\/wp\/v2\/types\/product"}],"wp:featuredmedia":[{"embeddable":true,"href":"https:\/\/www.secondastrada.com\/it\/wp-json\/wp\/v2\/media\/327595"}],"wp:attachment":[{"href":"https:\/\/www.secondastrada.com\/it\/wp-json\/wp\/v2\/media?parent=327553"}],"wp:term":[{"taxonomy":"ss_brand","embeddable":true,"href":"https:\/\/www.secondastrada.com\/it\/wp-json\/wp\/v2\/ss_brand?post=327553"},{"taxonomy":"ss_promo","embeddable":true,"href":"https:\/\/www.secondastrada.com\/it\/wp-json\/wp\/v2\/ss_promo?post=327553"},{"taxonomy":"ss_season","embeddable":true,"href":"https:\/\/www.secondastrada.com\/it\/wp-json\/wp\/v2\/ss_season?post=327553"},{"taxonomy":"product_cat","embeddable":true,"href":"https:\/\/www.secondastrada.com\/it\/wp-json\/wp\/v2\/product_cat?post=327553"},{"taxonomy":"product_tag","embeddable":true,"href":"https:\/\/www.secondastrada.com\/it\/wp-json\/wp\/v2\/product_tag?post=327553"}],"curies":[{"name":"wp","href":"https:\/\/api.w.org\/{rel}","templated":true}]}}