{"id":329635,"date":"2026-01-05T15:28:37","date_gmt":"2026-01-05T14:28:37","guid":{"rendered":"https:\/\/www.secondastrada.com\/it\/maglione-rue-de-clerie-grigio-19\/"},"modified":"2026-03-25T13:23:03","modified_gmt":"2026-03-25T12:23:03","slug":"maglione-rue-de-clerie-grigio-19","status":"publish","type":"product","link":"https:\/\/www.secondastrada.com\/it\/maglione-rue-de-clerie-grigio-19\/","title":{"rendered":"Maglione Rue De Clerie Grigio"},"content":{"rendered":"<p>Maglione a collo alto, in misto lana, total grigio chiaro con trama traforata. La vestibilit\u00e0 \u00e8 morbida e regolare. Il maglione \u00e8 adatto per occasioni casual e facilmente combinabile. Scalda il tuo inverno con un tocco di stile.<br \/>Cod. art. NA635 SA<br \/>Vi ricordiamo che tutti i nostri articoli sono originali.<\/p>\n","protected":false},"excerpt":{"rendered":"<p>Maglione a collo alto, in misto lana, total grigio chiaro con trama traforata. La vestibilit\u00e0 \u00e8 morbida e regolare. Il maglione \u00e8 adatto per occasioni casual e facilmente combinabile. Scalda il tuo inverno con un tocco di stile.Cod. art. NA635 SAVi ricordiamo che tutti i nostri articoli sono originali.<\/p>\n","protected":false},"featured_media":330114,"template":"","meta":{"inline_featured_image":false},"ss_brand":[1206],"ss_promo":[2181],"ss_season":[2431],"product_cat":[1329,1658,1604,1605,1535,1541],"product_tag":[1781,2536],"class_list":{"0":"post-329635","1":"product","2":"type-product","3":"status-publish","4":"has-post-thumbnail","6":"ss_brand-rue-de-clerie-donna","7":"ss_promo-ultime-occasioni-donna","8":"ss_season-ai25","9":"product_cat-abbigliamento-donna","10":"product_cat-collezione-donna","11":"product_cat-maglie-a-collo-alto-da-donna","12":"product_cat-maglie-a-manica-lunga-da-donna","13":"product_cat-maglie-da-donna","14":"product_cat-maglioni-da-donna","15":"product_tag-maglieria-rue-de-clerie-donna","16":"product_tag-promo-codice-w","18":"first","19":"instock","20":"sale","21":"shipping-taxable","22":"purchasable","23":"product-type-variable","24":"has-default-attributes"},"acf":{"ss_brand":[{"term_id":1206,"name":"RUE DE CLERIE","slug":"rue-de-clerie-donna","term_group":0,"term_taxonomy_id":1206,"taxonomy":"ss_brand","description":"Creazioni essenziali con interventi boh\u00e9mien dal fascino lussuoso per chi ama vestirsi con indiscutibile classe: scopri nel nostro store online gli abiti e i maglioni da donna firmati Rue de Clerie a prezzi favolosi!\u00a0Acquista online su SecondaStrada.com <strong>abbigliamento da donna Rue De Clerie scontatissimo<\/strong>!","parent":1201,"count":509,"filter":"raw"}],"ss_promo":[2181],"ss_season":[{"term_id":2431,"name":"AI25","slug":"ai25","term_group":0,"term_taxonomy_id":2431,"taxonomy":"ss_season","description":"","parent":0,"count":2133,"filter":"raw"}],"ss_old_price":"0,00","ss_omnibus_price":"0,00","ss_style_advice":"<p>Maglione a collo alto, in misto lana, total grigio chiaro con trama traforata. La vestibilit\u00e0 \u00e8 morbida e regolare. Il maglione \u00e8 adatto per occasioni casual e facilmente combinabile. Scalda il tuo inverno con un tocco di stile.<br \/>Cod. art. NA635 SA<br \/>Vi ricordiamo che tutti i nostri articoli sono originali.<\/p>\n","ss_composition":"<p>52% acrilico 20% poliamide 15% viscosa 10% lana 3% elastane<\/p>\n","ss_fit":"<p>La modella \u00e8 alta 165 cm e veste la taglia S. La vestibilit\u00e0 del capo \u00e8 regolare.<\/p>\n"},"yoast_head":"<!-- This site is optimized with the Yoast SEO plugin v22.3 - https:\/\/yoast.com\/wordpress\/plugins\/seo\/ -->\n<title>Maglione Rue De Clerie Grigio - Acquista online! - Seconda Strada<\/title>\n<meta name=\"description\" content=\"Maglione Rue De Clerie Grigio \u27a4 Acquista online su Secondastrada.com Maglione Rue De Clerie Grigio \u2714\ufe0f Spedizione veloce entro 24h in tutta Italia \u2714\ufe0f Sconto sul tuo primo acquisto\" \/>\n<meta name=\"robots\" content=\"index, follow, max-snippet:-1, max-image-preview:large, max-video-preview:-1\" \/>\n<link rel=\"canonical\" href=\"https:\/\/www.secondastrada.com\/it\/maglione-rue-de-clerie-grigio-19\/\" \/>\n<meta property=\"og:locale\" content=\"it_IT\" \/>\n<meta property=\"og:type\" content=\"article\" \/>\n<meta property=\"og:title\" content=\"Maglione Rue De Clerie Grigio - Acquista online! - Seconda Strada\" \/>\n<meta property=\"og:description\" content=\"Maglione Rue De Clerie Grigio \u27a4 Acquista online su Secondastrada.com Maglione Rue De Clerie Grigio \u2714\ufe0f Spedizione veloce entro 24h in tutta Italia \u2714\ufe0f Sconto sul tuo primo acquisto\" \/>\n<meta property=\"og:url\" content=\"https:\/\/www.secondastrada.com\/it\/maglione-rue-de-clerie-grigio-19\/\" \/>\n<meta property=\"og:site_name\" content=\"Seconda Strada\" \/>\n<meta property=\"article:modified_time\" content=\"2026-03-25T12:23:03+00:00\" \/>\n<meta property=\"og:image\" content=\"https:\/\/www.secondastrada.com\/wp-content\/uploads\/2026\/01\/NA635-SA_GRIGIO-MEDIO_AI25_1-scaled.jpg\" \/>\n\t<meta property=\"og:image:width\" content=\"1707\" \/>\n\t<meta property=\"og:image:height\" content=\"2560\" \/>\n\t<meta property=\"og:image:type\" content=\"image\/jpeg\" \/>\n<meta name=\"twitter:card\" content=\"summary_large_image\" \/>\n<!-- \/ Yoast SEO plugin. -->","yoast_head_json":{"title":"Maglione Rue De Clerie Grigio - Acquista online! - Seconda Strada","description":"Maglione Rue De Clerie Grigio \u27a4 Acquista online su Secondastrada.com Maglione Rue De Clerie Grigio \u2714\ufe0f Spedizione veloce entro 24h in tutta Italia \u2714\ufe0f Sconto sul tuo primo acquisto","robots":{"index":"index","follow":"follow","max-snippet":"max-snippet:-1","max-image-preview":"max-image-preview:large","max-video-preview":"max-video-preview:-1"},"canonical":"https:\/\/www.secondastrada.com\/it\/maglione-rue-de-clerie-grigio-19\/","og_locale":"it_IT","og_type":"article","og_title":"Maglione Rue De Clerie Grigio - Acquista online! - Seconda Strada","og_description":"Maglione Rue De Clerie Grigio \u27a4 Acquista online su Secondastrada.com Maglione Rue De Clerie Grigio \u2714\ufe0f Spedizione veloce entro 24h in tutta Italia \u2714\ufe0f Sconto sul tuo primo acquisto","og_url":"https:\/\/www.secondastrada.com\/it\/maglione-rue-de-clerie-grigio-19\/","og_site_name":"Seconda Strada","article_modified_time":"2026-03-25T12:23:03+00:00","og_image":[{"width":1707,"height":2560,"url":"https:\/\/www.secondastrada.com\/wp-content\/uploads\/2026\/01\/NA635-SA_GRIGIO-MEDIO_AI25_1-scaled.jpg","type":"image\/jpeg"}],"twitter_card":"summary_large_image","schema":{"@context":"https:\/\/schema.org","@graph":[{"@type":"WebPage","@id":"https:\/\/www.secondastrada.com\/it\/maglione-rue-de-clerie-grigio-19\/","url":"https:\/\/www.secondastrada.com\/it\/maglione-rue-de-clerie-grigio-19\/","name":"Maglione Rue De Clerie Grigio - Acquista online! - Seconda Strada","isPartOf":{"@id":"https:\/\/www.secondastrada.com\/it\/#website"},"primaryImageOfPage":{"@id":"https:\/\/www.secondastrada.com\/it\/maglione-rue-de-clerie-grigio-19\/#primaryimage"},"image":{"@id":"https:\/\/www.secondastrada.com\/it\/maglione-rue-de-clerie-grigio-19\/#primaryimage"},"thumbnailUrl":"https:\/\/www.secondastrada.com\/wp-content\/uploads\/2026\/01\/NA635-SA_GRIGIO-MEDIO_AI25_1-scaled.jpg","datePublished":"2026-01-05T14:28:37+00:00","dateModified":"2026-03-25T12:23:03+00:00","description":"Maglione Rue De Clerie Grigio \u27a4 Acquista online su Secondastrada.com Maglione Rue De Clerie Grigio \u2714\ufe0f Spedizione veloce entro 24h in tutta Italia \u2714\ufe0f Sconto sul tuo primo acquisto","breadcrumb":{"@id":"https:\/\/www.secondastrada.com\/it\/maglione-rue-de-clerie-grigio-19\/#breadcrumb"},"inLanguage":"it-IT","potentialAction":[{"@type":"ReadAction","target":["https:\/\/www.secondastrada.com\/it\/maglione-rue-de-clerie-grigio-19\/"]}]},{"@type":"ImageObject","inLanguage":"it-IT","@id":"https:\/\/www.secondastrada.com\/it\/maglione-rue-de-clerie-grigio-19\/#primaryimage","url":"https:\/\/www.secondastrada.com\/wp-content\/uploads\/2026\/01\/NA635-SA_GRIGIO-MEDIO_AI25_1-scaled.jpg","contentUrl":"https:\/\/www.secondastrada.com\/wp-content\/uploads\/2026\/01\/NA635-SA_GRIGIO-MEDIO_AI25_1-scaled.jpg","width":1707,"height":2560,"caption":"NA635-SA_GRIGIO-MEDIO_AI25"},{"@type":"BreadcrumbList","@id":"https:\/\/www.secondastrada.com\/it\/maglione-rue-de-clerie-grigio-19\/#breadcrumb","itemListElement":[{"@type":"ListItem","position":1,"name":"Home","item":"https:\/\/www.secondastrada.com\/it\/"},{"@type":"ListItem","position":2,"name":"Shop","item":"https:\/\/www.secondastrada.com\/it\/shop\/"},{"@type":"ListItem","position":3,"name":"Donna","item":"https:\/\/www.secondastrada.com\/it\/collezione-donna\/"},{"@type":"ListItem","position":4,"name":"Abbigliamento","item":"https:\/\/www.secondastrada.com\/it\/collezione-donna\/abbigliamento-donna\/"},{"@type":"ListItem","position":5,"name":"Maglieria","item":"https:\/\/www.secondastrada.com\/it\/collezione-donna\/abbigliamento-donna\/maglie-da-donna\/"},{"@type":"ListItem","position":6,"name":"Maglie a collo alto","item":"https:\/\/www.secondastrada.com\/it\/collezione-donna\/abbigliamento-donna\/maglie-da-donna\/maglie-a-collo-alto-da-donna\/"},{"@type":"ListItem","position":7,"name":"Maglione Rue De Clerie Grigio"}]},{"@type":"WebSite","@id":"https:\/\/www.secondastrada.com\/it\/#website","url":"https:\/\/www.secondastrada.com\/it\/","name":"Seconda Strada","description":"","publisher":{"@id":"https:\/\/www.secondastrada.com\/it\/#organization"},"potentialAction":[{"@type":"SearchAction","target":{"@type":"EntryPoint","urlTemplate":"https:\/\/www.secondastrada.com\/it\/?s={search_term_string}"},"query-input":"required name=search_term_string"}],"inLanguage":"it-IT"},{"@type":"Organization","@id":"https:\/\/www.secondastrada.com\/it\/#organization","name":"Seconda Strada","url":"https:\/\/www.secondastrada.com\/it\/","logo":{"@type":"ImageObject","inLanguage":"it-IT","@id":"https:\/\/www.secondastrada.com\/it\/#\/schema\/logo\/image\/","url":"https:\/\/www.secondastrada.com\/wp-content\/uploads\/2023\/11\/secondastrada-logo.svg","contentUrl":"https:\/\/www.secondastrada.com\/wp-content\/uploads\/2023\/11\/secondastrada-logo.svg","width":353,"height":47,"caption":"Seconda Strada"},"image":{"@id":"https:\/\/www.secondastrada.com\/it\/#\/schema\/logo\/image\/"}}]}},"df_price":19.996,"df_sale_price":"","df_regular_price":19.996,"df_image_link":"https:\/\/www.secondastrada.com\/wp-content\/uploads\/2026\/01\/NA635-SA_GRIGIO-MEDIO_AI25_1-300x300.jpg","_links":{"self":[{"href":"https:\/\/www.secondastrada.com\/it\/wp-json\/wp\/v2\/product\/329635"}],"collection":[{"href":"https:\/\/www.secondastrada.com\/it\/wp-json\/wp\/v2\/product"}],"about":[{"href":"https:\/\/www.secondastrada.com\/it\/wp-json\/wp\/v2\/types\/product"}],"wp:featuredmedia":[{"embeddable":true,"href":"https:\/\/www.secondastrada.com\/it\/wp-json\/wp\/v2\/media\/330114"}],"wp:attachment":[{"href":"https:\/\/www.secondastrada.com\/it\/wp-json\/wp\/v2\/media?parent=329635"}],"wp:term":[{"taxonomy":"ss_brand","embeddable":true,"href":"https:\/\/www.secondastrada.com\/it\/wp-json\/wp\/v2\/ss_brand?post=329635"},{"taxonomy":"ss_promo","embeddable":true,"href":"https:\/\/www.secondastrada.com\/it\/wp-json\/wp\/v2\/ss_promo?post=329635"},{"taxonomy":"ss_season","embeddable":true,"href":"https:\/\/www.secondastrada.com\/it\/wp-json\/wp\/v2\/ss_season?post=329635"},{"taxonomy":"product_cat","embeddable":true,"href":"https:\/\/www.secondastrada.com\/it\/wp-json\/wp\/v2\/product_cat?post=329635"},{"taxonomy":"product_tag","embeddable":true,"href":"https:\/\/www.secondastrada.com\/it\/wp-json\/wp\/v2\/product_tag?post=329635"}],"curies":[{"name":"wp","href":"https:\/\/api.w.org\/{rel}","templated":true}]}}