{"id":333819,"date":"2026-01-29T11:05:55","date_gmt":"2026-01-29T10:05:55","guid":{"rendered":"https:\/\/www.secondastrada.com\/it\/borsa-guess-azzurro-4\/"},"modified":"2026-03-24T10:14:27","modified_gmt":"2026-03-24T09:14:27","slug":"borsa-guess-azzurro-4","status":"publish","type":"product","link":"https:\/\/www.secondastrada.com\/it\/borsa-guess-azzurro-4\/","title":{"rendered":"Borsa Guess Azzurro"},"content":{"rendered":"<p><b>Borsa GUESS Azzurra da donna<\/b><br \/>\nLa <b>Borsa GUESS Azzurra <\/b> \u00e8 l\u2019accessorio perfetto per aggiungere un tocco fresco e luminoso ai look della stagione primavera estate. Pensata per la donna che ama uno stile pratico ma curato, questa borsa si distingue per il suo design essenziale arricchito da dettagli iconici del brand. Il colore azzurro richiama leggerezza e femminilit\u00e0, rendendo il modello ideale per accompagnare outfit quotidiani con naturale eleganza. La <b>tracolla<\/b> garantisce comfort e libert\u00e0 di movimento, mentre il <b>pendente logato<\/b> aggiunge un dettaglio riconoscibile e raffinato.<br \/>\nQuesta <b>borsa da donna in primavera estate<\/b> \u00e8 ideale da indossare di giorno, nel tempo libero o durante gli impegni quotidiani, come una passeggiata in citt\u00e0 o una giornata di shopping. Le dimensioni compatte ma funzionali permettono di portare con s\u00e9 tutto l\u2019essenziale senza risultare ingombrante. Le misure sono ben bilanciate: base inferiore 24 cm, altezza massima 20 cm e profondit\u00e0 6 cm, perfette per contenere smartphone, portafoglio, chiavi e piccoli accessori personali.<br \/>\nRealizzata in <b>100% poliuretano<\/b>, questa borsa offre resistenza, leggerezza e facilit\u00e0 di manutenzione, risultando pratica per un utilizzo quotidiano durante tutta la stagione. La <b>borsa con tracolla e pendente logato<\/b> si abbina facilmente a un look casual con jeans e t-shirt per uno stile fresco e disinvolto, ma completa con armonia anche abiti leggeri e outfit estivi dai toni neutri.<br \/>\nAcquistando su SecondaStrada.com hai la certezza di scegliere solo prodotti originali e accuratamente selezionati. <b>Codice articolo: HWZG9672050 GS CB<\/b>.<\/p>\n","protected":false},"excerpt":{"rendered":"<p>Borsa GUESS Azzurra da donna La Borsa GUESS Azzurra \u00e8 l\u2019accessorio perfetto per aggiungere un tocco fresco e luminoso ai look della stagione primavera estate. Pensata per la donna che ama uno stile pratico ma curato, questa borsa si distingue per il suo design essenziale arricchito da dettagli iconici del brand. Il colore azzurro richiama&#8230;<\/p>\n","protected":false},"featured_media":334396,"template":"","meta":{"inline_featured_image":false},"ss_brand":[1202],"ss_promo":[],"ss_season":[2531],"product_cat":[1331,1477,1658],"product_tag":[1772,1953,2204,1995],"class_list":{"0":"post-333819","1":"product","2":"type-product","3":"status-publish","4":"has-post-thumbnail","6":"ss_brand-guess-donna","7":"ss_season-pe26","8":"product_cat-accessori-donna","9":"product_cat-borse-da-donna","10":"product_cat-collezione-donna","11":"product_tag-borse-guess-donna","12":"product_tag-campionario","13":"product_tag-idee-regalo-donna","14":"product_tag-nuovi-arrivi-donna","16":"first","17":"outofstock","18":"shipping-taxable","19":"product-type-variable","20":"has-default-attributes"},"acf":{"ss_brand":[{"term_id":1202,"name":"GUESS","slug":"guess-donna","term_group":0,"term_taxonomy_id":1202,"taxonomy":"ss_brand","description":"<strong>Abbigliamento donna Guess scontato: e ora chi ti ferma pi\u00f9?<\/strong> Sei alla ricerca di outfit in <strong>stile urban-chic<\/strong> e iper-femminili? Allora dai un\u2019occhiata alla nostra selezione di <strong>abbigliamento e accessori Guess<\/strong>! <strong>Lasciati ispirare e sfoglia le nostre proposte di capi e accessori Guess da donna scontatissimi!<\/strong>","parent":1201,"count":508,"filter":"raw"}],"ss_promo":false,"ss_season":[{"term_id":2531,"name":"PE26","slug":"pe26","term_group":0,"term_taxonomy_id":2531,"taxonomy":"ss_season","description":"","parent":0,"count":1422,"filter":"raw"}],"ss_old_price":"0,00","ss_omnibus_price":"0,00","ss_style_advice":"<p><b>Borsa GUESS Azzurra da donna<\/b><br \/>\nLa <b>Borsa GUESS Azzurra <\/b> \u00e8 l\u2019accessorio perfetto per aggiungere un tocco fresco e luminoso ai look della stagione primavera estate. Pensata per la donna che ama uno stile pratico ma curato, questa borsa si distingue per il suo design essenziale arricchito da dettagli iconici del brand. Il colore azzurro richiama leggerezza e femminilit\u00e0, rendendo il modello ideale per accompagnare outfit quotidiani con naturale eleganza. La <b>tracolla<\/b> garantisce comfort e libert\u00e0 di movimento, mentre il <b>pendente logato<\/b> aggiunge un dettaglio riconoscibile e raffinato.<br \/>\nQuesta <b>borsa da donna in primavera estate<\/b> \u00e8 ideale da indossare di giorno, nel tempo libero o durante gli impegni quotidiani, come una passeggiata in citt\u00e0 o una giornata di shopping. Le dimensioni compatte ma funzionali permettono di portare con s\u00e9 tutto l\u2019essenziale senza risultare ingombrante. Le misure sono ben bilanciate: base inferiore 24 cm, altezza massima 20 cm e profondit\u00e0 6 cm, perfette per contenere smartphone, portafoglio, chiavi e piccoli accessori personali.<br \/>\nRealizzata in <b>100% poliuretano<\/b>, questa borsa offre resistenza, leggerezza e facilit\u00e0 di manutenzione, risultando pratica per un utilizzo quotidiano durante tutta la stagione. La <b>borsa con tracolla e pendente logato<\/b> si abbina facilmente a un look casual con jeans e t-shirt per uno stile fresco e disinvolto, ma completa con armonia anche abiti leggeri e outfit estivi dai toni neutri.<br \/>\nAcquistando su SecondaStrada.com hai la certezza di scegliere solo prodotti originali e accuratamente selezionati. <b>Codice articolo: HWZG9672050 GS CB<\/b>.<\/p>\n","ss_composition":"<p>100% poliuretano<\/p>\n","ss_fit":"<p>Base inferiore: 24 cm<br \/>Altezza massima: 20 cm<br \/>Profondit\u00e0: 6 cm<\/p>\n"},"yoast_head":"<!-- This site is optimized with the Yoast SEO plugin v22.3 - https:\/\/yoast.com\/wordpress\/plugins\/seo\/ -->\n<title>Borsa Guess Azzurro - Acquista online! - Seconda Strada<\/title>\n<meta name=\"description\" content=\"Borsa Guess Azzurro \u27a4 Acquista online su Secondastrada.com Borsa Guess Azzurro \u2714\ufe0f Spedizione veloce entro 24h in tutta Italia \u2714\ufe0f Sconto sul tuo primo acquisto\" \/>\n<meta name=\"robots\" content=\"index, follow, max-snippet:-1, max-image-preview:large, max-video-preview:-1\" \/>\n<link rel=\"canonical\" href=\"https:\/\/www.secondastrada.com\/it\/borsa-guess-azzurro-4\/\" \/>\n<meta property=\"og:locale\" content=\"it_IT\" \/>\n<meta property=\"og:type\" content=\"article\" \/>\n<meta property=\"og:title\" content=\"Borsa Guess Azzurro - Acquista online! - Seconda Strada\" \/>\n<meta property=\"og:description\" content=\"Borsa Guess Azzurro \u27a4 Acquista online su Secondastrada.com Borsa Guess Azzurro \u2714\ufe0f Spedizione veloce entro 24h in tutta Italia \u2714\ufe0f Sconto sul tuo primo acquisto\" \/>\n<meta property=\"og:url\" content=\"https:\/\/www.secondastrada.com\/it\/borsa-guess-azzurro-4\/\" \/>\n<meta property=\"og:site_name\" content=\"Seconda Strada\" \/>\n<meta property=\"article:modified_time\" content=\"2026-03-24T09:14:27+00:00\" \/>\n<meta property=\"og:image\" content=\"https:\/\/www.secondastrada.com\/wp-content\/uploads\/2026\/02\/HWZG9672050-GS-CB_AZZURRO_PE26_1.jpg\" \/>\n\t<meta property=\"og:image:width\" content=\"1000\" \/>\n\t<meta property=\"og:image:height\" content=\"1300\" \/>\n\t<meta property=\"og:image:type\" content=\"image\/jpeg\" \/>\n<meta name=\"twitter:card\" content=\"summary_large_image\" \/>\n<meta name=\"twitter:label1\" content=\"Tempo di lettura stimato\" \/>\n\t<meta name=\"twitter:data1\" content=\"1 minuto\" \/>\n<!-- \/ Yoast SEO plugin. -->","yoast_head_json":{"title":"Borsa Guess Azzurro - Acquista online! - Seconda Strada","description":"Borsa Guess Azzurro \u27a4 Acquista online su Secondastrada.com Borsa Guess Azzurro \u2714\ufe0f Spedizione veloce entro 24h in tutta Italia \u2714\ufe0f Sconto sul tuo primo acquisto","robots":{"index":"index","follow":"follow","max-snippet":"max-snippet:-1","max-image-preview":"max-image-preview:large","max-video-preview":"max-video-preview:-1"},"canonical":"https:\/\/www.secondastrada.com\/it\/borsa-guess-azzurro-4\/","og_locale":"it_IT","og_type":"article","og_title":"Borsa Guess Azzurro - Acquista online! - Seconda Strada","og_description":"Borsa Guess Azzurro \u27a4 Acquista online su Secondastrada.com Borsa Guess Azzurro \u2714\ufe0f Spedizione veloce entro 24h in tutta Italia \u2714\ufe0f Sconto sul tuo primo acquisto","og_url":"https:\/\/www.secondastrada.com\/it\/borsa-guess-azzurro-4\/","og_site_name":"Seconda Strada","article_modified_time":"2026-03-24T09:14:27+00:00","og_image":[{"width":1000,"height":1300,"url":"https:\/\/www.secondastrada.com\/wp-content\/uploads\/2026\/02\/HWZG9672050-GS-CB_AZZURRO_PE26_1.jpg","type":"image\/jpeg"}],"twitter_card":"summary_large_image","twitter_misc":{"Tempo di lettura stimato":"1 minuto"},"schema":{"@context":"https:\/\/schema.org","@graph":[{"@type":"WebPage","@id":"https:\/\/www.secondastrada.com\/it\/borsa-guess-azzurro-4\/","url":"https:\/\/www.secondastrada.com\/it\/borsa-guess-azzurro-4\/","name":"Borsa Guess Azzurro - Acquista online! - Seconda Strada","isPartOf":{"@id":"https:\/\/www.secondastrada.com\/it\/#website"},"primaryImageOfPage":{"@id":"https:\/\/www.secondastrada.com\/it\/borsa-guess-azzurro-4\/#primaryimage"},"image":{"@id":"https:\/\/www.secondastrada.com\/it\/borsa-guess-azzurro-4\/#primaryimage"},"thumbnailUrl":"https:\/\/www.secondastrada.com\/wp-content\/uploads\/2026\/02\/HWZG9672050-GS-CB_AZZURRO_PE26_1.jpg","datePublished":"2026-01-29T10:05:55+00:00","dateModified":"2026-03-24T09:14:27+00:00","description":"Borsa Guess Azzurro \u27a4 Acquista online su Secondastrada.com Borsa Guess Azzurro \u2714\ufe0f Spedizione veloce entro 24h in tutta Italia \u2714\ufe0f Sconto sul tuo primo acquisto","breadcrumb":{"@id":"https:\/\/www.secondastrada.com\/it\/borsa-guess-azzurro-4\/#breadcrumb"},"inLanguage":"it-IT","potentialAction":[{"@type":"ReadAction","target":["https:\/\/www.secondastrada.com\/it\/borsa-guess-azzurro-4\/"]}]},{"@type":"ImageObject","inLanguage":"it-IT","@id":"https:\/\/www.secondastrada.com\/it\/borsa-guess-azzurro-4\/#primaryimage","url":"https:\/\/www.secondastrada.com\/wp-content\/uploads\/2026\/02\/HWZG9672050-GS-CB_AZZURRO_PE26_1.jpg","contentUrl":"https:\/\/www.secondastrada.com\/wp-content\/uploads\/2026\/02\/HWZG9672050-GS-CB_AZZURRO_PE26_1.jpg","width":1000,"height":1300,"caption":"HWZG9672050-GS-CB_AZZURRO_PE26"},{"@type":"BreadcrumbList","@id":"https:\/\/www.secondastrada.com\/it\/borsa-guess-azzurro-4\/#breadcrumb","itemListElement":[{"@type":"ListItem","position":1,"name":"Home","item":"https:\/\/www.secondastrada.com\/it\/"},{"@type":"ListItem","position":2,"name":"Shop","item":"https:\/\/www.secondastrada.com\/it\/shop\/"},{"@type":"ListItem","position":3,"name":"Donna","item":"https:\/\/www.secondastrada.com\/it\/collezione-donna\/"},{"@type":"ListItem","position":4,"name":"Accessori","item":"https:\/\/www.secondastrada.com\/it\/collezione-donna\/accessori-donna\/"},{"@type":"ListItem","position":5,"name":"Borse","item":"https:\/\/www.secondastrada.com\/it\/collezione-donna\/accessori-donna\/borse-da-donna\/"},{"@type":"ListItem","position":6,"name":"Borsa Guess Azzurro"}]},{"@type":"WebSite","@id":"https:\/\/www.secondastrada.com\/it\/#website","url":"https:\/\/www.secondastrada.com\/it\/","name":"Seconda Strada","description":"","publisher":{"@id":"https:\/\/www.secondastrada.com\/it\/#organization"},"potentialAction":[{"@type":"SearchAction","target":{"@type":"EntryPoint","urlTemplate":"https:\/\/www.secondastrada.com\/it\/?s={search_term_string}"},"query-input":"required name=search_term_string"}],"inLanguage":"it-IT"},{"@type":"Organization","@id":"https:\/\/www.secondastrada.com\/it\/#organization","name":"Seconda Strada","url":"https:\/\/www.secondastrada.com\/it\/","logo":{"@type":"ImageObject","inLanguage":"it-IT","@id":"https:\/\/www.secondastrada.com\/it\/#\/schema\/logo\/image\/","url":"https:\/\/www.secondastrada.com\/wp-content\/uploads\/2023\/11\/secondastrada-logo.svg","contentUrl":"https:\/\/www.secondastrada.com\/wp-content\/uploads\/2023\/11\/secondastrada-logo.svg","width":353,"height":47,"caption":"Seconda Strada"},"image":{"@id":"https:\/\/www.secondastrada.com\/it\/#\/schema\/logo\/image\/"}}]}},"df_price":"","df_sale_price":"","df_regular_price":"","df_image_link":"https:\/\/www.secondastrada.com\/wp-content\/uploads\/2026\/02\/HWZG9672050-GS-CB_AZZURRO_PE26_1-300x300.jpg","_links":{"self":[{"href":"https:\/\/www.secondastrada.com\/it\/wp-json\/wp\/v2\/product\/333819"}],"collection":[{"href":"https:\/\/www.secondastrada.com\/it\/wp-json\/wp\/v2\/product"}],"about":[{"href":"https:\/\/www.secondastrada.com\/it\/wp-json\/wp\/v2\/types\/product"}],"wp:featuredmedia":[{"embeddable":true,"href":"https:\/\/www.secondastrada.com\/it\/wp-json\/wp\/v2\/media\/334396"}],"wp:attachment":[{"href":"https:\/\/www.secondastrada.com\/it\/wp-json\/wp\/v2\/media?parent=333819"}],"wp:term":[{"taxonomy":"ss_brand","embeddable":true,"href":"https:\/\/www.secondastrada.com\/it\/wp-json\/wp\/v2\/ss_brand?post=333819"},{"taxonomy":"ss_promo","embeddable":true,"href":"https:\/\/www.secondastrada.com\/it\/wp-json\/wp\/v2\/ss_promo?post=333819"},{"taxonomy":"ss_season","embeddable":true,"href":"https:\/\/www.secondastrada.com\/it\/wp-json\/wp\/v2\/ss_season?post=333819"},{"taxonomy":"product_cat","embeddable":true,"href":"https:\/\/www.secondastrada.com\/it\/wp-json\/wp\/v2\/product_cat?post=333819"},{"taxonomy":"product_tag","embeddable":true,"href":"https:\/\/www.secondastrada.com\/it\/wp-json\/wp\/v2\/product_tag?post=333819"}],"curies":[{"name":"wp","href":"https:\/\/api.w.org\/{rel}","templated":true}]}}