{"id":334268,"date":"2026-02-06T15:55:39","date_gmt":"2026-02-06T14:55:39","guid":{"rendered":"https:\/\/www.secondastrada.com\/it\/shorts-guess-giallo-taglia-32\/"},"modified":"2026-02-20T09:29:52","modified_gmt":"2026-02-20T08:29:52","slug":"shorts-guess-giallo-taglia-32","status":"publish","type":"product","link":"https:\/\/www.secondastrada.com\/it\/shorts-guess-giallo-taglia-32\/","title":{"rendered":"Shorts Guess Giallo taglia 32"},"content":{"rendered":"<p><b>Shorts GUESS Gialli da uomo<\/b><br \/>\nGli Shorts GUESS Gialli da uomo sono la scelta ideale per affrontare la stagione primavera estate con stile, comfort e un tocco di personalit\u00e0. Il colore giallo dona energia al look e rende questi shorts perfetti per chi ama distinguersi anche nel tempo libero, senza rinunciare alla praticit\u00e0. Realizzati in 100% cotone, garantiscono una sensazione di freschezza e leggerezza sulla pelle, ideali per le giornate pi\u00f9 calde.<br \/>\nIl design \u00e8 curato nei dettagli, con tasche posteriori con patta che aggiungono funzionalit\u00e0 e carattere al capo. La vestibilit\u00e0 \u00e8 regolare e pensata per offrire libert\u00e0 di movimento durante tutta la giornata. Il modello \u00e8 alto 187 cm e indossa la taglia L, un riferimento utile per scegliere la misura pi\u00f9 adatta. Questi Shorts GUESS Gialli sono perfetti da indossare nel tempo libero, durante una passeggiata, una giornata di vacanza o un momento di relax con gli amici.<br \/>\nGli shorts da uomo primavera estate sono un must del guardaroba stagionale, soprattutto quando uniscono qualit\u00e0 dei materiali e stile contemporaneo. La tonalit\u00e0 gialla si abbina facilmente a capi basic o a colori neutri, rendendo il look equilibrato ma mai banale. Gli Shorts con tasche posteriori con patta rappresentano una soluzione pratica per chi cerca un capo comodo ma curato, adatto a diverse occasioni informali.<br \/>\nPer un outfit semplice e fresco, abbinali a una t-shirt coordinata e sneakers, creando un look estivo dinamico e versatile. In alternativa, puoi scegliere una polo leggera per un risultato pi\u00f9 ordinato ma sempre rilassato. Su SecondaStrada.com trovi solo prodotti originali e selezionati con attenzione. Codice articolo M5GD44WGCV1 GS CB.<\/p>\n","protected":false},"excerpt":{"rendered":"<p>Shorts GUESS Gialli da uomo Gli Shorts GUESS Gialli da uomo sono la scelta ideale per affrontare la stagione primavera estate con stile, comfort e un tocco di personalit\u00e0. Il colore giallo dona energia al look e rende questi shorts perfetti per chi ama distinguersi anche nel tempo libero, senza rinunciare alla praticit\u00e0. Realizzati in&#8230;<\/p>\n","protected":false},"featured_media":334907,"template":"","meta":{"inline_featured_image":false},"ss_brand":[1287],"ss_promo":[],"ss_season":[2531],"product_cat":[1332,1551,2538,1714],"product_tag":[1953,1993],"class_list":{"0":"post-334268","1":"product","2":"type-product","3":"status-publish","4":"has-post-thumbnail","6":"ss_brand-guess-uomo","7":"ss_season-pe26","8":"product_cat-abbigliamento-uomo","9":"product_cat-bermuda-da-uomo","10":"product_cat-set-coordinati-da-uomo","11":"product_cat-collezione-uomo","12":"product_tag-campionario","13":"product_tag-nuovi-arrivi-uomo","15":"first","16":"instock","17":"shipping-taxable","18":"purchasable","19":"product-type-variable","20":"has-default-attributes"},"acf":{"ss_brand":[{"term_id":1287,"name":"GUESS","slug":"guess-uomo","term_group":0,"term_taxonomy_id":1287,"taxonomy":"ss_brand","description":"<strong>Abbigliamento uomo Guess scontato: osa di pi\u00f9!<\/strong> Mixare raffinatezza francese e spirito californiano in uno <strong>stile originale<\/strong>? Si pu\u00f2 con <strong>Guess<\/strong>! Il brand infatti ha origine negli Stati Uniti dall'idea di due fratelli francesi. Guess crea collezioni di <strong>abbigliamento e accessori per uomo<\/strong> che non passano mai di moda: anche i capi pi\u00f9 classici hanno uno stile inedito! Scopri sul nostro store online la collezione di abbigliamento e accessori da uomo pi\u00f9 glamour che c\u2019\u00e8 a <strong>prezzi imbattibili<\/strong>!","parent":1268,"count":233,"filter":"raw"}],"ss_promo":false,"ss_season":[{"term_id":2531,"name":"PE26","slug":"pe26","term_group":0,"term_taxonomy_id":2531,"taxonomy":"ss_season","description":"","parent":0,"count":2037,"filter":"raw"}],"ss_old_price":"69,00","ss_omnibus_price":"0,00","ss_style_advice":"<p><b>Shorts GUESS Gialli da uomo<\/b><br \/>\nGli Shorts GUESS Gialli da uomo sono la scelta ideale per affrontare la stagione primavera estate con stile, comfort e un tocco di personalit\u00e0. Il colore giallo dona energia al look e rende questi shorts perfetti per chi ama distinguersi anche nel tempo libero, senza rinunciare alla praticit\u00e0. Realizzati in 100% cotone, garantiscono una sensazione di freschezza e leggerezza sulla pelle, ideali per le giornate pi\u00f9 calde.<br \/>\nIl design \u00e8 curato nei dettagli, con tasche posteriori con patta che aggiungono funzionalit\u00e0 e carattere al capo. La vestibilit\u00e0 \u00e8 regolare e pensata per offrire libert\u00e0 di movimento durante tutta la giornata. Il modello \u00e8 alto 187 cm e indossa la taglia L, un riferimento utile per scegliere la misura pi\u00f9 adatta. Questi Shorts GUESS Gialli sono perfetti da indossare nel tempo libero, durante una passeggiata, una giornata di vacanza o un momento di relax con gli amici.<br \/>\nGli shorts da uomo primavera estate sono un must del guardaroba stagionale, soprattutto quando uniscono qualit\u00e0 dei materiali e stile contemporaneo. La tonalit\u00e0 gialla si abbina facilmente a capi basic o a colori neutri, rendendo il look equilibrato ma mai banale. Gli Shorts con tasche posteriori con patta rappresentano una soluzione pratica per chi cerca un capo comodo ma curato, adatto a diverse occasioni informali.<br \/>\nPer un outfit semplice e fresco, abbinali a una t-shirt coordinata e sneakers, creando un look estivo dinamico e versatile. In alternativa, puoi scegliere una polo leggera per un risultato pi\u00f9 ordinato ma sempre rilassato. Su SecondaStrada.com trovi solo prodotti originali e selezionati con attenzione. Codice articolo M5GD44WGCV1 GS CB.<\/p>\n","ss_composition":"<p>100% cotone<\/p>\n","ss_fit":"<p>Il modello \u00e8 alto 187 cm e veste la taglia 32. La vestibilit\u00e0 del capo \u00e8 regolare.<\/p>\n"},"yoast_head":"<!-- This site is optimized with the Yoast SEO plugin v22.3 - https:\/\/yoast.com\/wordpress\/plugins\/seo\/ -->\n<title>Shorts Guess Giallo taglia 32 - Acquista online! - Seconda Strada<\/title>\n<meta name=\"description\" content=\"Shorts Guess Giallo taglia 32 \u27a4 Acquista online su Secondastrada.com Shorts Guess Giallo taglia 32 \u2714\ufe0f Spedizione veloce entro 24h in tutta Italia \u2714\ufe0f Sconto sul tuo primo acquisto\" \/>\n<meta name=\"robots\" content=\"index, follow, max-snippet:-1, max-image-preview:large, max-video-preview:-1\" \/>\n<link rel=\"canonical\" href=\"https:\/\/www.secondastrada.com\/it\/shorts-guess-giallo-taglia-32\/\" \/>\n<meta property=\"og:locale\" content=\"it_IT\" \/>\n<meta property=\"og:type\" content=\"article\" \/>\n<meta property=\"og:title\" content=\"Shorts Guess Giallo taglia 32 - Acquista online! - Seconda Strada\" \/>\n<meta property=\"og:description\" content=\"Shorts Guess Giallo taglia 32 \u27a4 Acquista online su Secondastrada.com Shorts Guess Giallo taglia 32 \u2714\ufe0f Spedizione veloce entro 24h in tutta Italia \u2714\ufe0f Sconto sul tuo primo acquisto\" \/>\n<meta property=\"og:url\" content=\"https:\/\/www.secondastrada.com\/it\/shorts-guess-giallo-taglia-32\/\" \/>\n<meta property=\"og:site_name\" content=\"Seconda Strada\" \/>\n<meta property=\"article:modified_time\" content=\"2026-02-20T08:29:52+00:00\" \/>\n<meta property=\"og:image\" content=\"https:\/\/www.secondastrada.com\/wp-content\/uploads\/2026\/02\/M5GD44WGCV1-GS-CB_GIALLO_PE26_1.jpg\" \/>\n\t<meta property=\"og:image:width\" content=\"1000\" \/>\n\t<meta property=\"og:image:height\" content=\"1300\" \/>\n\t<meta property=\"og:image:type\" content=\"image\/jpeg\" \/>\n<meta name=\"twitter:card\" content=\"summary_large_image\" \/>\n<meta name=\"twitter:label1\" content=\"Tempo di lettura stimato\" \/>\n\t<meta name=\"twitter:data1\" content=\"1 minuto\" \/>\n<!-- \/ Yoast SEO plugin. -->","yoast_head_json":{"title":"Shorts Guess Giallo taglia 32 - Acquista online! - Seconda Strada","description":"Shorts Guess Giallo taglia 32 \u27a4 Acquista online su Secondastrada.com Shorts Guess Giallo taglia 32 \u2714\ufe0f Spedizione veloce entro 24h in tutta Italia \u2714\ufe0f Sconto sul tuo primo acquisto","robots":{"index":"index","follow":"follow","max-snippet":"max-snippet:-1","max-image-preview":"max-image-preview:large","max-video-preview":"max-video-preview:-1"},"canonical":"https:\/\/www.secondastrada.com\/it\/shorts-guess-giallo-taglia-32\/","og_locale":"it_IT","og_type":"article","og_title":"Shorts Guess Giallo taglia 32 - Acquista online! - Seconda Strada","og_description":"Shorts Guess Giallo taglia 32 \u27a4 Acquista online su Secondastrada.com Shorts Guess Giallo taglia 32 \u2714\ufe0f Spedizione veloce entro 24h in tutta Italia \u2714\ufe0f Sconto sul tuo primo acquisto","og_url":"https:\/\/www.secondastrada.com\/it\/shorts-guess-giallo-taglia-32\/","og_site_name":"Seconda Strada","article_modified_time":"2026-02-20T08:29:52+00:00","og_image":[{"width":1000,"height":1300,"url":"https:\/\/www.secondastrada.com\/wp-content\/uploads\/2026\/02\/M5GD44WGCV1-GS-CB_GIALLO_PE26_1.jpg","type":"image\/jpeg"}],"twitter_card":"summary_large_image","twitter_misc":{"Tempo di lettura stimato":"1 minuto"},"schema":{"@context":"https:\/\/schema.org","@graph":[{"@type":"WebPage","@id":"https:\/\/www.secondastrada.com\/it\/shorts-guess-giallo-taglia-32\/","url":"https:\/\/www.secondastrada.com\/it\/shorts-guess-giallo-taglia-32\/","name":"Shorts Guess Giallo taglia 32 - Acquista online! - Seconda Strada","isPartOf":{"@id":"https:\/\/www.secondastrada.com\/it\/#website"},"primaryImageOfPage":{"@id":"https:\/\/www.secondastrada.com\/it\/shorts-guess-giallo-taglia-32\/#primaryimage"},"image":{"@id":"https:\/\/www.secondastrada.com\/it\/shorts-guess-giallo-taglia-32\/#primaryimage"},"thumbnailUrl":"https:\/\/www.secondastrada.com\/wp-content\/uploads\/2026\/02\/M5GD44WGCV1-GS-CB_GIALLO_PE26_1.jpg","datePublished":"2026-02-06T14:55:39+00:00","dateModified":"2026-02-20T08:29:52+00:00","description":"Shorts Guess Giallo taglia 32 \u27a4 Acquista online su Secondastrada.com Shorts Guess Giallo taglia 32 \u2714\ufe0f Spedizione veloce entro 24h in tutta Italia \u2714\ufe0f Sconto sul tuo primo acquisto","breadcrumb":{"@id":"https:\/\/www.secondastrada.com\/it\/shorts-guess-giallo-taglia-32\/#breadcrumb"},"inLanguage":"it-IT","potentialAction":[{"@type":"ReadAction","target":["https:\/\/www.secondastrada.com\/it\/shorts-guess-giallo-taglia-32\/"]}]},{"@type":"ImageObject","inLanguage":"it-IT","@id":"https:\/\/www.secondastrada.com\/it\/shorts-guess-giallo-taglia-32\/#primaryimage","url":"https:\/\/www.secondastrada.com\/wp-content\/uploads\/2026\/02\/M5GD44WGCV1-GS-CB_GIALLO_PE26_1.jpg","contentUrl":"https:\/\/www.secondastrada.com\/wp-content\/uploads\/2026\/02\/M5GD44WGCV1-GS-CB_GIALLO_PE26_1.jpg","width":1000,"height":1300,"caption":"M5GD44WGCV1-GS-CB_GIALLO_PE26"},{"@type":"BreadcrumbList","@id":"https:\/\/www.secondastrada.com\/it\/shorts-guess-giallo-taglia-32\/#breadcrumb","itemListElement":[{"@type":"ListItem","position":1,"name":"Home","item":"https:\/\/www.secondastrada.com\/it\/"},{"@type":"ListItem","position":2,"name":"Shop","item":"https:\/\/www.secondastrada.com\/it\/shop\/"},{"@type":"ListItem","position":3,"name":"Uomo","item":"https:\/\/www.secondastrada.com\/it\/collezione-uomo\/"},{"@type":"ListItem","position":4,"name":"Abbigliamento","item":"https:\/\/www.secondastrada.com\/it\/collezione-uomo\/abbigliamento-uomo\/"},{"@type":"ListItem","position":5,"name":"Bermuda","item":"https:\/\/www.secondastrada.com\/it\/collezione-uomo\/abbigliamento-uomo\/bermuda-da-uomo\/"},{"@type":"ListItem","position":6,"name":"Shorts Guess Giallo taglia 32"}]},{"@type":"WebSite","@id":"https:\/\/www.secondastrada.com\/it\/#website","url":"https:\/\/www.secondastrada.com\/it\/","name":"Seconda Strada","description":"","publisher":{"@id":"https:\/\/www.secondastrada.com\/it\/#organization"},"potentialAction":[{"@type":"SearchAction","target":{"@type":"EntryPoint","urlTemplate":"https:\/\/www.secondastrada.com\/it\/?s={search_term_string}"},"query-input":"required name=search_term_string"}],"inLanguage":"it-IT"},{"@type":"Organization","@id":"https:\/\/www.secondastrada.com\/it\/#organization","name":"Seconda Strada","url":"https:\/\/www.secondastrada.com\/it\/","logo":{"@type":"ImageObject","inLanguage":"it-IT","@id":"https:\/\/www.secondastrada.com\/it\/#\/schema\/logo\/image\/","url":"https:\/\/www.secondastrada.com\/wp-content\/uploads\/2023\/11\/secondastrada-logo.svg","contentUrl":"https:\/\/www.secondastrada.com\/wp-content\/uploads\/2023\/11\/secondastrada-logo.svg","width":353,"height":47,"caption":"Seconda Strada"},"image":{"@id":"https:\/\/www.secondastrada.com\/it\/#\/schema\/logo\/image\/"}}]}},"df_price":40.99,"df_sale_price":"","df_regular_price":40.99,"df_image_link":"https:\/\/www.secondastrada.com\/wp-content\/uploads\/2026\/02\/M5GD44WGCV1-GS-CB_GIALLO_PE26_1-300x300.jpg","_links":{"self":[{"href":"https:\/\/www.secondastrada.com\/it\/wp-json\/wp\/v2\/product\/334268"}],"collection":[{"href":"https:\/\/www.secondastrada.com\/it\/wp-json\/wp\/v2\/product"}],"about":[{"href":"https:\/\/www.secondastrada.com\/it\/wp-json\/wp\/v2\/types\/product"}],"wp:featuredmedia":[{"embeddable":true,"href":"https:\/\/www.secondastrada.com\/it\/wp-json\/wp\/v2\/media\/334907"}],"wp:attachment":[{"href":"https:\/\/www.secondastrada.com\/it\/wp-json\/wp\/v2\/media?parent=334268"}],"wp:term":[{"taxonomy":"ss_brand","embeddable":true,"href":"https:\/\/www.secondastrada.com\/it\/wp-json\/wp\/v2\/ss_brand?post=334268"},{"taxonomy":"ss_promo","embeddable":true,"href":"https:\/\/www.secondastrada.com\/it\/wp-json\/wp\/v2\/ss_promo?post=334268"},{"taxonomy":"ss_season","embeddable":true,"href":"https:\/\/www.secondastrada.com\/it\/wp-json\/wp\/v2\/ss_season?post=334268"},{"taxonomy":"product_cat","embeddable":true,"href":"https:\/\/www.secondastrada.com\/it\/wp-json\/wp\/v2\/product_cat?post=334268"},{"taxonomy":"product_tag","embeddable":true,"href":"https:\/\/www.secondastrada.com\/it\/wp-json\/wp\/v2\/product_tag?post=334268"}],"curies":[{"name":"wp","href":"https:\/\/api.w.org\/{rel}","templated":true}]}}