{"id":334630,"date":"2026-02-05T13:07:00","date_gmt":"2026-02-05T12:07:00","guid":{"rendered":"https:\/\/www.secondastrada.com\/it\/jeans-guess-jeans-15\/"},"modified":"2026-04-14T09:42:20","modified_gmt":"2026-04-14T07:42:20","slug":"jeans-guess-jeans-15","status":"publish","type":"product","link":"https:\/\/www.secondastrada.com\/it\/jeans-guess-jeans-15\/","title":{"rendered":"Jeans Guess Jeans taglia 32"},"content":{"rendered":"<p><b>Jeans GUESS da uomo<\/b><br \/>\nI Jeans GUESS da uomo rappresentano la scelta ideale per chi cerca un capo dal carattere deciso, pensato per valorizzare il look quotidiano con dettagli originali e uno stile contemporaneo. Perfetti per la stagione primavera estate, questi jeans uniscono un\u2019estetica moderna alla qualit\u00e0 dei materiali, offrendo comfort e versatilit\u00e0 in ogni momento della giornata. Il classico colore denim li rende facilmente abbinabili, mantenendo uno stile autentico e sempre attuale.<br \/>\nQuesto modello di Jeans da uomo primavera estate si distingue per le impunture a contrasto e le toppe sulla gamba, elementi che donano personalit\u00e0 e rendono il capo riconoscibile fin dal primo sguardo. La struttura in 100% cotone garantisce una sensazione naturale sulla pelle e una buona traspirabilit\u00e0, ideale per affrontare le giornate pi\u00f9 dinamiche con il massimo comfort. La vestibilit\u00e0 \u00e8 pensata per accompagnare i movimenti senza costringere, risultando pratica e piacevole da indossare.<br \/>\nI Jeans con impunture a contrasto e toppe sulla gamba sono perfetti da indossare nel tempo libero, per un\u2019uscita informale, una passeggiata in citt\u00e0 o un pomeriggio con gli amici. Si abbinano facilmente al giubbino coordinato e a una t-shirt per un look completo e curato, oppure a una felpa leggera per uno stile pi\u00f9 casual e rilassato. Sono un capo che permette di esprimere personalit\u00e0 senza rinunciare alla comodit\u00e0.<br \/>\nScegliere i Jeans GUESS Jeans significa affidarsi a un brand iconico, sinonimo di stile e qualit\u00e0. Su SecondaStrada.com trovi solo prodotti originali, selezionati con attenzione. Codice articolo M6RA0WD6681 GS CB.<\/p>\n","protected":false},"excerpt":{"rendered":"<p>Jeans GUESS da uomo I Jeans GUESS da uomo rappresentano la scelta ideale per chi cerca un capo dal carattere deciso, pensato per valorizzare il look quotidiano con dettagli originali e uno stile contemporaneo. Perfetti per la stagione primavera estate, questi jeans uniscono un\u2019estetica moderna alla qualit\u00e0 dei materiali, offrendo comfort e versatilit\u00e0 in ogni&#8230;<\/p>\n","protected":false},"featured_media":334598,"template":"","meta":{"inline_featured_image":false},"ss_brand":[1287],"ss_promo":[],"ss_season":[2531],"product_cat":[1332,1844,2538,1714],"product_tag":[1953,2410,2408,2409,1993],"class_list":{"0":"post-334630","1":"product","2":"type-product","3":"status-publish","4":"has-post-thumbnail","6":"ss_brand-guess-uomo","7":"ss_season-pe26","8":"product_cat-abbigliamento-uomo","9":"product_cat-jeans-da-uomo","10":"product_cat-set-coordinati-da-uomo","11":"product_cat-collezione-uomo","12":"product_tag-campionario","13":"product_tag-look-da-discoteca-uomo","14":"product_tag-look-da-festa-uomo","15":"product_tag-look-da-sabato-sera-uomo","16":"product_tag-nuovi-arrivi-uomo","18":"first","19":"instock","20":"shipping-taxable","21":"purchasable","22":"product-type-variable","23":"has-default-attributes"},"acf":{"ss_brand":[{"term_id":1287,"name":"GUESS","slug":"guess-uomo","term_group":0,"term_taxonomy_id":1287,"taxonomy":"ss_brand","description":"<strong>Abbigliamento uomo Guess scontato: osa di pi\u00f9!<\/strong> Mixare raffinatezza francese e spirito californiano in uno <strong>stile originale<\/strong>? Si pu\u00f2 con <strong>Guess<\/strong>! Il brand infatti ha origine negli Stati Uniti dall'idea di due fratelli francesi. Guess crea collezioni di <strong>abbigliamento e accessori per uomo<\/strong> che non passano mai di moda: anche i capi pi\u00f9 classici hanno uno stile inedito! Scopri sul nostro store online la collezione di abbigliamento e accessori da uomo pi\u00f9 glamour che c\u2019\u00e8 a <strong>prezzi imbattibili<\/strong>!","parent":1268,"count":233,"filter":"raw"}],"ss_promo":false,"ss_season":[{"term_id":2531,"name":"PE26","slug":"pe26","term_group":0,"term_taxonomy_id":2531,"taxonomy":"ss_season","description":"","parent":0,"count":1841,"filter":"raw"}],"ss_old_price":"139,00","ss_omnibus_price":"0,00","ss_style_advice":"<p><b>Jeans GUESS da uomo<\/b><br \/>\nI Jeans GUESS da uomo rappresentano la scelta ideale per chi cerca un capo dal carattere deciso, pensato per valorizzare il look quotidiano con dettagli originali e uno stile contemporaneo. Perfetti per la stagione primavera estate, questi jeans uniscono un\u2019estetica moderna alla qualit\u00e0 dei materiali, offrendo comfort e versatilit\u00e0 in ogni momento della giornata. Il classico colore denim li rende facilmente abbinabili, mantenendo uno stile autentico e sempre attuale.<br \/>\nQuesto modello di Jeans da uomo primavera estate si distingue per le impunture a contrasto e le toppe sulla gamba, elementi che donano personalit\u00e0 e rendono il capo riconoscibile fin dal primo sguardo. La struttura in 100% cotone garantisce una sensazione naturale sulla pelle e una buona traspirabilit\u00e0, ideale per affrontare le giornate pi\u00f9 dinamiche con il massimo comfort. La vestibilit\u00e0 \u00e8 pensata per accompagnare i movimenti senza costringere, risultando pratica e piacevole da indossare.<br \/>\nI Jeans con impunture a contrasto e toppe sulla gamba sono perfetti da indossare nel tempo libero, per un\u2019uscita informale, una passeggiata in citt\u00e0 o un pomeriggio con gli amici. Si abbinano facilmente al giubbino coordinato e a una t-shirt per un look completo e curato, oppure a una felpa leggera per uno stile pi\u00f9 casual e rilassato. Sono un capo che permette di esprimere personalit\u00e0 senza rinunciare alla comodit\u00e0.<br \/>\nScegliere i Jeans GUESS Jeans significa affidarsi a un brand iconico, sinonimo di stile e qualit\u00e0. Su SecondaStrada.com trovi solo prodotti originali, selezionati con attenzione. Codice articolo M6RA0WD6681 GS CB.<\/p>\n","ss_composition":"<p>100% cotone<\/p>\n","ss_fit":""},"yoast_head":"<!-- This site is optimized with the Yoast SEO plugin v22.3 - https:\/\/yoast.com\/wordpress\/plugins\/seo\/ -->\n<title>Jeans Guess Jeans taglia 32 - Acquista online! - Seconda Strada<\/title>\n<meta name=\"description\" content=\"Jeans Guess Jeans taglia 32 \u27a4 Acquista online su Secondastrada.com Jeans Guess Jeans taglia 32 \u2714\ufe0f Spedizione veloce entro 24h in tutta Italia \u2714\ufe0f Sconto sul tuo primo acquisto\" \/>\n<meta name=\"robots\" content=\"index, follow, max-snippet:-1, max-image-preview:large, max-video-preview:-1\" \/>\n<link rel=\"canonical\" href=\"https:\/\/www.secondastrada.com\/it\/jeans-guess-jeans-15\/\" \/>\n<meta property=\"og:locale\" content=\"it_IT\" \/>\n<meta property=\"og:type\" content=\"article\" \/>\n<meta property=\"og:title\" content=\"Jeans Guess Jeans taglia 32 - Acquista online! - Seconda Strada\" \/>\n<meta property=\"og:description\" content=\"Jeans Guess Jeans taglia 32 \u27a4 Acquista online su Secondastrada.com Jeans Guess Jeans taglia 32 \u2714\ufe0f Spedizione veloce entro 24h in tutta Italia \u2714\ufe0f Sconto sul tuo primo acquisto\" \/>\n<meta property=\"og:url\" content=\"https:\/\/www.secondastrada.com\/it\/jeans-guess-jeans-15\/\" \/>\n<meta property=\"og:site_name\" content=\"Seconda Strada\" \/>\n<meta property=\"article:modified_time\" content=\"2026-04-14T07:42:20+00:00\" \/>\n<meta property=\"og:image\" content=\"https:\/\/www.secondastrada.com\/wp-content\/uploads\/2026\/02\/M6RA0WD6681-GS-CB_JEANS_PE26_1.jpg\" \/>\n\t<meta property=\"og:image:width\" content=\"1000\" \/>\n\t<meta property=\"og:image:height\" content=\"1300\" \/>\n\t<meta property=\"og:image:type\" content=\"image\/jpeg\" \/>\n<meta name=\"twitter:card\" content=\"summary_large_image\" \/>\n<meta name=\"twitter:label1\" content=\"Tempo di lettura stimato\" \/>\n\t<meta name=\"twitter:data1\" content=\"1 minuto\" \/>\n<!-- \/ Yoast SEO plugin. -->","yoast_head_json":{"title":"Jeans Guess Jeans taglia 32 - Acquista online! - Seconda Strada","description":"Jeans Guess Jeans taglia 32 \u27a4 Acquista online su Secondastrada.com Jeans Guess Jeans taglia 32 \u2714\ufe0f Spedizione veloce entro 24h in tutta Italia \u2714\ufe0f Sconto sul tuo primo acquisto","robots":{"index":"index","follow":"follow","max-snippet":"max-snippet:-1","max-image-preview":"max-image-preview:large","max-video-preview":"max-video-preview:-1"},"canonical":"https:\/\/www.secondastrada.com\/it\/jeans-guess-jeans-15\/","og_locale":"it_IT","og_type":"article","og_title":"Jeans Guess Jeans taglia 32 - Acquista online! - Seconda Strada","og_description":"Jeans Guess Jeans taglia 32 \u27a4 Acquista online su Secondastrada.com Jeans Guess Jeans taglia 32 \u2714\ufe0f Spedizione veloce entro 24h in tutta Italia \u2714\ufe0f Sconto sul tuo primo acquisto","og_url":"https:\/\/www.secondastrada.com\/it\/jeans-guess-jeans-15\/","og_site_name":"Seconda Strada","article_modified_time":"2026-04-14T07:42:20+00:00","og_image":[{"width":1000,"height":1300,"url":"https:\/\/www.secondastrada.com\/wp-content\/uploads\/2026\/02\/M6RA0WD6681-GS-CB_JEANS_PE26_1.jpg","type":"image\/jpeg"}],"twitter_card":"summary_large_image","twitter_misc":{"Tempo di lettura stimato":"1 minuto"},"schema":{"@context":"https:\/\/schema.org","@graph":[{"@type":"WebPage","@id":"https:\/\/www.secondastrada.com\/it\/jeans-guess-jeans-15\/","url":"https:\/\/www.secondastrada.com\/it\/jeans-guess-jeans-15\/","name":"Jeans Guess Jeans taglia 32 - Acquista online! - Seconda Strada","isPartOf":{"@id":"https:\/\/www.secondastrada.com\/it\/#website"},"primaryImageOfPage":{"@id":"https:\/\/www.secondastrada.com\/it\/jeans-guess-jeans-15\/#primaryimage"},"image":{"@id":"https:\/\/www.secondastrada.com\/it\/jeans-guess-jeans-15\/#primaryimage"},"thumbnailUrl":"https:\/\/www.secondastrada.com\/wp-content\/uploads\/2026\/02\/M6RA0WD6681-GS-CB_JEANS_PE26_1.jpg","datePublished":"2026-02-05T12:07:00+00:00","dateModified":"2026-04-14T07:42:20+00:00","description":"Jeans Guess Jeans taglia 32 \u27a4 Acquista online su Secondastrada.com Jeans Guess Jeans taglia 32 \u2714\ufe0f Spedizione veloce entro 24h in tutta Italia \u2714\ufe0f Sconto sul tuo primo acquisto","breadcrumb":{"@id":"https:\/\/www.secondastrada.com\/it\/jeans-guess-jeans-15\/#breadcrumb"},"inLanguage":"it-IT","potentialAction":[{"@type":"ReadAction","target":["https:\/\/www.secondastrada.com\/it\/jeans-guess-jeans-15\/"]}]},{"@type":"ImageObject","inLanguage":"it-IT","@id":"https:\/\/www.secondastrada.com\/it\/jeans-guess-jeans-15\/#primaryimage","url":"https:\/\/www.secondastrada.com\/wp-content\/uploads\/2026\/02\/M6RA0WD6681-GS-CB_JEANS_PE26_1.jpg","contentUrl":"https:\/\/www.secondastrada.com\/wp-content\/uploads\/2026\/02\/M6RA0WD6681-GS-CB_JEANS_PE26_1.jpg","width":1000,"height":1300,"caption":"M6RA0WD6681-GS-CB_JEANS_PE26"},{"@type":"BreadcrumbList","@id":"https:\/\/www.secondastrada.com\/it\/jeans-guess-jeans-15\/#breadcrumb","itemListElement":[{"@type":"ListItem","position":1,"name":"Home","item":"https:\/\/www.secondastrada.com\/it\/"},{"@type":"ListItem","position":2,"name":"Shop","item":"https:\/\/www.secondastrada.com\/it\/shop\/"},{"@type":"ListItem","position":3,"name":"Uomo","item":"https:\/\/www.secondastrada.com\/it\/collezione-uomo\/"},{"@type":"ListItem","position":4,"name":"Abbigliamento","item":"https:\/\/www.secondastrada.com\/it\/collezione-uomo\/abbigliamento-uomo\/"},{"@type":"ListItem","position":5,"name":"Jeans","item":"https:\/\/www.secondastrada.com\/it\/collezione-uomo\/abbigliamento-uomo\/jeans-da-uomo\/"},{"@type":"ListItem","position":6,"name":"Jeans Guess Jeans taglia 32"}]},{"@type":"WebSite","@id":"https:\/\/www.secondastrada.com\/it\/#website","url":"https:\/\/www.secondastrada.com\/it\/","name":"Seconda Strada","description":"","publisher":{"@id":"https:\/\/www.secondastrada.com\/it\/#organization"},"potentialAction":[{"@type":"SearchAction","target":{"@type":"EntryPoint","urlTemplate":"https:\/\/www.secondastrada.com\/it\/?s={search_term_string}"},"query-input":"required name=search_term_string"}],"inLanguage":"it-IT"},{"@type":"Organization","@id":"https:\/\/www.secondastrada.com\/it\/#organization","name":"Seconda Strada","url":"https:\/\/www.secondastrada.com\/it\/","logo":{"@type":"ImageObject","inLanguage":"it-IT","@id":"https:\/\/www.secondastrada.com\/it\/#\/schema\/logo\/image\/","url":"https:\/\/www.secondastrada.com\/wp-content\/uploads\/2023\/11\/secondastrada-logo.svg","contentUrl":"https:\/\/www.secondastrada.com\/wp-content\/uploads\/2023\/11\/secondastrada-logo.svg","width":353,"height":47,"caption":"Seconda Strada"},"image":{"@id":"https:\/\/www.secondastrada.com\/it\/#\/schema\/logo\/image\/"}}]}},"df_price":82.99,"df_sale_price":"","df_regular_price":82.99,"df_image_link":"https:\/\/www.secondastrada.com\/wp-content\/uploads\/2026\/02\/M6RA0WD6681-GS-CB_JEANS_PE26_1-300x300.jpg","_links":{"self":[{"href":"https:\/\/www.secondastrada.com\/it\/wp-json\/wp\/v2\/product\/334630"}],"collection":[{"href":"https:\/\/www.secondastrada.com\/it\/wp-json\/wp\/v2\/product"}],"about":[{"href":"https:\/\/www.secondastrada.com\/it\/wp-json\/wp\/v2\/types\/product"}],"wp:featuredmedia":[{"embeddable":true,"href":"https:\/\/www.secondastrada.com\/it\/wp-json\/wp\/v2\/media\/334598"}],"wp:attachment":[{"href":"https:\/\/www.secondastrada.com\/it\/wp-json\/wp\/v2\/media?parent=334630"}],"wp:term":[{"taxonomy":"ss_brand","embeddable":true,"href":"https:\/\/www.secondastrada.com\/it\/wp-json\/wp\/v2\/ss_brand?post=334630"},{"taxonomy":"ss_promo","embeddable":true,"href":"https:\/\/www.secondastrada.com\/it\/wp-json\/wp\/v2\/ss_promo?post=334630"},{"taxonomy":"ss_season","embeddable":true,"href":"https:\/\/www.secondastrada.com\/it\/wp-json\/wp\/v2\/ss_season?post=334630"},{"taxonomy":"product_cat","embeddable":true,"href":"https:\/\/www.secondastrada.com\/it\/wp-json\/wp\/v2\/product_cat?post=334630"},{"taxonomy":"product_tag","embeddable":true,"href":"https:\/\/www.secondastrada.com\/it\/wp-json\/wp\/v2\/product_tag?post=334630"}],"curies":[{"name":"wp","href":"https:\/\/api.w.org\/{rel}","templated":true}]}}