{"id":334632,"date":"2026-02-05T13:07:26","date_gmt":"2026-02-05T12:07:26","guid":{"rendered":"https:\/\/www.secondastrada.com\/it\/shorts-guess-beige-taglia-l\/"},"modified":"2026-02-20T09:29:58","modified_gmt":"2026-02-20T08:29:58","slug":"shorts-guess-beige-taglia-l","status":"publish","type":"product","link":"https:\/\/www.secondastrada.com\/it\/shorts-guess-beige-taglia-l\/","title":{"rendered":"Shorts Guess Beige taglia L"},"content":{"rendered":"<p><b>Bermuda GUESS Beige da uomo<\/b><br \/>\nGli Bermuda GUESS Beige da uomo sono il capo ideale per affrontare la stagione primavera estate con uno stile curato ma rilassato. Pensati per accompagnarti nei momenti di tempo libero, uniscono un design essenziale a dettagli distintivi che valorizzano il look quotidiano senza risultare eccessivi. Il colore beige, luminoso e versatile, li rende facili da abbinare e perfetti per creare outfit freschi e contemporanei.<br \/>\nQuesti bermuda da uomo in primavera estate si caratterizzano per le impunture a contrasto, un dettaglio che aggiunge personalit\u00e0 al capo e richiama l\u2019attenzione con discrezione. Realizzati in 100% cotone, garantiscono una sensazione naturale sulla pelle e un comfort ideale anche durante le giornate pi\u00f9 calde. La qualit\u00e0 del tessuto assicura traspirabilit\u00e0 e resistenza, rendendo questi shorts una scelta pratica oltre che stilosa.<br \/>\nGli Shorts con impunture a contrasto sono perfetti da indossare nel tempo libero, per una passeggiata in citt\u00e0, un pomeriggio con gli amici o un weekend all\u2019aria aperta. Puoi abbinarli facilmente alla giacca coordinata e a una t-shirt per un look completo e armonioso, oppure scegliere una t-shirt basic per uno stile pi\u00f9 semplice e disinvolto. Sono un capo pensato per chi ama sentirsi a proprio agio senza rinunciare all\u2019estetica.<br \/>\nScegliere i bermuda GUESS Beige significa affidarsi a un brand iconico, sinonimo di stile e qualit\u00e0 nel tempo. Su SecondaStrada.com trovi esclusivamente prodotti originali, selezionati con attenzione per offrirti il meglio. Codice articolo M6RD00WJ871 GS CB.<\/p>\n","protected":false},"excerpt":{"rendered":"<p>Bermuda GUESS Beige da uomo Gli Bermuda GUESS Beige da uomo sono il capo ideale per affrontare la stagione primavera estate con uno stile curato ma rilassato. Pensati per accompagnarti nei momenti di tempo libero, uniscono un design essenziale a dettagli distintivi che valorizzano il look quotidiano senza risultare eccessivi. Il colore beige, luminoso e&#8230;<\/p>\n","protected":false},"featured_media":334564,"template":"","meta":{"inline_featured_image":false},"ss_brand":[1287],"ss_promo":[],"ss_season":[2531],"product_cat":[1332,1551,2538,1714],"product_tag":[1953,1993],"class_list":{"0":"post-334632","1":"product","2":"type-product","3":"status-publish","4":"has-post-thumbnail","6":"ss_brand-guess-uomo","7":"ss_season-pe26","8":"product_cat-abbigliamento-uomo","9":"product_cat-bermuda-da-uomo","10":"product_cat-set-coordinati-da-uomo","11":"product_cat-collezione-uomo","12":"product_tag-campionario","13":"product_tag-nuovi-arrivi-uomo","15":"first","16":"instock","17":"shipping-taxable","18":"purchasable","19":"product-type-variable","20":"has-default-attributes"},"acf":{"ss_brand":[{"term_id":1287,"name":"GUESS","slug":"guess-uomo","term_group":0,"term_taxonomy_id":1287,"taxonomy":"ss_brand","description":"<strong>Abbigliamento uomo Guess scontato: osa di pi\u00f9!<\/strong> Mixare raffinatezza francese e spirito californiano in uno <strong>stile originale<\/strong>? Si pu\u00f2 con <strong>Guess<\/strong>! Il brand infatti ha origine negli Stati Uniti dall'idea di due fratelli francesi. Guess crea collezioni di <strong>abbigliamento e accessori per uomo<\/strong> che non passano mai di moda: anche i capi pi\u00f9 classici hanno uno stile inedito! Scopri sul nostro store online la collezione di abbigliamento e accessori da uomo pi\u00f9 glamour che c\u2019\u00e8 a <strong>prezzi imbattibili<\/strong>!","parent":1268,"count":233,"filter":"raw"}],"ss_promo":false,"ss_season":[{"term_id":2531,"name":"PE26","slug":"pe26","term_group":0,"term_taxonomy_id":2531,"taxonomy":"ss_season","description":"","parent":0,"count":1841,"filter":"raw"}],"ss_old_price":"79,00","ss_omnibus_price":"0,00","ss_style_advice":"<p><b>Bermuda GUESS Beige da uomo<\/b><br \/>\nGli Bermuda GUESS Beige da uomo sono il capo ideale per affrontare la stagione primavera estate con uno stile curato ma rilassato. Pensati per accompagnarti nei momenti di tempo libero, uniscono un design essenziale a dettagli distintivi che valorizzano il look quotidiano senza risultare eccessivi. Il colore beige, luminoso e versatile, li rende facili da abbinare e perfetti per creare outfit freschi e contemporanei.<br \/>\nQuesti bermuda da uomo in primavera estate si caratterizzano per le impunture a contrasto, un dettaglio che aggiunge personalit\u00e0 al capo e richiama l\u2019attenzione con discrezione. Realizzati in 100% cotone, garantiscono una sensazione naturale sulla pelle e un comfort ideale anche durante le giornate pi\u00f9 calde. La qualit\u00e0 del tessuto assicura traspirabilit\u00e0 e resistenza, rendendo questi shorts una scelta pratica oltre che stilosa.<br \/>\nGli Shorts con impunture a contrasto sono perfetti da indossare nel tempo libero, per una passeggiata in citt\u00e0, un pomeriggio con gli amici o un weekend all\u2019aria aperta. Puoi abbinarli facilmente alla giacca coordinata e a una t-shirt per un look completo e armonioso, oppure scegliere una t-shirt basic per uno stile pi\u00f9 semplice e disinvolto. Sono un capo pensato per chi ama sentirsi a proprio agio senza rinunciare all\u2019estetica.<br \/>\nScegliere i bermuda GUESS Beige significa affidarsi a un brand iconico, sinonimo di stile e qualit\u00e0 nel tempo. Su SecondaStrada.com trovi esclusivamente prodotti originali, selezionati con attenzione per offrirti il meglio. Codice articolo M6RD00WJ871 GS CB.<\/p>\n","ss_composition":"<p>100% cotone<\/p>\n","ss_fit":""},"yoast_head":"<!-- This site is optimized with the Yoast SEO plugin v22.3 - https:\/\/yoast.com\/wordpress\/plugins\/seo\/ -->\n<title>Shorts Guess Beige taglia L - Acquista online! - Seconda Strada<\/title>\n<meta name=\"description\" content=\"Shorts Guess Beige taglia L \u27a4 Acquista online su Secondastrada.com Shorts Guess Beige taglia L \u2714\ufe0f Spedizione veloce entro 24h in tutta Italia \u2714\ufe0f Sconto sul tuo primo acquisto\" \/>\n<meta name=\"robots\" content=\"index, follow, max-snippet:-1, max-image-preview:large, max-video-preview:-1\" \/>\n<link rel=\"canonical\" href=\"https:\/\/www.secondastrada.com\/it\/shorts-guess-beige-taglia-l\/\" \/>\n<meta property=\"og:locale\" content=\"it_IT\" \/>\n<meta property=\"og:type\" content=\"article\" \/>\n<meta property=\"og:title\" content=\"Shorts Guess Beige taglia L - Acquista online! - Seconda Strada\" \/>\n<meta property=\"og:description\" content=\"Shorts Guess Beige taglia L \u27a4 Acquista online su Secondastrada.com Shorts Guess Beige taglia L \u2714\ufe0f Spedizione veloce entro 24h in tutta Italia \u2714\ufe0f Sconto sul tuo primo acquisto\" \/>\n<meta property=\"og:url\" content=\"https:\/\/www.secondastrada.com\/it\/shorts-guess-beige-taglia-l\/\" \/>\n<meta property=\"og:site_name\" content=\"Seconda Strada\" \/>\n<meta property=\"article:modified_time\" content=\"2026-02-20T08:29:58+00:00\" \/>\n<meta property=\"og:image\" content=\"https:\/\/www.secondastrada.com\/wp-content\/uploads\/2026\/02\/M6RD00WJ871-GS-CB_BEIGE_PE26_1.jpg\" \/>\n\t<meta property=\"og:image:width\" content=\"1000\" \/>\n\t<meta property=\"og:image:height\" content=\"1300\" \/>\n\t<meta property=\"og:image:type\" content=\"image\/jpeg\" \/>\n<meta name=\"twitter:card\" content=\"summary_large_image\" \/>\n<meta name=\"twitter:label1\" content=\"Tempo di lettura stimato\" \/>\n\t<meta name=\"twitter:data1\" content=\"1 minuto\" \/>\n<!-- \/ Yoast SEO plugin. -->","yoast_head_json":{"title":"Shorts Guess Beige taglia L - Acquista online! - Seconda Strada","description":"Shorts Guess Beige taglia L \u27a4 Acquista online su Secondastrada.com Shorts Guess Beige taglia L \u2714\ufe0f Spedizione veloce entro 24h in tutta Italia \u2714\ufe0f Sconto sul tuo primo acquisto","robots":{"index":"index","follow":"follow","max-snippet":"max-snippet:-1","max-image-preview":"max-image-preview:large","max-video-preview":"max-video-preview:-1"},"canonical":"https:\/\/www.secondastrada.com\/it\/shorts-guess-beige-taglia-l\/","og_locale":"it_IT","og_type":"article","og_title":"Shorts Guess Beige taglia L - Acquista online! - Seconda Strada","og_description":"Shorts Guess Beige taglia L \u27a4 Acquista online su Secondastrada.com Shorts Guess Beige taglia L \u2714\ufe0f Spedizione veloce entro 24h in tutta Italia \u2714\ufe0f Sconto sul tuo primo acquisto","og_url":"https:\/\/www.secondastrada.com\/it\/shorts-guess-beige-taglia-l\/","og_site_name":"Seconda Strada","article_modified_time":"2026-02-20T08:29:58+00:00","og_image":[{"width":1000,"height":1300,"url":"https:\/\/www.secondastrada.com\/wp-content\/uploads\/2026\/02\/M6RD00WJ871-GS-CB_BEIGE_PE26_1.jpg","type":"image\/jpeg"}],"twitter_card":"summary_large_image","twitter_misc":{"Tempo di lettura stimato":"1 minuto"},"schema":{"@context":"https:\/\/schema.org","@graph":[{"@type":"WebPage","@id":"https:\/\/www.secondastrada.com\/it\/shorts-guess-beige-taglia-l\/","url":"https:\/\/www.secondastrada.com\/it\/shorts-guess-beige-taglia-l\/","name":"Shorts Guess Beige taglia L - Acquista online! - Seconda Strada","isPartOf":{"@id":"https:\/\/www.secondastrada.com\/it\/#website"},"primaryImageOfPage":{"@id":"https:\/\/www.secondastrada.com\/it\/shorts-guess-beige-taglia-l\/#primaryimage"},"image":{"@id":"https:\/\/www.secondastrada.com\/it\/shorts-guess-beige-taglia-l\/#primaryimage"},"thumbnailUrl":"https:\/\/www.secondastrada.com\/wp-content\/uploads\/2026\/02\/M6RD00WJ871-GS-CB_BEIGE_PE26_1.jpg","datePublished":"2026-02-05T12:07:26+00:00","dateModified":"2026-02-20T08:29:58+00:00","description":"Shorts Guess Beige taglia L \u27a4 Acquista online su Secondastrada.com Shorts Guess Beige taglia L \u2714\ufe0f Spedizione veloce entro 24h in tutta Italia \u2714\ufe0f Sconto sul tuo primo acquisto","breadcrumb":{"@id":"https:\/\/www.secondastrada.com\/it\/shorts-guess-beige-taglia-l\/#breadcrumb"},"inLanguage":"it-IT","potentialAction":[{"@type":"ReadAction","target":["https:\/\/www.secondastrada.com\/it\/shorts-guess-beige-taglia-l\/"]}]},{"@type":"ImageObject","inLanguage":"it-IT","@id":"https:\/\/www.secondastrada.com\/it\/shorts-guess-beige-taglia-l\/#primaryimage","url":"https:\/\/www.secondastrada.com\/wp-content\/uploads\/2026\/02\/M6RD00WJ871-GS-CB_BEIGE_PE26_1.jpg","contentUrl":"https:\/\/www.secondastrada.com\/wp-content\/uploads\/2026\/02\/M6RD00WJ871-GS-CB_BEIGE_PE26_1.jpg","width":1000,"height":1300,"caption":"M6RD00WJ871-GS-CB_BEIGE_PE26"},{"@type":"BreadcrumbList","@id":"https:\/\/www.secondastrada.com\/it\/shorts-guess-beige-taglia-l\/#breadcrumb","itemListElement":[{"@type":"ListItem","position":1,"name":"Home","item":"https:\/\/www.secondastrada.com\/it\/"},{"@type":"ListItem","position":2,"name":"Shop","item":"https:\/\/www.secondastrada.com\/it\/shop\/"},{"@type":"ListItem","position":3,"name":"Uomo","item":"https:\/\/www.secondastrada.com\/it\/collezione-uomo\/"},{"@type":"ListItem","position":4,"name":"Abbigliamento","item":"https:\/\/www.secondastrada.com\/it\/collezione-uomo\/abbigliamento-uomo\/"},{"@type":"ListItem","position":5,"name":"Bermuda","item":"https:\/\/www.secondastrada.com\/it\/collezione-uomo\/abbigliamento-uomo\/bermuda-da-uomo\/"},{"@type":"ListItem","position":6,"name":"Shorts Guess Beige taglia L"}]},{"@type":"WebSite","@id":"https:\/\/www.secondastrada.com\/it\/#website","url":"https:\/\/www.secondastrada.com\/it\/","name":"Seconda Strada","description":"","publisher":{"@id":"https:\/\/www.secondastrada.com\/it\/#organization"},"potentialAction":[{"@type":"SearchAction","target":{"@type":"EntryPoint","urlTemplate":"https:\/\/www.secondastrada.com\/it\/?s={search_term_string}"},"query-input":"required name=search_term_string"}],"inLanguage":"it-IT"},{"@type":"Organization","@id":"https:\/\/www.secondastrada.com\/it\/#organization","name":"Seconda Strada","url":"https:\/\/www.secondastrada.com\/it\/","logo":{"@type":"ImageObject","inLanguage":"it-IT","@id":"https:\/\/www.secondastrada.com\/it\/#\/schema\/logo\/image\/","url":"https:\/\/www.secondastrada.com\/wp-content\/uploads\/2023\/11\/secondastrada-logo.svg","contentUrl":"https:\/\/www.secondastrada.com\/wp-content\/uploads\/2023\/11\/secondastrada-logo.svg","width":353,"height":47,"caption":"Seconda Strada"},"image":{"@id":"https:\/\/www.secondastrada.com\/it\/#\/schema\/logo\/image\/"}}]}},"df_price":46.99,"df_sale_price":"","df_regular_price":46.99,"df_image_link":"https:\/\/www.secondastrada.com\/wp-content\/uploads\/2026\/02\/M6RD00WJ871-GS-CB_BEIGE_PE26_1-300x300.jpg","_links":{"self":[{"href":"https:\/\/www.secondastrada.com\/it\/wp-json\/wp\/v2\/product\/334632"}],"collection":[{"href":"https:\/\/www.secondastrada.com\/it\/wp-json\/wp\/v2\/product"}],"about":[{"href":"https:\/\/www.secondastrada.com\/it\/wp-json\/wp\/v2\/types\/product"}],"wp:featuredmedia":[{"embeddable":true,"href":"https:\/\/www.secondastrada.com\/it\/wp-json\/wp\/v2\/media\/334564"}],"wp:attachment":[{"href":"https:\/\/www.secondastrada.com\/it\/wp-json\/wp\/v2\/media?parent=334632"}],"wp:term":[{"taxonomy":"ss_brand","embeddable":true,"href":"https:\/\/www.secondastrada.com\/it\/wp-json\/wp\/v2\/ss_brand?post=334632"},{"taxonomy":"ss_promo","embeddable":true,"href":"https:\/\/www.secondastrada.com\/it\/wp-json\/wp\/v2\/ss_promo?post=334632"},{"taxonomy":"ss_season","embeddable":true,"href":"https:\/\/www.secondastrada.com\/it\/wp-json\/wp\/v2\/ss_season?post=334632"},{"taxonomy":"product_cat","embeddable":true,"href":"https:\/\/www.secondastrada.com\/it\/wp-json\/wp\/v2\/product_cat?post=334632"},{"taxonomy":"product_tag","embeddable":true,"href":"https:\/\/www.secondastrada.com\/it\/wp-json\/wp\/v2\/product_tag?post=334632"}],"curies":[{"name":"wp","href":"https:\/\/api.w.org\/{rel}","templated":true}]}}