{"id":334649,"date":"2026-02-05T13:10:17","date_gmt":"2026-02-05T12:10:17","guid":{"rendered":"https:\/\/www.secondastrada.com\/it\/felpa-guess-beige-taglia-l\/"},"modified":"2026-04-22T13:17:27","modified_gmt":"2026-04-22T11:17:27","slug":"felpa-guess-beige-taglia-l","status":"publish","type":"product","link":"https:\/\/www.secondastrada.com\/it\/felpa-guess-beige-taglia-l\/","title":{"rendered":"Felpa Guess Beige taglia L"},"content":{"rendered":"<p><b>Felpa GUESS Beige da uomo<\/b><br \/>\nLa Felpa GUESS Beige da uomo \u00e8 il capo ideale per chi cerca comfort, stile e versatilit\u00e0 in un\u2019unica soluzione. Pensata per la stagione primavera estate, questa felpa da uomo si distingue per un design pulito ma curato nei dettagli, perfetto per accompagnarti nei momenti di relax e nel tempo libero quotidiano. Il colore beige, neutro e raffinato, la rende facile da abbinare e adatta a diversi contesti informali.<br \/>\nRealizzata in 100% cotone, offre una piacevole sensazione sulla pelle e garantisce traspirabilit\u00e0 durante tutta la giornata. Il tessuto garzato assicura comfort e morbidezza, rendendo questa felpa GUESS Beige ideale da indossare nelle mezze stagioni o nelle serate pi\u00f9 fresche. La stampa aggiunge un tocco di carattere al capo, valorizzando lo stile casual con un dettaglio distintivo che richiama l\u2019identit\u00e0 del brand.<br \/>\nQuesta felpa da uomo primavera estate \u00e8 perfetta da indossare nel tempo libero, per una passeggiata, un viaggio o un\u2019uscita informale con gli amici. Pu\u00f2 essere facilmente abbinata a un pantalone morbido per un look rilassato ma curato, oppure a jeans e sneakers per uno stile urbano e contemporaneo. \u00c8 un capo pratico, pensato per chi ama vestirsi con semplicit\u00e0 senza rinunciare alla qualit\u00e0.<br \/>\nLa Felpa con tessuto garzato e stampa rappresenta una scelta versatile e attuale, adatta a completare il guardaroba maschile in modo funzionale. Acquistando su SecondaStrada.com hai la garanzia di scegliere solo prodotti originali e selezionati con attenzione. Codice articolo M6RQ34KCPR1 GS CB.<\/p>\n","protected":false},"excerpt":{"rendered":"<p>Felpa GUESS Beige da uomo La Felpa GUESS Beige da uomo \u00e8 il capo ideale per chi cerca comfort, stile e versatilit\u00e0 in un\u2019unica soluzione. Pensata per la stagione primavera estate, questa felpa da uomo si distingue per un design pulito ma curato nei dettagli, perfetto per accompagnarti nei momenti di relax e nel tempo&#8230;<\/p>\n","protected":false},"featured_media":334505,"template":"","meta":{"inline_featured_image":false},"ss_brand":[1287],"ss_promo":[],"ss_season":[2531],"product_cat":[1332,1480,1714],"product_tag":[1953,2413,1993],"class_list":{"0":"post-334649","1":"product","2":"type-product","3":"status-publish","4":"has-post-thumbnail","6":"ss_brand-guess-uomo","7":"ss_season-pe26","8":"product_cat-abbigliamento-uomo","9":"product_cat-felpe-da-uomo","10":"product_cat-collezione-uomo","11":"product_tag-campionario","12":"product_tag-look-sportivo-uomo","13":"product_tag-nuovi-arrivi-uomo","15":"first","16":"instock","17":"shipping-taxable","18":"purchasable","19":"product-type-variable","20":"has-default-attributes"},"acf":{"ss_brand":[{"term_id":1287,"name":"GUESS","slug":"guess-uomo","term_group":0,"term_taxonomy_id":1287,"taxonomy":"ss_brand","description":"<strong>Abbigliamento uomo Guess scontato: osa di pi\u00f9!<\/strong> Mixare raffinatezza francese e spirito californiano in uno <strong>stile originale<\/strong>? Si pu\u00f2 con <strong>Guess<\/strong>! Il brand infatti ha origine negli Stati Uniti dall'idea di due fratelli francesi. Guess crea collezioni di <strong>abbigliamento e accessori per uomo<\/strong> che non passano mai di moda: anche i capi pi\u00f9 classici hanno uno stile inedito! Scopri sul nostro store online la collezione di abbigliamento e accessori da uomo pi\u00f9 glamour che c\u2019\u00e8 a <strong>prezzi imbattibili<\/strong>!","parent":1268,"count":233,"filter":"raw"}],"ss_promo":false,"ss_season":[{"term_id":2531,"name":"PE26","slug":"pe26","term_group":0,"term_taxonomy_id":2531,"taxonomy":"ss_season","description":"","parent":0,"count":2037,"filter":"raw"}],"ss_old_price":"99,00","ss_omnibus_price":"0,00","ss_style_advice":"<p><b>Felpa GUESS Beige da uomo<\/b><br \/>\nLa Felpa GUESS Beige da uomo \u00e8 il capo ideale per chi cerca comfort, stile e versatilit\u00e0 in un\u2019unica soluzione. Pensata per la stagione primavera estate, questa felpa da uomo si distingue per un design pulito ma curato nei dettagli, perfetto per accompagnarti nei momenti di relax e nel tempo libero quotidiano. Il colore beige, neutro e raffinato, la rende facile da abbinare e adatta a diversi contesti informali.<br \/>\nRealizzata in 100% cotone, offre una piacevole sensazione sulla pelle e garantisce traspirabilit\u00e0 durante tutta la giornata. Il tessuto garzato assicura comfort e morbidezza, rendendo questa felpa GUESS Beige ideale da indossare nelle mezze stagioni o nelle serate pi\u00f9 fresche. La stampa aggiunge un tocco di carattere al capo, valorizzando lo stile casual con un dettaglio distintivo che richiama l\u2019identit\u00e0 del brand.<br \/>\nQuesta felpa da uomo primavera estate \u00e8 perfetta da indossare nel tempo libero, per una passeggiata, un viaggio o un\u2019uscita informale con gli amici. Pu\u00f2 essere facilmente abbinata a un pantalone morbido per un look rilassato ma curato, oppure a jeans e sneakers per uno stile urbano e contemporaneo. \u00c8 un capo pratico, pensato per chi ama vestirsi con semplicit\u00e0 senza rinunciare alla qualit\u00e0.<br \/>\nLa Felpa con tessuto garzato e stampa rappresenta una scelta versatile e attuale, adatta a completare il guardaroba maschile in modo funzionale. Acquistando su SecondaStrada.com hai la garanzia di scegliere solo prodotti originali e selezionati con attenzione. Codice articolo M6RQ34KCPR1 GS CB.<\/p>\n","ss_composition":"<p>100% cotone<\/p>\n","ss_fit":""},"yoast_head":"<!-- This site is optimized with the Yoast SEO plugin v22.3 - https:\/\/yoast.com\/wordpress\/plugins\/seo\/ -->\n<title>Felpa Guess Beige taglia L - Acquista online! - Seconda Strada<\/title>\n<meta name=\"description\" content=\"Felpa Guess Beige taglia L \u27a4 Acquista online su Secondastrada.com Felpa Guess Beige taglia L \u2714\ufe0f Spedizione veloce entro 24h in tutta Italia \u2714\ufe0f Sconto sul tuo primo acquisto\" \/>\n<meta name=\"robots\" content=\"index, follow, max-snippet:-1, max-image-preview:large, max-video-preview:-1\" \/>\n<link rel=\"canonical\" href=\"https:\/\/www.secondastrada.com\/it\/felpa-guess-beige-taglia-l\/\" \/>\n<meta property=\"og:locale\" content=\"it_IT\" \/>\n<meta property=\"og:type\" content=\"article\" \/>\n<meta property=\"og:title\" content=\"Felpa Guess Beige taglia L - Acquista online! - Seconda Strada\" \/>\n<meta property=\"og:description\" content=\"Felpa Guess Beige taglia L \u27a4 Acquista online su Secondastrada.com Felpa Guess Beige taglia L \u2714\ufe0f Spedizione veloce entro 24h in tutta Italia \u2714\ufe0f Sconto sul tuo primo acquisto\" \/>\n<meta property=\"og:url\" content=\"https:\/\/www.secondastrada.com\/it\/felpa-guess-beige-taglia-l\/\" \/>\n<meta property=\"og:site_name\" content=\"Seconda Strada\" \/>\n<meta property=\"article:modified_time\" content=\"2026-04-22T11:17:27+00:00\" \/>\n<meta property=\"og:image\" content=\"https:\/\/www.secondastrada.com\/wp-content\/uploads\/2026\/02\/M6RQ34KCPR1-GS-CB_BIANCO_PE26_1.jpg\" \/>\n\t<meta property=\"og:image:width\" content=\"1000\" \/>\n\t<meta property=\"og:image:height\" content=\"1300\" \/>\n\t<meta property=\"og:image:type\" content=\"image\/jpeg\" \/>\n<meta name=\"twitter:card\" content=\"summary_large_image\" \/>\n<meta name=\"twitter:label1\" content=\"Tempo di lettura stimato\" \/>\n\t<meta name=\"twitter:data1\" content=\"1 minuto\" \/>\n<!-- \/ Yoast SEO plugin. -->","yoast_head_json":{"title":"Felpa Guess Beige taglia L - Acquista online! - Seconda Strada","description":"Felpa Guess Beige taglia L \u27a4 Acquista online su Secondastrada.com Felpa Guess Beige taglia L \u2714\ufe0f Spedizione veloce entro 24h in tutta Italia \u2714\ufe0f Sconto sul tuo primo acquisto","robots":{"index":"index","follow":"follow","max-snippet":"max-snippet:-1","max-image-preview":"max-image-preview:large","max-video-preview":"max-video-preview:-1"},"canonical":"https:\/\/www.secondastrada.com\/it\/felpa-guess-beige-taglia-l\/","og_locale":"it_IT","og_type":"article","og_title":"Felpa Guess Beige taglia L - Acquista online! - Seconda Strada","og_description":"Felpa Guess Beige taglia L \u27a4 Acquista online su Secondastrada.com Felpa Guess Beige taglia L \u2714\ufe0f Spedizione veloce entro 24h in tutta Italia \u2714\ufe0f Sconto sul tuo primo acquisto","og_url":"https:\/\/www.secondastrada.com\/it\/felpa-guess-beige-taglia-l\/","og_site_name":"Seconda Strada","article_modified_time":"2026-04-22T11:17:27+00:00","og_image":[{"width":1000,"height":1300,"url":"https:\/\/www.secondastrada.com\/wp-content\/uploads\/2026\/02\/M6RQ34KCPR1-GS-CB_BIANCO_PE26_1.jpg","type":"image\/jpeg"}],"twitter_card":"summary_large_image","twitter_misc":{"Tempo di lettura stimato":"1 minuto"},"schema":{"@context":"https:\/\/schema.org","@graph":[{"@type":"WebPage","@id":"https:\/\/www.secondastrada.com\/it\/felpa-guess-beige-taglia-l\/","url":"https:\/\/www.secondastrada.com\/it\/felpa-guess-beige-taglia-l\/","name":"Felpa Guess Beige taglia L - Acquista online! - Seconda Strada","isPartOf":{"@id":"https:\/\/www.secondastrada.com\/it\/#website"},"primaryImageOfPage":{"@id":"https:\/\/www.secondastrada.com\/it\/felpa-guess-beige-taglia-l\/#primaryimage"},"image":{"@id":"https:\/\/www.secondastrada.com\/it\/felpa-guess-beige-taglia-l\/#primaryimage"},"thumbnailUrl":"https:\/\/www.secondastrada.com\/wp-content\/uploads\/2026\/02\/M6RQ34KCPR1-GS-CB_BIANCO_PE26_1.jpg","datePublished":"2026-02-05T12:10:17+00:00","dateModified":"2026-04-22T11:17:27+00:00","description":"Felpa Guess Beige taglia L \u27a4 Acquista online su Secondastrada.com Felpa Guess Beige taglia L \u2714\ufe0f Spedizione veloce entro 24h in tutta Italia \u2714\ufe0f Sconto sul tuo primo acquisto","breadcrumb":{"@id":"https:\/\/www.secondastrada.com\/it\/felpa-guess-beige-taglia-l\/#breadcrumb"},"inLanguage":"it-IT","potentialAction":[{"@type":"ReadAction","target":["https:\/\/www.secondastrada.com\/it\/felpa-guess-beige-taglia-l\/"]}]},{"@type":"ImageObject","inLanguage":"it-IT","@id":"https:\/\/www.secondastrada.com\/it\/felpa-guess-beige-taglia-l\/#primaryimage","url":"https:\/\/www.secondastrada.com\/wp-content\/uploads\/2026\/02\/M6RQ34KCPR1-GS-CB_BIANCO_PE26_1.jpg","contentUrl":"https:\/\/www.secondastrada.com\/wp-content\/uploads\/2026\/02\/M6RQ34KCPR1-GS-CB_BIANCO_PE26_1.jpg","width":1000,"height":1300,"caption":"M6RQ34KCPR1-GS-CB_BIANCO_PE26"},{"@type":"BreadcrumbList","@id":"https:\/\/www.secondastrada.com\/it\/felpa-guess-beige-taglia-l\/#breadcrumb","itemListElement":[{"@type":"ListItem","position":1,"name":"Home","item":"https:\/\/www.secondastrada.com\/it\/"},{"@type":"ListItem","position":2,"name":"Shop","item":"https:\/\/www.secondastrada.com\/it\/shop\/"},{"@type":"ListItem","position":3,"name":"Uomo","item":"https:\/\/www.secondastrada.com\/it\/collezione-uomo\/"},{"@type":"ListItem","position":4,"name":"Abbigliamento","item":"https:\/\/www.secondastrada.com\/it\/collezione-uomo\/abbigliamento-uomo\/"},{"@type":"ListItem","position":5,"name":"Felpe","item":"https:\/\/www.secondastrada.com\/it\/collezione-uomo\/abbigliamento-uomo\/felpe-da-uomo\/"},{"@type":"ListItem","position":6,"name":"Felpa Guess Beige taglia L"}]},{"@type":"WebSite","@id":"https:\/\/www.secondastrada.com\/it\/#website","url":"https:\/\/www.secondastrada.com\/it\/","name":"Seconda Strada","description":"","publisher":{"@id":"https:\/\/www.secondastrada.com\/it\/#organization"},"potentialAction":[{"@type":"SearchAction","target":{"@type":"EntryPoint","urlTemplate":"https:\/\/www.secondastrada.com\/it\/?s={search_term_string}"},"query-input":"required name=search_term_string"}],"inLanguage":"it-IT"},{"@type":"Organization","@id":"https:\/\/www.secondastrada.com\/it\/#organization","name":"Seconda Strada","url":"https:\/\/www.secondastrada.com\/it\/","logo":{"@type":"ImageObject","inLanguage":"it-IT","@id":"https:\/\/www.secondastrada.com\/it\/#\/schema\/logo\/image\/","url":"https:\/\/www.secondastrada.com\/wp-content\/uploads\/2023\/11\/secondastrada-logo.svg","contentUrl":"https:\/\/www.secondastrada.com\/wp-content\/uploads\/2023\/11\/secondastrada-logo.svg","width":353,"height":47,"caption":"Seconda Strada"},"image":{"@id":"https:\/\/www.secondastrada.com\/it\/#\/schema\/logo\/image\/"}}]}},"df_price":59.99,"df_sale_price":"","df_regular_price":59.99,"df_image_link":"https:\/\/www.secondastrada.com\/wp-content\/uploads\/2026\/02\/M6RQ34KCPR1-GS-CB_BIANCO_PE26_1-300x300.jpg","_links":{"self":[{"href":"https:\/\/www.secondastrada.com\/it\/wp-json\/wp\/v2\/product\/334649"}],"collection":[{"href":"https:\/\/www.secondastrada.com\/it\/wp-json\/wp\/v2\/product"}],"about":[{"href":"https:\/\/www.secondastrada.com\/it\/wp-json\/wp\/v2\/types\/product"}],"wp:featuredmedia":[{"embeddable":true,"href":"https:\/\/www.secondastrada.com\/it\/wp-json\/wp\/v2\/media\/334505"}],"wp:attachment":[{"href":"https:\/\/www.secondastrada.com\/it\/wp-json\/wp\/v2\/media?parent=334649"}],"wp:term":[{"taxonomy":"ss_brand","embeddable":true,"href":"https:\/\/www.secondastrada.com\/it\/wp-json\/wp\/v2\/ss_brand?post=334649"},{"taxonomy":"ss_promo","embeddable":true,"href":"https:\/\/www.secondastrada.com\/it\/wp-json\/wp\/v2\/ss_promo?post=334649"},{"taxonomy":"ss_season","embeddable":true,"href":"https:\/\/www.secondastrada.com\/it\/wp-json\/wp\/v2\/ss_season?post=334649"},{"taxonomy":"product_cat","embeddable":true,"href":"https:\/\/www.secondastrada.com\/it\/wp-json\/wp\/v2\/product_cat?post=334649"},{"taxonomy":"product_tag","embeddable":true,"href":"https:\/\/www.secondastrada.com\/it\/wp-json\/wp\/v2\/product_tag?post=334649"}],"curies":[{"name":"wp","href":"https:\/\/api.w.org\/{rel}","templated":true}]}}