{"id":334673,"date":"2026-02-05T13:14:32","date_gmt":"2026-02-05T12:14:32","guid":{"rendered":"https:\/\/www.secondastrada.com\/it\/canotta-guess-beige-taglia-s\/"},"modified":"2026-02-22T13:15:18","modified_gmt":"2026-02-22T12:15:18","slug":"canotta-guess-beige-taglia-s","status":"publish","type":"product","link":"https:\/\/www.secondastrada.com\/it\/canotta-guess-beige-taglia-s\/","title":{"rendered":"Canotta Guess Beige taglia S"},"content":{"rendered":"<p><b>Canotta GUESS Beige da donna<\/b><br \/>\nLa Canotta GUESS Beige da donna \u00e8 un capo raffinato e versatile, pensato per accompagnarti con stile durante la stagione primavera estate. Il colore beige, luminoso e neutro, la rende facile da abbinare e perfetta per creare outfit eleganti o pi\u00f9 rilassati, adattandosi con naturalezza a diversi momenti della giornata.<br \/>\nRealizzata in un tessuto leggero e confortevole, con composizione 98% poliestere e 2% elastina, questa canotta da donna primavera estate offre una vestibilit\u00e0 piacevole e fluida, valorizzando la silhouette senza costringere. Il tessuto arricciato dona movimento e femminilit\u00e0 al capo, mentre i micro strass aggiungono un tocco luminoso e sofisticato, discreto ma capace di fare la differenza.<br \/>\nLa Canotta GUESS Beige \u00e8 ideale da indossare nel tempo libero, per una giornata fuori casa o un appuntamento informale in cui desideri sentirti curata ma a tuo agio. Grazie ai suoi dettagli ricercati, pu\u00f2 essere facilmente trasformata anche in un capo pi\u00f9 elegante: abbinala a un blazer strutturato e a pantaloni palazzo per un look moderno e chic, perfetto anche per occasioni semi-formali o aperitivi serali.<br \/>\nQuesta canotta con micro strass e tessuto arricciato rappresenta una scelta equilibrata tra comfort e stile, pensata per chi ama capi versatili ma con personalit\u00e0. \u00c8 un elemento immancabile nel guardaroba di stagione, capace di completare look diversi con semplicit\u00e0 e gusto.<br \/>\nSu SecondaStrada.com trovi solo prodotti originali e selezionati con attenzione. Codice articolo W6GP14K2940 GS CB.<\/p>\n","protected":false},"excerpt":{"rendered":"<p>Canotta GUESS Beige da donna La Canotta GUESS Beige da donna \u00e8 un capo raffinato e versatile, pensato per accompagnarti con stile durante la stagione primavera estate. Il colore beige, luminoso e neutro, la rende facile da abbinare e perfetta per creare outfit eleganti o pi\u00f9 rilassati, adattandosi con naturalezza a diversi momenti della giornata&#8230;.<\/p>\n","protected":false},"featured_media":334604,"template":"","meta":{"inline_featured_image":false},"ss_brand":[1202],"ss_promo":[],"ss_season":[2531],"product_cat":[1329,1658,2537,1337,1823],"product_tag":[1953,1995,1773],"class_list":{"0":"post-334673","1":"product","2":"type-product","3":"status-publish","4":"has-post-thumbnail","6":"ss_brand-guess-donna","7":"ss_season-pe26","8":"product_cat-abbigliamento-donna","9":"product_cat-collezione-donna","10":"product_cat-set-coordinati-da-donna","11":"product_cat-t-shirt-e-top-da-donna","12":"product_cat-top-da-donna","13":"product_tag-campionario","14":"product_tag-nuovi-arrivi-donna","15":"product_tag-t-shirt-e-top-guess-donna","17":"first","18":"outofstock","19":"shipping-taxable","20":"product-type-variable","21":"has-default-attributes"},"acf":{"ss_brand":[{"term_id":1202,"name":"GUESS","slug":"guess-donna","term_group":0,"term_taxonomy_id":1202,"taxonomy":"ss_brand","description":"<strong>Abbigliamento donna Guess scontato: e ora chi ti ferma pi\u00f9?<\/strong> Sei alla ricerca di outfit in <strong>stile urban-chic<\/strong> e iper-femminili? Allora dai un\u2019occhiata alla nostra selezione di <strong>abbigliamento e accessori Guess<\/strong>! <strong>Lasciati ispirare e sfoglia le nostre proposte di capi e accessori Guess da donna scontatissimi!<\/strong>","parent":1201,"count":508,"filter":"raw"}],"ss_promo":false,"ss_season":[{"term_id":2531,"name":"PE26","slug":"pe26","term_group":0,"term_taxonomy_id":2531,"taxonomy":"ss_season","description":"","parent":0,"count":1387,"filter":"raw"}],"ss_old_price":"50,00","ss_omnibus_price":"0,00","ss_style_advice":"<p><b>Canotta GUESS Beige da donna<\/b><br \/>\nLa Canotta GUESS Beige da donna \u00e8 un capo raffinato e versatile, pensato per accompagnarti con stile durante la stagione primavera estate. Il colore beige, luminoso e neutro, la rende facile da abbinare e perfetta per creare outfit eleganti o pi\u00f9 rilassati, adattandosi con naturalezza a diversi momenti della giornata.<br \/>\nRealizzata in un tessuto leggero e confortevole, con composizione 98% poliestere e 2% elastina, questa canotta da donna primavera estate offre una vestibilit\u00e0 piacevole e fluida, valorizzando la silhouette senza costringere. Il tessuto arricciato dona movimento e femminilit\u00e0 al capo, mentre i micro strass aggiungono un tocco luminoso e sofisticato, discreto ma capace di fare la differenza.<br \/>\nLa Canotta GUESS Beige \u00e8 ideale da indossare nel tempo libero, per una giornata fuori casa o un appuntamento informale in cui desideri sentirti curata ma a tuo agio. Grazie ai suoi dettagli ricercati, pu\u00f2 essere facilmente trasformata anche in un capo pi\u00f9 elegante: abbinala a un blazer strutturato e a pantaloni palazzo per un look moderno e chic, perfetto anche per occasioni semi-formali o aperitivi serali.<br \/>\nQuesta canotta con micro strass e tessuto arricciato rappresenta una scelta equilibrata tra comfort e stile, pensata per chi ama capi versatili ma con personalit\u00e0. \u00c8 un elemento immancabile nel guardaroba di stagione, capace di completare look diversi con semplicit\u00e0 e gusto.<br \/>\nSu SecondaStrada.com trovi solo prodotti originali e selezionati con attenzione. Codice articolo W6GP14K2940 GS CB.<\/p>\n","ss_composition":"<p>98% poliestere 2 % elastina<\/p>\n","ss_fit":""},"yoast_head":"<!-- This site is optimized with the Yoast SEO plugin v22.3 - https:\/\/yoast.com\/wordpress\/plugins\/seo\/ -->\n<title>Canotta Guess Beige taglia S - Acquista online! - Seconda Strada<\/title>\n<meta name=\"description\" content=\"Canotta Guess Beige taglia S \u27a4 Acquista online su Secondastrada.com Canotta Guess Beige taglia S \u2714\ufe0f Spedizione veloce entro 24h in tutta Italia \u2714\ufe0f Sconto sul tuo primo acquisto\" \/>\n<meta name=\"robots\" content=\"index, follow, max-snippet:-1, max-image-preview:large, max-video-preview:-1\" \/>\n<link rel=\"canonical\" href=\"https:\/\/www.secondastrada.com\/it\/canotta-guess-beige-taglia-s\/\" \/>\n<meta property=\"og:locale\" content=\"it_IT\" \/>\n<meta property=\"og:type\" content=\"article\" \/>\n<meta property=\"og:title\" content=\"Canotta Guess Beige taglia S - Acquista online! - Seconda Strada\" \/>\n<meta property=\"og:description\" content=\"Canotta Guess Beige taglia S \u27a4 Acquista online su Secondastrada.com Canotta Guess Beige taglia S \u2714\ufe0f Spedizione veloce entro 24h in tutta Italia \u2714\ufe0f Sconto sul tuo primo acquisto\" \/>\n<meta property=\"og:url\" content=\"https:\/\/www.secondastrada.com\/it\/canotta-guess-beige-taglia-s\/\" \/>\n<meta property=\"og:site_name\" content=\"Seconda Strada\" \/>\n<meta property=\"article:modified_time\" content=\"2026-02-22T12:15:18+00:00\" \/>\n<meta property=\"og:image\" content=\"https:\/\/www.secondastrada.com\/wp-content\/uploads\/2026\/02\/W6GP14K2940-GS-CB_BEIGE_PE26_1.jpg\" \/>\n\t<meta property=\"og:image:width\" content=\"1000\" \/>\n\t<meta property=\"og:image:height\" content=\"1300\" \/>\n\t<meta property=\"og:image:type\" content=\"image\/jpeg\" \/>\n<meta name=\"twitter:card\" content=\"summary_large_image\" \/>\n<meta name=\"twitter:label1\" content=\"Tempo di lettura stimato\" \/>\n\t<meta name=\"twitter:data1\" content=\"1 minuto\" \/>\n<!-- \/ Yoast SEO plugin. -->","yoast_head_json":{"title":"Canotta Guess Beige taglia S - Acquista online! - Seconda Strada","description":"Canotta Guess Beige taglia S \u27a4 Acquista online su Secondastrada.com Canotta Guess Beige taglia S \u2714\ufe0f Spedizione veloce entro 24h in tutta Italia \u2714\ufe0f Sconto sul tuo primo acquisto","robots":{"index":"index","follow":"follow","max-snippet":"max-snippet:-1","max-image-preview":"max-image-preview:large","max-video-preview":"max-video-preview:-1"},"canonical":"https:\/\/www.secondastrada.com\/it\/canotta-guess-beige-taglia-s\/","og_locale":"it_IT","og_type":"article","og_title":"Canotta Guess Beige taglia S - Acquista online! - Seconda Strada","og_description":"Canotta Guess Beige taglia S \u27a4 Acquista online su Secondastrada.com Canotta Guess Beige taglia S \u2714\ufe0f Spedizione veloce entro 24h in tutta Italia \u2714\ufe0f Sconto sul tuo primo acquisto","og_url":"https:\/\/www.secondastrada.com\/it\/canotta-guess-beige-taglia-s\/","og_site_name":"Seconda Strada","article_modified_time":"2026-02-22T12:15:18+00:00","og_image":[{"width":1000,"height":1300,"url":"https:\/\/www.secondastrada.com\/wp-content\/uploads\/2026\/02\/W6GP14K2940-GS-CB_BEIGE_PE26_1.jpg","type":"image\/jpeg"}],"twitter_card":"summary_large_image","twitter_misc":{"Tempo di lettura stimato":"1 minuto"},"schema":{"@context":"https:\/\/schema.org","@graph":[{"@type":"WebPage","@id":"https:\/\/www.secondastrada.com\/it\/canotta-guess-beige-taglia-s\/","url":"https:\/\/www.secondastrada.com\/it\/canotta-guess-beige-taglia-s\/","name":"Canotta Guess Beige taglia S - Acquista online! - Seconda Strada","isPartOf":{"@id":"https:\/\/www.secondastrada.com\/it\/#website"},"primaryImageOfPage":{"@id":"https:\/\/www.secondastrada.com\/it\/canotta-guess-beige-taglia-s\/#primaryimage"},"image":{"@id":"https:\/\/www.secondastrada.com\/it\/canotta-guess-beige-taglia-s\/#primaryimage"},"thumbnailUrl":"https:\/\/www.secondastrada.com\/wp-content\/uploads\/2026\/02\/W6GP14K2940-GS-CB_BEIGE_PE26_1.jpg","datePublished":"2026-02-05T12:14:32+00:00","dateModified":"2026-02-22T12:15:18+00:00","description":"Canotta Guess Beige taglia S \u27a4 Acquista online su Secondastrada.com Canotta Guess Beige taglia S \u2714\ufe0f Spedizione veloce entro 24h in tutta Italia \u2714\ufe0f Sconto sul tuo primo acquisto","breadcrumb":{"@id":"https:\/\/www.secondastrada.com\/it\/canotta-guess-beige-taglia-s\/#breadcrumb"},"inLanguage":"it-IT","potentialAction":[{"@type":"ReadAction","target":["https:\/\/www.secondastrada.com\/it\/canotta-guess-beige-taglia-s\/"]}]},{"@type":"ImageObject","inLanguage":"it-IT","@id":"https:\/\/www.secondastrada.com\/it\/canotta-guess-beige-taglia-s\/#primaryimage","url":"https:\/\/www.secondastrada.com\/wp-content\/uploads\/2026\/02\/W6GP14K2940-GS-CB_BEIGE_PE26_1.jpg","contentUrl":"https:\/\/www.secondastrada.com\/wp-content\/uploads\/2026\/02\/W6GP14K2940-GS-CB_BEIGE_PE26_1.jpg","width":1000,"height":1300,"caption":"W6GP14K2940-GS-CB_BEIGE_PE26"},{"@type":"BreadcrumbList","@id":"https:\/\/www.secondastrada.com\/it\/canotta-guess-beige-taglia-s\/#breadcrumb","itemListElement":[{"@type":"ListItem","position":1,"name":"Home","item":"https:\/\/www.secondastrada.com\/it\/"},{"@type":"ListItem","position":2,"name":"Shop","item":"https:\/\/www.secondastrada.com\/it\/shop\/"},{"@type":"ListItem","position":3,"name":"Donna","item":"https:\/\/www.secondastrada.com\/it\/collezione-donna\/"},{"@type":"ListItem","position":4,"name":"Abbigliamento","item":"https:\/\/www.secondastrada.com\/it\/collezione-donna\/abbigliamento-donna\/"},{"@type":"ListItem","position":5,"name":"T-shirt e Top","item":"https:\/\/www.secondastrada.com\/it\/collezione-donna\/abbigliamento-donna\/t-shirt-e-top-da-donna\/"},{"@type":"ListItem","position":6,"name":"Top","item":"https:\/\/www.secondastrada.com\/it\/collezione-donna\/abbigliamento-donna\/t-shirt-e-top-da-donna\/top-da-donna\/"},{"@type":"ListItem","position":7,"name":"Canotta Guess Beige taglia S"}]},{"@type":"WebSite","@id":"https:\/\/www.secondastrada.com\/it\/#website","url":"https:\/\/www.secondastrada.com\/it\/","name":"Seconda Strada","description":"","publisher":{"@id":"https:\/\/www.secondastrada.com\/it\/#organization"},"potentialAction":[{"@type":"SearchAction","target":{"@type":"EntryPoint","urlTemplate":"https:\/\/www.secondastrada.com\/it\/?s={search_term_string}"},"query-input":"required name=search_term_string"}],"inLanguage":"it-IT"},{"@type":"Organization","@id":"https:\/\/www.secondastrada.com\/it\/#organization","name":"Seconda Strada","url":"https:\/\/www.secondastrada.com\/it\/","logo":{"@type":"ImageObject","inLanguage":"it-IT","@id":"https:\/\/www.secondastrada.com\/it\/#\/schema\/logo\/image\/","url":"https:\/\/www.secondastrada.com\/wp-content\/uploads\/2023\/11\/secondastrada-logo.svg","contentUrl":"https:\/\/www.secondastrada.com\/wp-content\/uploads\/2023\/11\/secondastrada-logo.svg","width":353,"height":47,"caption":"Seconda Strada"},"image":{"@id":"https:\/\/www.secondastrada.com\/it\/#\/schema\/logo\/image\/"}}]}},"df_price":"","df_sale_price":"","df_regular_price":"","df_image_link":"https:\/\/www.secondastrada.com\/wp-content\/uploads\/2026\/02\/W6GP14K2940-GS-CB_BEIGE_PE26_1-300x300.jpg","_links":{"self":[{"href":"https:\/\/www.secondastrada.com\/it\/wp-json\/wp\/v2\/product\/334673"}],"collection":[{"href":"https:\/\/www.secondastrada.com\/it\/wp-json\/wp\/v2\/product"}],"about":[{"href":"https:\/\/www.secondastrada.com\/it\/wp-json\/wp\/v2\/types\/product"}],"wp:featuredmedia":[{"embeddable":true,"href":"https:\/\/www.secondastrada.com\/it\/wp-json\/wp\/v2\/media\/334604"}],"wp:attachment":[{"href":"https:\/\/www.secondastrada.com\/it\/wp-json\/wp\/v2\/media?parent=334673"}],"wp:term":[{"taxonomy":"ss_brand","embeddable":true,"href":"https:\/\/www.secondastrada.com\/it\/wp-json\/wp\/v2\/ss_brand?post=334673"},{"taxonomy":"ss_promo","embeddable":true,"href":"https:\/\/www.secondastrada.com\/it\/wp-json\/wp\/v2\/ss_promo?post=334673"},{"taxonomy":"ss_season","embeddable":true,"href":"https:\/\/www.secondastrada.com\/it\/wp-json\/wp\/v2\/ss_season?post=334673"},{"taxonomy":"product_cat","embeddable":true,"href":"https:\/\/www.secondastrada.com\/it\/wp-json\/wp\/v2\/product_cat?post=334673"},{"taxonomy":"product_tag","embeddable":true,"href":"https:\/\/www.secondastrada.com\/it\/wp-json\/wp\/v2\/product_tag?post=334673"}],"curies":[{"name":"wp","href":"https:\/\/api.w.org\/{rel}","templated":true}]}}