{"id":335325,"date":"2026-02-11T12:53:02","date_gmt":"2026-02-11T11:53:02","guid":{"rendered":"https:\/\/www.secondastrada.com\/it\/vestito-fracomina-azzurro\/"},"modified":"2026-05-01T01:44:23","modified_gmt":"2026-04-30T23:44:23","slug":"vestito-fracomina-azzurro","status":"publish","type":"product","link":"https:\/\/www.secondastrada.com\/it\/vestito-fracomina-azzurro\/","title":{"rendered":"Vestito Fracomina Azzurro tg. S"},"content":{"rendered":"<p><b>Vestito FRACOMINA Azzurro da donna<\/b><\/p>\n<p>Il <b>Vestito FRACOMINA Azzurro<\/b> \u00e8 la scelta ideale per chi desidera un capo femminile, raffinato e facile da indossare nella bella stagione. Pensato per valorizzare la silhouette con uno stile fresco e curato, questo <b>vestito da donna adatto alla stagione primavera estate<\/b> combina dettagli ricercati e comfort quotidiano, diventando un alleato versatile del guardaroba.<\/p>\n<p>Il design si distingue per i <b>bottoni automatici dorati<\/b>, che aggiungono un tocco luminoso e sofisticato, e per il delicato <b>colletto alla Peter Pan<\/b>, perfetto per donare un\u2019aria romantica e senza tempo. Le <b>taschine a toppa<\/b> completano il look con un dettaglio pratico e di tendenza, rendendo il capo equilibrato tra eleganza e funzionalit\u00e0.<\/p>\n<p>Realizzato in un mix di materiali confortevoli e resistenti, con <b>75% poliestere, 20% cotone e 5% elastane<\/b>, il vestito garantisce una vestibilit\u00e0 piacevole e una buona libert\u00e0 di movimento. La tonalit\u00e0 azzurra illumina l\u2019outfit e si presta facilmente a diversi abbinamenti, sia di giorno che di sera.<\/p>\n<p>Questo <b>vestito con bottoni automatici dorati, colletto alla Peter Pan e taschine a toppa<\/b> \u00e8 perfetto da indossare <b>per un aperitivo o un\u2019uscita nel tempo libero<\/b>, quando vuoi sentirti curata senza rinunciare alla comodit\u00e0. Pu\u00f2 essere abbinato a <b>sandali<\/b> e <b>accessori coordinati<\/b> per un look estivo elegante, oppure a una borsa a contrasto per un tocco pi\u00f9 deciso.<\/p>\n<p>Acquistando su SecondaStrada.com scegli un <b>capo FRACOMINA originale<\/b>, selezionato con attenzione e garantito. Codice articolo: <b>FR26SD4003W697N8 MA CB<\/b>.<\/p>\n","protected":false},"excerpt":{"rendered":"<p>Vestito FRACOMINA Azzurro da donna Il Vestito FRACOMINA Azzurro \u00e8 la scelta ideale per chi desidera un capo femminile, raffinato e facile da indossare nella bella stagione. Pensato per valorizzare la silhouette con uno stile fresco e curato, questo vestito da donna adatto alla stagione primavera estate combina dettagli ricercati e comfort quotidiano, diventando un&#8230;<\/p>\n","protected":false},"featured_media":335501,"template":"","meta":{"inline_featured_image":false},"ss_brand":[1205],"ss_promo":[],"ss_season":[2531],"product_cat":[1329,1539,1658,2281,2282,1614,1609],"product_tag":[1764,1953,2403,2402,2404,2407,1995],"class_list":{"0":"post-335325","1":"product","2":"type-product","3":"status-publish","4":"has-post-thumbnail","6":"ss_brand-fracomina-donna","7":"ss_season-pe26","8":"product_cat-abbigliamento-donna","9":"product_cat-abiti-e-vestiti-da-donna","10":"product_cat-collezione-donna","11":"product_cat-vestiti-estivi-da-donna","12":"product_cat-vestiti-in-cotone-da-donna","13":"product_cat-vestiti-lunghi-da-donna","14":"product_cat-vestiti-da-donna-a-manica-corta","15":"product_tag-abiti-e-vestiti-fracomina-donna","16":"product_tag-campionario","17":"product_tag-look-da-festa-donna","18":"product_tag-look-da-mare-donna","19":"product_tag-look-da-primo-appuntamento-donna","20":"product_tag-look-da-sabato-sera-donna","21":"product_tag-nuovi-arrivi-donna","23":"first","24":"instock","25":"shipping-taxable","26":"purchasable","27":"product-type-variable","28":"has-default-attributes"},"acf":{"ss_brand":[{"term_id":1205,"name":"FRACOMINA","slug":"fracomina-donna","term_group":0,"term_taxonomy_id":1205,"taxonomy":"ss_brand","description":"Regalati una giusta dose di charme con Fracomina: scopri la collezione di abbigliamento 100% Made in Italy e non perdere le offerte della nostra esclusiva boutique online!\u00a0Acquista online su SecondaStrada.com <strong>abbigliamento da donna Fracomina scontatissimo<\/strong>!","parent":1201,"count":298,"filter":"raw"}],"ss_promo":false,"ss_season":[{"term_id":2531,"name":"PE26","slug":"pe26","term_group":0,"term_taxonomy_id":2531,"taxonomy":"ss_season","description":"","parent":0,"count":2036,"filter":"raw"}],"ss_old_price":"160,00","ss_omnibus_price":"0,00","ss_style_advice":"<p><b>Vestito FRACOMINA Azzurro da donna<\/b><\/p>\n<p>Il <b>Vestito FRACOMINA Azzurro<\/b> \u00e8 la scelta ideale per chi desidera un capo femminile, raffinato e facile da indossare nella bella stagione. Pensato per valorizzare la silhouette con uno stile fresco e curato, questo <b>vestito da donna adatto alla stagione primavera estate<\/b> combina dettagli ricercati e comfort quotidiano, diventando un alleato versatile del guardaroba.<\/p>\n<p>Il design si distingue per i <b>bottoni automatici dorati<\/b>, che aggiungono un tocco luminoso e sofisticato, e per il delicato <b>colletto alla Peter Pan<\/b>, perfetto per donare un\u2019aria romantica e senza tempo. Le <b>taschine a toppa<\/b> completano il look con un dettaglio pratico e di tendenza, rendendo il capo equilibrato tra eleganza e funzionalit\u00e0.<\/p>\n<p>Realizzato in un mix di materiali confortevoli e resistenti, con <b>75% poliestere, 20% cotone e 5% elastane<\/b>, il vestito garantisce una vestibilit\u00e0 piacevole e una buona libert\u00e0 di movimento. La tonalit\u00e0 azzurra illumina l\u2019outfit e si presta facilmente a diversi abbinamenti, sia di giorno che di sera.<\/p>\n<p>Questo <b>vestito con bottoni automatici dorati, colletto alla Peter Pan e taschine a toppa<\/b> \u00e8 perfetto da indossare <b>per un aperitivo o un\u2019uscita nel tempo libero<\/b>, quando vuoi sentirti curata senza rinunciare alla comodit\u00e0. Pu\u00f2 essere abbinato a <b>sandali<\/b> e <b>accessori coordinati<\/b> per un look estivo elegante, oppure a una borsa a contrasto per un tocco pi\u00f9 deciso.<\/p>\n<p>Acquistando su SecondaStrada.com scegli un <b>capo FRACOMINA originale<\/b>, selezionato con attenzione e garantito. Codice articolo: <b>FR26SD4003W697N8 MA CB<\/b>.<\/p>\n","ss_composition":"<p>75% poliestere 20% cotone 5% elastane<\/p>\n","ss_fit":""},"yoast_head":"<!-- This site is optimized with the Yoast SEO plugin v22.3 - https:\/\/yoast.com\/wordpress\/plugins\/seo\/ -->\n<title>Vestito Fracomina Azzurro tg. S - Acquista online! - Seconda Strada<\/title>\n<meta name=\"description\" content=\"Vestito Fracomina Azzurro tg. S \u27a4 Acquista online su Secondastrada.com Vestito Fracomina Azzurro tg. S \u2714\ufe0f Spedizione veloce entro 24h in tutta Italia \u2714\ufe0f Sconto sul tuo primo acquisto\" \/>\n<meta name=\"robots\" content=\"index, follow, max-snippet:-1, max-image-preview:large, max-video-preview:-1\" \/>\n<link rel=\"canonical\" href=\"https:\/\/www.secondastrada.com\/it\/vestito-fracomina-azzurro\/\" \/>\n<meta property=\"og:locale\" content=\"it_IT\" \/>\n<meta property=\"og:type\" content=\"article\" \/>\n<meta property=\"og:title\" content=\"Vestito Fracomina Azzurro tg. S - Acquista online! - Seconda Strada\" \/>\n<meta property=\"og:description\" content=\"Vestito Fracomina Azzurro tg. S \u27a4 Acquista online su Secondastrada.com Vestito Fracomina Azzurro tg. S \u2714\ufe0f Spedizione veloce entro 24h in tutta Italia \u2714\ufe0f Sconto sul tuo primo acquisto\" \/>\n<meta property=\"og:url\" content=\"https:\/\/www.secondastrada.com\/it\/vestito-fracomina-azzurro\/\" \/>\n<meta property=\"og:site_name\" content=\"Seconda Strada\" \/>\n<meta property=\"article:modified_time\" content=\"2026-04-30T23:44:23+00:00\" \/>\n<meta property=\"og:image\" content=\"https:\/\/www.secondastrada.com\/wp-content\/uploads\/2026\/02\/FR26SD4003W697N8-MA-CB_AZZURRO_PE26_1.jpg\" \/>\n\t<meta property=\"og:image:width\" content=\"1000\" \/>\n\t<meta property=\"og:image:height\" content=\"1300\" \/>\n\t<meta property=\"og:image:type\" content=\"image\/jpeg\" \/>\n<meta name=\"twitter:card\" content=\"summary_large_image\" \/>\n<meta name=\"twitter:label1\" content=\"Tempo di lettura stimato\" \/>\n\t<meta name=\"twitter:data1\" content=\"1 minuto\" \/>\n<!-- \/ Yoast SEO plugin. -->","yoast_head_json":{"title":"Vestito Fracomina Azzurro tg. S - Acquista online! - Seconda Strada","description":"Vestito Fracomina Azzurro tg. S \u27a4 Acquista online su Secondastrada.com Vestito Fracomina Azzurro tg. S \u2714\ufe0f Spedizione veloce entro 24h in tutta Italia \u2714\ufe0f Sconto sul tuo primo acquisto","robots":{"index":"index","follow":"follow","max-snippet":"max-snippet:-1","max-image-preview":"max-image-preview:large","max-video-preview":"max-video-preview:-1"},"canonical":"https:\/\/www.secondastrada.com\/it\/vestito-fracomina-azzurro\/","og_locale":"it_IT","og_type":"article","og_title":"Vestito Fracomina Azzurro tg. S - Acquista online! - Seconda Strada","og_description":"Vestito Fracomina Azzurro tg. S \u27a4 Acquista online su Secondastrada.com Vestito Fracomina Azzurro tg. S \u2714\ufe0f Spedizione veloce entro 24h in tutta Italia \u2714\ufe0f Sconto sul tuo primo acquisto","og_url":"https:\/\/www.secondastrada.com\/it\/vestito-fracomina-azzurro\/","og_site_name":"Seconda Strada","article_modified_time":"2026-04-30T23:44:23+00:00","og_image":[{"width":1000,"height":1300,"url":"https:\/\/www.secondastrada.com\/wp-content\/uploads\/2026\/02\/FR26SD4003W697N8-MA-CB_AZZURRO_PE26_1.jpg","type":"image\/jpeg"}],"twitter_card":"summary_large_image","twitter_misc":{"Tempo di lettura stimato":"1 minuto"},"schema":{"@context":"https:\/\/schema.org","@graph":[{"@type":"WebPage","@id":"https:\/\/www.secondastrada.com\/it\/vestito-fracomina-azzurro\/","url":"https:\/\/www.secondastrada.com\/it\/vestito-fracomina-azzurro\/","name":"Vestito Fracomina Azzurro tg. S - Acquista online! - Seconda Strada","isPartOf":{"@id":"https:\/\/www.secondastrada.com\/it\/#website"},"primaryImageOfPage":{"@id":"https:\/\/www.secondastrada.com\/it\/vestito-fracomina-azzurro\/#primaryimage"},"image":{"@id":"https:\/\/www.secondastrada.com\/it\/vestito-fracomina-azzurro\/#primaryimage"},"thumbnailUrl":"https:\/\/www.secondastrada.com\/wp-content\/uploads\/2026\/02\/FR26SD4003W697N8-MA-CB_AZZURRO_PE26_1.jpg","datePublished":"2026-02-11T11:53:02+00:00","dateModified":"2026-04-30T23:44:23+00:00","description":"Vestito Fracomina Azzurro tg. S \u27a4 Acquista online su Secondastrada.com Vestito Fracomina Azzurro tg. S \u2714\ufe0f Spedizione veloce entro 24h in tutta Italia \u2714\ufe0f Sconto sul tuo primo acquisto","breadcrumb":{"@id":"https:\/\/www.secondastrada.com\/it\/vestito-fracomina-azzurro\/#breadcrumb"},"inLanguage":"it-IT","potentialAction":[{"@type":"ReadAction","target":["https:\/\/www.secondastrada.com\/it\/vestito-fracomina-azzurro\/"]}]},{"@type":"ImageObject","inLanguage":"it-IT","@id":"https:\/\/www.secondastrada.com\/it\/vestito-fracomina-azzurro\/#primaryimage","url":"https:\/\/www.secondastrada.com\/wp-content\/uploads\/2026\/02\/FR26SD4003W697N8-MA-CB_AZZURRO_PE26_1.jpg","contentUrl":"https:\/\/www.secondastrada.com\/wp-content\/uploads\/2026\/02\/FR26SD4003W697N8-MA-CB_AZZURRO_PE26_1.jpg","width":1000,"height":1300,"caption":"FR26SD4003W697N8-MA-CB_AZZURRO_PE26"},{"@type":"BreadcrumbList","@id":"https:\/\/www.secondastrada.com\/it\/vestito-fracomina-azzurro\/#breadcrumb","itemListElement":[{"@type":"ListItem","position":1,"name":"Home","item":"https:\/\/www.secondastrada.com\/it\/"},{"@type":"ListItem","position":2,"name":"Shop","item":"https:\/\/www.secondastrada.com\/it\/shop\/"},{"@type":"ListItem","position":3,"name":"Donna","item":"https:\/\/www.secondastrada.com\/it\/collezione-donna\/"},{"@type":"ListItem","position":4,"name":"Abbigliamento","item":"https:\/\/www.secondastrada.com\/it\/collezione-donna\/abbigliamento-donna\/"},{"@type":"ListItem","position":5,"name":"Abiti e Vestiti","item":"https:\/\/www.secondastrada.com\/it\/collezione-donna\/abbigliamento-donna\/abiti-e-vestiti-da-donna\/"},{"@type":"ListItem","position":6,"name":"Vestiti estivi","item":"https:\/\/www.secondastrada.com\/it\/collezione-donna\/abbigliamento-donna\/abiti-e-vestiti-da-donna\/vestiti-estivi-da-donna\/"},{"@type":"ListItem","position":7,"name":"Vestito Fracomina Azzurro tg. S"}]},{"@type":"WebSite","@id":"https:\/\/www.secondastrada.com\/it\/#website","url":"https:\/\/www.secondastrada.com\/it\/","name":"Seconda Strada","description":"","publisher":{"@id":"https:\/\/www.secondastrada.com\/it\/#organization"},"potentialAction":[{"@type":"SearchAction","target":{"@type":"EntryPoint","urlTemplate":"https:\/\/www.secondastrada.com\/it\/?s={search_term_string}"},"query-input":"required name=search_term_string"}],"inLanguage":"it-IT"},{"@type":"Organization","@id":"https:\/\/www.secondastrada.com\/it\/#organization","name":"Seconda Strada","url":"https:\/\/www.secondastrada.com\/it\/","logo":{"@type":"ImageObject","inLanguage":"it-IT","@id":"https:\/\/www.secondastrada.com\/it\/#\/schema\/logo\/image\/","url":"https:\/\/www.secondastrada.com\/wp-content\/uploads\/2023\/11\/secondastrada-logo.svg","contentUrl":"https:\/\/www.secondastrada.com\/wp-content\/uploads\/2023\/11\/secondastrada-logo.svg","width":353,"height":47,"caption":"Seconda Strada"},"image":{"@id":"https:\/\/www.secondastrada.com\/it\/#\/schema\/logo\/image\/"}}]}},"df_price":95.99,"df_sale_price":"","df_regular_price":95.99,"df_image_link":"https:\/\/www.secondastrada.com\/wp-content\/uploads\/2026\/02\/FR26SD4003W697N8-MA-CB_AZZURRO_PE26_1-300x300.jpg","_links":{"self":[{"href":"https:\/\/www.secondastrada.com\/it\/wp-json\/wp\/v2\/product\/335325"}],"collection":[{"href":"https:\/\/www.secondastrada.com\/it\/wp-json\/wp\/v2\/product"}],"about":[{"href":"https:\/\/www.secondastrada.com\/it\/wp-json\/wp\/v2\/types\/product"}],"wp:featuredmedia":[{"embeddable":true,"href":"https:\/\/www.secondastrada.com\/it\/wp-json\/wp\/v2\/media\/335501"}],"wp:attachment":[{"href":"https:\/\/www.secondastrada.com\/it\/wp-json\/wp\/v2\/media?parent=335325"}],"wp:term":[{"taxonomy":"ss_brand","embeddable":true,"href":"https:\/\/www.secondastrada.com\/it\/wp-json\/wp\/v2\/ss_brand?post=335325"},{"taxonomy":"ss_promo","embeddable":true,"href":"https:\/\/www.secondastrada.com\/it\/wp-json\/wp\/v2\/ss_promo?post=335325"},{"taxonomy":"ss_season","embeddable":true,"href":"https:\/\/www.secondastrada.com\/it\/wp-json\/wp\/v2\/ss_season?post=335325"},{"taxonomy":"product_cat","embeddable":true,"href":"https:\/\/www.secondastrada.com\/it\/wp-json\/wp\/v2\/product_cat?post=335325"},{"taxonomy":"product_tag","embeddable":true,"href":"https:\/\/www.secondastrada.com\/it\/wp-json\/wp\/v2\/product_tag?post=335325"}],"curies":[{"name":"wp","href":"https:\/\/api.w.org\/{rel}","templated":true}]}}