{"id":335335,"date":"2026-02-10T12:36:56","date_gmt":"2026-02-10T11:36:56","guid":{"rendered":"https:\/\/www.secondastrada.com\/it\/pantaloni-fracomina-marrone\/"},"modified":"2026-05-01T00:18:12","modified_gmt":"2026-04-30T22:18:12","slug":"pantaloni-fracomina-marrone","status":"publish","type":"product","link":"https:\/\/www.secondastrada.com\/it\/pantaloni-fracomina-marrone\/","title":{"rendered":"Pantaloni Fracomina Marrone tg 27"},"content":{"rendered":"<p><b>Pantaloni FRACOMINA Marroni da donna<\/b><br \/>\nEleganti ma estremamente versatili, i Pantaloni FRACOMINA Marroni sono pensati per accompagnarti con stile durante tutta la stagione primavera estate. Realizzati in <b>100% viscosa<\/b>, offrono una sensazione di leggerezza e fluidit\u00e0 ideale per le giornate pi\u00f9 dinamiche, garantendo comfort e una vestibilit\u00e0 piacevole per tutto il giorno.<\/p>\n<p>Il design \u00e8 curato nei dettagli: le <b>tasche funzionali<\/b> aggiungono praticit\u00e0, mentre le <b>cuciture evidenziate in bianco<\/b> creano un raffinato contrasto cromatico che valorizza il colore marrone e dona personalit\u00e0 al capo. La linea \u00e8 pensata per adattarsi facilmente a diverse fisicit\u00e0, risultando femminile senza rinunciare alla comodit\u00e0.<\/p>\n<p>Questi <b>Pantaloni FRACOMINA Marroni<\/b> sono perfetti da indossare <b>durante il giorno o nel tempo libero<\/b>, sia per un impegno lavorativo informale sia per una passeggiata in citt\u00e0. La loro versatilit\u00e0 li rende un alleato ideale per creare look sempre nuovi, mantenendo uno stile curato ma naturale.<\/p>\n<p>Per un outfit coordinato e sofisticato, puoi abbinarli a un <b>blazer FRACOMINA<\/b> nella stessa tonalit\u00e0 e completare il look con accessori in tinta. In alternativa, indossali con una camicia chiara o una blusa morbida per un risultato pi\u00f9 fresco e primaverile, perfetto anche con sandali o sneakers minimal.<\/p>\n<p>Scegliendo questi <b>pantaloni da donna adatti alla stagione primavera estate<\/b>, investi in un capo originale e di qualit\u00e0, pensato per durare nel tempo e valorizzare il tuo guardaroba. Tutti i prodotti SecondaStrada.com sono <b>originali e garantiti<\/b>. Codice articolo: <b>FS26SV3008W84401 MA CB<\/b>.<\/p>\n","protected":false},"excerpt":{"rendered":"<p>Pantaloni FRACOMINA Marroni da donna Eleganti ma estremamente versatili, i Pantaloni FRACOMINA Marroni sono pensati per accompagnarti con stile durante tutta la stagione primavera estate. Realizzati in 100% viscosa, offrono una sensazione di leggerezza e fluidit\u00e0 ideale per le giornate pi\u00f9 dinamiche, garantendo comfort e una vestibilit\u00e0 piacevole per tutto il giorno. Il design \u00e8&#8230;<\/p>\n","protected":false},"featured_media":335436,"template":"","meta":{"inline_featured_image":false},"ss_brand":[1205],"ss_promo":[],"ss_season":[2531],"product_cat":[1329,1658,1342,1634,2273,2537],"product_tag":[1953,1995,1769],"class_list":{"0":"post-335335","1":"product","2":"type-product","3":"status-publish","4":"has-post-thumbnail","6":"ss_brand-fracomina-donna","7":"ss_season-pe26","8":"product_cat-abbigliamento-donna","9":"product_cat-collezione-donna","10":"product_cat-pantaloni-da-donna","11":"product_cat-pantaloni-da-donna-larghi-da-donna","12":"product_cat-pantaloni-leggeri-da-donna","13":"product_cat-set-coordinati-da-donna","14":"product_tag-campionario","15":"product_tag-nuovi-arrivi-donna","16":"product_tag-pantaloni-fracomina-donna","18":"first","19":"instock","20":"shipping-taxable","21":"purchasable","22":"product-type-variable","23":"has-default-attributes"},"acf":{"ss_brand":[{"term_id":1205,"name":"FRACOMINA","slug":"fracomina-donna","term_group":0,"term_taxonomy_id":1205,"taxonomy":"ss_brand","description":"Regalati una giusta dose di charme con Fracomina: scopri la collezione di abbigliamento 100% Made in Italy e non perdere le offerte della nostra esclusiva boutique online!\u00a0Acquista online su SecondaStrada.com <strong>abbigliamento da donna Fracomina scontatissimo<\/strong>!","parent":1201,"count":298,"filter":"raw"}],"ss_promo":false,"ss_season":[{"term_id":2531,"name":"PE26","slug":"pe26","term_group":0,"term_taxonomy_id":2531,"taxonomy":"ss_season","description":"","parent":0,"count":2037,"filter":"raw"}],"ss_old_price":"130,00","ss_omnibus_price":"0,00","ss_style_advice":"<p><b>Pantaloni FRACOMINA Marroni da donna<\/b><br \/>\nEleganti ma estremamente versatili, i Pantaloni FRACOMINA Marroni sono pensati per accompagnarti con stile durante tutta la stagione primavera estate. Realizzati in <b>100% viscosa<\/b>, offrono una sensazione di leggerezza e fluidit\u00e0 ideale per le giornate pi\u00f9 dinamiche, garantendo comfort e una vestibilit\u00e0 piacevole per tutto il giorno.<\/p>\n<p>Il design \u00e8 curato nei dettagli: le <b>tasche funzionali<\/b> aggiungono praticit\u00e0, mentre le <b>cuciture evidenziate in bianco<\/b> creano un raffinato contrasto cromatico che valorizza il colore marrone e dona personalit\u00e0 al capo. La linea \u00e8 pensata per adattarsi facilmente a diverse fisicit\u00e0, risultando femminile senza rinunciare alla comodit\u00e0.<\/p>\n<p>Questi <b>Pantaloni FRACOMINA Marroni<\/b> sono perfetti da indossare <b>durante il giorno o nel tempo libero<\/b>, sia per un impegno lavorativo informale sia per una passeggiata in citt\u00e0. La loro versatilit\u00e0 li rende un alleato ideale per creare look sempre nuovi, mantenendo uno stile curato ma naturale.<\/p>\n<p>Per un outfit coordinato e sofisticato, puoi abbinarli a un <b>blazer FRACOMINA<\/b> nella stessa tonalit\u00e0 e completare il look con accessori in tinta. In alternativa, indossali con una camicia chiara o una blusa morbida per un risultato pi\u00f9 fresco e primaverile, perfetto anche con sandali o sneakers minimal.<\/p>\n<p>Scegliendo questi <b>pantaloni da donna adatti alla stagione primavera estate<\/b>, investi in un capo originale e di qualit\u00e0, pensato per durare nel tempo e valorizzare il tuo guardaroba. Tutti i prodotti SecondaStrada.com sono <b>originali e garantiti<\/b>. Codice articolo: <b>FS26SV3008W84401 MA CB<\/b>.<\/p>\n","ss_composition":"<p>100% viscosa<\/p>\n","ss_fit":"","ss_etichetta":""},"yoast_head":"<!-- This site is optimized with the Yoast SEO plugin v22.3 - https:\/\/yoast.com\/wordpress\/plugins\/seo\/ -->\n<title>Pantaloni Fracomina Marrone tg 27 - Acquista online! - Seconda Strada<\/title>\n<meta name=\"description\" content=\"Pantaloni Fracomina Marrone tg 27 \u27a4 Acquista online su Secondastrada.com Pantaloni Fracomina Marrone tg 27 \u2714\ufe0f Spedizione veloce entro 24h in tutta Italia \u2714\ufe0f Sconto sul tuo primo acquisto\" \/>\n<meta name=\"robots\" content=\"index, follow, max-snippet:-1, max-image-preview:large, max-video-preview:-1\" \/>\n<link rel=\"canonical\" href=\"https:\/\/www.secondastrada.com\/it\/pantaloni-fracomina-marrone\/\" \/>\n<meta property=\"og:locale\" content=\"it_IT\" \/>\n<meta property=\"og:type\" content=\"article\" \/>\n<meta property=\"og:title\" content=\"Pantaloni Fracomina Marrone tg 27 - Acquista online! - Seconda Strada\" \/>\n<meta property=\"og:description\" content=\"Pantaloni Fracomina Marrone tg 27 \u27a4 Acquista online su Secondastrada.com Pantaloni Fracomina Marrone tg 27 \u2714\ufe0f Spedizione veloce entro 24h in tutta Italia \u2714\ufe0f Sconto sul tuo primo acquisto\" \/>\n<meta property=\"og:url\" content=\"https:\/\/www.secondastrada.com\/it\/pantaloni-fracomina-marrone\/\" \/>\n<meta property=\"og:site_name\" content=\"Seconda Strada\" \/>\n<meta property=\"article:modified_time\" content=\"2026-04-30T22:18:12+00:00\" \/>\n<meta property=\"og:image\" content=\"https:\/\/www.secondastrada.com\/wp-content\/uploads\/2026\/02\/FS26SV3008W84401-MA-CB_MARRONE_PE26_1.jpg\" \/>\n\t<meta property=\"og:image:width\" content=\"1000\" \/>\n\t<meta property=\"og:image:height\" content=\"1300\" \/>\n\t<meta property=\"og:image:type\" content=\"image\/jpeg\" \/>\n<meta name=\"twitter:card\" content=\"summary_large_image\" \/>\n<meta name=\"twitter:label1\" content=\"Tempo di lettura stimato\" \/>\n\t<meta name=\"twitter:data1\" content=\"2 minuti\" \/>\n<!-- \/ Yoast SEO plugin. -->","yoast_head_json":{"title":"Pantaloni Fracomina Marrone tg 27 - Acquista online! - Seconda Strada","description":"Pantaloni Fracomina Marrone tg 27 \u27a4 Acquista online su Secondastrada.com Pantaloni Fracomina Marrone tg 27 \u2714\ufe0f Spedizione veloce entro 24h in tutta Italia \u2714\ufe0f Sconto sul tuo primo acquisto","robots":{"index":"index","follow":"follow","max-snippet":"max-snippet:-1","max-image-preview":"max-image-preview:large","max-video-preview":"max-video-preview:-1"},"canonical":"https:\/\/www.secondastrada.com\/it\/pantaloni-fracomina-marrone\/","og_locale":"it_IT","og_type":"article","og_title":"Pantaloni Fracomina Marrone tg 27 - Acquista online! - Seconda Strada","og_description":"Pantaloni Fracomina Marrone tg 27 \u27a4 Acquista online su Secondastrada.com Pantaloni Fracomina Marrone tg 27 \u2714\ufe0f Spedizione veloce entro 24h in tutta Italia \u2714\ufe0f Sconto sul tuo primo acquisto","og_url":"https:\/\/www.secondastrada.com\/it\/pantaloni-fracomina-marrone\/","og_site_name":"Seconda Strada","article_modified_time":"2026-04-30T22:18:12+00:00","og_image":[{"width":1000,"height":1300,"url":"https:\/\/www.secondastrada.com\/wp-content\/uploads\/2026\/02\/FS26SV3008W84401-MA-CB_MARRONE_PE26_1.jpg","type":"image\/jpeg"}],"twitter_card":"summary_large_image","twitter_misc":{"Tempo di lettura stimato":"2 minuti"},"schema":{"@context":"https:\/\/schema.org","@graph":[{"@type":"WebPage","@id":"https:\/\/www.secondastrada.com\/it\/pantaloni-fracomina-marrone\/","url":"https:\/\/www.secondastrada.com\/it\/pantaloni-fracomina-marrone\/","name":"Pantaloni Fracomina Marrone tg 27 - Acquista online! - Seconda Strada","isPartOf":{"@id":"https:\/\/www.secondastrada.com\/it\/#website"},"primaryImageOfPage":{"@id":"https:\/\/www.secondastrada.com\/it\/pantaloni-fracomina-marrone\/#primaryimage"},"image":{"@id":"https:\/\/www.secondastrada.com\/it\/pantaloni-fracomina-marrone\/#primaryimage"},"thumbnailUrl":"https:\/\/www.secondastrada.com\/wp-content\/uploads\/2026\/02\/FS26SV3008W84401-MA-CB_MARRONE_PE26_1.jpg","datePublished":"2026-02-10T11:36:56+00:00","dateModified":"2026-04-30T22:18:12+00:00","description":"Pantaloni Fracomina Marrone tg 27 \u27a4 Acquista online su Secondastrada.com Pantaloni Fracomina Marrone tg 27 \u2714\ufe0f Spedizione veloce entro 24h in tutta Italia \u2714\ufe0f Sconto sul tuo primo acquisto","breadcrumb":{"@id":"https:\/\/www.secondastrada.com\/it\/pantaloni-fracomina-marrone\/#breadcrumb"},"inLanguage":"it-IT","potentialAction":[{"@type":"ReadAction","target":["https:\/\/www.secondastrada.com\/it\/pantaloni-fracomina-marrone\/"]}]},{"@type":"ImageObject","inLanguage":"it-IT","@id":"https:\/\/www.secondastrada.com\/it\/pantaloni-fracomina-marrone\/#primaryimage","url":"https:\/\/www.secondastrada.com\/wp-content\/uploads\/2026\/02\/FS26SV3008W84401-MA-CB_MARRONE_PE26_1.jpg","contentUrl":"https:\/\/www.secondastrada.com\/wp-content\/uploads\/2026\/02\/FS26SV3008W84401-MA-CB_MARRONE_PE26_1.jpg","width":1000,"height":1300,"caption":"FS26SV3008W84401-MA-CB_MARRONE_PE26"},{"@type":"BreadcrumbList","@id":"https:\/\/www.secondastrada.com\/it\/pantaloni-fracomina-marrone\/#breadcrumb","itemListElement":[{"@type":"ListItem","position":1,"name":"Home","item":"https:\/\/www.secondastrada.com\/it\/"},{"@type":"ListItem","position":2,"name":"Shop","item":"https:\/\/www.secondastrada.com\/it\/shop\/"},{"@type":"ListItem","position":3,"name":"Donna","item":"https:\/\/www.secondastrada.com\/it\/collezione-donna\/"},{"@type":"ListItem","position":4,"name":"Abbigliamento","item":"https:\/\/www.secondastrada.com\/it\/collezione-donna\/abbigliamento-donna\/"},{"@type":"ListItem","position":5,"name":"Pantaloni","item":"https:\/\/www.secondastrada.com\/it\/collezione-donna\/abbigliamento-donna\/pantaloni-da-donna\/"},{"@type":"ListItem","position":6,"name":"Pantaloni larghi","item":"https:\/\/www.secondastrada.com\/it\/collezione-donna\/abbigliamento-donna\/pantaloni-da-donna\/pantaloni-da-donna-larghi-da-donna\/"},{"@type":"ListItem","position":7,"name":"Pantaloni Fracomina Marrone tg 27"}]},{"@type":"WebSite","@id":"https:\/\/www.secondastrada.com\/it\/#website","url":"https:\/\/www.secondastrada.com\/it\/","name":"Seconda Strada","description":"","publisher":{"@id":"https:\/\/www.secondastrada.com\/it\/#organization"},"potentialAction":[{"@type":"SearchAction","target":{"@type":"EntryPoint","urlTemplate":"https:\/\/www.secondastrada.com\/it\/?s={search_term_string}"},"query-input":"required name=search_term_string"}],"inLanguage":"it-IT"},{"@type":"Organization","@id":"https:\/\/www.secondastrada.com\/it\/#organization","name":"Seconda Strada","url":"https:\/\/www.secondastrada.com\/it\/","logo":{"@type":"ImageObject","inLanguage":"it-IT","@id":"https:\/\/www.secondastrada.com\/it\/#\/schema\/logo\/image\/","url":"https:\/\/www.secondastrada.com\/wp-content\/uploads\/2023\/11\/secondastrada-logo.svg","contentUrl":"https:\/\/www.secondastrada.com\/wp-content\/uploads\/2023\/11\/secondastrada-logo.svg","width":353,"height":47,"caption":"Seconda Strada"},"image":{"@id":"https:\/\/www.secondastrada.com\/it\/#\/schema\/logo\/image\/"}}]}},"df_price":77.99,"df_sale_price":"","df_regular_price":77.99,"df_image_link":"https:\/\/www.secondastrada.com\/wp-content\/uploads\/2026\/02\/FS26SV3008W84401-MA-CB_MARRONE_PE26_1-300x300.jpg","_links":{"self":[{"href":"https:\/\/www.secondastrada.com\/it\/wp-json\/wp\/v2\/product\/335335"}],"collection":[{"href":"https:\/\/www.secondastrada.com\/it\/wp-json\/wp\/v2\/product"}],"about":[{"href":"https:\/\/www.secondastrada.com\/it\/wp-json\/wp\/v2\/types\/product"}],"wp:featuredmedia":[{"embeddable":true,"href":"https:\/\/www.secondastrada.com\/it\/wp-json\/wp\/v2\/media\/335436"}],"wp:attachment":[{"href":"https:\/\/www.secondastrada.com\/it\/wp-json\/wp\/v2\/media?parent=335335"}],"wp:term":[{"taxonomy":"ss_brand","embeddable":true,"href":"https:\/\/www.secondastrada.com\/it\/wp-json\/wp\/v2\/ss_brand?post=335335"},{"taxonomy":"ss_promo","embeddable":true,"href":"https:\/\/www.secondastrada.com\/it\/wp-json\/wp\/v2\/ss_promo?post=335335"},{"taxonomy":"ss_season","embeddable":true,"href":"https:\/\/www.secondastrada.com\/it\/wp-json\/wp\/v2\/ss_season?post=335335"},{"taxonomy":"product_cat","embeddable":true,"href":"https:\/\/www.secondastrada.com\/it\/wp-json\/wp\/v2\/product_cat?post=335335"},{"taxonomy":"product_tag","embeddable":true,"href":"https:\/\/www.secondastrada.com\/it\/wp-json\/wp\/v2\/product_tag?post=335335"}],"curies":[{"name":"wp","href":"https:\/\/api.w.org\/{rel}","templated":true}]}}