{"id":335595,"date":"2026-02-11T11:01:13","date_gmt":"2026-02-11T10:01:13","guid":{"rendered":"https:\/\/www.secondastrada.com\/it\/camicia-timberland-blu\/"},"modified":"2026-05-01T01:09:09","modified_gmt":"2026-04-30T23:09:09","slug":"camicia-timberland-blu","status":"publish","type":"product","link":"https:\/\/www.secondastrada.com\/it\/camicia-timberland-blu\/","title":{"rendered":"Camicia Timberland Blu tg. M"},"content":{"rendered":"<p><b>Camicia TIMBERLAND Blu<\/b><br \/>\nLa <b>Camicia TIMBERLAND Blu<\/b> \u00e8 la scelta ideale per chi desidera uno stile curato ma versatile, perfetto da indossare ogni giorno. La fantasia quadrettata dona carattere al capo, mentre il logo brand ricamato e i bottoni ad asola neri aggiungono un dettaglio distintivo che valorizza il design con un tocco moderno e riconoscibile.<\/p>\n<p>Realizzata in 100% cotone, questa <b>Camicia da uomo adatta a tutte le stagioni<\/b> garantisce comfort e traspirabilit\u00e0 durante tutto l\u2019anno. Il tessuto naturale assicura una piacevole sensazione sulla pelle e una vestibilit\u00e0 confortevole, adatta sia alle giornate lavorative sia ai momenti di relax. \u00c8 un capo che si integra facilmente nel guardaroba maschile grazie al suo equilibrio tra eleganza casual e praticit\u00e0.<\/p>\n<p>La <b>Camicia con fantasia quadrettata, logo brand ricamato e bottoni ad asola neri<\/b> pu\u00f2 essere indossata in ufficio con un pantalone chino per un look professionale ma informale, oppure nel tempo libero con un paio di jeans per uno stile pi\u00f9 rilassato. Per un outfit ancora pi\u00f9 completo, puoi abbinarla a pantaloni in cotone o denim scuro, creando contrasti armoniosi e sempre attuali.<\/p>\n<p>Scegli la qualit\u00e0 e l\u2019autenticit\u00e0 di un brand iconico come Timberland. Tutti i prodotti disponibili su SecondaStrada.com sono originali e selezionati con attenzione. Codice articolo TB0A6JG7A7P W CB.&lt;\/final<\/p>\n","protected":false},"excerpt":{"rendered":"<p>Camicia TIMBERLAND Blu La Camicia TIMBERLAND Blu \u00e8 la scelta ideale per chi desidera uno stile curato ma versatile, perfetto da indossare ogni giorno. La fantasia quadrettata dona carattere al capo, mentre il logo brand ricamato e i bottoni ad asola neri aggiungono un dettaglio distintivo che valorizza il design con un tocco moderno e&#8230;<\/p>\n","protected":false},"featured_media":335541,"template":"","meta":{"inline_featured_image":false},"ss_brand":[1298],"ss_promo":[],"ss_season":[2531],"product_cat":[1332,1478,2258,2538,1714],"product_tag":[1953,2400,2410,2408,1993],"class_list":{"0":"post-335595","1":"product","2":"type-product","3":"status-publish","4":"has-post-thumbnail","6":"ss_brand-timberland-uomo","7":"ss_season-pe26","8":"product_cat-abbigliamento-uomo","9":"product_cat-camicie-da-uomo","10":"product_cat-camicie-casual-da-uomo","11":"product_cat-set-coordinati-da-uomo","12":"product_cat-collezione-uomo","13":"product_tag-campionario","14":"product_tag-outfit-da-cerimonia-da-uomo","15":"product_tag-look-da-discoteca-uomo","16":"product_tag-look-da-festa-uomo","17":"product_tag-nuovi-arrivi-uomo","19":"first","20":"instock","21":"shipping-taxable","22":"purchasable","23":"product-type-variable","24":"has-default-attributes"},"acf":{"ss_brand":[{"term_id":1298,"name":"TIMBERLAND","slug":"timberland-uomo","term_group":0,"term_taxonomy_id":1298,"taxonomy":"ss_brand","description":"Dai boschi del New Hempshire alla giungla urbana, con Timberland si respira aria green! Scopri le nostre offerte e non lasciarti scappare i tuoi capi preferiti.","parent":1268,"count":102,"filter":"raw"}],"ss_promo":false,"ss_season":[{"term_id":2531,"name":"PE26","slug":"pe26","term_group":0,"term_taxonomy_id":2531,"taxonomy":"ss_season","description":"","parent":0,"count":2036,"filter":"raw"}],"ss_old_price":"86,00","ss_omnibus_price":"0,00","ss_style_advice":"<p><b>Camicia TIMBERLAND Blu<\/b><br \/>\nLa <b>Camicia TIMBERLAND Blu<\/b> \u00e8 la scelta ideale per chi desidera uno stile curato ma versatile, perfetto da indossare ogni giorno. La fantasia quadrettata dona carattere al capo, mentre il logo brand ricamato e i bottoni ad asola neri aggiungono un dettaglio distintivo che valorizza il design con un tocco moderno e riconoscibile.<\/p>\n<p>Realizzata in 100% cotone, questa <b>Camicia da uomo adatta a tutte le stagioni<\/b> garantisce comfort e traspirabilit\u00e0 durante tutto l\u2019anno. Il tessuto naturale assicura una piacevole sensazione sulla pelle e una vestibilit\u00e0 confortevole, adatta sia alle giornate lavorative sia ai momenti di relax. \u00c8 un capo che si integra facilmente nel guardaroba maschile grazie al suo equilibrio tra eleganza casual e praticit\u00e0.<\/p>\n<p>La <b>Camicia con fantasia quadrettata, logo brand ricamato e bottoni ad asola neri<\/b> pu\u00f2 essere indossata in ufficio con un pantalone chino per un look professionale ma informale, oppure nel tempo libero con un paio di jeans per uno stile pi\u00f9 rilassato. Per un outfit ancora pi\u00f9 completo, puoi abbinarla a pantaloni in cotone o denim scuro, creando contrasti armoniosi e sempre attuali.<\/p>\n<p>Scegli la qualit\u00e0 e l\u2019autenticit\u00e0 di un brand iconico come Timberland. Tutti i prodotti disponibili su SecondaStrada.com sono originali e selezionati con attenzione. Codice articolo TB0A6JG7A7P W CB.<\/final\n<\/p>\n","ss_composition":"<p>100% cotone<\/p>\n","ss_fit":""},"yoast_head":"<!-- This site is optimized with the Yoast SEO plugin v22.3 - https:\/\/yoast.com\/wordpress\/plugins\/seo\/ -->\n<title>Camicia Timberland Blu tg. M - Acquista online! - Seconda Strada<\/title>\n<meta name=\"description\" content=\"Camicia Timberland Blu tg. M \u27a4 Acquista online su Secondastrada.com Camicia Timberland Blu tg. M \u2714\ufe0f Spedizione veloce entro 24h in tutta Italia \u2714\ufe0f Sconto sul tuo primo acquisto\" \/>\n<meta name=\"robots\" content=\"index, follow, max-snippet:-1, max-image-preview:large, max-video-preview:-1\" \/>\n<link rel=\"canonical\" href=\"https:\/\/www.secondastrada.com\/it\/camicia-timberland-blu\/\" \/>\n<meta property=\"og:locale\" content=\"it_IT\" \/>\n<meta property=\"og:type\" content=\"article\" \/>\n<meta property=\"og:title\" content=\"Camicia Timberland Blu tg. M - Acquista online! - Seconda Strada\" \/>\n<meta property=\"og:description\" content=\"Camicia Timberland Blu tg. M \u27a4 Acquista online su Secondastrada.com Camicia Timberland Blu tg. M \u2714\ufe0f Spedizione veloce entro 24h in tutta Italia \u2714\ufe0f Sconto sul tuo primo acquisto\" \/>\n<meta property=\"og:url\" content=\"https:\/\/www.secondastrada.com\/it\/camicia-timberland-blu\/\" \/>\n<meta property=\"og:site_name\" content=\"Seconda Strada\" \/>\n<meta property=\"article:modified_time\" content=\"2026-04-30T23:09:09+00:00\" \/>\n<meta property=\"og:image\" content=\"https:\/\/www.secondastrada.com\/wp-content\/uploads\/2026\/02\/TB0A6JG7A7P-W-CB_AZZURRO_PE26_1.jpg\" \/>\n\t<meta property=\"og:image:width\" content=\"1000\" \/>\n\t<meta property=\"og:image:height\" content=\"1300\" \/>\n\t<meta property=\"og:image:type\" content=\"image\/jpeg\" \/>\n<meta name=\"twitter:card\" content=\"summary_large_image\" \/>\n<meta name=\"twitter:label1\" content=\"Tempo di lettura stimato\" \/>\n\t<meta name=\"twitter:data1\" content=\"1 minuto\" \/>\n<!-- \/ Yoast SEO plugin. -->","yoast_head_json":{"title":"Camicia Timberland Blu tg. M - Acquista online! - Seconda Strada","description":"Camicia Timberland Blu tg. M \u27a4 Acquista online su Secondastrada.com Camicia Timberland Blu tg. M \u2714\ufe0f Spedizione veloce entro 24h in tutta Italia \u2714\ufe0f Sconto sul tuo primo acquisto","robots":{"index":"index","follow":"follow","max-snippet":"max-snippet:-1","max-image-preview":"max-image-preview:large","max-video-preview":"max-video-preview:-1"},"canonical":"https:\/\/www.secondastrada.com\/it\/camicia-timberland-blu\/","og_locale":"it_IT","og_type":"article","og_title":"Camicia Timberland Blu tg. M - Acquista online! - Seconda Strada","og_description":"Camicia Timberland Blu tg. M \u27a4 Acquista online su Secondastrada.com Camicia Timberland Blu tg. M \u2714\ufe0f Spedizione veloce entro 24h in tutta Italia \u2714\ufe0f Sconto sul tuo primo acquisto","og_url":"https:\/\/www.secondastrada.com\/it\/camicia-timberland-blu\/","og_site_name":"Seconda Strada","article_modified_time":"2026-04-30T23:09:09+00:00","og_image":[{"width":1000,"height":1300,"url":"https:\/\/www.secondastrada.com\/wp-content\/uploads\/2026\/02\/TB0A6JG7A7P-W-CB_AZZURRO_PE26_1.jpg","type":"image\/jpeg"}],"twitter_card":"summary_large_image","twitter_misc":{"Tempo di lettura stimato":"1 minuto"},"schema":{"@context":"https:\/\/schema.org","@graph":[{"@type":"WebPage","@id":"https:\/\/www.secondastrada.com\/it\/camicia-timberland-blu\/","url":"https:\/\/www.secondastrada.com\/it\/camicia-timberland-blu\/","name":"Camicia Timberland Blu tg. M - Acquista online! - Seconda Strada","isPartOf":{"@id":"https:\/\/www.secondastrada.com\/it\/#website"},"primaryImageOfPage":{"@id":"https:\/\/www.secondastrada.com\/it\/camicia-timberland-blu\/#primaryimage"},"image":{"@id":"https:\/\/www.secondastrada.com\/it\/camicia-timberland-blu\/#primaryimage"},"thumbnailUrl":"https:\/\/www.secondastrada.com\/wp-content\/uploads\/2026\/02\/TB0A6JG7A7P-W-CB_AZZURRO_PE26_1.jpg","datePublished":"2026-02-11T10:01:13+00:00","dateModified":"2026-04-30T23:09:09+00:00","description":"Camicia Timberland Blu tg. M \u27a4 Acquista online su Secondastrada.com Camicia Timberland Blu tg. M \u2714\ufe0f Spedizione veloce entro 24h in tutta Italia \u2714\ufe0f Sconto sul tuo primo acquisto","breadcrumb":{"@id":"https:\/\/www.secondastrada.com\/it\/camicia-timberland-blu\/#breadcrumb"},"inLanguage":"it-IT","potentialAction":[{"@type":"ReadAction","target":["https:\/\/www.secondastrada.com\/it\/camicia-timberland-blu\/"]}]},{"@type":"ImageObject","inLanguage":"it-IT","@id":"https:\/\/www.secondastrada.com\/it\/camicia-timberland-blu\/#primaryimage","url":"https:\/\/www.secondastrada.com\/wp-content\/uploads\/2026\/02\/TB0A6JG7A7P-W-CB_AZZURRO_PE26_1.jpg","contentUrl":"https:\/\/www.secondastrada.com\/wp-content\/uploads\/2026\/02\/TB0A6JG7A7P-W-CB_AZZURRO_PE26_1.jpg","width":1000,"height":1300,"caption":"TB0A6JG7A7P-W-CB_AZZURRO_PE26"},{"@type":"BreadcrumbList","@id":"https:\/\/www.secondastrada.com\/it\/camicia-timberland-blu\/#breadcrumb","itemListElement":[{"@type":"ListItem","position":1,"name":"Home","item":"https:\/\/www.secondastrada.com\/it\/"},{"@type":"ListItem","position":2,"name":"Shop","item":"https:\/\/www.secondastrada.com\/it\/shop\/"},{"@type":"ListItem","position":3,"name":"Uomo","item":"https:\/\/www.secondastrada.com\/it\/collezione-uomo\/"},{"@type":"ListItem","position":4,"name":"Abbigliamento","item":"https:\/\/www.secondastrada.com\/it\/collezione-uomo\/abbigliamento-uomo\/"},{"@type":"ListItem","position":5,"name":"Camicie","item":"https:\/\/www.secondastrada.com\/it\/collezione-uomo\/abbigliamento-uomo\/camicie-da-uomo\/"},{"@type":"ListItem","position":6,"name":"Camicie casual","item":"https:\/\/www.secondastrada.com\/it\/collezione-uomo\/abbigliamento-uomo\/camicie-da-uomo\/camicie-casual-da-uomo\/"},{"@type":"ListItem","position":7,"name":"Camicia Timberland Blu tg. M"}]},{"@type":"WebSite","@id":"https:\/\/www.secondastrada.com\/it\/#website","url":"https:\/\/www.secondastrada.com\/it\/","name":"Seconda Strada","description":"","publisher":{"@id":"https:\/\/www.secondastrada.com\/it\/#organization"},"potentialAction":[{"@type":"SearchAction","target":{"@type":"EntryPoint","urlTemplate":"https:\/\/www.secondastrada.com\/it\/?s={search_term_string}"},"query-input":"required name=search_term_string"}],"inLanguage":"it-IT"},{"@type":"Organization","@id":"https:\/\/www.secondastrada.com\/it\/#organization","name":"Seconda Strada","url":"https:\/\/www.secondastrada.com\/it\/","logo":{"@type":"ImageObject","inLanguage":"it-IT","@id":"https:\/\/www.secondastrada.com\/it\/#\/schema\/logo\/image\/","url":"https:\/\/www.secondastrada.com\/wp-content\/uploads\/2023\/11\/secondastrada-logo.svg","contentUrl":"https:\/\/www.secondastrada.com\/wp-content\/uploads\/2023\/11\/secondastrada-logo.svg","width":353,"height":47,"caption":"Seconda Strada"},"image":{"@id":"https:\/\/www.secondastrada.com\/it\/#\/schema\/logo\/image\/"}}]}},"df_price":51.99,"df_sale_price":"","df_regular_price":51.99,"df_image_link":"https:\/\/www.secondastrada.com\/wp-content\/uploads\/2026\/02\/TB0A6JG7A7P-W-CB_AZZURRO_PE26_1-300x300.jpg","_links":{"self":[{"href":"https:\/\/www.secondastrada.com\/it\/wp-json\/wp\/v2\/product\/335595"}],"collection":[{"href":"https:\/\/www.secondastrada.com\/it\/wp-json\/wp\/v2\/product"}],"about":[{"href":"https:\/\/www.secondastrada.com\/it\/wp-json\/wp\/v2\/types\/product"}],"wp:featuredmedia":[{"embeddable":true,"href":"https:\/\/www.secondastrada.com\/it\/wp-json\/wp\/v2\/media\/335541"}],"wp:attachment":[{"href":"https:\/\/www.secondastrada.com\/it\/wp-json\/wp\/v2\/media?parent=335595"}],"wp:term":[{"taxonomy":"ss_brand","embeddable":true,"href":"https:\/\/www.secondastrada.com\/it\/wp-json\/wp\/v2\/ss_brand?post=335595"},{"taxonomy":"ss_promo","embeddable":true,"href":"https:\/\/www.secondastrada.com\/it\/wp-json\/wp\/v2\/ss_promo?post=335595"},{"taxonomy":"ss_season","embeddable":true,"href":"https:\/\/www.secondastrada.com\/it\/wp-json\/wp\/v2\/ss_season?post=335595"},{"taxonomy":"product_cat","embeddable":true,"href":"https:\/\/www.secondastrada.com\/it\/wp-json\/wp\/v2\/product_cat?post=335595"},{"taxonomy":"product_tag","embeddable":true,"href":"https:\/\/www.secondastrada.com\/it\/wp-json\/wp\/v2\/product_tag?post=335595"}],"curies":[{"name":"wp","href":"https:\/\/api.w.org\/{rel}","templated":true}]}}