{"id":335641,"date":"2026-02-12T09:17:22","date_gmt":"2026-02-12T08:17:22","guid":{"rendered":"https:\/\/www.secondastrada.com\/it\/maglia-tommy-hilfiger-bianco-3\/"},"modified":"2026-04-25T19:33:08","modified_gmt":"2026-04-25T17:33:08","slug":"maglia-tommy-hilfiger-bianco-3","status":"publish","type":"product","link":"https:\/\/www.secondastrada.com\/it\/maglia-tommy-hilfiger-bianco-3\/","title":{"rendered":"Maglia Tommy Hilfiger Bianco"},"content":{"rendered":"<p><b>Maglia TOMMY HILFIGER Bianco<\/b><br \/>\nMinimal, luminosa e raffinata, la <b>Maglia TOMMY HILFIGER Bianco<\/b> \u00e8 il capo perfetto per completare il tuo guardaroba primavera estate con uno stile pulito ma ricercato. Il design essenziale \u00e8 valorizzato dal collo alto con cucitura ondulata, un dettaglio femminile che dona movimento e carattere, mentre il piccolo logo brand ricamato aggiunge l\u2019inconfondibile tocco iconico firmato Tommy Hilfiger.<\/p>\n<p>Realizzata in 95% cotone e 5% elastane, questa <b>Maglia da donna Adatta alla stagione primavera estate<\/b> garantisce comfort, traspirabilit\u00e0 e una piacevole elasticit\u00e0 che segue le linee del corpo senza costringere. La vestibilit\u00e0 \u00e8 regolare, ideale per accompagnarti durante tutta la giornata con naturalezza. La modella \u00e8 alta 165 cm e indossa la taglia S, confermando una linea equilibrata e versatile.<\/p>\n<p>La <b>Maglia con Collo alto con cucitura ondulata, piccolo logo brand ricamato<\/b> \u00e8 perfetta nel tempo libero, per un\u2019uscita casual o un pomeriggio in citt\u00e0, ma si presta facilmente anche a contesti pi\u00f9 curati. Puoi abbinarla a un paio di jeans per un look semplice e contemporaneo, oppure a pantaloni a vita alta per valorizzare la silhouette e creare un outfit pi\u00f9 femminile. Completa il tutto con sneakers minimal o sandali leggeri per uno stile fresco e moderno.<\/p>\n<p>Scegli l\u2019autenticit\u00e0 e la qualit\u00e0 garantita su SecondaStrada.com: tutti i prodotti sono originali e selezionati con attenzione. Codice articolo DW0DW22461 OB.&lt;\/final<\/p>\n","protected":false},"excerpt":{"rendered":"<p>Maglia TOMMY HILFIGER Bianco Minimal, luminosa e raffinata, la Maglia TOMMY HILFIGER Bianco \u00e8 il capo perfetto per completare il tuo guardaroba primavera estate con uno stile pulito ma ricercato. Il design essenziale \u00e8 valorizzato dal collo alto con cucitura ondulata, un dettaglio femminile che dona movimento e carattere, mentre il piccolo logo brand ricamato&#8230;<\/p>\n","protected":false},"featured_media":336158,"template":"","meta":{"inline_featured_image":false},"ss_brand":[1253],"ss_promo":[],"ss_season":[2531],"product_cat":[1329,1658,1604,2278,1535],"product_tag":[2441,1995],"class_list":{"0":"post-335641","1":"product","2":"type-product","3":"status-publish","4":"has-post-thumbnail","6":"ss_brand-tommy-hilfiger-donna","7":"ss_season-pe26","8":"product_cat-abbigliamento-donna","9":"product_cat-collezione-donna","10":"product_cat-maglie-a-collo-alto-da-donna","11":"product_cat-maglie-in-cotone-da-donna","12":"product_cat-maglie-da-donna","13":"product_tag-maglieria-tommy-hilfiger-donna","14":"product_tag-nuovi-arrivi-donna","16":"first","17":"instock","18":"shipping-taxable","19":"purchasable","20":"product-type-variable","21":"has-default-attributes"},"acf":{"ss_brand":[{"term_id":1253,"name":"TOMMY HILFIGER","slug":"tommy-hilfiger-donna","term_group":0,"term_taxonomy_id":1253,"taxonomy":"ss_brand","description":"Con <strong>Tommy Hilfiger<\/strong> aggiungi un tocco unico al tuo stile casual e approfitta dei vantaggi nel nostro shop online!\u00a0Acquista online su SecondaStrada.com <strong>abbigliamento da donna Tommy Hilfiger scontatissimo<\/strong>!","parent":1201,"count":317,"filter":"raw"}],"ss_promo":false,"ss_season":[{"term_id":2531,"name":"PE26","slug":"pe26","term_group":0,"term_taxonomy_id":2531,"taxonomy":"ss_season","description":"","parent":0,"count":2037,"filter":"raw"}],"ss_old_price":"49,90","ss_omnibus_price":"0,00","ss_style_advice":"<p><b>Maglia TOMMY HILFIGER Bianco<\/b><br \/>\nMinimal, luminosa e raffinata, la <b>Maglia TOMMY HILFIGER Bianco<\/b> \u00e8 il capo perfetto per completare il tuo guardaroba primavera estate con uno stile pulito ma ricercato. Il design essenziale \u00e8 valorizzato dal collo alto con cucitura ondulata, un dettaglio femminile che dona movimento e carattere, mentre il piccolo logo brand ricamato aggiunge l\u2019inconfondibile tocco iconico firmato Tommy Hilfiger.<\/p>\n<p>Realizzata in 95% cotone e 5% elastane, questa <b>Maglia da donna Adatta alla stagione primavera estate<\/b> garantisce comfort, traspirabilit\u00e0 e una piacevole elasticit\u00e0 che segue le linee del corpo senza costringere. La vestibilit\u00e0 \u00e8 regolare, ideale per accompagnarti durante tutta la giornata con naturalezza. La modella \u00e8 alta 165 cm e indossa la taglia S, confermando una linea equilibrata e versatile.<\/p>\n<p>La <b>Maglia con Collo alto con cucitura ondulata, piccolo logo brand ricamato<\/b> \u00e8 perfetta nel tempo libero, per un\u2019uscita casual o un pomeriggio in citt\u00e0, ma si presta facilmente anche a contesti pi\u00f9 curati. Puoi abbinarla a un paio di jeans per un look semplice e contemporaneo, oppure a pantaloni a vita alta per valorizzare la silhouette e creare un outfit pi\u00f9 femminile. Completa il tutto con sneakers minimal o sandali leggeri per uno stile fresco e moderno.<\/p>\n<p>Scegli l\u2019autenticit\u00e0 e la qualit\u00e0 garantita su SecondaStrada.com: tutti i prodotti sono originali e selezionati con attenzione. Codice articolo DW0DW22461 OB.<\/final\n<\/p>\n","ss_composition":"<p>95% cotone 5% elastane<\/p>\n","ss_fit":"<p>La modella \u00e8 alta 165 cm e indossa la taglia S. La vestibilit\u00e0 del capo \u00e8 regolare.<\/p>\n"},"yoast_head":"<!-- This site is optimized with the Yoast SEO plugin v22.3 - https:\/\/yoast.com\/wordpress\/plugins\/seo\/ -->\n<title>Maglia Tommy Hilfiger Bianco - Acquista online! - Seconda Strada<\/title>\n<meta name=\"description\" content=\"Maglia Tommy Hilfiger Bianco \u27a4 Acquista online su Secondastrada.com Maglia Tommy Hilfiger Bianco \u2714\ufe0f Spedizione veloce entro 24h in tutta Italia \u2714\ufe0f Sconto sul tuo primo acquisto\" \/>\n<meta name=\"robots\" content=\"index, follow, max-snippet:-1, max-image-preview:large, max-video-preview:-1\" \/>\n<link rel=\"canonical\" href=\"https:\/\/www.secondastrada.com\/it\/maglia-tommy-hilfiger-bianco-3\/\" \/>\n<meta property=\"og:locale\" content=\"it_IT\" \/>\n<meta property=\"og:type\" content=\"article\" \/>\n<meta property=\"og:title\" content=\"Maglia Tommy Hilfiger Bianco - Acquista online! - Seconda Strada\" \/>\n<meta property=\"og:description\" content=\"Maglia Tommy Hilfiger Bianco \u27a4 Acquista online su Secondastrada.com Maglia Tommy Hilfiger Bianco \u2714\ufe0f Spedizione veloce entro 24h in tutta Italia \u2714\ufe0f Sconto sul tuo primo acquisto\" \/>\n<meta property=\"og:url\" content=\"https:\/\/www.secondastrada.com\/it\/maglia-tommy-hilfiger-bianco-3\/\" \/>\n<meta property=\"og:site_name\" content=\"Seconda Strada\" \/>\n<meta property=\"article:modified_time\" content=\"2026-04-25T17:33:08+00:00\" \/>\n<meta property=\"og:image\" content=\"https:\/\/www.secondastrada.com\/wp-content\/uploads\/2026\/02\/DW0DW22461-OB_YBL_PE26_1.jpg\" \/>\n\t<meta property=\"og:image:width\" content=\"1000\" \/>\n\t<meta property=\"og:image:height\" content=\"1300\" \/>\n\t<meta property=\"og:image:type\" content=\"image\/jpeg\" \/>\n<meta name=\"twitter:card\" content=\"summary_large_image\" \/>\n<meta name=\"twitter:label1\" content=\"Tempo di lettura stimato\" \/>\n\t<meta name=\"twitter:data1\" content=\"1 minuto\" \/>\n<!-- \/ Yoast SEO plugin. -->","yoast_head_json":{"title":"Maglia Tommy Hilfiger Bianco - Acquista online! - Seconda Strada","description":"Maglia Tommy Hilfiger Bianco \u27a4 Acquista online su Secondastrada.com Maglia Tommy Hilfiger Bianco \u2714\ufe0f Spedizione veloce entro 24h in tutta Italia \u2714\ufe0f Sconto sul tuo primo acquisto","robots":{"index":"index","follow":"follow","max-snippet":"max-snippet:-1","max-image-preview":"max-image-preview:large","max-video-preview":"max-video-preview:-1"},"canonical":"https:\/\/www.secondastrada.com\/it\/maglia-tommy-hilfiger-bianco-3\/","og_locale":"it_IT","og_type":"article","og_title":"Maglia Tommy Hilfiger Bianco - Acquista online! - Seconda Strada","og_description":"Maglia Tommy Hilfiger Bianco \u27a4 Acquista online su Secondastrada.com Maglia Tommy Hilfiger Bianco \u2714\ufe0f Spedizione veloce entro 24h in tutta Italia \u2714\ufe0f Sconto sul tuo primo acquisto","og_url":"https:\/\/www.secondastrada.com\/it\/maglia-tommy-hilfiger-bianco-3\/","og_site_name":"Seconda Strada","article_modified_time":"2026-04-25T17:33:08+00:00","og_image":[{"width":1000,"height":1300,"url":"https:\/\/www.secondastrada.com\/wp-content\/uploads\/2026\/02\/DW0DW22461-OB_YBL_PE26_1.jpg","type":"image\/jpeg"}],"twitter_card":"summary_large_image","twitter_misc":{"Tempo di lettura stimato":"1 minuto"},"schema":{"@context":"https:\/\/schema.org","@graph":[{"@type":"WebPage","@id":"https:\/\/www.secondastrada.com\/it\/maglia-tommy-hilfiger-bianco-3\/","url":"https:\/\/www.secondastrada.com\/it\/maglia-tommy-hilfiger-bianco-3\/","name":"Maglia Tommy Hilfiger Bianco - Acquista online! - Seconda Strada","isPartOf":{"@id":"https:\/\/www.secondastrada.com\/it\/#website"},"primaryImageOfPage":{"@id":"https:\/\/www.secondastrada.com\/it\/maglia-tommy-hilfiger-bianco-3\/#primaryimage"},"image":{"@id":"https:\/\/www.secondastrada.com\/it\/maglia-tommy-hilfiger-bianco-3\/#primaryimage"},"thumbnailUrl":"https:\/\/www.secondastrada.com\/wp-content\/uploads\/2026\/02\/DW0DW22461-OB_YBL_PE26_1.jpg","datePublished":"2026-02-12T08:17:22+00:00","dateModified":"2026-04-25T17:33:08+00:00","description":"Maglia Tommy Hilfiger Bianco \u27a4 Acquista online su Secondastrada.com Maglia Tommy Hilfiger Bianco \u2714\ufe0f Spedizione veloce entro 24h in tutta Italia \u2714\ufe0f Sconto sul tuo primo acquisto","breadcrumb":{"@id":"https:\/\/www.secondastrada.com\/it\/maglia-tommy-hilfiger-bianco-3\/#breadcrumb"},"inLanguage":"it-IT","potentialAction":[{"@type":"ReadAction","target":["https:\/\/www.secondastrada.com\/it\/maglia-tommy-hilfiger-bianco-3\/"]}]},{"@type":"ImageObject","inLanguage":"it-IT","@id":"https:\/\/www.secondastrada.com\/it\/maglia-tommy-hilfiger-bianco-3\/#primaryimage","url":"https:\/\/www.secondastrada.com\/wp-content\/uploads\/2026\/02\/DW0DW22461-OB_YBL_PE26_1.jpg","contentUrl":"https:\/\/www.secondastrada.com\/wp-content\/uploads\/2026\/02\/DW0DW22461-OB_YBL_PE26_1.jpg","width":1000,"height":1300,"caption":"DW0DW22461-OB_YBL_PE26"},{"@type":"BreadcrumbList","@id":"https:\/\/www.secondastrada.com\/it\/maglia-tommy-hilfiger-bianco-3\/#breadcrumb","itemListElement":[{"@type":"ListItem","position":1,"name":"Home","item":"https:\/\/www.secondastrada.com\/it\/"},{"@type":"ListItem","position":2,"name":"Shop","item":"https:\/\/www.secondastrada.com\/it\/shop\/"},{"@type":"ListItem","position":3,"name":"Donna","item":"https:\/\/www.secondastrada.com\/it\/collezione-donna\/"},{"@type":"ListItem","position":4,"name":"Abbigliamento","item":"https:\/\/www.secondastrada.com\/it\/collezione-donna\/abbigliamento-donna\/"},{"@type":"ListItem","position":5,"name":"Maglieria","item":"https:\/\/www.secondastrada.com\/it\/collezione-donna\/abbigliamento-donna\/maglie-da-donna\/"},{"@type":"ListItem","position":6,"name":"Maglie a collo alto","item":"https:\/\/www.secondastrada.com\/it\/collezione-donna\/abbigliamento-donna\/maglie-da-donna\/maglie-a-collo-alto-da-donna\/"},{"@type":"ListItem","position":7,"name":"Maglia Tommy Hilfiger Bianco"}]},{"@type":"WebSite","@id":"https:\/\/www.secondastrada.com\/it\/#website","url":"https:\/\/www.secondastrada.com\/it\/","name":"Seconda Strada","description":"","publisher":{"@id":"https:\/\/www.secondastrada.com\/it\/#organization"},"potentialAction":[{"@type":"SearchAction","target":{"@type":"EntryPoint","urlTemplate":"https:\/\/www.secondastrada.com\/it\/?s={search_term_string}"},"query-input":"required name=search_term_string"}],"inLanguage":"it-IT"},{"@type":"Organization","@id":"https:\/\/www.secondastrada.com\/it\/#organization","name":"Seconda Strada","url":"https:\/\/www.secondastrada.com\/it\/","logo":{"@type":"ImageObject","inLanguage":"it-IT","@id":"https:\/\/www.secondastrada.com\/it\/#\/schema\/logo\/image\/","url":"https:\/\/www.secondastrada.com\/wp-content\/uploads\/2023\/11\/secondastrada-logo.svg","contentUrl":"https:\/\/www.secondastrada.com\/wp-content\/uploads\/2023\/11\/secondastrada-logo.svg","width":353,"height":47,"caption":"Seconda Strada"},"image":{"@id":"https:\/\/www.secondastrada.com\/it\/#\/schema\/logo\/image\/"}}]}},"df_price":44.99,"df_sale_price":"","df_regular_price":44.99,"df_image_link":"https:\/\/www.secondastrada.com\/wp-content\/uploads\/2026\/02\/DW0DW22461-OB_YBL_PE26_1-300x300.jpg","_links":{"self":[{"href":"https:\/\/www.secondastrada.com\/it\/wp-json\/wp\/v2\/product\/335641"}],"collection":[{"href":"https:\/\/www.secondastrada.com\/it\/wp-json\/wp\/v2\/product"}],"about":[{"href":"https:\/\/www.secondastrada.com\/it\/wp-json\/wp\/v2\/types\/product"}],"wp:featuredmedia":[{"embeddable":true,"href":"https:\/\/www.secondastrada.com\/it\/wp-json\/wp\/v2\/media\/336158"}],"wp:attachment":[{"href":"https:\/\/www.secondastrada.com\/it\/wp-json\/wp\/v2\/media?parent=335641"}],"wp:term":[{"taxonomy":"ss_brand","embeddable":true,"href":"https:\/\/www.secondastrada.com\/it\/wp-json\/wp\/v2\/ss_brand?post=335641"},{"taxonomy":"ss_promo","embeddable":true,"href":"https:\/\/www.secondastrada.com\/it\/wp-json\/wp\/v2\/ss_promo?post=335641"},{"taxonomy":"ss_season","embeddable":true,"href":"https:\/\/www.secondastrada.com\/it\/wp-json\/wp\/v2\/ss_season?post=335641"},{"taxonomy":"product_cat","embeddable":true,"href":"https:\/\/www.secondastrada.com\/it\/wp-json\/wp\/v2\/product_cat?post=335641"},{"taxonomy":"product_tag","embeddable":true,"href":"https:\/\/www.secondastrada.com\/it\/wp-json\/wp\/v2\/product_tag?post=335641"}],"curies":[{"name":"wp","href":"https:\/\/api.w.org\/{rel}","templated":true}]}}