{"id":335663,"date":"2026-02-11T12:54:10","date_gmt":"2026-02-11T11:54:10","guid":{"rendered":"https:\/\/www.secondastrada.com\/it\/maglia-calvin-klein-blu-2\/"},"modified":"2026-04-10T10:24:51","modified_gmt":"2026-04-10T08:24:51","slug":"maglia-calvin-klein-blu-2","status":"publish","type":"product","link":"https:\/\/www.secondastrada.com\/it\/maglia-calvin-klein-blu-2\/","title":{"rendered":"Maglia Calvin Klein Blu"},"content":{"rendered":"<p><b>Maglia CALVIN KLEIN Blu<\/b><br \/>\nEssenziale, moderna e facile da indossare ogni giorno, la <b>Maglia CALVIN KLEIN Blu<\/b> \u00e8 il capo perfetto per chi cerca comfort e stile in un\u2019unica soluzione. Il design pulito \u00e8 valorizzato dal girocollo classico e dal patch logo brand, dettaglio iconico che firma il modello con discrezione. Il colore blu, intramontabile e versatile, si adatta con naturalezza a diversi look, dal pi\u00f9 casual al pi\u00f9 curato.<\/p>\n<p>Realizzata in 60% cotone e 40% poliestere, questa <b>Maglia con Tessuto leggero, girocollo classico, patch logo brand<\/b> garantisce una piacevole sensazione sulla pelle e una buona traspirabilit\u00e0, ideale per le mezze stagioni. La <b>Maglia da uomo Adatta alla stagione primavera estate<\/b> presenta una vestibilit\u00e0 regolare che assicura libert\u00e0 di movimento e una linea equilibrata. Il modello \u00e8 alto 178 cm e indossa la taglia M, confermando un fit comodo e contemporaneo.<\/p>\n<p>Perfetta nel tempo libero, in occasioni casual o per un weekend fuori porta, questa maglia si presta anche a contesti informali in citt\u00e0. Puoi abbinarla a un paio di jeans per un look semplice e sempre attuale, oppure a pantaloni chino per uno stile pi\u00f9 ordinato ma rilassato. Completa l\u2019outfit con sneakers minimal per un risultato fresco e dinamico.<\/p>\n<p>Su SecondaStrada.com trovi solo prodotti originali, selezionati con cura per garantirti qualit\u00e0 e autenticit\u00e0. Codice articolo LV040EM217 OB.&lt;\/final<\/p>\n","protected":false},"excerpt":{"rendered":"<p>Maglia CALVIN KLEIN Blu Essenziale, moderna e facile da indossare ogni giorno, la Maglia CALVIN KLEIN Blu \u00e8 il capo perfetto per chi cerca comfort e stile in un\u2019unica soluzione. Il design pulito \u00e8 valorizzato dal girocollo classico e dal patch logo brand, dettaglio iconico che firma il modello con discrezione. Il colore blu, intramontabile&#8230;<\/p>\n","protected":false},"featured_media":336069,"template":"","meta":{"inline_featured_image":false},"ss_brand":[1305],"ss_promo":[],"ss_season":[2531],"product_cat":[1332,1629,2279,1482,1714],"product_tag":[1753,1993],"class_list":{"0":"post-335663","1":"product","2":"type-product","3":"status-publish","4":"has-post-thumbnail","6":"ss_brand-calvin-klein-uomo","7":"ss_season-pe26","8":"product_cat-abbigliamento-uomo","9":"product_cat-maglioni-girocollo-da-uomo","10":"product_cat-maglie-in-cotone-da-uomo","11":"product_cat-maglioni-da-uomo","12":"product_cat-collezione-uomo","13":"product_tag-maglioni-e-maglie-calvin-klein-uomo","14":"product_tag-nuovi-arrivi-uomo","16":"first","17":"instock","18":"shipping-taxable","19":"purchasable","20":"product-type-variable","21":"has-default-attributes"},"acf":{"ss_brand":[{"term_id":1305,"name":"CALVIN KLEIN","slug":"calvin-klein-uomo","term_group":0,"term_taxonomy_id":1305,"taxonomy":"ss_brand","description":"Calvin Klein si afferma nell\u2019universo casual con un design privo di orpelli e funzionale. Vestiti di semplicit\u00e0 con le offerte che abbiamo preparato per te!\u00a0Acquista online su SecondaStrada.com <strong>abbigliamento da uomo CALVIN KLEIN scontatissimo<\/strong>!","parent":1268,"count":344,"filter":"raw"}],"ss_promo":false,"ss_season":[{"term_id":2531,"name":"PE26","slug":"pe26","term_group":0,"term_taxonomy_id":2531,"taxonomy":"ss_season","description":"","parent":0,"count":1969,"filter":"raw"}],"ss_old_price":"59,90","ss_omnibus_price":"0,00","ss_style_advice":"<p><b>Maglia CALVIN KLEIN Blu<\/b><br \/>\nEssenziale, moderna e facile da indossare ogni giorno, la <b>Maglia CALVIN KLEIN Blu<\/b> \u00e8 il capo perfetto per chi cerca comfort e stile in un\u2019unica soluzione. Il design pulito \u00e8 valorizzato dal girocollo classico e dal patch logo brand, dettaglio iconico che firma il modello con discrezione. Il colore blu, intramontabile e versatile, si adatta con naturalezza a diversi look, dal pi\u00f9 casual al pi\u00f9 curato.<\/p>\n<p>Realizzata in 60% cotone e 40% poliestere, questa <b>Maglia con Tessuto leggero, girocollo classico, patch logo brand<\/b> garantisce una piacevole sensazione sulla pelle e una buona traspirabilit\u00e0, ideale per le mezze stagioni. La <b>Maglia da uomo Adatta alla stagione primavera estate<\/b> presenta una vestibilit\u00e0 regolare che assicura libert\u00e0 di movimento e una linea equilibrata. Il modello \u00e8 alto 178 cm e indossa la taglia M, confermando un fit comodo e contemporaneo.<\/p>\n<p>Perfetta nel tempo libero, in occasioni casual o per un weekend fuori porta, questa maglia si presta anche a contesti informali in citt\u00e0. Puoi abbinarla a un paio di jeans per un look semplice e sempre attuale, oppure a pantaloni chino per uno stile pi\u00f9 ordinato ma rilassato. Completa l\u2019outfit con sneakers minimal per un risultato fresco e dinamico.<\/p>\n<p>Su SecondaStrada.com trovi solo prodotti originali, selezionati con cura per garantirti qualit\u00e0 e autenticit\u00e0. Codice articolo LV040EM217 OB.<\/final\n<\/p>\n","ss_composition":"<p>60% cotone 40% poliestere<\/p>\n","ss_fit":"<p>Il modello \u00e8 alto 178 cm e indossa la taglia M. La vestibilit\u00e0 del capo \u00e8 regolare.<\/p>\n"},"yoast_head":"<!-- This site is optimized with the Yoast SEO plugin v22.3 - https:\/\/yoast.com\/wordpress\/plugins\/seo\/ -->\n<title>Maglia Calvin Klein Blu - Acquista online! - Seconda Strada<\/title>\n<meta name=\"description\" content=\"Maglia Calvin Klein Blu \u27a4 Acquista online su Secondastrada.com Maglia Calvin Klein Blu \u2714\ufe0f Spedizione veloce entro 24h in tutta Italia \u2714\ufe0f Sconto sul tuo primo acquisto\" \/>\n<meta name=\"robots\" content=\"index, follow, max-snippet:-1, max-image-preview:large, max-video-preview:-1\" \/>\n<link rel=\"canonical\" href=\"https:\/\/www.secondastrada.com\/it\/maglia-calvin-klein-blu-2\/\" \/>\n<meta property=\"og:locale\" content=\"it_IT\" \/>\n<meta property=\"og:type\" content=\"article\" \/>\n<meta property=\"og:title\" content=\"Maglia Calvin Klein Blu - Acquista online! - Seconda Strada\" \/>\n<meta property=\"og:description\" content=\"Maglia Calvin Klein Blu \u27a4 Acquista online su Secondastrada.com Maglia Calvin Klein Blu \u2714\ufe0f Spedizione veloce entro 24h in tutta Italia \u2714\ufe0f Sconto sul tuo primo acquisto\" \/>\n<meta property=\"og:url\" content=\"https:\/\/www.secondastrada.com\/it\/maglia-calvin-klein-blu-2\/\" \/>\n<meta property=\"og:site_name\" content=\"Seconda Strada\" \/>\n<meta property=\"article:modified_time\" content=\"2026-04-10T08:24:51+00:00\" \/>\n<meta property=\"og:image\" content=\"https:\/\/www.secondastrada.com\/wp-content\/uploads\/2026\/02\/LV040EM217-OB_WFW_PE26_1.jpg\" \/>\n\t<meta property=\"og:image:width\" content=\"1000\" \/>\n\t<meta property=\"og:image:height\" content=\"1300\" \/>\n\t<meta property=\"og:image:type\" content=\"image\/jpeg\" \/>\n<meta name=\"twitter:card\" content=\"summary_large_image\" \/>\n<meta name=\"twitter:label1\" content=\"Tempo di lettura stimato\" \/>\n\t<meta name=\"twitter:data1\" content=\"1 minuto\" \/>\n<!-- \/ Yoast SEO plugin. -->","yoast_head_json":{"title":"Maglia Calvin Klein Blu - Acquista online! - Seconda Strada","description":"Maglia Calvin Klein Blu \u27a4 Acquista online su Secondastrada.com Maglia Calvin Klein Blu \u2714\ufe0f Spedizione veloce entro 24h in tutta Italia \u2714\ufe0f Sconto sul tuo primo acquisto","robots":{"index":"index","follow":"follow","max-snippet":"max-snippet:-1","max-image-preview":"max-image-preview:large","max-video-preview":"max-video-preview:-1"},"canonical":"https:\/\/www.secondastrada.com\/it\/maglia-calvin-klein-blu-2\/","og_locale":"it_IT","og_type":"article","og_title":"Maglia Calvin Klein Blu - Acquista online! - Seconda Strada","og_description":"Maglia Calvin Klein Blu \u27a4 Acquista online su Secondastrada.com Maglia Calvin Klein Blu \u2714\ufe0f Spedizione veloce entro 24h in tutta Italia \u2714\ufe0f Sconto sul tuo primo acquisto","og_url":"https:\/\/www.secondastrada.com\/it\/maglia-calvin-klein-blu-2\/","og_site_name":"Seconda Strada","article_modified_time":"2026-04-10T08:24:51+00:00","og_image":[{"width":1000,"height":1300,"url":"https:\/\/www.secondastrada.com\/wp-content\/uploads\/2026\/02\/LV040EM217-OB_WFW_PE26_1.jpg","type":"image\/jpeg"}],"twitter_card":"summary_large_image","twitter_misc":{"Tempo di lettura stimato":"1 minuto"},"schema":{"@context":"https:\/\/schema.org","@graph":[{"@type":"WebPage","@id":"https:\/\/www.secondastrada.com\/it\/maglia-calvin-klein-blu-2\/","url":"https:\/\/www.secondastrada.com\/it\/maglia-calvin-klein-blu-2\/","name":"Maglia Calvin Klein Blu - Acquista online! - Seconda Strada","isPartOf":{"@id":"https:\/\/www.secondastrada.com\/it\/#website"},"primaryImageOfPage":{"@id":"https:\/\/www.secondastrada.com\/it\/maglia-calvin-klein-blu-2\/#primaryimage"},"image":{"@id":"https:\/\/www.secondastrada.com\/it\/maglia-calvin-klein-blu-2\/#primaryimage"},"thumbnailUrl":"https:\/\/www.secondastrada.com\/wp-content\/uploads\/2026\/02\/LV040EM217-OB_WFW_PE26_1.jpg","datePublished":"2026-02-11T11:54:10+00:00","dateModified":"2026-04-10T08:24:51+00:00","description":"Maglia Calvin Klein Blu \u27a4 Acquista online su Secondastrada.com Maglia Calvin Klein Blu \u2714\ufe0f Spedizione veloce entro 24h in tutta Italia \u2714\ufe0f Sconto sul tuo primo acquisto","breadcrumb":{"@id":"https:\/\/www.secondastrada.com\/it\/maglia-calvin-klein-blu-2\/#breadcrumb"},"inLanguage":"it-IT","potentialAction":[{"@type":"ReadAction","target":["https:\/\/www.secondastrada.com\/it\/maglia-calvin-klein-blu-2\/"]}]},{"@type":"ImageObject","inLanguage":"it-IT","@id":"https:\/\/www.secondastrada.com\/it\/maglia-calvin-klein-blu-2\/#primaryimage","url":"https:\/\/www.secondastrada.com\/wp-content\/uploads\/2026\/02\/LV040EM217-OB_WFW_PE26_1.jpg","contentUrl":"https:\/\/www.secondastrada.com\/wp-content\/uploads\/2026\/02\/LV040EM217-OB_WFW_PE26_1.jpg","width":1000,"height":1300,"caption":"LV040EM217-OB_WFW_PE26"},{"@type":"BreadcrumbList","@id":"https:\/\/www.secondastrada.com\/it\/maglia-calvin-klein-blu-2\/#breadcrumb","itemListElement":[{"@type":"ListItem","position":1,"name":"Home","item":"https:\/\/www.secondastrada.com\/it\/"},{"@type":"ListItem","position":2,"name":"Shop","item":"https:\/\/www.secondastrada.com\/it\/shop\/"},{"@type":"ListItem","position":3,"name":"Uomo","item":"https:\/\/www.secondastrada.com\/it\/collezione-uomo\/"},{"@type":"ListItem","position":4,"name":"Abbigliamento","item":"https:\/\/www.secondastrada.com\/it\/collezione-uomo\/abbigliamento-uomo\/"},{"@type":"ListItem","position":5,"name":"Maglioni e Maglie","item":"https:\/\/www.secondastrada.com\/it\/collezione-uomo\/abbigliamento-uomo\/maglioni-da-uomo\/"},{"@type":"ListItem","position":6,"name":"Maglie girocollo","item":"https:\/\/www.secondastrada.com\/it\/collezione-uomo\/abbigliamento-uomo\/maglioni-da-uomo\/maglioni-girocollo-da-uomo\/"},{"@type":"ListItem","position":7,"name":"Maglia Calvin Klein Blu"}]},{"@type":"WebSite","@id":"https:\/\/www.secondastrada.com\/it\/#website","url":"https:\/\/www.secondastrada.com\/it\/","name":"Seconda Strada","description":"","publisher":{"@id":"https:\/\/www.secondastrada.com\/it\/#organization"},"potentialAction":[{"@type":"SearchAction","target":{"@type":"EntryPoint","urlTemplate":"https:\/\/www.secondastrada.com\/it\/?s={search_term_string}"},"query-input":"required name=search_term_string"}],"inLanguage":"it-IT"},{"@type":"Organization","@id":"https:\/\/www.secondastrada.com\/it\/#organization","name":"Seconda Strada","url":"https:\/\/www.secondastrada.com\/it\/","logo":{"@type":"ImageObject","inLanguage":"it-IT","@id":"https:\/\/www.secondastrada.com\/it\/#\/schema\/logo\/image\/","url":"https:\/\/www.secondastrada.com\/wp-content\/uploads\/2023\/11\/secondastrada-logo.svg","contentUrl":"https:\/\/www.secondastrada.com\/wp-content\/uploads\/2023\/11\/secondastrada-logo.svg","width":353,"height":47,"caption":"Seconda Strada"},"image":{"@id":"https:\/\/www.secondastrada.com\/it\/#\/schema\/logo\/image\/"}}]}},"df_price":54.99,"df_sale_price":"","df_regular_price":54.99,"df_image_link":"https:\/\/www.secondastrada.com\/wp-content\/uploads\/2026\/02\/LV040EM217-OB_WFW_PE26_1-300x300.jpg","_links":{"self":[{"href":"https:\/\/www.secondastrada.com\/it\/wp-json\/wp\/v2\/product\/335663"}],"collection":[{"href":"https:\/\/www.secondastrada.com\/it\/wp-json\/wp\/v2\/product"}],"about":[{"href":"https:\/\/www.secondastrada.com\/it\/wp-json\/wp\/v2\/types\/product"}],"wp:featuredmedia":[{"embeddable":true,"href":"https:\/\/www.secondastrada.com\/it\/wp-json\/wp\/v2\/media\/336069"}],"wp:attachment":[{"href":"https:\/\/www.secondastrada.com\/it\/wp-json\/wp\/v2\/media?parent=335663"}],"wp:term":[{"taxonomy":"ss_brand","embeddable":true,"href":"https:\/\/www.secondastrada.com\/it\/wp-json\/wp\/v2\/ss_brand?post=335663"},{"taxonomy":"ss_promo","embeddable":true,"href":"https:\/\/www.secondastrada.com\/it\/wp-json\/wp\/v2\/ss_promo?post=335663"},{"taxonomy":"ss_season","embeddable":true,"href":"https:\/\/www.secondastrada.com\/it\/wp-json\/wp\/v2\/ss_season?post=335663"},{"taxonomy":"product_cat","embeddable":true,"href":"https:\/\/www.secondastrada.com\/it\/wp-json\/wp\/v2\/product_cat?post=335663"},{"taxonomy":"product_tag","embeddable":true,"href":"https:\/\/www.secondastrada.com\/it\/wp-json\/wp\/v2\/product_tag?post=335663"}],"curies":[{"name":"wp","href":"https:\/\/api.w.org\/{rel}","templated":true}]}}