{"id":335707,"date":"2026-02-13T12:40:01","date_gmt":"2026-02-13T11:40:01","guid":{"rendered":"https:\/\/www.secondastrada.com\/it\/maglia-calvin-klein-bianco-3\/"},"modified":"2026-04-03T00:20:10","modified_gmt":"2026-04-02T22:20:10","slug":"maglia-calvin-klein-bianco-3","status":"publish","type":"product","link":"https:\/\/www.secondastrada.com\/it\/maglia-calvin-klein-bianco-3\/","title":{"rendered":"Maglia Calvin Klein Bianco"},"content":{"rendered":"<p><b>Maglia CALVIN KLEIN Bianca<\/b><br \/>\nLuminosa, versatile e dal fascino essenziale, la <b>Maglia CALVIN KLEIN Bianca<\/b> \u00e8 il capo perfetto per completare il tuo guardaroba con uno stile pulito ma ricercato. Il design si distingue per la <b>Maglia con Scollo a V, colletto alla peter pan e patch logo brand<\/b>, dettagli che aggiungono un tocco femminile e contemporaneo, mantenendo l\u2019eleganza minimal tipica del brand.<\/p>\n<p>Realizzata in 94% cotone e 6% elastane, garantisce comfort, morbidezza e una vestibilit\u00e0 che segue delicatamente le forme senza costringere. \u00c8 una <b>Maglia da donna adatta a tutte le stagioni<\/b>, ideale da indossare da sola nelle giornate pi\u00f9 miti o sotto cardigan e blazer nei periodi pi\u00f9 freschi. La vestibilit\u00e0 \u00e8 regolare: la modella \u00e8 alta 165 cm e indossa la taglia S, per offrirti un riferimento pratico nella scelta della misura.<\/p>\n<p>Puoi indossarla nel tempo libero, in occasioni casual o anche in ufficio per un look semplice ma curato. Abbinala a un paio di jeans per uno stile quotidiano fresco e dinamico, oppure scegli pantaloni sartoriali per un outfit pi\u00f9 raffinato e femminile.<\/p>\n<p>Su SecondaStrada.com trovi solo prodotti originali e selezionati con attenzione.<br \/>\n<b>Codice articolo: LV047E203G OB<\/b><\/p>\n","protected":false},"excerpt":{"rendered":"<p>Maglia CALVIN KLEIN Bianca Luminosa, versatile e dal fascino essenziale, la Maglia CALVIN KLEIN Bianca \u00e8 il capo perfetto per completare il tuo guardaroba con uno stile pulito ma ricercato. Il design si distingue per la Maglia con Scollo a V, colletto alla peter pan e patch logo brand, dettagli che aggiungono un tocco femminile&#8230;<\/p>\n","protected":false},"featured_media":336288,"template":"","meta":{"inline_featured_image":false},"ss_brand":[1867],"ss_promo":[],"ss_season":[2531],"product_cat":[1329,1658,2278,1602,1535],"product_tag":[2442,1995],"class_list":{"0":"post-335707","1":"product","2":"type-product","3":"status-publish","4":"has-post-thumbnail","6":"ss_brand-calvin-klein-donna","7":"ss_season-pe26","8":"product_cat-abbigliamento-donna","9":"product_cat-collezione-donna","10":"product_cat-maglie-in-cotone-da-donna","11":"product_cat-maglie-scollo-a-v-da-donna","12":"product_cat-maglie-da-donna","13":"product_tag-maglieria-calvin-klein-donna","14":"product_tag-nuovi-arrivi-donna","16":"first","17":"outofstock","18":"shipping-taxable","19":"product-type-variable","20":"has-default-attributes"},"acf":{"ss_brand":[{"term_id":1867,"name":"CALVIN KLEIN","slug":"calvin-klein-donna","term_group":0,"term_taxonomy_id":1867,"taxonomy":"ss_brand","description":"Calvin Klein \u00e8 la moda casual semplice e funzionale. Scopri subito le nostre offerte!\u00a0Acquista online su SecondaStrada.com abbigliamento da donna CALVIN KLEIN scontatissimo!","parent":1201,"count":352,"filter":"raw"}],"ss_promo":false,"ss_season":[{"term_id":2531,"name":"PE26","slug":"pe26","term_group":0,"term_taxonomy_id":2531,"taxonomy":"ss_season","description":"","parent":0,"count":1294,"filter":"raw"}],"ss_old_price":"59,90","ss_omnibus_price":"0,00","ss_style_advice":"<p><b>Maglia CALVIN KLEIN Bianca<\/b><br \/>\nLuminosa, versatile e dal fascino essenziale, la <b>Maglia CALVIN KLEIN Bianca<\/b> \u00e8 il capo perfetto per completare il tuo guardaroba con uno stile pulito ma ricercato. Il design si distingue per la <b>Maglia con Scollo a V, colletto alla peter pan e patch logo brand<\/b>, dettagli che aggiungono un tocco femminile e contemporaneo, mantenendo l\u2019eleganza minimal tipica del brand.<\/p>\n<p>Realizzata in 94% cotone e 6% elastane, garantisce comfort, morbidezza e una vestibilit\u00e0 che segue delicatamente le forme senza costringere. \u00c8 una <b>Maglia da donna adatta a tutte le stagioni<\/b>, ideale da indossare da sola nelle giornate pi\u00f9 miti o sotto cardigan e blazer nei periodi pi\u00f9 freschi. La vestibilit\u00e0 \u00e8 regolare: la modella \u00e8 alta 165 cm e indossa la taglia S, per offrirti un riferimento pratico nella scelta della misura.<\/p>\n<p>Puoi indossarla nel tempo libero, in occasioni casual o anche in ufficio per un look semplice ma curato. Abbinala a un paio di jeans per uno stile quotidiano fresco e dinamico, oppure scegli pantaloni sartoriali per un outfit pi\u00f9 raffinato e femminile.<\/p>\n<p>Su SecondaStrada.com trovi solo prodotti originali e selezionati con attenzione.<br \/>\n<b>Codice articolo: LV047E203G OB<\/b><\/p>\n","ss_composition":"<p>94% cotone 6% elastane<\/p>\n","ss_fit":"<p>La modella \u00e8 alta 165 cm e indossa la taglia S. La vestibilit\u00e0 del capo \u00e8 regolare.<\/p>\n"},"yoast_head":"<!-- This site is optimized with the Yoast SEO plugin v22.3 - https:\/\/yoast.com\/wordpress\/plugins\/seo\/ -->\n<title>Maglia Calvin Klein Bianco - Acquista online! - Seconda Strada<\/title>\n<meta name=\"description\" content=\"Maglia Calvin Klein Bianco \u27a4 Acquista online su Secondastrada.com Maglia Calvin Klein Bianco \u2714\ufe0f Spedizione veloce entro 24h in tutta Italia \u2714\ufe0f Sconto sul tuo primo acquisto\" \/>\n<meta name=\"robots\" content=\"index, follow, max-snippet:-1, max-image-preview:large, max-video-preview:-1\" \/>\n<link rel=\"canonical\" href=\"https:\/\/www.secondastrada.com\/it\/maglia-calvin-klein-bianco-3\/\" \/>\n<meta property=\"og:locale\" content=\"it_IT\" \/>\n<meta property=\"og:type\" content=\"article\" \/>\n<meta property=\"og:title\" content=\"Maglia Calvin Klein Bianco - Acquista online! - Seconda Strada\" \/>\n<meta property=\"og:description\" content=\"Maglia Calvin Klein Bianco \u27a4 Acquista online su Secondastrada.com Maglia Calvin Klein Bianco \u2714\ufe0f Spedizione veloce entro 24h in tutta Italia \u2714\ufe0f Sconto sul tuo primo acquisto\" \/>\n<meta property=\"og:url\" content=\"https:\/\/www.secondastrada.com\/it\/maglia-calvin-klein-bianco-3\/\" \/>\n<meta property=\"og:site_name\" content=\"Seconda Strada\" \/>\n<meta property=\"article:modified_time\" content=\"2026-04-02T22:20:10+00:00\" \/>\n<meta property=\"og:image\" content=\"https:\/\/www.secondastrada.com\/wp-content\/uploads\/2026\/02\/LV047E203G-OB_YAA_PE26_1.jpg\" \/>\n\t<meta property=\"og:image:width\" content=\"1000\" \/>\n\t<meta property=\"og:image:height\" content=\"1300\" \/>\n\t<meta property=\"og:image:type\" content=\"image\/jpeg\" \/>\n<meta name=\"twitter:card\" content=\"summary_large_image\" \/>\n<meta name=\"twitter:label1\" content=\"Tempo di lettura stimato\" \/>\n\t<meta name=\"twitter:data1\" content=\"1 minuto\" \/>\n<!-- \/ Yoast SEO plugin. -->","yoast_head_json":{"title":"Maglia Calvin Klein Bianco - Acquista online! - Seconda Strada","description":"Maglia Calvin Klein Bianco \u27a4 Acquista online su Secondastrada.com Maglia Calvin Klein Bianco \u2714\ufe0f Spedizione veloce entro 24h in tutta Italia \u2714\ufe0f Sconto sul tuo primo acquisto","robots":{"index":"index","follow":"follow","max-snippet":"max-snippet:-1","max-image-preview":"max-image-preview:large","max-video-preview":"max-video-preview:-1"},"canonical":"https:\/\/www.secondastrada.com\/it\/maglia-calvin-klein-bianco-3\/","og_locale":"it_IT","og_type":"article","og_title":"Maglia Calvin Klein Bianco - Acquista online! - Seconda Strada","og_description":"Maglia Calvin Klein Bianco \u27a4 Acquista online su Secondastrada.com Maglia Calvin Klein Bianco \u2714\ufe0f Spedizione veloce entro 24h in tutta Italia \u2714\ufe0f Sconto sul tuo primo acquisto","og_url":"https:\/\/www.secondastrada.com\/it\/maglia-calvin-klein-bianco-3\/","og_site_name":"Seconda Strada","article_modified_time":"2026-04-02T22:20:10+00:00","og_image":[{"width":1000,"height":1300,"url":"https:\/\/www.secondastrada.com\/wp-content\/uploads\/2026\/02\/LV047E203G-OB_YAA_PE26_1.jpg","type":"image\/jpeg"}],"twitter_card":"summary_large_image","twitter_misc":{"Tempo di lettura stimato":"1 minuto"},"schema":{"@context":"https:\/\/schema.org","@graph":[{"@type":"WebPage","@id":"https:\/\/www.secondastrada.com\/it\/maglia-calvin-klein-bianco-3\/","url":"https:\/\/www.secondastrada.com\/it\/maglia-calvin-klein-bianco-3\/","name":"Maglia Calvin Klein Bianco - Acquista online! - Seconda Strada","isPartOf":{"@id":"https:\/\/www.secondastrada.com\/it\/#website"},"primaryImageOfPage":{"@id":"https:\/\/www.secondastrada.com\/it\/maglia-calvin-klein-bianco-3\/#primaryimage"},"image":{"@id":"https:\/\/www.secondastrada.com\/it\/maglia-calvin-klein-bianco-3\/#primaryimage"},"thumbnailUrl":"https:\/\/www.secondastrada.com\/wp-content\/uploads\/2026\/02\/LV047E203G-OB_YAA_PE26_1.jpg","datePublished":"2026-02-13T11:40:01+00:00","dateModified":"2026-04-02T22:20:10+00:00","description":"Maglia Calvin Klein Bianco \u27a4 Acquista online su Secondastrada.com Maglia Calvin Klein Bianco \u2714\ufe0f Spedizione veloce entro 24h in tutta Italia \u2714\ufe0f Sconto sul tuo primo acquisto","breadcrumb":{"@id":"https:\/\/www.secondastrada.com\/it\/maglia-calvin-klein-bianco-3\/#breadcrumb"},"inLanguage":"it-IT","potentialAction":[{"@type":"ReadAction","target":["https:\/\/www.secondastrada.com\/it\/maglia-calvin-klein-bianco-3\/"]}]},{"@type":"ImageObject","inLanguage":"it-IT","@id":"https:\/\/www.secondastrada.com\/it\/maglia-calvin-klein-bianco-3\/#primaryimage","url":"https:\/\/www.secondastrada.com\/wp-content\/uploads\/2026\/02\/LV047E203G-OB_YAA_PE26_1.jpg","contentUrl":"https:\/\/www.secondastrada.com\/wp-content\/uploads\/2026\/02\/LV047E203G-OB_YAA_PE26_1.jpg","width":1000,"height":1300,"caption":"LV047E203G-OB_YAA_PE26"},{"@type":"BreadcrumbList","@id":"https:\/\/www.secondastrada.com\/it\/maglia-calvin-klein-bianco-3\/#breadcrumb","itemListElement":[{"@type":"ListItem","position":1,"name":"Home","item":"https:\/\/www.secondastrada.com\/it\/"},{"@type":"ListItem","position":2,"name":"Shop","item":"https:\/\/www.secondastrada.com\/it\/shop\/"},{"@type":"ListItem","position":3,"name":"Donna","item":"https:\/\/www.secondastrada.com\/it\/collezione-donna\/"},{"@type":"ListItem","position":4,"name":"Abbigliamento","item":"https:\/\/www.secondastrada.com\/it\/collezione-donna\/abbigliamento-donna\/"},{"@type":"ListItem","position":5,"name":"Maglieria","item":"https:\/\/www.secondastrada.com\/it\/collezione-donna\/abbigliamento-donna\/maglie-da-donna\/"},{"@type":"ListItem","position":6,"name":"Maglie in cotone","item":"https:\/\/www.secondastrada.com\/it\/collezione-donna\/abbigliamento-donna\/maglie-da-donna\/maglie-in-cotone-da-donna\/"},{"@type":"ListItem","position":7,"name":"Maglia Calvin Klein Bianco"}]},{"@type":"WebSite","@id":"https:\/\/www.secondastrada.com\/it\/#website","url":"https:\/\/www.secondastrada.com\/it\/","name":"Seconda Strada","description":"","publisher":{"@id":"https:\/\/www.secondastrada.com\/it\/#organization"},"potentialAction":[{"@type":"SearchAction","target":{"@type":"EntryPoint","urlTemplate":"https:\/\/www.secondastrada.com\/it\/?s={search_term_string}"},"query-input":"required name=search_term_string"}],"inLanguage":"it-IT"},{"@type":"Organization","@id":"https:\/\/www.secondastrada.com\/it\/#organization","name":"Seconda Strada","url":"https:\/\/www.secondastrada.com\/it\/","logo":{"@type":"ImageObject","inLanguage":"it-IT","@id":"https:\/\/www.secondastrada.com\/it\/#\/schema\/logo\/image\/","url":"https:\/\/www.secondastrada.com\/wp-content\/uploads\/2023\/11\/secondastrada-logo.svg","contentUrl":"https:\/\/www.secondastrada.com\/wp-content\/uploads\/2023\/11\/secondastrada-logo.svg","width":353,"height":47,"caption":"Seconda Strada"},"image":{"@id":"https:\/\/www.secondastrada.com\/it\/#\/schema\/logo\/image\/"}}]}},"df_price":"","df_sale_price":"","df_regular_price":"","df_image_link":"https:\/\/www.secondastrada.com\/wp-content\/uploads\/2026\/02\/LV047E203G-OB_YAA_PE26_1-300x300.jpg","_links":{"self":[{"href":"https:\/\/www.secondastrada.com\/it\/wp-json\/wp\/v2\/product\/335707"}],"collection":[{"href":"https:\/\/www.secondastrada.com\/it\/wp-json\/wp\/v2\/product"}],"about":[{"href":"https:\/\/www.secondastrada.com\/it\/wp-json\/wp\/v2\/types\/product"}],"wp:featuredmedia":[{"embeddable":true,"href":"https:\/\/www.secondastrada.com\/it\/wp-json\/wp\/v2\/media\/336288"}],"wp:attachment":[{"href":"https:\/\/www.secondastrada.com\/it\/wp-json\/wp\/v2\/media?parent=335707"}],"wp:term":[{"taxonomy":"ss_brand","embeddable":true,"href":"https:\/\/www.secondastrada.com\/it\/wp-json\/wp\/v2\/ss_brand?post=335707"},{"taxonomy":"ss_promo","embeddable":true,"href":"https:\/\/www.secondastrada.com\/it\/wp-json\/wp\/v2\/ss_promo?post=335707"},{"taxonomy":"ss_season","embeddable":true,"href":"https:\/\/www.secondastrada.com\/it\/wp-json\/wp\/v2\/ss_season?post=335707"},{"taxonomy":"product_cat","embeddable":true,"href":"https:\/\/www.secondastrada.com\/it\/wp-json\/wp\/v2\/product_cat?post=335707"},{"taxonomy":"product_tag","embeddable":true,"href":"https:\/\/www.secondastrada.com\/it\/wp-json\/wp\/v2\/product_tag?post=335707"}],"curies":[{"name":"wp","href":"https:\/\/api.w.org\/{rel}","templated":true}]}}