{"id":336640,"date":"2026-02-17T12:25:24","date_gmt":"2026-02-17T11:25:24","guid":{"rendered":"https:\/\/www.secondastrada.com\/it\/maglia-yes-zee-azzurro-2\/"},"modified":"2026-03-26T17:14:44","modified_gmt":"2026-03-26T16:14:44","slug":"maglia-yes-zee-azzurro-2","status":"publish","type":"product","link":"https:\/\/www.secondastrada.com\/it\/maglia-yes-zee-azzurro-2\/","title":{"rendered":"Maglia Yes Zee Azzurro"},"content":{"rendered":"<p><b>Maglia YES ZEE Azzurra<\/b><br \/>\nLa Maglia YES ZEE Azzurra \u00e8 la scelta ideale se desideri un capo fresco, luminoso e versatile, perfetto per valorizzare i tuoi look quotidiani con un tocco delicato. Questa maglia da donna adatta alla stagione primavera estate unisce comfort e stile in una proposta femminile e facile da abbinare.<br \/>\nRealizzata in 89% viscosa e 11% poliamide, offre una texture morbida e leggera, piacevole da indossare anche nelle giornate pi\u00f9 miti. La Maglia con Tessuto traforato, total azzurro, girocollo classico si distingue per il suo design raffinato: il tessuto traforato crea un elegante gioco di trasparenze, mentre il colore azzurro dona luce all\u2019incarnato e aggiunge un tocco di freschezza al tuo outfit. La vestibilit\u00e0 \u00e8 regolare e segue le linee del corpo senza segnare. La modella \u00e8 alta 165 cm e indossa la taglia S, per aiutarti a scegliere la misura pi\u00f9 adatta a te.<br \/>\nPuoi indossarla in ufficio sotto un blazer per un look professionale ma leggero, oppure nel tempo libero con un paio di jeans per uno stile casual curato. Per un outfit pi\u00f9 coordinato, abbinala a pantaloni tono su tono o a un modello bianco per esaltare la luminosit\u00e0 dell\u2019azzurro.<br \/>\nVersatile e contemporanea, la Maglia YES ZEE Azzurra \u00e8 un capo pensato per accompagnarti con eleganza ogni giorno. Su SecondaStrada.com trovi solo prodotti originali e garantiti. Codice articolo M444 I400.<\/p>\n","protected":false},"excerpt":{"rendered":"<p>Maglia YES ZEE Azzurra La Maglia YES ZEE Azzurra \u00e8 la scelta ideale se desideri un capo fresco, luminoso e versatile, perfetto per valorizzare i tuoi look quotidiani con un tocco delicato. Questa maglia da donna adatta alla stagione primavera estate unisce comfort e stile in una proposta femminile e facile da abbinare. Realizzata in&#8230;<\/p>\n","protected":false},"featured_media":336973,"template":"","meta":{"inline_featured_image":false},"ss_brand":[1208],"ss_promo":[],"ss_season":[2531],"product_cat":[1329,1658,1603,2278,1535],"product_tag":[1798,1995],"class_list":{"0":"post-336640","1":"product","2":"type-product","3":"status-publish","4":"has-post-thumbnail","6":"ss_brand-yes-zee-donna","7":"ss_season-pe26","8":"product_cat-abbigliamento-donna","9":"product_cat-collezione-donna","10":"product_cat-maglie-girocollo-da-donna","11":"product_cat-maglie-in-cotone-da-donna","12":"product_cat-maglie-da-donna","13":"product_tag-maglieria-yes-zee-donna","14":"product_tag-nuovi-arrivi-donna","16":"first","17":"instock","18":"sale","19":"shipping-taxable","20":"purchasable","21":"product-type-variable","22":"has-default-attributes"},"acf":{"ss_brand":[{"term_id":1208,"name":"YES ZEE","slug":"yes-zee-donna","term_group":0,"term_taxonomy_id":1208,"taxonomy":"ss_brand","description":"Libera il tuo istinto fashion e lasciati ispirare dalle collezioni da donna <strong>Yes Zee<\/strong> sempre all\u2019avanguardia e non perdere le nostre <strong>offerte imbattibili<\/strong>!\u00a0Acquista online su SecondaStrada.com <strong>abbigliamento da donna Yes Zee scontatissimo<\/strong>!","parent":1201,"count":718,"filter":"raw"}],"ss_promo":false,"ss_season":[{"term_id":2531,"name":"PE26","slug":"pe26","term_group":0,"term_taxonomy_id":2531,"taxonomy":"ss_season","description":"","parent":0,"count":1148,"filter":"raw"}],"ss_old_price":"0,00","ss_omnibus_price":"0,00","ss_style_advice":"<p><b>Maglia YES ZEE Azzurra<\/b><br \/>\nLa Maglia YES ZEE Azzurra \u00e8 la scelta ideale se desideri un capo fresco, luminoso e versatile, perfetto per valorizzare i tuoi look quotidiani con un tocco delicato. Questa maglia da donna adatta alla stagione primavera estate unisce comfort e stile in una proposta femminile e facile da abbinare.<br \/>\nRealizzata in 89% viscosa e 11% poliamide, offre una texture morbida e leggera, piacevole da indossare anche nelle giornate pi\u00f9 miti. La Maglia con Tessuto traforato, total azzurro, girocollo classico si distingue per il suo design raffinato: il tessuto traforato crea un elegante gioco di trasparenze, mentre il colore azzurro dona luce all\u2019incarnato e aggiunge un tocco di freschezza al tuo outfit. La vestibilit\u00e0 \u00e8 regolare e segue le linee del corpo senza segnare. La modella \u00e8 alta 165 cm e indossa la taglia S, per aiutarti a scegliere la misura pi\u00f9 adatta a te.<br \/>\nPuoi indossarla in ufficio sotto un blazer per un look professionale ma leggero, oppure nel tempo libero con un paio di jeans per uno stile casual curato. Per un outfit pi\u00f9 coordinato, abbinala a pantaloni tono su tono o a un modello bianco per esaltare la luminosit\u00e0 dell\u2019azzurro.<br \/>\nVersatile e contemporanea, la Maglia YES ZEE Azzurra \u00e8 un capo pensato per accompagnarti con eleganza ogni giorno. Su SecondaStrada.com trovi solo prodotti originali e garantiti. Codice articolo M444 I400.<\/p>\n","ss_composition":"<p>89% viscosa 11% poliamide<\/p>\n","ss_fit":"<p>La modella \u00e8 alta 165 cm e indossa la taglia S. La vestibilit\u00e0 del capo \u00e8 regolare.<\/p>\n"},"yoast_head":"<!-- This site is optimized with the Yoast SEO plugin v22.3 - https:\/\/yoast.com\/wordpress\/plugins\/seo\/ -->\n<title>Maglia Yes Zee Azzurro - Acquista online! - Seconda Strada<\/title>\n<meta name=\"description\" content=\"Maglia Yes Zee Azzurro \u27a4 Acquista online su Secondastrada.com Maglia Yes Zee Azzurro \u2714\ufe0f Spedizione veloce entro 24h in tutta Italia \u2714\ufe0f Sconto sul tuo primo acquisto\" \/>\n<meta name=\"robots\" content=\"index, follow, max-snippet:-1, max-image-preview:large, max-video-preview:-1\" \/>\n<link rel=\"canonical\" href=\"https:\/\/www.secondastrada.com\/it\/maglia-yes-zee-azzurro-2\/\" \/>\n<meta property=\"og:locale\" content=\"it_IT\" \/>\n<meta property=\"og:type\" content=\"article\" \/>\n<meta property=\"og:title\" content=\"Maglia Yes Zee Azzurro - Acquista online! - Seconda Strada\" \/>\n<meta property=\"og:description\" content=\"Maglia Yes Zee Azzurro \u27a4 Acquista online su Secondastrada.com Maglia Yes Zee Azzurro \u2714\ufe0f Spedizione veloce entro 24h in tutta Italia \u2714\ufe0f Sconto sul tuo primo acquisto\" \/>\n<meta property=\"og:url\" content=\"https:\/\/www.secondastrada.com\/it\/maglia-yes-zee-azzurro-2\/\" \/>\n<meta property=\"og:site_name\" content=\"Seconda Strada\" \/>\n<meta property=\"article:modified_time\" content=\"2026-03-26T16:14:44+00:00\" \/>\n<meta property=\"og:image\" content=\"https:\/\/www.secondastrada.com\/wp-content\/uploads\/2026\/02\/M444-I400_AZZURRO-POLVERE_PE26_1.jpg\" \/>\n\t<meta property=\"og:image:width\" content=\"1000\" \/>\n\t<meta property=\"og:image:height\" content=\"1300\" \/>\n\t<meta property=\"og:image:type\" content=\"image\/jpeg\" \/>\n<meta name=\"twitter:card\" content=\"summary_large_image\" \/>\n<meta name=\"twitter:label1\" content=\"Tempo di lettura stimato\" \/>\n\t<meta name=\"twitter:data1\" content=\"1 minuto\" \/>\n<!-- \/ Yoast SEO plugin. -->","yoast_head_json":{"title":"Maglia Yes Zee Azzurro - Acquista online! - Seconda Strada","description":"Maglia Yes Zee Azzurro \u27a4 Acquista online su Secondastrada.com Maglia Yes Zee Azzurro \u2714\ufe0f Spedizione veloce entro 24h in tutta Italia \u2714\ufe0f Sconto sul tuo primo acquisto","robots":{"index":"index","follow":"follow","max-snippet":"max-snippet:-1","max-image-preview":"max-image-preview:large","max-video-preview":"max-video-preview:-1"},"canonical":"https:\/\/www.secondastrada.com\/it\/maglia-yes-zee-azzurro-2\/","og_locale":"it_IT","og_type":"article","og_title":"Maglia Yes Zee Azzurro - Acquista online! - Seconda Strada","og_description":"Maglia Yes Zee Azzurro \u27a4 Acquista online su Secondastrada.com Maglia Yes Zee Azzurro \u2714\ufe0f Spedizione veloce entro 24h in tutta Italia \u2714\ufe0f Sconto sul tuo primo acquisto","og_url":"https:\/\/www.secondastrada.com\/it\/maglia-yes-zee-azzurro-2\/","og_site_name":"Seconda Strada","article_modified_time":"2026-03-26T16:14:44+00:00","og_image":[{"width":1000,"height":1300,"url":"https:\/\/www.secondastrada.com\/wp-content\/uploads\/2026\/02\/M444-I400_AZZURRO-POLVERE_PE26_1.jpg","type":"image\/jpeg"}],"twitter_card":"summary_large_image","twitter_misc":{"Tempo di lettura stimato":"1 minuto"},"schema":{"@context":"https:\/\/schema.org","@graph":[{"@type":"WebPage","@id":"https:\/\/www.secondastrada.com\/it\/maglia-yes-zee-azzurro-2\/","url":"https:\/\/www.secondastrada.com\/it\/maglia-yes-zee-azzurro-2\/","name":"Maglia Yes Zee Azzurro - Acquista online! - Seconda Strada","isPartOf":{"@id":"https:\/\/www.secondastrada.com\/it\/#website"},"primaryImageOfPage":{"@id":"https:\/\/www.secondastrada.com\/it\/maglia-yes-zee-azzurro-2\/#primaryimage"},"image":{"@id":"https:\/\/www.secondastrada.com\/it\/maglia-yes-zee-azzurro-2\/#primaryimage"},"thumbnailUrl":"https:\/\/www.secondastrada.com\/wp-content\/uploads\/2026\/02\/M444-I400_AZZURRO-POLVERE_PE26_1.jpg","datePublished":"2026-02-17T11:25:24+00:00","dateModified":"2026-03-26T16:14:44+00:00","description":"Maglia Yes Zee Azzurro \u27a4 Acquista online su Secondastrada.com Maglia Yes Zee Azzurro \u2714\ufe0f Spedizione veloce entro 24h in tutta Italia \u2714\ufe0f Sconto sul tuo primo acquisto","breadcrumb":{"@id":"https:\/\/www.secondastrada.com\/it\/maglia-yes-zee-azzurro-2\/#breadcrumb"},"inLanguage":"it-IT","potentialAction":[{"@type":"ReadAction","target":["https:\/\/www.secondastrada.com\/it\/maglia-yes-zee-azzurro-2\/"]}]},{"@type":"ImageObject","inLanguage":"it-IT","@id":"https:\/\/www.secondastrada.com\/it\/maglia-yes-zee-azzurro-2\/#primaryimage","url":"https:\/\/www.secondastrada.com\/wp-content\/uploads\/2026\/02\/M444-I400_AZZURRO-POLVERE_PE26_1.jpg","contentUrl":"https:\/\/www.secondastrada.com\/wp-content\/uploads\/2026\/02\/M444-I400_AZZURRO-POLVERE_PE26_1.jpg","width":1000,"height":1300,"caption":"M444-I400_AZZURRO-POLVERE_PE26"},{"@type":"BreadcrumbList","@id":"https:\/\/www.secondastrada.com\/it\/maglia-yes-zee-azzurro-2\/#breadcrumb","itemListElement":[{"@type":"ListItem","position":1,"name":"Home","item":"https:\/\/www.secondastrada.com\/it\/"},{"@type":"ListItem","position":2,"name":"Shop","item":"https:\/\/www.secondastrada.com\/it\/shop\/"},{"@type":"ListItem","position":3,"name":"Donna","item":"https:\/\/www.secondastrada.com\/it\/collezione-donna\/"},{"@type":"ListItem","position":4,"name":"Abbigliamento","item":"https:\/\/www.secondastrada.com\/it\/collezione-donna\/abbigliamento-donna\/"},{"@type":"ListItem","position":5,"name":"Maglieria","item":"https:\/\/www.secondastrada.com\/it\/collezione-donna\/abbigliamento-donna\/maglie-da-donna\/"},{"@type":"ListItem","position":6,"name":"Maglie girocollo","item":"https:\/\/www.secondastrada.com\/it\/collezione-donna\/abbigliamento-donna\/maglie-da-donna\/maglie-girocollo-da-donna\/"},{"@type":"ListItem","position":7,"name":"Maglia Yes Zee Azzurro"}]},{"@type":"WebSite","@id":"https:\/\/www.secondastrada.com\/it\/#website","url":"https:\/\/www.secondastrada.com\/it\/","name":"Seconda Strada","description":"","publisher":{"@id":"https:\/\/www.secondastrada.com\/it\/#organization"},"potentialAction":[{"@type":"SearchAction","target":{"@type":"EntryPoint","urlTemplate":"https:\/\/www.secondastrada.com\/it\/?s={search_term_string}"},"query-input":"required name=search_term_string"}],"inLanguage":"it-IT"},{"@type":"Organization","@id":"https:\/\/www.secondastrada.com\/it\/#organization","name":"Seconda Strada","url":"https:\/\/www.secondastrada.com\/it\/","logo":{"@type":"ImageObject","inLanguage":"it-IT","@id":"https:\/\/www.secondastrada.com\/it\/#\/schema\/logo\/image\/","url":"https:\/\/www.secondastrada.com\/wp-content\/uploads\/2023\/11\/secondastrada-logo.svg","contentUrl":"https:\/\/www.secondastrada.com\/wp-content\/uploads\/2023\/11\/secondastrada-logo.svg","width":353,"height":47,"caption":"Seconda Strada"},"image":{"@id":"https:\/\/www.secondastrada.com\/it\/#\/schema\/logo\/image\/"}}]}},"df_price":47.92,"df_sale_price":"","df_regular_price":47.92,"df_image_link":"https:\/\/www.secondastrada.com\/wp-content\/uploads\/2026\/02\/M444-I400_AZZURRO-POLVERE_PE26_1-300x300.jpg","_links":{"self":[{"href":"https:\/\/www.secondastrada.com\/it\/wp-json\/wp\/v2\/product\/336640"}],"collection":[{"href":"https:\/\/www.secondastrada.com\/it\/wp-json\/wp\/v2\/product"}],"about":[{"href":"https:\/\/www.secondastrada.com\/it\/wp-json\/wp\/v2\/types\/product"}],"wp:featuredmedia":[{"embeddable":true,"href":"https:\/\/www.secondastrada.com\/it\/wp-json\/wp\/v2\/media\/336973"}],"wp:attachment":[{"href":"https:\/\/www.secondastrada.com\/it\/wp-json\/wp\/v2\/media?parent=336640"}],"wp:term":[{"taxonomy":"ss_brand","embeddable":true,"href":"https:\/\/www.secondastrada.com\/it\/wp-json\/wp\/v2\/ss_brand?post=336640"},{"taxonomy":"ss_promo","embeddable":true,"href":"https:\/\/www.secondastrada.com\/it\/wp-json\/wp\/v2\/ss_promo?post=336640"},{"taxonomy":"ss_season","embeddable":true,"href":"https:\/\/www.secondastrada.com\/it\/wp-json\/wp\/v2\/ss_season?post=336640"},{"taxonomy":"product_cat","embeddable":true,"href":"https:\/\/www.secondastrada.com\/it\/wp-json\/wp\/v2\/product_cat?post=336640"},{"taxonomy":"product_tag","embeddable":true,"href":"https:\/\/www.secondastrada.com\/it\/wp-json\/wp\/v2\/product_tag?post=336640"}],"curies":[{"name":"wp","href":"https:\/\/api.w.org\/{rel}","templated":true}]}}