{"id":336717,"date":"2026-02-17T12:21:48","date_gmt":"2026-02-17T11:21:48","guid":{"rendered":"https:\/\/www.secondastrada.com\/it\/t-shirt-yes-zee-nero-45\/"},"modified":"2026-03-11T14:09:24","modified_gmt":"2026-03-11T13:09:24","slug":"t-shirt-yes-zee-nero-45","status":"publish","type":"product","link":"https:\/\/www.secondastrada.com\/it\/t-shirt-yes-zee-nero-45\/","title":{"rendered":"T-shirt Yes Zee Nero"},"content":{"rendered":"<p><b>T-shirt YES ZEE Nera<\/b><br \/>\nLa T-shirt YES ZEE Nera \u00e8 il capo essenziale che non pu\u00f2 mancare nel tuo guardaroba di stagione. Versatile, femminile e facile da abbinare, \u00e8 una T-shirt da donna adatta alla stagione primavera estate, perfetta per accompagnarti nelle giornate pi\u00f9 dinamiche con stile e comfort.<br \/>\nRealizzata in 100% cotone, assicura freschezza e traspirabilit\u00e0, ideale quando le temperature si alzano. La vestibilit\u00e0 \u00e8 regolare e valorizza la figura senza aderire eccessivamente: la modella \u00e8 alta 165 cm e indossa la taglia S, un utile riferimento per scegliere la tua misura. La T-shirt in total nero con logo brand glitterato argento, frill sulle maniche si distingue per il suo equilibrio tra semplicit\u00e0 e dettagli ricercati. Il nero intenso dona eleganza e carattere, mentre il logo glitterato argento illumina il look con un tocco glamour. I frill sulle maniche aggiungono movimento e femminilit\u00e0, rendendo il capo originale ma facile da indossare.<br \/>\nPuoi sceglierla di giorno nel tempo libero con un paio di jeans per un outfit casual ma curato, oppure abbinarla a un blazer per un look pi\u00f9 strutturato e contemporaneo. Si presta perfettamente anche con pantaloni coordinati per un insieme armonioso e raffinato.<br \/>\nScegli la T-shirt YES ZEE Nero per un look semplice ma d\u2019impatto, capace di adattarsi a ogni occasione. Su SecondaStrada.com trovi solo prodotti originali e garantiti. Codice articolo T203 SG00.&lt;\/final<\/p>\n","protected":false},"excerpt":{"rendered":"<p>T-shirt YES ZEE Nera La T-shirt YES ZEE Nera \u00e8 il capo essenziale che non pu\u00f2 mancare nel tuo guardaroba di stagione. Versatile, femminile e facile da abbinare, \u00e8 una T-shirt da donna adatta alla stagione primavera estate, perfetta per accompagnarti nelle giornate pi\u00f9 dinamiche con stile e comfort. Realizzata in 100% cotone, assicura freschezza&#8230;<\/p>\n","protected":false},"featured_media":336916,"template":"","meta":{"inline_featured_image":false},"ss_brand":[1208],"ss_promo":[],"ss_season":[2531],"product_cat":[1329,1658,1822,1337,2275],"product_tag":[1995,1797],"class_list":{"0":"post-336717","1":"product","2":"type-product","3":"status-publish","4":"has-post-thumbnail","6":"ss_brand-yes-zee-donna","7":"ss_season-pe26","8":"product_cat-abbigliamento-donna","9":"product_cat-collezione-donna","10":"product_cat-t-shirt-da-donna","11":"product_cat-t-shirt-e-top-da-donna","12":"product_cat-t-shirt-in-cotone-da-donna","13":"product_tag-nuovi-arrivi-donna","14":"product_tag-t-shirt-e-top-yes-zee-donna","16":"first","17":"instock","18":"sale","19":"shipping-taxable","20":"purchasable","21":"product-type-variable","22":"has-default-attributes"},"acf":{"ss_brand":[{"term_id":1208,"name":"YES ZEE","slug":"yes-zee-donna","term_group":0,"term_taxonomy_id":1208,"taxonomy":"ss_brand","description":"Libera il tuo istinto fashion e lasciati ispirare dalle collezioni da donna <strong>Yes Zee<\/strong> sempre all\u2019avanguardia e non perdere le nostre <strong>offerte imbattibili<\/strong>!\u00a0Acquista online su SecondaStrada.com <strong>abbigliamento da donna Yes Zee scontatissimo<\/strong>!","parent":1201,"count":718,"filter":"raw"}],"ss_promo":false,"ss_season":[{"term_id":2531,"name":"PE26","slug":"pe26","term_group":0,"term_taxonomy_id":2531,"taxonomy":"ss_season","description":"","parent":0,"count":1148,"filter":"raw"}],"ss_old_price":"0,00","ss_omnibus_price":"0,00","ss_style_advice":"<p><b>T-shirt YES ZEE Nera<\/b><br \/>\nLa T-shirt YES ZEE Nera \u00e8 il capo essenziale che non pu\u00f2 mancare nel tuo guardaroba di stagione. Versatile, femminile e facile da abbinare, \u00e8 una T-shirt da donna adatta alla stagione primavera estate, perfetta per accompagnarti nelle giornate pi\u00f9 dinamiche con stile e comfort.<br \/>\nRealizzata in 100% cotone, assicura freschezza e traspirabilit\u00e0, ideale quando le temperature si alzano. La vestibilit\u00e0 \u00e8 regolare e valorizza la figura senza aderire eccessivamente: la modella \u00e8 alta 165 cm e indossa la taglia S, un utile riferimento per scegliere la tua misura. La T-shirt in total nero con logo brand glitterato argento, frill sulle maniche si distingue per il suo equilibrio tra semplicit\u00e0 e dettagli ricercati. Il nero intenso dona eleganza e carattere, mentre il logo glitterato argento illumina il look con un tocco glamour. I frill sulle maniche aggiungono movimento e femminilit\u00e0, rendendo il capo originale ma facile da indossare.<br \/>\nPuoi sceglierla di giorno nel tempo libero con un paio di jeans per un outfit casual ma curato, oppure abbinarla a un blazer per un look pi\u00f9 strutturato e contemporaneo. Si presta perfettamente anche con pantaloni coordinati per un insieme armonioso e raffinato.<br \/>\nScegli la T-shirt YES ZEE Nero per un look semplice ma d\u2019impatto, capace di adattarsi a ogni occasione. Su SecondaStrada.com trovi solo prodotti originali e garantiti. Codice articolo T203 SG00.<\/final\n<\/p>\n","ss_composition":"<p>100% cotone<\/p>\n","ss_fit":"<p>La modella \u00e8 alta 165 cm e indossa la taglia S. La vestibilit\u00e0 del capo \u00e8 regolare.<\/p>\n"},"yoast_head":"<!-- This site is optimized with the Yoast SEO plugin v22.3 - https:\/\/yoast.com\/wordpress\/plugins\/seo\/ -->\n<title>T-shirt Yes Zee Nero - Acquista online! - Seconda Strada<\/title>\n<meta name=\"description\" content=\"T-shirt Yes Zee Nero \u27a4 Acquista online su Secondastrada.com T-shirt Yes Zee Nero \u2714\ufe0f Spedizione veloce entro 24h in tutta Italia \u2714\ufe0f Sconto sul tuo primo acquisto\" \/>\n<meta name=\"robots\" content=\"index, follow, max-snippet:-1, max-image-preview:large, max-video-preview:-1\" \/>\n<link rel=\"canonical\" href=\"https:\/\/www.secondastrada.com\/it\/t-shirt-yes-zee-nero-45\/\" \/>\n<meta property=\"og:locale\" content=\"it_IT\" \/>\n<meta property=\"og:type\" content=\"article\" \/>\n<meta property=\"og:title\" content=\"T-shirt Yes Zee Nero - Acquista online! - Seconda Strada\" \/>\n<meta property=\"og:description\" content=\"T-shirt Yes Zee Nero \u27a4 Acquista online su Secondastrada.com T-shirt Yes Zee Nero \u2714\ufe0f Spedizione veloce entro 24h in tutta Italia \u2714\ufe0f Sconto sul tuo primo acquisto\" \/>\n<meta property=\"og:url\" content=\"https:\/\/www.secondastrada.com\/it\/t-shirt-yes-zee-nero-45\/\" \/>\n<meta property=\"og:site_name\" content=\"Seconda Strada\" \/>\n<meta property=\"article:modified_time\" content=\"2026-03-11T13:09:24+00:00\" \/>\n<meta property=\"og:image\" content=\"https:\/\/www.secondastrada.com\/wp-content\/uploads\/2026\/02\/T203-SG00_NERO_PE26_1.jpg\" \/>\n\t<meta property=\"og:image:width\" content=\"1000\" \/>\n\t<meta property=\"og:image:height\" content=\"1300\" \/>\n\t<meta property=\"og:image:type\" content=\"image\/jpeg\" \/>\n<meta name=\"twitter:card\" content=\"summary_large_image\" \/>\n<meta name=\"twitter:label1\" content=\"Tempo di lettura stimato\" \/>\n\t<meta name=\"twitter:data1\" content=\"1 minuto\" \/>\n<!-- \/ Yoast SEO plugin. -->","yoast_head_json":{"title":"T-shirt Yes Zee Nero - Acquista online! - Seconda Strada","description":"T-shirt Yes Zee Nero \u27a4 Acquista online su Secondastrada.com T-shirt Yes Zee Nero \u2714\ufe0f Spedizione veloce entro 24h in tutta Italia \u2714\ufe0f Sconto sul tuo primo acquisto","robots":{"index":"index","follow":"follow","max-snippet":"max-snippet:-1","max-image-preview":"max-image-preview:large","max-video-preview":"max-video-preview:-1"},"canonical":"https:\/\/www.secondastrada.com\/it\/t-shirt-yes-zee-nero-45\/","og_locale":"it_IT","og_type":"article","og_title":"T-shirt Yes Zee Nero - Acquista online! - Seconda Strada","og_description":"T-shirt Yes Zee Nero \u27a4 Acquista online su Secondastrada.com T-shirt Yes Zee Nero \u2714\ufe0f Spedizione veloce entro 24h in tutta Italia \u2714\ufe0f Sconto sul tuo primo acquisto","og_url":"https:\/\/www.secondastrada.com\/it\/t-shirt-yes-zee-nero-45\/","og_site_name":"Seconda Strada","article_modified_time":"2026-03-11T13:09:24+00:00","og_image":[{"width":1000,"height":1300,"url":"https:\/\/www.secondastrada.com\/wp-content\/uploads\/2026\/02\/T203-SG00_NERO_PE26_1.jpg","type":"image\/jpeg"}],"twitter_card":"summary_large_image","twitter_misc":{"Tempo di lettura stimato":"1 minuto"},"schema":{"@context":"https:\/\/schema.org","@graph":[{"@type":"WebPage","@id":"https:\/\/www.secondastrada.com\/it\/t-shirt-yes-zee-nero-45\/","url":"https:\/\/www.secondastrada.com\/it\/t-shirt-yes-zee-nero-45\/","name":"T-shirt Yes Zee Nero - Acquista online! - Seconda Strada","isPartOf":{"@id":"https:\/\/www.secondastrada.com\/it\/#website"},"primaryImageOfPage":{"@id":"https:\/\/www.secondastrada.com\/it\/t-shirt-yes-zee-nero-45\/#primaryimage"},"image":{"@id":"https:\/\/www.secondastrada.com\/it\/t-shirt-yes-zee-nero-45\/#primaryimage"},"thumbnailUrl":"https:\/\/www.secondastrada.com\/wp-content\/uploads\/2026\/02\/T203-SG00_NERO_PE26_1.jpg","datePublished":"2026-02-17T11:21:48+00:00","dateModified":"2026-03-11T13:09:24+00:00","description":"T-shirt Yes Zee Nero \u27a4 Acquista online su Secondastrada.com T-shirt Yes Zee Nero \u2714\ufe0f Spedizione veloce entro 24h in tutta Italia \u2714\ufe0f Sconto sul tuo primo acquisto","breadcrumb":{"@id":"https:\/\/www.secondastrada.com\/it\/t-shirt-yes-zee-nero-45\/#breadcrumb"},"inLanguage":"it-IT","potentialAction":[{"@type":"ReadAction","target":["https:\/\/www.secondastrada.com\/it\/t-shirt-yes-zee-nero-45\/"]}]},{"@type":"ImageObject","inLanguage":"it-IT","@id":"https:\/\/www.secondastrada.com\/it\/t-shirt-yes-zee-nero-45\/#primaryimage","url":"https:\/\/www.secondastrada.com\/wp-content\/uploads\/2026\/02\/T203-SG00_NERO_PE26_1.jpg","contentUrl":"https:\/\/www.secondastrada.com\/wp-content\/uploads\/2026\/02\/T203-SG00_NERO_PE26_1.jpg","width":1000,"height":1300,"caption":"T203-SG00_NERO_PE26"},{"@type":"BreadcrumbList","@id":"https:\/\/www.secondastrada.com\/it\/t-shirt-yes-zee-nero-45\/#breadcrumb","itemListElement":[{"@type":"ListItem","position":1,"name":"Home","item":"https:\/\/www.secondastrada.com\/it\/"},{"@type":"ListItem","position":2,"name":"Shop","item":"https:\/\/www.secondastrada.com\/it\/shop\/"},{"@type":"ListItem","position":3,"name":"Donna","item":"https:\/\/www.secondastrada.com\/it\/collezione-donna\/"},{"@type":"ListItem","position":4,"name":"Abbigliamento","item":"https:\/\/www.secondastrada.com\/it\/collezione-donna\/abbigliamento-donna\/"},{"@type":"ListItem","position":5,"name":"T-shirt e Top","item":"https:\/\/www.secondastrada.com\/it\/collezione-donna\/abbigliamento-donna\/t-shirt-e-top-da-donna\/"},{"@type":"ListItem","position":6,"name":"T-shirt","item":"https:\/\/www.secondastrada.com\/it\/collezione-donna\/abbigliamento-donna\/t-shirt-e-top-da-donna\/t-shirt-da-donna\/"},{"@type":"ListItem","position":7,"name":"T-shirt Yes Zee Nero"}]},{"@type":"WebSite","@id":"https:\/\/www.secondastrada.com\/it\/#website","url":"https:\/\/www.secondastrada.com\/it\/","name":"Seconda Strada","description":"","publisher":{"@id":"https:\/\/www.secondastrada.com\/it\/#organization"},"potentialAction":[{"@type":"SearchAction","target":{"@type":"EntryPoint","urlTemplate":"https:\/\/www.secondastrada.com\/it\/?s={search_term_string}"},"query-input":"required name=search_term_string"}],"inLanguage":"it-IT"},{"@type":"Organization","@id":"https:\/\/www.secondastrada.com\/it\/#organization","name":"Seconda Strada","url":"https:\/\/www.secondastrada.com\/it\/","logo":{"@type":"ImageObject","inLanguage":"it-IT","@id":"https:\/\/www.secondastrada.com\/it\/#\/schema\/logo\/image\/","url":"https:\/\/www.secondastrada.com\/wp-content\/uploads\/2023\/11\/secondastrada-logo.svg","contentUrl":"https:\/\/www.secondastrada.com\/wp-content\/uploads\/2023\/11\/secondastrada-logo.svg","width":353,"height":47,"caption":"Seconda Strada"},"image":{"@id":"https:\/\/www.secondastrada.com\/it\/#\/schema\/logo\/image\/"}}]}},"df_price":23.92,"df_sale_price":"","df_regular_price":23.92,"df_image_link":"https:\/\/www.secondastrada.com\/wp-content\/uploads\/2026\/02\/T203-SG00_NERO_PE26_1-300x300.jpg","_links":{"self":[{"href":"https:\/\/www.secondastrada.com\/it\/wp-json\/wp\/v2\/product\/336717"}],"collection":[{"href":"https:\/\/www.secondastrada.com\/it\/wp-json\/wp\/v2\/product"}],"about":[{"href":"https:\/\/www.secondastrada.com\/it\/wp-json\/wp\/v2\/types\/product"}],"wp:featuredmedia":[{"embeddable":true,"href":"https:\/\/www.secondastrada.com\/it\/wp-json\/wp\/v2\/media\/336916"}],"wp:attachment":[{"href":"https:\/\/www.secondastrada.com\/it\/wp-json\/wp\/v2\/media?parent=336717"}],"wp:term":[{"taxonomy":"ss_brand","embeddable":true,"href":"https:\/\/www.secondastrada.com\/it\/wp-json\/wp\/v2\/ss_brand?post=336717"},{"taxonomy":"ss_promo","embeddable":true,"href":"https:\/\/www.secondastrada.com\/it\/wp-json\/wp\/v2\/ss_promo?post=336717"},{"taxonomy":"ss_season","embeddable":true,"href":"https:\/\/www.secondastrada.com\/it\/wp-json\/wp\/v2\/ss_season?post=336717"},{"taxonomy":"product_cat","embeddable":true,"href":"https:\/\/www.secondastrada.com\/it\/wp-json\/wp\/v2\/product_cat?post=336717"},{"taxonomy":"product_tag","embeddable":true,"href":"https:\/\/www.secondastrada.com\/it\/wp-json\/wp\/v2\/product_tag?post=336717"}],"curies":[{"name":"wp","href":"https:\/\/api.w.org\/{rel}","templated":true}]}}