{"id":337093,"date":"2026-04-14T09:38:35","date_gmt":"2026-04-14T07:38:35","guid":{"rendered":"https:\/\/www.secondastrada.com\/it\/felpa-k-way-marrone-tg-s\/"},"modified":"2026-04-14T09:38:36","modified_gmt":"2026-04-14T07:38:36","slug":"felpa-k-way-marrone-tg-s","status":"publish","type":"product","link":"https:\/\/www.secondastrada.com\/it\/felpa-k-way-marrone-tg-s\/","title":{"rendered":"Felpa K-Way Marrone tg. S"},"content":{"rendered":"<p><b>Felpa K-WAY Marrone da donna<\/b><br \/>\nLa <b>Felpa K-WAY<\/b> Marrone da donna \u00e8 il capo ideale per chi cerca comfort, stile e versatilit\u00e0 in un\u2019unica soluzione. Proposta in una calda tonalit\u00e0 nocciola, \u00e8 una <b>Felpa da donna adatta alla stagione primavera estate<\/b>, perfetta per accompagnarti nelle giornate pi\u00f9 dinamiche con un tocco casual ma curato.<br \/>\nRealizzata in <b>86% cotone e 14% poliestere<\/b>, garantisce morbidezza e resistenza, mentre l\u2019<b>interno garzato<\/b> offre una piacevole sensazione di comfort sulla pelle. Si tratta di una <b>Felpa con in tonalit\u00e0 nocciola, interno garzato, patch logo brand<\/b>, un dettaglio distintivo che valorizza il design minimal e contemporaneo del capo. La vestibilit\u00e0 \u00e8 <b>regolare<\/b>: la modella \u00e8 alta <b>165 cm<\/b> e indossa la <b>taglia S<\/b>. Inoltre, \u00e8 un <b>pezzo unico di campionario<\/b>, caratteristica che la rende ancora pi\u00f9 esclusiva.<br \/>\nPuoi indossarla <b>nel tempo libero, in occasioni casual o sportive<\/b>, ad esempio per una passeggiata in citt\u00e0 o un weekend rilassato. Si abbina facilmente a <b>jeans e sneakers<\/b> per un look pratico e moderno, oppure a leggings e scarpe basse per uno stile pi\u00f9 sportivo ma sempre femminile.<br \/>\nSu SecondaStrada.com selezioniamo solo <b>prodotti originali<\/b>, garantendo autenticit\u00e0 e qualit\u00e0 in ogni dettaglio.<br \/>\n<b>Codice articolo: K1126JW GI CB<\/b><\/p>\n","protected":false},"excerpt":{"rendered":"<p>Felpa K-WAY Marrone da donna La Felpa K-WAY Marrone da donna \u00e8 il capo ideale per chi cerca comfort, stile e versatilit\u00e0 in un\u2019unica soluzione. Proposta in una calda tonalit\u00e0 nocciola, \u00e8 una Felpa da donna adatta alla stagione primavera estate, perfetta per accompagnarti nelle giornate pi\u00f9 dinamiche con un tocco casual ma curato. Realizzata&#8230;<\/p>\n","protected":false},"featured_media":357432,"template":"","meta":{"inline_featured_image":false},"ss_brand":[1225],"ss_promo":[],"ss_season":[2531],"product_cat":[1329,1658,1474],"product_tag":[1953,1995],"class_list":{"0":"post-337093","1":"product","2":"type-product","3":"status-publish","4":"has-post-thumbnail","6":"ss_brand-k-way-donna","7":"ss_season-pe26","8":"product_cat-abbigliamento-donna","9":"product_cat-collezione-donna","10":"product_cat-felpe-da-donna","11":"product_tag-campionario","12":"product_tag-nuovi-arrivi-donna","14":"first","15":"instock","16":"shipping-taxable","17":"purchasable","18":"product-type-variable","19":"has-default-attributes"},"acf":{"ss_brand":[{"term_id":1225,"name":"K-WAY","slug":"k-way-donna","term_group":0,"term_taxonomy_id":1225,"taxonomy":"ss_brand","description":"Scopri le collezioni di abbigliamento da donna firmate K-Way disponibili in un arcobaleno di colori! Approfitta delle offerte speciali del nostro store online!","parent":1201,"count":69,"filter":"raw"}],"ss_promo":false,"ss_season":[{"term_id":2531,"name":"PE26","slug":"pe26","term_group":0,"term_taxonomy_id":2531,"taxonomy":"ss_season","description":"","parent":0,"count":1294,"filter":"raw"}],"ss_old_price":"90,00","ss_omnibus_price":"0,00","ss_style_advice":"<p><b>Felpa K-WAY Marrone da donna<\/b><br \/>\nLa <b>Felpa K-WAY<\/b> Marrone da donna \u00e8 il capo ideale per chi cerca comfort, stile e versatilit\u00e0 in un\u2019unica soluzione. Proposta in una calda tonalit\u00e0 nocciola, \u00e8 una <b>Felpa da donna adatta alla stagione primavera estate<\/b>, perfetta per accompagnarti nelle giornate pi\u00f9 dinamiche con un tocco casual ma curato.<br \/>\nRealizzata in <b>86% cotone e 14% poliestere<\/b>, garantisce morbidezza e resistenza, mentre l\u2019<b>interno garzato<\/b> offre una piacevole sensazione di comfort sulla pelle. Si tratta di una <b>Felpa con in tonalit\u00e0 nocciola, interno garzato, patch logo brand<\/b>, un dettaglio distintivo che valorizza il design minimal e contemporaneo del capo. La vestibilit\u00e0 \u00e8 <b>regolare<\/b>: la modella \u00e8 alta <b>165 cm<\/b> e indossa la <b>taglia S<\/b>. Inoltre, \u00e8 un <b>pezzo unico di campionario<\/b>, caratteristica che la rende ancora pi\u00f9 esclusiva.<br \/>\nPuoi indossarla <b>nel tempo libero, in occasioni casual o sportive<\/b>, ad esempio per una passeggiata in citt\u00e0 o un weekend rilassato. Si abbina facilmente a <b>jeans e sneakers<\/b> per un look pratico e moderno, oppure a leggings e scarpe basse per uno stile pi\u00f9 sportivo ma sempre femminile.<br \/>\nSu SecondaStrada.com selezioniamo solo <b>prodotti originali<\/b>, garantendo autenticit\u00e0 e qualit\u00e0 in ogni dettaglio.<br \/>\n<b>Codice articolo: K1126JW GI CB<\/b><\/p>\n","ss_composition":"<p>86% cotone 14% poliestere<\/p>\n","ss_fit":"<p>La modella \u00e8 alta 165 cm e indossa la taglia S. La vestibilit\u00e0 del capo \u00e8 regolare. Pezzo unico di campionario.<\/p>\n"},"yoast_head":"<!-- This site is optimized with the Yoast SEO plugin v22.3 - https:\/\/yoast.com\/wordpress\/plugins\/seo\/ -->\n<title>Felpa K-Way Marrone tg. S - Acquista online! - Seconda Strada<\/title>\n<meta name=\"description\" content=\"Felpa K-Way Marrone tg. S \u27a4 Acquista online su Secondastrada.com Felpa K-Way Marrone tg. S \u2714\ufe0f Spedizione veloce entro 24h in tutta Italia \u2714\ufe0f Sconto sul tuo primo acquisto\" \/>\n<meta name=\"robots\" content=\"index, follow, max-snippet:-1, max-image-preview:large, max-video-preview:-1\" \/>\n<link rel=\"canonical\" href=\"https:\/\/www.secondastrada.com\/it\/felpa-k-way-marrone-tg-s\/\" \/>\n<meta property=\"og:locale\" content=\"it_IT\" \/>\n<meta property=\"og:type\" content=\"article\" \/>\n<meta property=\"og:title\" content=\"Felpa K-Way Marrone tg. S - Acquista online! - Seconda Strada\" \/>\n<meta property=\"og:description\" content=\"Felpa K-Way Marrone tg. S \u27a4 Acquista online su Secondastrada.com Felpa K-Way Marrone tg. S \u2714\ufe0f Spedizione veloce entro 24h in tutta Italia \u2714\ufe0f Sconto sul tuo primo acquisto\" \/>\n<meta property=\"og:url\" content=\"https:\/\/www.secondastrada.com\/it\/felpa-k-way-marrone-tg-s\/\" \/>\n<meta property=\"og:site_name\" content=\"Seconda Strada\" \/>\n<meta property=\"article:modified_time\" content=\"2026-04-14T07:38:36+00:00\" \/>\n<meta property=\"og:image\" content=\"https:\/\/www.secondastrada.com\/wp-content\/uploads\/2026\/04\/K1126JW-GI-CB_MARRONE_PE26_1.jpg\" \/>\n\t<meta property=\"og:image:width\" content=\"1000\" \/>\n\t<meta property=\"og:image:height\" content=\"1300\" \/>\n\t<meta property=\"og:image:type\" content=\"image\/jpeg\" \/>\n<meta name=\"twitter:card\" content=\"summary_large_image\" \/>\n<meta name=\"twitter:label1\" content=\"Tempo di lettura stimato\" \/>\n\t<meta name=\"twitter:data1\" content=\"1 minuto\" \/>\n<!-- \/ Yoast SEO plugin. -->","yoast_head_json":{"title":"Felpa K-Way Marrone tg. S - Acquista online! - Seconda Strada","description":"Felpa K-Way Marrone tg. S \u27a4 Acquista online su Secondastrada.com Felpa K-Way Marrone tg. S \u2714\ufe0f Spedizione veloce entro 24h in tutta Italia \u2714\ufe0f Sconto sul tuo primo acquisto","robots":{"index":"index","follow":"follow","max-snippet":"max-snippet:-1","max-image-preview":"max-image-preview:large","max-video-preview":"max-video-preview:-1"},"canonical":"https:\/\/www.secondastrada.com\/it\/felpa-k-way-marrone-tg-s\/","og_locale":"it_IT","og_type":"article","og_title":"Felpa K-Way Marrone tg. S - Acquista online! - Seconda Strada","og_description":"Felpa K-Way Marrone tg. S \u27a4 Acquista online su Secondastrada.com Felpa K-Way Marrone tg. S \u2714\ufe0f Spedizione veloce entro 24h in tutta Italia \u2714\ufe0f Sconto sul tuo primo acquisto","og_url":"https:\/\/www.secondastrada.com\/it\/felpa-k-way-marrone-tg-s\/","og_site_name":"Seconda Strada","article_modified_time":"2026-04-14T07:38:36+00:00","og_image":[{"width":1000,"height":1300,"url":"https:\/\/www.secondastrada.com\/wp-content\/uploads\/2026\/04\/K1126JW-GI-CB_MARRONE_PE26_1.jpg","type":"image\/jpeg"}],"twitter_card":"summary_large_image","twitter_misc":{"Tempo di lettura stimato":"1 minuto"},"schema":{"@context":"https:\/\/schema.org","@graph":[{"@type":"WebPage","@id":"https:\/\/www.secondastrada.com\/it\/felpa-k-way-marrone-tg-s\/","url":"https:\/\/www.secondastrada.com\/it\/felpa-k-way-marrone-tg-s\/","name":"Felpa K-Way Marrone tg. S - Acquista online! - Seconda Strada","isPartOf":{"@id":"https:\/\/www.secondastrada.com\/it\/#website"},"primaryImageOfPage":{"@id":"https:\/\/www.secondastrada.com\/it\/felpa-k-way-marrone-tg-s\/#primaryimage"},"image":{"@id":"https:\/\/www.secondastrada.com\/it\/felpa-k-way-marrone-tg-s\/#primaryimage"},"thumbnailUrl":"https:\/\/www.secondastrada.com\/wp-content\/uploads\/2026\/04\/K1126JW-GI-CB_MARRONE_PE26_1.jpg","datePublished":"2026-04-14T07:38:35+00:00","dateModified":"2026-04-14T07:38:36+00:00","description":"Felpa K-Way Marrone tg. S \u27a4 Acquista online su Secondastrada.com Felpa K-Way Marrone tg. S \u2714\ufe0f Spedizione veloce entro 24h in tutta Italia \u2714\ufe0f Sconto sul tuo primo acquisto","breadcrumb":{"@id":"https:\/\/www.secondastrada.com\/it\/felpa-k-way-marrone-tg-s\/#breadcrumb"},"inLanguage":"it-IT","potentialAction":[{"@type":"ReadAction","target":["https:\/\/www.secondastrada.com\/it\/felpa-k-way-marrone-tg-s\/"]}]},{"@type":"ImageObject","inLanguage":"it-IT","@id":"https:\/\/www.secondastrada.com\/it\/felpa-k-way-marrone-tg-s\/#primaryimage","url":"https:\/\/www.secondastrada.com\/wp-content\/uploads\/2026\/04\/K1126JW-GI-CB_MARRONE_PE26_1.jpg","contentUrl":"https:\/\/www.secondastrada.com\/wp-content\/uploads\/2026\/04\/K1126JW-GI-CB_MARRONE_PE26_1.jpg","width":1000,"height":1300,"caption":"K1126JW-GI-CB_MARRONE_PE26"},{"@type":"BreadcrumbList","@id":"https:\/\/www.secondastrada.com\/it\/felpa-k-way-marrone-tg-s\/#breadcrumb","itemListElement":[{"@type":"ListItem","position":1,"name":"Home","item":"https:\/\/www.secondastrada.com\/it\/"},{"@type":"ListItem","position":2,"name":"Shop","item":"https:\/\/www.secondastrada.com\/it\/shop\/"},{"@type":"ListItem","position":3,"name":"Donna","item":"https:\/\/www.secondastrada.com\/it\/collezione-donna\/"},{"@type":"ListItem","position":4,"name":"Abbigliamento","item":"https:\/\/www.secondastrada.com\/it\/collezione-donna\/abbigliamento-donna\/"},{"@type":"ListItem","position":5,"name":"Felpe","item":"https:\/\/www.secondastrada.com\/it\/collezione-donna\/abbigliamento-donna\/felpe-da-donna\/"},{"@type":"ListItem","position":6,"name":"Felpa K-Way Marrone tg. S"}]},{"@type":"WebSite","@id":"https:\/\/www.secondastrada.com\/it\/#website","url":"https:\/\/www.secondastrada.com\/it\/","name":"Seconda Strada","description":"","publisher":{"@id":"https:\/\/www.secondastrada.com\/it\/#organization"},"potentialAction":[{"@type":"SearchAction","target":{"@type":"EntryPoint","urlTemplate":"https:\/\/www.secondastrada.com\/it\/?s={search_term_string}"},"query-input":"required name=search_term_string"}],"inLanguage":"it-IT"},{"@type":"Organization","@id":"https:\/\/www.secondastrada.com\/it\/#organization","name":"Seconda Strada","url":"https:\/\/www.secondastrada.com\/it\/","logo":{"@type":"ImageObject","inLanguage":"it-IT","@id":"https:\/\/www.secondastrada.com\/it\/#\/schema\/logo\/image\/","url":"https:\/\/www.secondastrada.com\/wp-content\/uploads\/2023\/11\/secondastrada-logo.svg","contentUrl":"https:\/\/www.secondastrada.com\/wp-content\/uploads\/2023\/11\/secondastrada-logo.svg","width":353,"height":47,"caption":"Seconda Strada"},"image":{"@id":"https:\/\/www.secondastrada.com\/it\/#\/schema\/logo\/image\/"}}]}},"df_price":53.99,"df_sale_price":"","df_regular_price":53.99,"df_image_link":"https:\/\/www.secondastrada.com\/wp-content\/uploads\/2026\/04\/K1126JW-GI-CB_MARRONE_PE26_1-300x300.jpg","_links":{"self":[{"href":"https:\/\/www.secondastrada.com\/it\/wp-json\/wp\/v2\/product\/337093"}],"collection":[{"href":"https:\/\/www.secondastrada.com\/it\/wp-json\/wp\/v2\/product"}],"about":[{"href":"https:\/\/www.secondastrada.com\/it\/wp-json\/wp\/v2\/types\/product"}],"wp:featuredmedia":[{"embeddable":true,"href":"https:\/\/www.secondastrada.com\/it\/wp-json\/wp\/v2\/media\/357432"}],"wp:attachment":[{"href":"https:\/\/www.secondastrada.com\/it\/wp-json\/wp\/v2\/media?parent=337093"}],"wp:term":[{"taxonomy":"ss_brand","embeddable":true,"href":"https:\/\/www.secondastrada.com\/it\/wp-json\/wp\/v2\/ss_brand?post=337093"},{"taxonomy":"ss_promo","embeddable":true,"href":"https:\/\/www.secondastrada.com\/it\/wp-json\/wp\/v2\/ss_promo?post=337093"},{"taxonomy":"ss_season","embeddable":true,"href":"https:\/\/www.secondastrada.com\/it\/wp-json\/wp\/v2\/ss_season?post=337093"},{"taxonomy":"product_cat","embeddable":true,"href":"https:\/\/www.secondastrada.com\/it\/wp-json\/wp\/v2\/product_cat?post=337093"},{"taxonomy":"product_tag","embeddable":true,"href":"https:\/\/www.secondastrada.com\/it\/wp-json\/wp\/v2\/product_tag?post=337093"}],"curies":[{"name":"wp","href":"https:\/\/api.w.org\/{rel}","templated":true}]}}