{"id":337095,"date":"2026-02-18T13:24:51","date_gmt":"2026-02-18T12:24:51","guid":{"rendered":"https:\/\/www.secondastrada.com\/it\/polo-k-way-verde-tg-s\/"},"modified":"2026-03-26T12:57:49","modified_gmt":"2026-03-26T11:57:49","slug":"polo-k-way-verde-tg-s","status":"publish","type":"product","link":"https:\/\/www.secondastrada.com\/it\/polo-k-way-verde-tg-s\/","title":{"rendered":"Polo K-Way Verde tg. S"},"content":{"rendered":"<p><b>Polo K-WAY Verde da donna<\/b><br \/>\nLa <b>Polo K-WAY<\/b> Verde da donna \u00e8 la scelta perfetta se desideri un capo casual ma ricercato, capace di valorizzare i tuoi look quotidiani con un tocco distintivo. Questa <b>Polo da donna adatta alla stagione primavera estate<\/b> unisce comfort e stile grazie a una linea essenziale impreziosita da dettagli femminili e contemporanei.<br \/>\nRealizzata in <b>95% cotone e 5% elastane<\/b>, offre una piacevole elasticit\u00e0 che segue i movimenti con naturalezza. Si tratta di una <b>Polo in total verde militare con colletto peter pan e bottoni ad asola<\/b>, un design che combina l\u2019ispirazione sporty con un\u2019eleganza delicata. Il colletto peter pan dona un tocco raffinato, mentre la vestibilit\u00e0 <b>regolare<\/b> assicura comfort e praticit\u00e0. La modella \u00e8 alta <b>165 cm<\/b> e indossa la <b>taglia S<\/b>. Inoltre, \u00e8 un <b>pezzo unico di campionario<\/b>, dettaglio che rende questo capo ancora pi\u00f9 esclusivo.<br \/>\nPuoi indossarla <b>nel tempo libero o in occasioni casual<\/b>, ad esempio per un pomeriggio in citt\u00e0 o un aperitivo informale. Si abbina facilmente a <b>jeans e sneakers<\/b> per un look dinamico, oppure a pantaloni chino e scarpe basse per uno stile pi\u00f9 curato ma sempre rilassato.<br \/>\nSu SecondaStrada.com selezioniamo solo <b>prodotti originali<\/b>, garantendo autenticit\u00e0 e qualit\u00e0.<br \/>\n<b>Codice articolo: K1127GW GI CB<\/b><\/p>\n","protected":false},"excerpt":{"rendered":"<p>Polo K-WAY Verde da donna La Polo K-WAY Verde da donna \u00e8 la scelta perfetta se desideri un capo casual ma ricercato, capace di valorizzare i tuoi look quotidiani con un tocco distintivo. Questa Polo da donna adatta alla stagione primavera estate unisce comfort e stile grazie a una linea essenziale impreziosita da dettagli femminili&#8230;<\/p>\n","protected":false},"featured_media":337164,"template":"","meta":{"inline_featured_image":false},"ss_brand":[1225],"ss_promo":[],"ss_season":[2531],"product_cat":[1329,1658,2537,1822,1337],"product_tag":[1953,2402,1995],"class_list":{"0":"post-337095","1":"product","2":"type-product","3":"status-publish","4":"has-post-thumbnail","6":"ss_brand-k-way-donna","7":"ss_season-pe26","8":"product_cat-abbigliamento-donna","9":"product_cat-collezione-donna","10":"product_cat-set-coordinati-da-donna","11":"product_cat-t-shirt-da-donna","12":"product_cat-t-shirt-e-top-da-donna","13":"product_tag-campionario","14":"product_tag-look-da-mare-donna","15":"product_tag-nuovi-arrivi-donna","17":"first","18":"instock","19":"shipping-taxable","20":"purchasable","21":"product-type-variable","22":"has-default-attributes"},"acf":{"ss_brand":[{"term_id":1225,"name":"K-WAY","slug":"k-way-donna","term_group":0,"term_taxonomy_id":1225,"taxonomy":"ss_brand","description":"Scopri le collezioni di abbigliamento da donna firmate K-Way disponibili in un arcobaleno di colori! Approfitta delle offerte speciali del nostro store online!","parent":1201,"count":68,"filter":"raw"}],"ss_promo":false,"ss_season":[{"term_id":2531,"name":"PE26","slug":"pe26","term_group":0,"term_taxonomy_id":2531,"taxonomy":"ss_season","description":"","parent":0,"count":1148,"filter":"raw"}],"ss_old_price":"80,00","ss_omnibus_price":"0,00","ss_style_advice":"<p><b>Polo K-WAY Verde da donna<\/b><br \/>\nLa <b>Polo K-WAY<\/b> Verde da donna \u00e8 la scelta perfetta se desideri un capo casual ma ricercato, capace di valorizzare i tuoi look quotidiani con un tocco distintivo. Questa <b>Polo da donna adatta alla stagione primavera estate<\/b> unisce comfort e stile grazie a una linea essenziale impreziosita da dettagli femminili e contemporanei.<br \/>\nRealizzata in <b>95% cotone e 5% elastane<\/b>, offre una piacevole elasticit\u00e0 che segue i movimenti con naturalezza. Si tratta di una <b>Polo in total verde militare con colletto peter pan e bottoni ad asola<\/b>, un design che combina l\u2019ispirazione sporty con un\u2019eleganza delicata. Il colletto peter pan dona un tocco raffinato, mentre la vestibilit\u00e0 <b>regolare<\/b> assicura comfort e praticit\u00e0. La modella \u00e8 alta <b>165 cm<\/b> e indossa la <b>taglia S<\/b>. Inoltre, \u00e8 un <b>pezzo unico di campionario<\/b>, dettaglio che rende questo capo ancora pi\u00f9 esclusivo.<br \/>\nPuoi indossarla <b>nel tempo libero o in occasioni casual<\/b>, ad esempio per un pomeriggio in citt\u00e0 o un aperitivo informale. Si abbina facilmente a <b>jeans e sneakers<\/b> per un look dinamico, oppure a pantaloni chino e scarpe basse per uno stile pi\u00f9 curato ma sempre rilassato.<br \/>\nSu SecondaStrada.com selezioniamo solo <b>prodotti originali<\/b>, garantendo autenticit\u00e0 e qualit\u00e0.<br \/>\n<b>Codice articolo: K1127GW GI CB<\/b><\/p>\n","ss_composition":"<p>95% cotone 5% elastane<\/p>\n","ss_fit":"<p>La modella \u00e8 alta 165 cm e indossa la taglia S. La vestibilit\u00e0 del capo \u00e8 regolare. Pezzo unico di campionario.<\/p>\n"},"yoast_head":"<!-- This site is optimized with the Yoast SEO plugin v22.3 - https:\/\/yoast.com\/wordpress\/plugins\/seo\/ -->\n<title>Polo K-Way Verde tg. S - Acquista online! - Seconda Strada<\/title>\n<meta name=\"description\" content=\"Polo K-Way Verde tg. S \u27a4 Acquista online su Secondastrada.com Polo K-Way Verde tg. S \u2714\ufe0f Spedizione veloce entro 24h in tutta Italia \u2714\ufe0f Sconto sul tuo primo acquisto\" \/>\n<meta name=\"robots\" content=\"index, follow, max-snippet:-1, max-image-preview:large, max-video-preview:-1\" \/>\n<link rel=\"canonical\" href=\"https:\/\/www.secondastrada.com\/it\/polo-k-way-verde-tg-s\/\" \/>\n<meta property=\"og:locale\" content=\"it_IT\" \/>\n<meta property=\"og:type\" content=\"article\" \/>\n<meta property=\"og:title\" content=\"Polo K-Way Verde tg. S - Acquista online! - Seconda Strada\" \/>\n<meta property=\"og:description\" content=\"Polo K-Way Verde tg. S \u27a4 Acquista online su Secondastrada.com Polo K-Way Verde tg. S \u2714\ufe0f Spedizione veloce entro 24h in tutta Italia \u2714\ufe0f Sconto sul tuo primo acquisto\" \/>\n<meta property=\"og:url\" content=\"https:\/\/www.secondastrada.com\/it\/polo-k-way-verde-tg-s\/\" \/>\n<meta property=\"og:site_name\" content=\"Seconda Strada\" \/>\n<meta property=\"article:modified_time\" content=\"2026-03-26T11:57:49+00:00\" \/>\n<meta property=\"og:image\" content=\"https:\/\/www.secondastrada.com\/wp-content\/uploads\/2026\/02\/K1127GW-GI-CB_VERDE_PE26_1.jpg\" \/>\n\t<meta property=\"og:image:width\" content=\"1000\" \/>\n\t<meta property=\"og:image:height\" content=\"1300\" \/>\n\t<meta property=\"og:image:type\" content=\"image\/jpeg\" \/>\n<meta name=\"twitter:card\" content=\"summary_large_image\" \/>\n<meta name=\"twitter:label1\" content=\"Tempo di lettura stimato\" \/>\n\t<meta name=\"twitter:data1\" content=\"1 minuto\" \/>\n<!-- \/ Yoast SEO plugin. -->","yoast_head_json":{"title":"Polo K-Way Verde tg. S - Acquista online! - Seconda Strada","description":"Polo K-Way Verde tg. S \u27a4 Acquista online su Secondastrada.com Polo K-Way Verde tg. S \u2714\ufe0f Spedizione veloce entro 24h in tutta Italia \u2714\ufe0f Sconto sul tuo primo acquisto","robots":{"index":"index","follow":"follow","max-snippet":"max-snippet:-1","max-image-preview":"max-image-preview:large","max-video-preview":"max-video-preview:-1"},"canonical":"https:\/\/www.secondastrada.com\/it\/polo-k-way-verde-tg-s\/","og_locale":"it_IT","og_type":"article","og_title":"Polo K-Way Verde tg. S - Acquista online! - Seconda Strada","og_description":"Polo K-Way Verde tg. S \u27a4 Acquista online su Secondastrada.com Polo K-Way Verde tg. S \u2714\ufe0f Spedizione veloce entro 24h in tutta Italia \u2714\ufe0f Sconto sul tuo primo acquisto","og_url":"https:\/\/www.secondastrada.com\/it\/polo-k-way-verde-tg-s\/","og_site_name":"Seconda Strada","article_modified_time":"2026-03-26T11:57:49+00:00","og_image":[{"width":1000,"height":1300,"url":"https:\/\/www.secondastrada.com\/wp-content\/uploads\/2026\/02\/K1127GW-GI-CB_VERDE_PE26_1.jpg","type":"image\/jpeg"}],"twitter_card":"summary_large_image","twitter_misc":{"Tempo di lettura stimato":"1 minuto"},"schema":{"@context":"https:\/\/schema.org","@graph":[{"@type":"WebPage","@id":"https:\/\/www.secondastrada.com\/it\/polo-k-way-verde-tg-s\/","url":"https:\/\/www.secondastrada.com\/it\/polo-k-way-verde-tg-s\/","name":"Polo K-Way Verde tg. S - Acquista online! - Seconda Strada","isPartOf":{"@id":"https:\/\/www.secondastrada.com\/it\/#website"},"primaryImageOfPage":{"@id":"https:\/\/www.secondastrada.com\/it\/polo-k-way-verde-tg-s\/#primaryimage"},"image":{"@id":"https:\/\/www.secondastrada.com\/it\/polo-k-way-verde-tg-s\/#primaryimage"},"thumbnailUrl":"https:\/\/www.secondastrada.com\/wp-content\/uploads\/2026\/02\/K1127GW-GI-CB_VERDE_PE26_1.jpg","datePublished":"2026-02-18T12:24:51+00:00","dateModified":"2026-03-26T11:57:49+00:00","description":"Polo K-Way Verde tg. S \u27a4 Acquista online su Secondastrada.com Polo K-Way Verde tg. S \u2714\ufe0f Spedizione veloce entro 24h in tutta Italia \u2714\ufe0f Sconto sul tuo primo acquisto","breadcrumb":{"@id":"https:\/\/www.secondastrada.com\/it\/polo-k-way-verde-tg-s\/#breadcrumb"},"inLanguage":"it-IT","potentialAction":[{"@type":"ReadAction","target":["https:\/\/www.secondastrada.com\/it\/polo-k-way-verde-tg-s\/"]}]},{"@type":"ImageObject","inLanguage":"it-IT","@id":"https:\/\/www.secondastrada.com\/it\/polo-k-way-verde-tg-s\/#primaryimage","url":"https:\/\/www.secondastrada.com\/wp-content\/uploads\/2026\/02\/K1127GW-GI-CB_VERDE_PE26_1.jpg","contentUrl":"https:\/\/www.secondastrada.com\/wp-content\/uploads\/2026\/02\/K1127GW-GI-CB_VERDE_PE26_1.jpg","width":1000,"height":1300,"caption":"K1127GW-GI-CB_VERDE_PE26"},{"@type":"BreadcrumbList","@id":"https:\/\/www.secondastrada.com\/it\/polo-k-way-verde-tg-s\/#breadcrumb","itemListElement":[{"@type":"ListItem","position":1,"name":"Home","item":"https:\/\/www.secondastrada.com\/it\/"},{"@type":"ListItem","position":2,"name":"Shop","item":"https:\/\/www.secondastrada.com\/it\/shop\/"},{"@type":"ListItem","position":3,"name":"Donna","item":"https:\/\/www.secondastrada.com\/it\/collezione-donna\/"},{"@type":"ListItem","position":4,"name":"Abbigliamento","item":"https:\/\/www.secondastrada.com\/it\/collezione-donna\/abbigliamento-donna\/"},{"@type":"ListItem","position":5,"name":"T-shirt e Top","item":"https:\/\/www.secondastrada.com\/it\/collezione-donna\/abbigliamento-donna\/t-shirt-e-top-da-donna\/"},{"@type":"ListItem","position":6,"name":"T-shirt","item":"https:\/\/www.secondastrada.com\/it\/collezione-donna\/abbigliamento-donna\/t-shirt-e-top-da-donna\/t-shirt-da-donna\/"},{"@type":"ListItem","position":7,"name":"Polo K-Way Verde tg. S"}]},{"@type":"WebSite","@id":"https:\/\/www.secondastrada.com\/it\/#website","url":"https:\/\/www.secondastrada.com\/it\/","name":"Seconda Strada","description":"","publisher":{"@id":"https:\/\/www.secondastrada.com\/it\/#organization"},"potentialAction":[{"@type":"SearchAction","target":{"@type":"EntryPoint","urlTemplate":"https:\/\/www.secondastrada.com\/it\/?s={search_term_string}"},"query-input":"required name=search_term_string"}],"inLanguage":"it-IT"},{"@type":"Organization","@id":"https:\/\/www.secondastrada.com\/it\/#organization","name":"Seconda Strada","url":"https:\/\/www.secondastrada.com\/it\/","logo":{"@type":"ImageObject","inLanguage":"it-IT","@id":"https:\/\/www.secondastrada.com\/it\/#\/schema\/logo\/image\/","url":"https:\/\/www.secondastrada.com\/wp-content\/uploads\/2023\/11\/secondastrada-logo.svg","contentUrl":"https:\/\/www.secondastrada.com\/wp-content\/uploads\/2023\/11\/secondastrada-logo.svg","width":353,"height":47,"caption":"Seconda Strada"},"image":{"@id":"https:\/\/www.secondastrada.com\/it\/#\/schema\/logo\/image\/"}}]}},"df_price":47.99,"df_sale_price":"","df_regular_price":47.99,"df_image_link":"https:\/\/www.secondastrada.com\/wp-content\/uploads\/2026\/02\/K1127GW-GI-CB_VERDE_PE26_1-300x300.jpg","_links":{"self":[{"href":"https:\/\/www.secondastrada.com\/it\/wp-json\/wp\/v2\/product\/337095"}],"collection":[{"href":"https:\/\/www.secondastrada.com\/it\/wp-json\/wp\/v2\/product"}],"about":[{"href":"https:\/\/www.secondastrada.com\/it\/wp-json\/wp\/v2\/types\/product"}],"wp:featuredmedia":[{"embeddable":true,"href":"https:\/\/www.secondastrada.com\/it\/wp-json\/wp\/v2\/media\/337164"}],"wp:attachment":[{"href":"https:\/\/www.secondastrada.com\/it\/wp-json\/wp\/v2\/media?parent=337095"}],"wp:term":[{"taxonomy":"ss_brand","embeddable":true,"href":"https:\/\/www.secondastrada.com\/it\/wp-json\/wp\/v2\/ss_brand?post=337095"},{"taxonomy":"ss_promo","embeddable":true,"href":"https:\/\/www.secondastrada.com\/it\/wp-json\/wp\/v2\/ss_promo?post=337095"},{"taxonomy":"ss_season","embeddable":true,"href":"https:\/\/www.secondastrada.com\/it\/wp-json\/wp\/v2\/ss_season?post=337095"},{"taxonomy":"product_cat","embeddable":true,"href":"https:\/\/www.secondastrada.com\/it\/wp-json\/wp\/v2\/product_cat?post=337095"},{"taxonomy":"product_tag","embeddable":true,"href":"https:\/\/www.secondastrada.com\/it\/wp-json\/wp\/v2\/product_tag?post=337095"}],"curies":[{"name":"wp","href":"https:\/\/api.w.org\/{rel}","templated":true}]}}