{"id":337107,"date":"2026-02-18T13:26:23","date_gmt":"2026-02-18T12:26:23","guid":{"rendered":"https:\/\/www.secondastrada.com\/it\/shorts-k-way-verdi-tg-s\/"},"modified":"2026-03-02T11:27:18","modified_gmt":"2026-03-02T10:27:18","slug":"shorts-k-way-verdi-tg-s","status":"publish","type":"product","link":"https:\/\/www.secondastrada.com\/it\/shorts-k-way-verdi-tg-s\/","title":{"rendered":"Shorts K-Way Verdi tg.S"},"content":{"rendered":"<p><b>Shorts K-WAY Verdi da donna<\/b><br \/>\nGli <b>Shorts K-WAY<\/b> sono il capo perfetto per vivere la bella stagione con leggerezza e personalit\u00e0. Questi <b>Shorts da donna adatti alla stagione primavera estate<\/b> uniscono comfort e stile grazie al design con volant effetto simil gonna, che dona movimento e un tocco femminile al look. Il total verde aggiunge carattere, rendendoli ideali per outfit freschi e contemporanei.<br \/>\nRealizzati in 88% poliamide e 12% elastane, assicurano elasticit\u00e0, vestibilit\u00e0 confortevole e libert\u00e0 di movimento. <b>Shorts con volant simil gonna, in total verde, tasche, elastico in girovita<\/b>, dettagli pratici che li rendono versatili e funzionali. La modella \u00e8 alta 165 cm e indossa la taglia S; la vestibilit\u00e0 \u00e8 regolare e valorizza la silhouette senza costringere. Pezzo unico di campionario.<br \/>\nPerfetti nel tempo libero, in occasioni casual o sportive, puoi indossarli per una passeggiata in citt\u00e0, una giornata all\u2019aria aperta o un weekend fuori porta. Abbinali a una t-shirt coordinata e sneakers per un look dinamico e rilassato, oppure scegli un top aderente per esaltare il taglio a volant e creare un outfit pi\u00f9 ricercato ma sempre pratico.<br \/>\nUn capo che interpreta lo spirito sportivo K-WAY con uno stile femminile e moderno.<br \/>\nSu SecondaStrada.com trovi solo prodotti originali e selezionati con cura. Codice articolo: K2148YW GI CB.<\/p>\n","protected":false},"excerpt":{"rendered":"<p>Shorts K-WAY Verdi da donna Gli Shorts K-WAY sono il capo perfetto per vivere la bella stagione con leggerezza e personalit\u00e0. Questi Shorts da donna adatti alla stagione primavera estate uniscono comfort e stile grazie al design con volant effetto simil gonna, che dona movimento e un tocco femminile al look. Il total verde aggiunge&#8230;<\/p>\n","protected":false},"featured_media":337210,"template":"","meta":{"inline_featured_image":false},"ss_brand":[1225],"ss_promo":[],"ss_season":[2531],"product_cat":[1329,1658,2537,1475],"product_tag":[1953,1995],"class_list":{"0":"post-337107","1":"product","2":"type-product","3":"status-publish","4":"has-post-thumbnail","6":"ss_brand-k-way-donna","7":"ss_season-pe26","8":"product_cat-abbigliamento-donna","9":"product_cat-collezione-donna","10":"product_cat-set-coordinati-da-donna","11":"product_cat-shorts-da-donna","12":"product_tag-campionario","13":"product_tag-nuovi-arrivi-donna","15":"first","16":"instock","17":"shipping-taxable","18":"purchasable","19":"product-type-variable","20":"has-default-attributes"},"acf":{"ss_brand":[{"term_id":1225,"name":"K-WAY","slug":"k-way-donna","term_group":0,"term_taxonomy_id":1225,"taxonomy":"ss_brand","description":"Scopri le collezioni di abbigliamento da donna firmate K-Way disponibili in un arcobaleno di colori! Approfitta delle offerte speciali del nostro store online!","parent":1201,"count":68,"filter":"raw"}],"ss_promo":false,"ss_season":[{"term_id":2531,"name":"PE26","slug":"pe26","term_group":0,"term_taxonomy_id":2531,"taxonomy":"ss_season","description":"","parent":0,"count":1152,"filter":"raw"}],"ss_old_price":"110,00","ss_omnibus_price":"0,00","ss_style_advice":"<p><b>Shorts K-WAY Verdi da donna<\/b><br \/>\nGli <b>Shorts K-WAY<\/b> sono il capo perfetto per vivere la bella stagione con leggerezza e personalit\u00e0. Questi <b>Shorts da donna adatti alla stagione primavera estate<\/b> uniscono comfort e stile grazie al design con volant effetto simil gonna, che dona movimento e un tocco femminile al look. Il total verde aggiunge carattere, rendendoli ideali per outfit freschi e contemporanei.<br \/>\nRealizzati in 88% poliamide e 12% elastane, assicurano elasticit\u00e0, vestibilit\u00e0 confortevole e libert\u00e0 di movimento. <b>Shorts con volant simil gonna, in total verde, tasche, elastico in girovita<\/b>, dettagli pratici che li rendono versatili e funzionali. La modella \u00e8 alta 165 cm e indossa la taglia S; la vestibilit\u00e0 \u00e8 regolare e valorizza la silhouette senza costringere. Pezzo unico di campionario.<br \/>\nPerfetti nel tempo libero, in occasioni casual o sportive, puoi indossarli per una passeggiata in citt\u00e0, una giornata all\u2019aria aperta o un weekend fuori porta. Abbinali a una t-shirt coordinata e sneakers per un look dinamico e rilassato, oppure scegli un top aderente per esaltare il taglio a volant e creare un outfit pi\u00f9 ricercato ma sempre pratico.<br \/>\nUn capo che interpreta lo spirito sportivo K-WAY con uno stile femminile e moderno.<br \/>\nSu SecondaStrada.com trovi solo prodotti originali e selezionati con cura. Codice articolo: K2148YW GI CB.<\/p>\n","ss_composition":"<p>88% poliamide 12% elastane<\/p>\n","ss_fit":"<p>La modella \u00e8 alta 165 cm e indossa la taglia S. La vestibilit\u00e0 del capo \u00e8 regolare. Pezzo unico di campionario.<\/p>\n"},"yoast_head":"<!-- This site is optimized with the Yoast SEO plugin v22.3 - https:\/\/yoast.com\/wordpress\/plugins\/seo\/ -->\n<title>Shorts K-Way Verdi tg.S - Acquista online! - Seconda Strada<\/title>\n<meta name=\"description\" content=\"Shorts K-Way Verdi tg.S \u27a4 Acquista online su Secondastrada.com Shorts K-Way Verdi tg.S \u2714\ufe0f Spedizione veloce entro 24h in tutta Italia \u2714\ufe0f Sconto sul tuo primo acquisto\" \/>\n<meta name=\"robots\" content=\"index, follow, max-snippet:-1, max-image-preview:large, max-video-preview:-1\" \/>\n<link rel=\"canonical\" href=\"https:\/\/www.secondastrada.com\/it\/shorts-k-way-verdi-tg-s\/\" \/>\n<meta property=\"og:locale\" content=\"it_IT\" \/>\n<meta property=\"og:type\" content=\"article\" \/>\n<meta property=\"og:title\" content=\"Shorts K-Way Verdi tg.S - Acquista online! - Seconda Strada\" \/>\n<meta property=\"og:description\" content=\"Shorts K-Way Verdi tg.S \u27a4 Acquista online su Secondastrada.com Shorts K-Way Verdi tg.S \u2714\ufe0f Spedizione veloce entro 24h in tutta Italia \u2714\ufe0f Sconto sul tuo primo acquisto\" \/>\n<meta property=\"og:url\" content=\"https:\/\/www.secondastrada.com\/it\/shorts-k-way-verdi-tg-s\/\" \/>\n<meta property=\"og:site_name\" content=\"Seconda Strada\" \/>\n<meta property=\"article:modified_time\" content=\"2026-03-02T10:27:18+00:00\" \/>\n<meta property=\"og:image\" content=\"https:\/\/www.secondastrada.com\/wp-content\/uploads\/2026\/02\/K2148YW-GI-CB_AZZURRO_PE26_1.jpg\" \/>\n\t<meta property=\"og:image:width\" content=\"1000\" \/>\n\t<meta property=\"og:image:height\" content=\"1300\" \/>\n\t<meta property=\"og:image:type\" content=\"image\/jpeg\" \/>\n<meta name=\"twitter:card\" content=\"summary_large_image\" \/>\n<meta name=\"twitter:label1\" content=\"Tempo di lettura stimato\" \/>\n\t<meta name=\"twitter:data1\" content=\"1 minuto\" \/>\n<!-- \/ Yoast SEO plugin. -->","yoast_head_json":{"title":"Shorts K-Way Verdi tg.S - Acquista online! - Seconda Strada","description":"Shorts K-Way Verdi tg.S \u27a4 Acquista online su Secondastrada.com Shorts K-Way Verdi tg.S \u2714\ufe0f Spedizione veloce entro 24h in tutta Italia \u2714\ufe0f Sconto sul tuo primo acquisto","robots":{"index":"index","follow":"follow","max-snippet":"max-snippet:-1","max-image-preview":"max-image-preview:large","max-video-preview":"max-video-preview:-1"},"canonical":"https:\/\/www.secondastrada.com\/it\/shorts-k-way-verdi-tg-s\/","og_locale":"it_IT","og_type":"article","og_title":"Shorts K-Way Verdi tg.S - Acquista online! - Seconda Strada","og_description":"Shorts K-Way Verdi tg.S \u27a4 Acquista online su Secondastrada.com Shorts K-Way Verdi tg.S \u2714\ufe0f Spedizione veloce entro 24h in tutta Italia \u2714\ufe0f Sconto sul tuo primo acquisto","og_url":"https:\/\/www.secondastrada.com\/it\/shorts-k-way-verdi-tg-s\/","og_site_name":"Seconda Strada","article_modified_time":"2026-03-02T10:27:18+00:00","og_image":[{"width":1000,"height":1300,"url":"https:\/\/www.secondastrada.com\/wp-content\/uploads\/2026\/02\/K2148YW-GI-CB_AZZURRO_PE26_1.jpg","type":"image\/jpeg"}],"twitter_card":"summary_large_image","twitter_misc":{"Tempo di lettura stimato":"1 minuto"},"schema":{"@context":"https:\/\/schema.org","@graph":[{"@type":"WebPage","@id":"https:\/\/www.secondastrada.com\/it\/shorts-k-way-verdi-tg-s\/","url":"https:\/\/www.secondastrada.com\/it\/shorts-k-way-verdi-tg-s\/","name":"Shorts K-Way Verdi tg.S - Acquista online! - Seconda Strada","isPartOf":{"@id":"https:\/\/www.secondastrada.com\/it\/#website"},"primaryImageOfPage":{"@id":"https:\/\/www.secondastrada.com\/it\/shorts-k-way-verdi-tg-s\/#primaryimage"},"image":{"@id":"https:\/\/www.secondastrada.com\/it\/shorts-k-way-verdi-tg-s\/#primaryimage"},"thumbnailUrl":"https:\/\/www.secondastrada.com\/wp-content\/uploads\/2026\/02\/K2148YW-GI-CB_AZZURRO_PE26_1.jpg","datePublished":"2026-02-18T12:26:23+00:00","dateModified":"2026-03-02T10:27:18+00:00","description":"Shorts K-Way Verdi tg.S \u27a4 Acquista online su Secondastrada.com Shorts K-Way Verdi tg.S \u2714\ufe0f Spedizione veloce entro 24h in tutta Italia \u2714\ufe0f Sconto sul tuo primo acquisto","breadcrumb":{"@id":"https:\/\/www.secondastrada.com\/it\/shorts-k-way-verdi-tg-s\/#breadcrumb"},"inLanguage":"it-IT","potentialAction":[{"@type":"ReadAction","target":["https:\/\/www.secondastrada.com\/it\/shorts-k-way-verdi-tg-s\/"]}]},{"@type":"ImageObject","inLanguage":"it-IT","@id":"https:\/\/www.secondastrada.com\/it\/shorts-k-way-verdi-tg-s\/#primaryimage","url":"https:\/\/www.secondastrada.com\/wp-content\/uploads\/2026\/02\/K2148YW-GI-CB_AZZURRO_PE26_1.jpg","contentUrl":"https:\/\/www.secondastrada.com\/wp-content\/uploads\/2026\/02\/K2148YW-GI-CB_AZZURRO_PE26_1.jpg","width":1000,"height":1300,"caption":"K2148YW-GI-CB_AZZURRO_PE26"},{"@type":"BreadcrumbList","@id":"https:\/\/www.secondastrada.com\/it\/shorts-k-way-verdi-tg-s\/#breadcrumb","itemListElement":[{"@type":"ListItem","position":1,"name":"Home","item":"https:\/\/www.secondastrada.com\/it\/"},{"@type":"ListItem","position":2,"name":"Shop","item":"https:\/\/www.secondastrada.com\/it\/shop\/"},{"@type":"ListItem","position":3,"name":"Donna","item":"https:\/\/www.secondastrada.com\/it\/collezione-donna\/"},{"@type":"ListItem","position":4,"name":"Abbigliamento","item":"https:\/\/www.secondastrada.com\/it\/collezione-donna\/abbigliamento-donna\/"},{"@type":"ListItem","position":5,"name":"Set coordinati","item":"https:\/\/www.secondastrada.com\/it\/collezione-donna\/abbigliamento-donna\/set-coordinati-da-donna\/"},{"@type":"ListItem","position":6,"name":"Shorts K-Way Verdi tg.S"}]},{"@type":"WebSite","@id":"https:\/\/www.secondastrada.com\/it\/#website","url":"https:\/\/www.secondastrada.com\/it\/","name":"Seconda Strada","description":"","publisher":{"@id":"https:\/\/www.secondastrada.com\/it\/#organization"},"potentialAction":[{"@type":"SearchAction","target":{"@type":"EntryPoint","urlTemplate":"https:\/\/www.secondastrada.com\/it\/?s={search_term_string}"},"query-input":"required name=search_term_string"}],"inLanguage":"it-IT"},{"@type":"Organization","@id":"https:\/\/www.secondastrada.com\/it\/#organization","name":"Seconda Strada","url":"https:\/\/www.secondastrada.com\/it\/","logo":{"@type":"ImageObject","inLanguage":"it-IT","@id":"https:\/\/www.secondastrada.com\/it\/#\/schema\/logo\/image\/","url":"https:\/\/www.secondastrada.com\/wp-content\/uploads\/2023\/11\/secondastrada-logo.svg","contentUrl":"https:\/\/www.secondastrada.com\/wp-content\/uploads\/2023\/11\/secondastrada-logo.svg","width":353,"height":47,"caption":"Seconda Strada"},"image":{"@id":"https:\/\/www.secondastrada.com\/it\/#\/schema\/logo\/image\/"}}]}},"df_price":65.99,"df_sale_price":"","df_regular_price":65.99,"df_image_link":"https:\/\/www.secondastrada.com\/wp-content\/uploads\/2026\/02\/K2148YW-GI-CB_AZZURRO_PE26_1-300x300.jpg","_links":{"self":[{"href":"https:\/\/www.secondastrada.com\/it\/wp-json\/wp\/v2\/product\/337107"}],"collection":[{"href":"https:\/\/www.secondastrada.com\/it\/wp-json\/wp\/v2\/product"}],"about":[{"href":"https:\/\/www.secondastrada.com\/it\/wp-json\/wp\/v2\/types\/product"}],"wp:featuredmedia":[{"embeddable":true,"href":"https:\/\/www.secondastrada.com\/it\/wp-json\/wp\/v2\/media\/337210"}],"wp:attachment":[{"href":"https:\/\/www.secondastrada.com\/it\/wp-json\/wp\/v2\/media?parent=337107"}],"wp:term":[{"taxonomy":"ss_brand","embeddable":true,"href":"https:\/\/www.secondastrada.com\/it\/wp-json\/wp\/v2\/ss_brand?post=337107"},{"taxonomy":"ss_promo","embeddable":true,"href":"https:\/\/www.secondastrada.com\/it\/wp-json\/wp\/v2\/ss_promo?post=337107"},{"taxonomy":"ss_season","embeddable":true,"href":"https:\/\/www.secondastrada.com\/it\/wp-json\/wp\/v2\/ss_season?post=337107"},{"taxonomy":"product_cat","embeddable":true,"href":"https:\/\/www.secondastrada.com\/it\/wp-json\/wp\/v2\/product_cat?post=337107"},{"taxonomy":"product_tag","embeddable":true,"href":"https:\/\/www.secondastrada.com\/it\/wp-json\/wp\/v2\/product_tag?post=337107"}],"curies":[{"name":"wp","href":"https:\/\/api.w.org\/{rel}","templated":true}]}}