{"id":337152,"date":"2026-02-20T08:54:31","date_gmt":"2026-02-20T07:54:31","guid":{"rendered":"https:\/\/www.secondastrada.com\/it\/top-k-way-verde-tg-s\/"},"modified":"2026-03-26T12:57:43","modified_gmt":"2026-03-26T11:57:43","slug":"top-k-way-verde-tg-s","status":"publish","type":"product","link":"https:\/\/www.secondastrada.com\/it\/top-k-way-verde-tg-s\/","title":{"rendered":"Top K-Way Verde tg. S"},"content":{"rendered":"<p><b>Top K-WAY Verde da donna<\/b><br \/>\nIl <b>Top K-WAY<\/b> verde da donna \u00e8 il capo ideale per aggiungere un tocco fresco e distintivo al tuo guardaroba primaverile ed estivo. Questo <b>Top da donna adatto alla stagione primavera estate<\/b> unisce comfort e stile grazie al tessuto leggero composto da 63% poliestere e 37% cotone, perfetto per accompagnarti nelle giornate pi\u00f9 miti con una piacevole sensazione sulla pelle.<br \/>\nIl design si distingue per la <b>stampa allover foglie in tono su tono, smanicato, scollo a V, colletto peter pan<\/b>, dettagli che valorizzano la silhouette con femminilit\u00e0 e leggerezza. La vestibilit\u00e0 \u00e8 regolare: la modella \u00e8 alta 165 cm e indossa la taglia S. Si tratta di un pezzo unico di campionario, ancora pi\u00f9 esclusivo.<br \/>\nPuoi indossarlo nel tempo libero di giorno, per una passeggiata o un pranzo informale, ma anche la sera con accessori minimal per un look curato e naturale. Provalo con i bermuda coordinati per un outfit armonioso oppure con un paio di jeans e sneakers per uno stile casual contemporaneo.<br \/>\nScegli l\u2019originalit\u00e0 e la qualit\u00e0 firmata K-WAY su SecondaStrada.com: prodotto autentico, selezionato con cura. Codice articolo <b>K7137PW GI CB<\/b>.<\/p>\n","protected":false},"excerpt":{"rendered":"<p>Top K-WAY Verde da donna Il Top K-WAY verde da donna \u00e8 il capo ideale per aggiungere un tocco fresco e distintivo al tuo guardaroba primaverile ed estivo. Questo Top da donna adatto alla stagione primavera estate unisce comfort e stile grazie al tessuto leggero composto da 63% poliestere e 37% cotone, perfetto per accompagnarti&#8230;<\/p>\n","protected":false},"featured_media":338285,"template":"","meta":{"inline_featured_image":false},"ss_brand":[1225],"ss_promo":[],"ss_season":[2531],"product_cat":[1329,1658,2537,1337,1823],"product_tag":[1953,2402,1995],"class_list":{"0":"post-337152","1":"product","2":"type-product","3":"status-publish","4":"has-post-thumbnail","6":"ss_brand-k-way-donna","7":"ss_season-pe26","8":"product_cat-abbigliamento-donna","9":"product_cat-collezione-donna","10":"product_cat-set-coordinati-da-donna","11":"product_cat-t-shirt-e-top-da-donna","12":"product_cat-top-da-donna","13":"product_tag-campionario","14":"product_tag-look-da-mare-donna","15":"product_tag-nuovi-arrivi-donna","17":"first","18":"instock","19":"shipping-taxable","20":"purchasable","21":"product-type-variable","22":"has-default-attributes"},"acf":{"ss_brand":[{"term_id":1225,"name":"K-WAY","slug":"k-way-donna","term_group":0,"term_taxonomy_id":1225,"taxonomy":"ss_brand","description":"Scopri le collezioni di abbigliamento da donna firmate K-Way disponibili in un arcobaleno di colori! Approfitta delle offerte speciali del nostro store online!","parent":1201,"count":68,"filter":"raw"}],"ss_promo":false,"ss_season":[{"term_id":2531,"name":"PE26","slug":"pe26","term_group":0,"term_taxonomy_id":2531,"taxonomy":"ss_season","description":"","parent":0,"count":1152,"filter":"raw"}],"ss_old_price":"120,00","ss_omnibus_price":"0,00","ss_style_advice":"<p><b>Top K-WAY Verde da donna<\/b><br \/>\nIl <b>Top K-WAY<\/b> verde da donna \u00e8 il capo ideale per aggiungere un tocco fresco e distintivo al tuo guardaroba primaverile ed estivo. Questo <b>Top da donna adatto alla stagione primavera estate<\/b> unisce comfort e stile grazie al tessuto leggero composto da 63% poliestere e 37% cotone, perfetto per accompagnarti nelle giornate pi\u00f9 miti con una piacevole sensazione sulla pelle.<br \/>\nIl design si distingue per la <b>stampa allover foglie in tono su tono, smanicato, scollo a V, colletto peter pan<\/b>, dettagli che valorizzano la silhouette con femminilit\u00e0 e leggerezza. La vestibilit\u00e0 \u00e8 regolare: la modella \u00e8 alta 165 cm e indossa la taglia S. Si tratta di un pezzo unico di campionario, ancora pi\u00f9 esclusivo.<br \/>\nPuoi indossarlo nel tempo libero di giorno, per una passeggiata o un pranzo informale, ma anche la sera con accessori minimal per un look curato e naturale. Provalo con i bermuda coordinati per un outfit armonioso oppure con un paio di jeans e sneakers per uno stile casual contemporaneo.<br \/>\nScegli l\u2019originalit\u00e0 e la qualit\u00e0 firmata K-WAY su SecondaStrada.com: prodotto autentico, selezionato con cura. Codice articolo <b>K7137PW GI CB<\/b>.<\/p>\n","ss_composition":"<p>63% poliestere 37% cotone<\/p>\n","ss_fit":"<p>La modella \u00e8 alta 165 cm e indossa la taglia S. La vestibilit\u00e0 del capo \u00e8 regolare. Pezzo unico di campionario.<\/p>\n","ss_etichetta":""},"yoast_head":"<!-- This site is optimized with the Yoast SEO plugin v22.3 - https:\/\/yoast.com\/wordpress\/plugins\/seo\/ -->\n<title>Top K-Way Verde tg. S - Acquista online! - Seconda Strada<\/title>\n<meta name=\"description\" content=\"Top K-Way Verde tg. S \u27a4 Acquista online su Secondastrada.com Top K-Way Verde tg. S \u2714\ufe0f Spedizione veloce entro 24h in tutta Italia \u2714\ufe0f Sconto sul tuo primo acquisto\" \/>\n<meta name=\"robots\" content=\"index, follow, max-snippet:-1, max-image-preview:large, max-video-preview:-1\" \/>\n<link rel=\"canonical\" href=\"https:\/\/www.secondastrada.com\/it\/top-k-way-verde-tg-s\/\" \/>\n<meta property=\"og:locale\" content=\"it_IT\" \/>\n<meta property=\"og:type\" content=\"article\" \/>\n<meta property=\"og:title\" content=\"Top K-Way Verde tg. S - Acquista online! - Seconda Strada\" \/>\n<meta property=\"og:description\" content=\"Top K-Way Verde tg. S \u27a4 Acquista online su Secondastrada.com Top K-Way Verde tg. S \u2714\ufe0f Spedizione veloce entro 24h in tutta Italia \u2714\ufe0f Sconto sul tuo primo acquisto\" \/>\n<meta property=\"og:url\" content=\"https:\/\/www.secondastrada.com\/it\/top-k-way-verde-tg-s\/\" \/>\n<meta property=\"og:site_name\" content=\"Seconda Strada\" \/>\n<meta property=\"article:modified_time\" content=\"2026-03-26T11:57:43+00:00\" \/>\n<meta property=\"og:image\" content=\"https:\/\/www.secondastrada.com\/wp-content\/uploads\/2026\/02\/K7137PW-GI-CB_VERDE_PE26_1.jpg\" \/>\n\t<meta property=\"og:image:width\" content=\"1000\" \/>\n\t<meta property=\"og:image:height\" content=\"1300\" \/>\n\t<meta property=\"og:image:type\" content=\"image\/jpeg\" \/>\n<meta name=\"twitter:card\" content=\"summary_large_image\" \/>\n<meta name=\"twitter:label1\" content=\"Tempo di lettura stimato\" \/>\n\t<meta name=\"twitter:data1\" content=\"2 minuti\" \/>\n<!-- \/ Yoast SEO plugin. -->","yoast_head_json":{"title":"Top K-Way Verde tg. S - Acquista online! - Seconda Strada","description":"Top K-Way Verde tg. S \u27a4 Acquista online su Secondastrada.com Top K-Way Verde tg. S \u2714\ufe0f Spedizione veloce entro 24h in tutta Italia \u2714\ufe0f Sconto sul tuo primo acquisto","robots":{"index":"index","follow":"follow","max-snippet":"max-snippet:-1","max-image-preview":"max-image-preview:large","max-video-preview":"max-video-preview:-1"},"canonical":"https:\/\/www.secondastrada.com\/it\/top-k-way-verde-tg-s\/","og_locale":"it_IT","og_type":"article","og_title":"Top K-Way Verde tg. S - Acquista online! - Seconda Strada","og_description":"Top K-Way Verde tg. S \u27a4 Acquista online su Secondastrada.com Top K-Way Verde tg. S \u2714\ufe0f Spedizione veloce entro 24h in tutta Italia \u2714\ufe0f Sconto sul tuo primo acquisto","og_url":"https:\/\/www.secondastrada.com\/it\/top-k-way-verde-tg-s\/","og_site_name":"Seconda Strada","article_modified_time":"2026-03-26T11:57:43+00:00","og_image":[{"width":1000,"height":1300,"url":"https:\/\/www.secondastrada.com\/wp-content\/uploads\/2026\/02\/K7137PW-GI-CB_VERDE_PE26_1.jpg","type":"image\/jpeg"}],"twitter_card":"summary_large_image","twitter_misc":{"Tempo di lettura stimato":"2 minuti"},"schema":{"@context":"https:\/\/schema.org","@graph":[{"@type":"WebPage","@id":"https:\/\/www.secondastrada.com\/it\/top-k-way-verde-tg-s\/","url":"https:\/\/www.secondastrada.com\/it\/top-k-way-verde-tg-s\/","name":"Top K-Way Verde tg. S - Acquista online! - Seconda Strada","isPartOf":{"@id":"https:\/\/www.secondastrada.com\/it\/#website"},"primaryImageOfPage":{"@id":"https:\/\/www.secondastrada.com\/it\/top-k-way-verde-tg-s\/#primaryimage"},"image":{"@id":"https:\/\/www.secondastrada.com\/it\/top-k-way-verde-tg-s\/#primaryimage"},"thumbnailUrl":"https:\/\/www.secondastrada.com\/wp-content\/uploads\/2026\/02\/K7137PW-GI-CB_VERDE_PE26_1.jpg","datePublished":"2026-02-20T07:54:31+00:00","dateModified":"2026-03-26T11:57:43+00:00","description":"Top K-Way Verde tg. S \u27a4 Acquista online su Secondastrada.com Top K-Way Verde tg. S \u2714\ufe0f Spedizione veloce entro 24h in tutta Italia \u2714\ufe0f Sconto sul tuo primo acquisto","breadcrumb":{"@id":"https:\/\/www.secondastrada.com\/it\/top-k-way-verde-tg-s\/#breadcrumb"},"inLanguage":"it-IT","potentialAction":[{"@type":"ReadAction","target":["https:\/\/www.secondastrada.com\/it\/top-k-way-verde-tg-s\/"]}]},{"@type":"ImageObject","inLanguage":"it-IT","@id":"https:\/\/www.secondastrada.com\/it\/top-k-way-verde-tg-s\/#primaryimage","url":"https:\/\/www.secondastrada.com\/wp-content\/uploads\/2026\/02\/K7137PW-GI-CB_VERDE_PE26_1.jpg","contentUrl":"https:\/\/www.secondastrada.com\/wp-content\/uploads\/2026\/02\/K7137PW-GI-CB_VERDE_PE26_1.jpg","width":1000,"height":1300,"caption":"K7137PW-GI-CB_VERDE_PE26"},{"@type":"BreadcrumbList","@id":"https:\/\/www.secondastrada.com\/it\/top-k-way-verde-tg-s\/#breadcrumb","itemListElement":[{"@type":"ListItem","position":1,"name":"Home","item":"https:\/\/www.secondastrada.com\/it\/"},{"@type":"ListItem","position":2,"name":"Shop","item":"https:\/\/www.secondastrada.com\/it\/shop\/"},{"@type":"ListItem","position":3,"name":"Donna","item":"https:\/\/www.secondastrada.com\/it\/collezione-donna\/"},{"@type":"ListItem","position":4,"name":"Abbigliamento","item":"https:\/\/www.secondastrada.com\/it\/collezione-donna\/abbigliamento-donna\/"},{"@type":"ListItem","position":5,"name":"T-shirt e Top","item":"https:\/\/www.secondastrada.com\/it\/collezione-donna\/abbigliamento-donna\/t-shirt-e-top-da-donna\/"},{"@type":"ListItem","position":6,"name":"Top","item":"https:\/\/www.secondastrada.com\/it\/collezione-donna\/abbigliamento-donna\/t-shirt-e-top-da-donna\/top-da-donna\/"},{"@type":"ListItem","position":7,"name":"Top K-Way Verde tg. S"}]},{"@type":"WebSite","@id":"https:\/\/www.secondastrada.com\/it\/#website","url":"https:\/\/www.secondastrada.com\/it\/","name":"Seconda Strada","description":"","publisher":{"@id":"https:\/\/www.secondastrada.com\/it\/#organization"},"potentialAction":[{"@type":"SearchAction","target":{"@type":"EntryPoint","urlTemplate":"https:\/\/www.secondastrada.com\/it\/?s={search_term_string}"},"query-input":"required name=search_term_string"}],"inLanguage":"it-IT"},{"@type":"Organization","@id":"https:\/\/www.secondastrada.com\/it\/#organization","name":"Seconda Strada","url":"https:\/\/www.secondastrada.com\/it\/","logo":{"@type":"ImageObject","inLanguage":"it-IT","@id":"https:\/\/www.secondastrada.com\/it\/#\/schema\/logo\/image\/","url":"https:\/\/www.secondastrada.com\/wp-content\/uploads\/2023\/11\/secondastrada-logo.svg","contentUrl":"https:\/\/www.secondastrada.com\/wp-content\/uploads\/2023\/11\/secondastrada-logo.svg","width":353,"height":47,"caption":"Seconda Strada"},"image":{"@id":"https:\/\/www.secondastrada.com\/it\/#\/schema\/logo\/image\/"}}]}},"df_price":72.99,"df_sale_price":"","df_regular_price":72.99,"df_image_link":"https:\/\/www.secondastrada.com\/wp-content\/uploads\/2026\/02\/K7137PW-GI-CB_VERDE_PE26_1-300x300.jpg","_links":{"self":[{"href":"https:\/\/www.secondastrada.com\/it\/wp-json\/wp\/v2\/product\/337152"}],"collection":[{"href":"https:\/\/www.secondastrada.com\/it\/wp-json\/wp\/v2\/product"}],"about":[{"href":"https:\/\/www.secondastrada.com\/it\/wp-json\/wp\/v2\/types\/product"}],"wp:featuredmedia":[{"embeddable":true,"href":"https:\/\/www.secondastrada.com\/it\/wp-json\/wp\/v2\/media\/338285"}],"wp:attachment":[{"href":"https:\/\/www.secondastrada.com\/it\/wp-json\/wp\/v2\/media?parent=337152"}],"wp:term":[{"taxonomy":"ss_brand","embeddable":true,"href":"https:\/\/www.secondastrada.com\/it\/wp-json\/wp\/v2\/ss_brand?post=337152"},{"taxonomy":"ss_promo","embeddable":true,"href":"https:\/\/www.secondastrada.com\/it\/wp-json\/wp\/v2\/ss_promo?post=337152"},{"taxonomy":"ss_season","embeddable":true,"href":"https:\/\/www.secondastrada.com\/it\/wp-json\/wp\/v2\/ss_season?post=337152"},{"taxonomy":"product_cat","embeddable":true,"href":"https:\/\/www.secondastrada.com\/it\/wp-json\/wp\/v2\/product_cat?post=337152"},{"taxonomy":"product_tag","embeddable":true,"href":"https:\/\/www.secondastrada.com\/it\/wp-json\/wp\/v2\/product_tag?post=337152"}],"curies":[{"name":"wp","href":"https:\/\/api.w.org\/{rel}","templated":true}]}}